{"id":149786,"date":"2024-04-10T08:13:13","date_gmt":"2024-04-10T06:13:13","guid":{"rendered":"https:\/\/joyana.fr\/?post_type=product&#038;p=149786"},"modified":"2024-04-10T08:15:51","modified_gmt":"2024-04-10T06:15:51","slug":"walk-around-seulgi-kim","status":"publish","type":"product","link":"https:\/\/www.joyana.fr\/ja\/gallery\/walk-around-seulgi-kim\/","title":{"rendered":"WALK AROUND &#8211; SEULGI KIM"},"content":{"rendered":"<p><span style=\"font-weight: 400;\">About SEULGI KIM:<\/span><\/p>\n<p><span style=\"font-weight: 400;\">SEULGI KIM is a Korean artist, whose work is fundamentally poetic. She often uses the color blue which, for her, has two specific and personal meanings: melancholy and healing. Through her painting, <\/span><span style=\"font-weight: 400;\">she hopes to reach and help<\/span><span style=\"font-weight: 400;\"> her viewers by inviting them to prioritize their mental well-being and cherish the importance of self-love.<\/span><\/p>\n","protected":false},"excerpt":{"rendered":"<p>WALK AROUND &#8211; SEULGI KIM<\/p>\n<p>Taille : 72x60cm<\/p>\n<p>huile sur toile<\/p>\n","protected":false},"author":3,"featured_media":149647,"template":"","meta":{"_coblocks_attr":"","_coblocks_dimensions":"","_coblocks_responsive_height":"","_coblocks_accordion_ie_support":"","_uag_custom_page_level_css":"","advgb_blocks_editor_width":"","advgb_blocks_columns_visual_guide":"","_genesis_hide_title":false,"_genesis_hide_breadcrumbs":false,"_genesis_hide_singular_image":false,"_genesis_hide_footer_widgets":false,"_genesis_custom_body_class":"","_genesis_custom_post_class":"","_genesis_layout":"full-width-content","_themeisle_gutenberg_block_has_review":false},"product_cat":[5421,5393,5259,5258],"product_tag":[5435],"class_list":{"0":"post-149786","1":"product","2":"type-product","3":"status-publish","4":"has-post-thumbnail","6":"product_cat-oeuvres-sur-demande","7":"product_cat-artiste-seulgi-kim-gallery-jo-yana","8":"product_cat-toile","9":"product_cat-oeuvres-disponibles","10":"product_tag-seulgi-kim","11":"entry","13":"first","14":"instock","15":"shipping-taxable","16":"product-type-simple"},"featured_image_urls":{"full":["https:\/\/i0.wp.com\/www.joyana.fr\/wp-content\/uploads\/2024\/02\/WALK-AROUND-scaled.jpg?fit=1691%2C2048&ssl=1",1691,2048,false],"thumbnail":["https:\/\/i0.wp.com\/www.joyana.fr\/wp-content\/uploads\/2024\/02\/WALK-AROUND-scaled.jpg?resize=150%2C150&ssl=1",150,150,true],"medium":["https:\/\/i0.wp.com\/www.joyana.fr\/wp-content\/uploads\/2024\/02\/WALK-AROUND-scaled.jpg?fit=321%2C389&ssl=1",321,389,true],"medium_large":["https:\/\/i0.wp.com\/www.joyana.fr\/wp-content\/uploads\/2024\/02\/WALK-AROUND-scaled.jpg?fit=768%2C930&ssl=1",768,930,true],"large":["https:\/\/i0.wp.com\/www.joyana.fr\/wp-content\/uploads\/2024\/02\/WALK-AROUND-scaled.jpg?fit=846%2C1024&ssl=1",846,1024,true],"1536x1536":["https:\/\/i0.wp.com\/www.joyana.fr\/wp-content\/uploads\/2024\/02\/WALK-AROUND-scaled.jpg?fit=1268%2C1536&ssl=1",1268,1536,true],"2048x2048":["https:\/\/i0.wp.com\/www.joyana.fr\/wp-content\/uploads\/2024\/02\/WALK-AROUND-scaled.jpg?fit=1691%2C2048&ssl=1",1691,2048,true],"featured-thumb":["https:\/\/i0.wp.com\/www.joyana.fr\/wp-content\/uploads\/2024\/02\/WALK-AROUND-scaled.jpg?resize=1691%2C750&ssl=1",1903,750,true],"ab-block-post-grid-landscape":["https:\/\/i0.wp.com\/www.joyana.fr\/wp-content\/uploads\/2024\/02\/WALK-AROUND-scaled.jpg?resize=600%2C400&ssl=1",600,400,true],"ab-block-post-grid-square":["https:\/\/i0.wp.com\/www.joyana.fr\/wp-content\/uploads\/2024\/02\/WALK-AROUND-scaled.jpg?resize=600%2C600&ssl=1",600,600,true],"author-pro-image":["https:\/\/i0.wp.com\/www.joyana.fr\/wp-content\/uploads\/2024\/02\/WALK-AROUND-scaled.jpg?resize=360%2C570&ssl=1",360,570,true],"slider":["https:\/\/i0.wp.com\/www.joyana.fr\/wp-content\/uploads\/2024\/02\/WALK-AROUND-scaled.jpg?resize=920%2C400&ssl=1",920,400,true],"woocommerce_thumbnail":["https:\/\/i0.wp.com\/www.joyana.fr\/wp-content\/uploads\/2024\/02\/WALK-AROUND-scaled.jpg?resize=450%2C450&ssl=1",450,450,true],"woocommerce_single":["https:\/\/i0.wp.com\/www.joyana.fr\/wp-content\/uploads\/2024\/02\/WALK-AROUND-scaled.jpg?fit=920%2C1114&ssl=1",920,1114,true],"woocommerce_gallery_thumbnail":["https:\/\/i0.wp.com\/www.joyana.fr\/wp-content\/uploads\/2024\/02\/WALK-AROUND-scaled.jpg?resize=180%2C180&ssl=1",180,180,true],"sow-carousel-default":["https:\/\/i0.wp.com\/www.joyana.fr\/wp-content\/uploads\/2024\/02\/WALK-AROUND-scaled.jpg?resize=272%2C182&ssl=1",272,182,true]},"post_excerpt_stackable":"<p>WALK AROUND &#8211; SEULGI KIM<\/p>\n<p>Taille : 72x60cm<\/p>\n<p>huile sur toile<\/p>\n","category_list":"","author_info":{"name":"Jo Yana","url":"https:\/\/www.joyana.fr\/ja\/author\/joyana\/"},"comments_num":"0 comments","featured_image_urls_v2":{"full":["https:\/\/i0.wp.com\/www.joyana.fr\/wp-content\/uploads\/2024\/02\/WALK-AROUND-scaled.jpg?fit=1691%2C2048&ssl=1",1691,2048,false],"thumbnail":["https:\/\/i0.wp.com\/www.joyana.fr\/wp-content\/uploads\/2024\/02\/WALK-AROUND-scaled.jpg?resize=150%2C150&ssl=1",150,150,true],"medium":["https:\/\/i0.wp.com\/www.joyana.fr\/wp-content\/uploads\/2024\/02\/WALK-AROUND-scaled.jpg?fit=321%2C389&ssl=1",321,389,true],"medium_large":["https:\/\/i0.wp.com\/www.joyana.fr\/wp-content\/uploads\/2024\/02\/WALK-AROUND-scaled.jpg?fit=768%2C930&ssl=1",768,930,true],"large":["https:\/\/i0.wp.com\/www.joyana.fr\/wp-content\/uploads\/2024\/02\/WALK-AROUND-scaled.jpg?fit=846%2C1024&ssl=1",846,1024,true],"1536x1536":["https:\/\/i0.wp.com\/www.joyana.fr\/wp-content\/uploads\/2024\/02\/WALK-AROUND-scaled.jpg?fit=1268%2C1536&ssl=1",1268,1536,true],"2048x2048":["https:\/\/i0.wp.com\/www.joyana.fr\/wp-content\/uploads\/2024\/02\/WALK-AROUND-scaled.jpg?fit=1691%2C2048&ssl=1",1691,2048,true],"featured-thumb":["https:\/\/i0.wp.com\/www.joyana.fr\/wp-content\/uploads\/2024\/02\/WALK-AROUND-scaled.jpg?resize=1691%2C750&ssl=1",1903,750,true],"ab-block-post-grid-landscape":["https:\/\/i0.wp.com\/www.joyana.fr\/wp-content\/uploads\/2024\/02\/WALK-AROUND-scaled.jpg?resize=600%2C400&ssl=1",600,400,true],"ab-block-post-grid-square":["https:\/\/i0.wp.com\/www.joyana.fr\/wp-content\/uploads\/2024\/02\/WALK-AROUND-scaled.jpg?resize=600%2C600&ssl=1",600,600,true],"author-pro-image":["https:\/\/i0.wp.com\/www.joyana.fr\/wp-content\/uploads\/2024\/02\/WALK-AROUND-scaled.jpg?resize=360%2C570&ssl=1",360,570,true],"slider":["https:\/\/i0.wp.com\/www.joyana.fr\/wp-content\/uploads\/2024\/02\/WALK-AROUND-scaled.jpg?resize=920%2C400&ssl=1",920,400,true],"woocommerce_thumbnail":["https:\/\/i0.wp.com\/www.joyana.fr\/wp-content\/uploads\/2024\/02\/WALK-AROUND-scaled.jpg?resize=450%2C450&ssl=1",450,450,true],"woocommerce_single":["https:\/\/i0.wp.com\/www.joyana.fr\/wp-content\/uploads\/2024\/02\/WALK-AROUND-scaled.jpg?fit=920%2C1114&ssl=1",920,1114,true],"woocommerce_gallery_thumbnail":["https:\/\/i0.wp.com\/www.joyana.fr\/wp-content\/uploads\/2024\/02\/WALK-AROUND-scaled.jpg?resize=180%2C180&ssl=1",180,180,true],"sow-carousel-default":["https:\/\/i0.wp.com\/www.joyana.fr\/wp-content\/uploads\/2024\/02\/WALK-AROUND-scaled.jpg?resize=272%2C182&ssl=1",272,182,true]},"post_excerpt_stackable_v2":"<p>WALK AROUND &#8211; SEULGI KIM<\/p>\n<p>Taille : 72x60cm<\/p>\n<p>huile sur toile<\/p>\n","category_list_v2":"","author_info_v2":{"name":"Jo Yana","url":"https:\/\/www.joyana.fr\/ja\/author\/joyana\/"},"comments_num_v2":"0 comments","yoast_head":"<!-- This site is optimized with the Yoast SEO plugin v26.8 - https:\/\/yoast.com\/product\/yoast-seo-wordpress\/ -->\n<title>WALK AROUND -  - WALK AROUND - SEULGI KIM[:] - JO YANA<\/title>\n<meta name=\"robots\" content=\"index, follow, max-snippet:-1, max-image-preview:large, max-video-preview:-1\" \/>\n<link rel=\"canonical\" href=\"https:\/\/www.joyana.fr\/ja\/gallery\/walk-around-seulgi-kim\/\" \/>\n<meta property=\"og:locale\" content=\"ja_JP\" \/>\n<meta property=\"og:locale:alternate\" content=\"fr_FR\" \/>\n<meta property=\"og:locale:alternate\" content=\"en_US\" \/>\n<meta property=\"og:type\" content=\"article\" \/>\n<meta property=\"og:title\" content=\"WALK AROUND - SEULGI KIM\" \/>\n<meta property=\"og:description\" content=\"WALK AROUND - SEULGI KIM  Taille : 72x60cm  huile sur toile\" \/>\n<meta property=\"og:url\" content=\"https:\/\/www.joyana.fr\/ja\/gallery\/walk-around-seulgi-kim\/\" \/>\n<meta property=\"og:site_name\" content=\"JO YANA\" \/>\n<meta property=\"article:modified_time\" content=\"2024-04-10T06:15:51+00:00\" \/>\n<meta property=\"og:image\" content=\"https:\/\/i0.wp.com\/www.joyana.fr\/wp-content\/uploads\/2024\/02\/WALK-AROUND-scaled.jpg?fit=1691%2C2048&ssl=1\" \/>\n\t<meta property=\"og:image:width\" content=\"1691\" \/>\n\t<meta property=\"og:image:height\" content=\"2048\" \/>\n\t<meta property=\"og:image:type\" content=\"image\/jpeg\" \/>\n<meta name=\"twitter:card\" content=\"summary_large_image\" \/>\n<meta name=\"twitter:site\" content=\"@Jo_Yana\" \/>\n<meta name=\"twitter:label1\" content=\"\u63a8\u5b9a\u8aad\u307f\u53d6\u308a\u6642\u9593\" \/>\n\t<meta name=\"twitter:data1\" content=\"1\u5206\" \/>\n<script type=\"application\/ld+json\" class=\"yoast-schema-graph\">{\"@context\":\"https:\/\/schema.org\",\"@graph\":[{\"@type\":\"WebPage\",\"@id\":\"https:\/\/www.joyana.fr\/ja\/gallery\/walk-around-seulgi-kim\/\",\"url\":\"https:\/\/www.joyana.fr\/ja\/gallery\/walk-around-seulgi-kim\/\",\"name\":\"WALK AROUND - SEULGI KIM\",\"isPartOf\":{\"@id\":\"https:\/\/www.joyana.fr\/ja\/#website\"},\"primaryImageOfPage\":{\"@id\":\"https:\/\/www.joyana.fr\/ja\/gallery\/walk-around-seulgi-kim\/#primaryimage\"},\"image\":{\"@id\":\"https:\/\/www.joyana.fr\/ja\/gallery\/walk-around-seulgi-kim\/#primaryimage\"},\"thumbnailUrl\":\"https:\/\/i0.wp.com\/www.joyana.fr\/wp-content\/uploads\/2024\/02\/WALK-AROUND-scaled.jpg?fit=1691%2C2048&ssl=1\",\"datePublished\":\"2024-04-10T06:13:13+00:00\",\"dateModified\":\"2024-04-10T06:15:51+00:00\",\"breadcrumb\":{\"@id\":\"https:\/\/www.joyana.fr\/ja\/gallery\/walk-around-seulgi-kim\/#breadcrumb\"},\"inLanguage\":\"ja\",\"potentialAction\":[{\"@type\":\"ReadAction\",\"target\":[\"https:\/\/www.joyana.fr\/ja\/gallery\/walk-around-seulgi-kim\/\"]}]},{\"@type\":\"ImageObject\",\"inLanguage\":\"ja\",\"@id\":\"https:\/\/www.joyana.fr\/ja\/gallery\/walk-around-seulgi-kim\/#primaryimage\",\"url\":\"https:\/\/i0.wp.com\/www.joyana.fr\/wp-content\/uploads\/2024\/02\/WALK-AROUND-scaled.jpg?fit=1691%2C2048&ssl=1\",\"contentUrl\":\"https:\/\/i0.wp.com\/www.joyana.fr\/wp-content\/uploads\/2024\/02\/WALK-AROUND-scaled.jpg?fit=1691%2C2048&ssl=1\",\"width\":1691,\"height\":2048},{\"@type\":\"BreadcrumbList\",\"@id\":\"https:\/\/www.joyana.fr\/ja\/gallery\/walk-around-seulgi-kim\/#breadcrumb\",\"itemListElement\":[{\"@type\":\"ListItem\",\"position\":1,\"name\":\"Accueil\",\"item\":\"https:\/\/www.joyana.fr\/ja\/\"},{\"@type\":\"ListItem\",\"position\":2,\"name\":\"GALLERY JO YANA\",\"item\":\"https:\/\/joyana.fr\/en\/artgallery\/\"},{\"@type\":\"ListItem\",\"position\":3,\"name\":\"WALK AROUND &#8211; SEULGI KIM\"}]},{\"@type\":\"WebSite\",\"@id\":\"https:\/\/www.joyana.fr\/ja\/#website\",\"url\":\"https:\/\/www.joyana.fr\/ja\/\",\"name\":\"JO YANA\",\"description\":\"Blog Mode Homme, Lifestyle, D\u00e9co-Design\",\"publisher\":{\"@id\":\"https:\/\/www.joyana.fr\/ja\/#\/schema\/person\/cf2a1ad12a27c12c21801075bf37407c\"},\"potentialAction\":[{\"@type\":\"SearchAction\",\"target\":{\"@type\":\"EntryPoint\",\"urlTemplate\":\"https:\/\/www.joyana.fr\/ja\/?s={search_term_string}\"},\"query-input\":{\"@type\":\"PropertyValueSpecification\",\"valueRequired\":true,\"valueName\":\"search_term_string\"}}],\"inLanguage\":\"ja\"},{\"@type\":[\"Person\",\"Organization\"],\"@id\":\"https:\/\/www.joyana.fr\/ja\/#\/schema\/person\/cf2a1ad12a27c12c21801075bf37407c\",\"name\":\"Jo Yana\",\"image\":{\"@type\":\"ImageObject\",\"inLanguage\":\"ja\",\"@id\":\"https:\/\/www.joyana.fr\/ja\/#\/schema\/person\/image\/\",\"url\":\"https:\/\/i0.wp.com\/www.joyana.fr\/wp-content\/uploads\/2016\/08\/cropped-joyana-logo-black-360x180.png?fit=343%2C164&ssl=1\",\"contentUrl\":\"https:\/\/i0.wp.com\/www.joyana.fr\/wp-content\/uploads\/2016\/08\/cropped-joyana-logo-black-360x180.png?fit=343%2C164&ssl=1\",\"width\":343,\"height\":164,\"caption\":\"Jo Yana\"},\"logo\":{\"@id\":\"https:\/\/www.joyana.fr\/ja\/#\/schema\/person\/image\/\"},\"description\":\"Jo Yana est le cr\u00e9ateur et r\u00e9dacteur en chef des sites DECO-DESIGN. Passionn\u00e9 de Design, Mode, Photo, Luxe, Lifestyle, Musique, mais avant tout Blogueur ! Le plaisir de partager l'anime et a comme devise \\\"POUR L'AMOUR DU BEAU\\\". Retrouvez le aussi sur son blog personnel - https:\/\/joyana.fr...\",\"sameAs\":[\"https:\/\/joyana.fr\/\"]}]}<\/script>\n<!-- \/ Yoast SEO plugin. -->","yoast_head_json":{"title":"WALK AROUND -  - WALK AROUND - SEULGI KIM[:] - JO YANA","robots":{"index":"index","follow":"follow","max-snippet":"max-snippet:-1","max-image-preview":"max-image-preview:large","max-video-preview":"max-video-preview:-1"},"canonical":"https:\/\/www.joyana.fr\/ja\/gallery\/walk-around-seulgi-kim\/","og_locale":"ja_JP","og_type":"article","og_title":"[:fr]WALK AROUND - SEULGI KIM[:en]WALK AROUND - SEULGI KIM[:ja]WALK AROUND - SEULGI KIM[:] - JO YANA","og_description":"WALK AROUND - SEULGI KIM  Taille : 72x60cm  huile sur toile","og_url":"https:\/\/www.joyana.fr\/ja\/gallery\/walk-around-seulgi-kim\/","og_site_name":"JO YANA","article_modified_time":"2024-04-10T06:15:51+00:00","og_image":[{"width":1691,"height":2048,"url":"https:\/\/i0.wp.com\/www.joyana.fr\/wp-content\/uploads\/2024\/02\/WALK-AROUND-scaled.jpg?fit=1691%2C2048&ssl=1","type":"image\/jpeg"}],"twitter_card":"summary_large_image","twitter_site":"@Jo_Yana","twitter_misc":{"\u63a8\u5b9a\u8aad\u307f\u53d6\u308a\u6642\u9593":"1\u5206"},"schema":{"@context":"https:\/\/schema.org","@graph":[{"@type":"WebPage","@id":"https:\/\/www.joyana.fr\/ja\/gallery\/walk-around-seulgi-kim\/","url":"https:\/\/www.joyana.fr\/ja\/gallery\/walk-around-seulgi-kim\/","name":"WALK AROUND - SEULGI KIM","isPartOf":{"@id":"https:\/\/www.joyana.fr\/ja\/#website"},"primaryImageOfPage":{"@id":"https:\/\/www.joyana.fr\/ja\/gallery\/walk-around-seulgi-kim\/#primaryimage"},"image":{"@id":"https:\/\/www.joyana.fr\/ja\/gallery\/walk-around-seulgi-kim\/#primaryimage"},"thumbnailUrl":"https:\/\/i0.wp.com\/www.joyana.fr\/wp-content\/uploads\/2024\/02\/WALK-AROUND-scaled.jpg?fit=1691%2C2048&ssl=1","datePublished":"2024-04-10T06:13:13+00:00","dateModified":"2024-04-10T06:15:51+00:00","breadcrumb":{"@id":"https:\/\/www.joyana.fr\/ja\/gallery\/walk-around-seulgi-kim\/#breadcrumb"},"inLanguage":"ja","potentialAction":[{"@type":"ReadAction","target":["https:\/\/www.joyana.fr\/ja\/gallery\/walk-around-seulgi-kim\/"]}]},{"@type":"ImageObject","inLanguage":"ja","@id":"https:\/\/www.joyana.fr\/ja\/gallery\/walk-around-seulgi-kim\/#primaryimage","url":"https:\/\/i0.wp.com\/www.joyana.fr\/wp-content\/uploads\/2024\/02\/WALK-AROUND-scaled.jpg?fit=1691%2C2048&ssl=1","contentUrl":"https:\/\/i0.wp.com\/www.joyana.fr\/wp-content\/uploads\/2024\/02\/WALK-AROUND-scaled.jpg?fit=1691%2C2048&ssl=1","width":1691,"height":2048},{"@type":"BreadcrumbList","@id":"https:\/\/www.joyana.fr\/ja\/gallery\/walk-around-seulgi-kim\/#breadcrumb","itemListElement":[{"@type":"ListItem","position":1,"name":"Accueil","item":"https:\/\/www.joyana.fr\/ja\/"},{"@type":"ListItem","position":2,"name":"GALLERY JO YANA","item":"https:\/\/joyana.fr\/en\/artgallery\/"},{"@type":"ListItem","position":3,"name":"WALK AROUND &#8211; SEULGI KIM"}]},{"@type":"WebSite","@id":"https:\/\/www.joyana.fr\/ja\/#website","url":"https:\/\/www.joyana.fr\/ja\/","name":"JO YANA","description":"Blog Mode Homme, Lifestyle, D\u00e9co-Design","publisher":{"@id":"https:\/\/www.joyana.fr\/ja\/#\/schema\/person\/cf2a1ad12a27c12c21801075bf37407c"},"potentialAction":[{"@type":"SearchAction","target":{"@type":"EntryPoint","urlTemplate":"https:\/\/www.joyana.fr\/ja\/?s={search_term_string}"},"query-input":{"@type":"PropertyValueSpecification","valueRequired":true,"valueName":"search_term_string"}}],"inLanguage":"ja"},{"@type":["Person","Organization"],"@id":"https:\/\/www.joyana.fr\/ja\/#\/schema\/person\/cf2a1ad12a27c12c21801075bf37407c","name":"Jo Yana","image":{"@type":"ImageObject","inLanguage":"ja","@id":"https:\/\/www.joyana.fr\/ja\/#\/schema\/person\/image\/","url":"https:\/\/i0.wp.com\/www.joyana.fr\/wp-content\/uploads\/2016\/08\/cropped-joyana-logo-black-360x180.png?fit=343%2C164&ssl=1","contentUrl":"https:\/\/i0.wp.com\/www.joyana.fr\/wp-content\/uploads\/2016\/08\/cropped-joyana-logo-black-360x180.png?fit=343%2C164&ssl=1","width":343,"height":164,"caption":"Jo Yana"},"logo":{"@id":"https:\/\/www.joyana.fr\/ja\/#\/schema\/person\/image\/"},"description":"Jo Yana est le cr\u00e9ateur et r\u00e9dacteur en chef des sites DECO-DESIGN. Passionn\u00e9 de Design, Mode, Photo, Luxe, Lifestyle, Musique, mais avant tout Blogueur ! Le plaisir de partager l'anime et a comme devise \"POUR L'AMOUR DU BEAU\". Retrouvez le aussi sur son blog personnel - https:\/\/joyana.fr...","sameAs":["https:\/\/joyana.fr\/"]}]}},"uagb_featured_image_src":{"full":["https:\/\/i0.wp.com\/www.joyana.fr\/wp-content\/uploads\/2024\/02\/WALK-AROUND-scaled.jpg?fit=1691%2C2048&ssl=1",1691,2048,false],"thumbnail":["https:\/\/i0.wp.com\/www.joyana.fr\/wp-content\/uploads\/2024\/02\/WALK-AROUND-scaled.jpg?resize=150%2C150&ssl=1",150,150,true],"medium":["https:\/\/i0.wp.com\/www.joyana.fr\/wp-content\/uploads\/2024\/02\/WALK-AROUND-scaled.jpg?fit=321%2C389&ssl=1",321,389,true],"medium_large":["https:\/\/i0.wp.com\/www.joyana.fr\/wp-content\/uploads\/2024\/02\/WALK-AROUND-scaled.jpg?fit=768%2C930&ssl=1",768,930,true],"large":["https:\/\/i0.wp.com\/www.joyana.fr\/wp-content\/uploads\/2024\/02\/WALK-AROUND-scaled.jpg?fit=846%2C1024&ssl=1",846,1024,true],"1536x1536":["https:\/\/i0.wp.com\/www.joyana.fr\/wp-content\/uploads\/2024\/02\/WALK-AROUND-scaled.jpg?fit=1268%2C1536&ssl=1",1268,1536,true],"2048x2048":["https:\/\/i0.wp.com\/www.joyana.fr\/wp-content\/uploads\/2024\/02\/WALK-AROUND-scaled.jpg?fit=1691%2C2048&ssl=1",1691,2048,true],"featured-thumb":["https:\/\/i0.wp.com\/www.joyana.fr\/wp-content\/uploads\/2024\/02\/WALK-AROUND-scaled.jpg?resize=1691%2C750&ssl=1",1903,750,true],"ab-block-post-grid-landscape":["https:\/\/i0.wp.com\/www.joyana.fr\/wp-content\/uploads\/2024\/02\/WALK-AROUND-scaled.jpg?resize=600%2C400&ssl=1",600,400,true],"ab-block-post-grid-square":["https:\/\/i0.wp.com\/www.joyana.fr\/wp-content\/uploads\/2024\/02\/WALK-AROUND-scaled.jpg?resize=600%2C600&ssl=1",600,600,true],"author-pro-image":["https:\/\/i0.wp.com\/www.joyana.fr\/wp-content\/uploads\/2024\/02\/WALK-AROUND-scaled.jpg?resize=360%2C570&ssl=1",360,570,true],"slider":["https:\/\/i0.wp.com\/www.joyana.fr\/wp-content\/uploads\/2024\/02\/WALK-AROUND-scaled.jpg?resize=920%2C400&ssl=1",920,400,true],"woocommerce_thumbnail":["https:\/\/i0.wp.com\/www.joyana.fr\/wp-content\/uploads\/2024\/02\/WALK-AROUND-scaled.jpg?resize=450%2C450&ssl=1",450,450,true],"woocommerce_single":["https:\/\/i0.wp.com\/www.joyana.fr\/wp-content\/uploads\/2024\/02\/WALK-AROUND-scaled.jpg?fit=920%2C1114&ssl=1",920,1114,true],"woocommerce_gallery_thumbnail":["https:\/\/i0.wp.com\/www.joyana.fr\/wp-content\/uploads\/2024\/02\/WALK-AROUND-scaled.jpg?resize=180%2C180&ssl=1",180,180,true],"sow-carousel-default":["https:\/\/i0.wp.com\/www.joyana.fr\/wp-content\/uploads\/2024\/02\/WALK-AROUND-scaled.jpg?resize=272%2C182&ssl=1",272,182,true]},"uagb_author_info":{"display_name":"Jo Yana","author_link":"https:\/\/www.joyana.fr\/ja\/author\/joyana\/"},"uagb_comment_info":0,"uagb_excerpt":"WALK AROUND - SEULGI KIM Taille : 72x60cm huile sur toi&hellip;","featured_img":"https:\/\/www.joyana.fr\/wp-content\/uploads\/2024\/02\/WALK-AROUND-scaled.jpg","coauthors":[],"author_meta":{"author_link":"https:\/\/www.joyana.fr\/ja\/author\/joyana\/","display_name":"Jo Yana"},"relative_dates":{"created":"Posted 2\u5e74 ago","modified":"Updated 2\u5e74 ago"},"absolute_dates":{"created":"Posted on 10 4\u6708 2024","modified":"Updated on 10 4\u6708 2024"},"absolute_dates_time":{"created":"Posted on 10 4\u6708 2024 8:13","modified":"Updated on 10 4\u6708 2024 8:15"},"featured_img_caption":"","tax_additional":{"product_type":{"linked":["<a href=\"https:\/\/www.joyana.fr\/ja\/?taxonomy=product_type&#038;term=simple\" class=\"advgb-post-tax-term\">simple<\/a>"],"unlinked":["<span class=\"advgb-post-tax-term\">simple<\/span>"],"slug":"product_type","name":"\u5546\u54c1\u30bf\u30a4\u30d7"},"product_visibility":{"linked":[],"unlinked":[],"slug":"product_visibility","name":"\u5546\u54c1\u306e\u8868\u793a\u8a2d\u5b9a"},"product_cat":{"linked":["<a href=\"https:\/\/www.joyana.fr\/ja\/artgallery\/oeuvres\/oeuvres-sur-demande\/\" class=\"advgb-post-tax-term\"><\/a>","<a href=\"https:\/\/www.joyana.fr\/ja\/artgallery\/nos-artistes\/artiste-seulgi-kim-gallery-jo-yana\/\" class=\"advgb-post-tax-term\">SEULGI KIM<\/a>","<a href=\"https:\/\/www.joyana.fr\/ja\/artgallery\/oeuvres\/oeuvres-disponibles\/toile\/\" class=\"advgb-post-tax-term\">Toile<\/a>","<a href=\"https:\/\/www.joyana.fr\/ja\/artgallery\/oeuvres\/oeuvres-disponibles\/\" class=\"advgb-post-tax-term\">\u0152uvres disponibles<\/a>"],"unlinked":["<span class=\"advgb-post-tax-term\"><\/span>","<span class=\"advgb-post-tax-term\">SEULGI KIM<\/span>","<span class=\"advgb-post-tax-term\">Toile<\/span>","<span class=\"advgb-post-tax-term\">\u0152uvres disponibles<\/span>"],"slug":"product_cat","name":"\u5546\u54c1\u30ab\u30c6\u30b4\u30ea\u30fc"},"product_tag":{"linked":["<a href=\"https:\/\/www.joyana.fr\/ja\/etiquette-produit\/seulgi-kim\/\" class=\"advgb-post-tax-term\">SEULGI KIM<\/a>"],"unlinked":["<span class=\"advgb-post-tax-term\">SEULGI KIM<\/span>"],"slug":"product_tag","name":"\u5546\u54c1\u30bf\u30b0"},"product_shipping_class":{"linked":[],"unlinked":[],"slug":"product_shipping_class","name":"\u5546\u54c1\u306e\u914d\u9001\u30af\u30e9\u30b9"},"pa_color":{"linked":[],"unlinked":[],"slug":"pa_color","name":"\u5546\u54c1 Couleurs"},"pa_frhoraires":{"linked":[],"unlinked":[],"slug":"pa_frhoraires","name":"\u5546\u54c1 Horaires"}},"series_order":"","jetpack_sharing_enabled":true,"jetpack-related-posts":[],"_links":{"self":[{"href":"https:\/\/www.joyana.fr\/ja\/wp-json\/wp\/v2\/product\/149786","targetHints":{"allow":["GET"]}}],"collection":[{"href":"https:\/\/www.joyana.fr\/ja\/wp-json\/wp\/v2\/product"}],"about":[{"href":"https:\/\/www.joyana.fr\/ja\/wp-json\/wp\/v2\/types\/product"}],"wp:featuredmedia":[{"embeddable":true,"href":"https:\/\/www.joyana.fr\/ja\/wp-json\/wp\/v2\/media\/149647"}],"wp:attachment":[{"href":"https:\/\/www.joyana.fr\/ja\/wp-json\/wp\/v2\/media?parent=149786"}],"wp:term":[{"taxonomy":"product_cat","embeddable":true,"href":"https:\/\/www.joyana.fr\/ja\/wp-json\/wp\/v2\/product_cat?post=149786"},{"taxonomy":"product_tag","embeddable":true,"href":"https:\/\/www.joyana.fr\/ja\/wp-json\/wp\/v2\/product_tag?post=149786"}],"curies":[{"name":"wp","href":"https:\/\/api.w.org\/{rel}","templated":true}]}}