{"id":149396,"date":"2024-02-20T16:23:17","date_gmt":"2024-02-20T14:23:17","guid":{"rendered":"https:\/\/joyana.fr\/?post_type=product&#038;p=149396"},"modified":"2024-02-20T19:17:08","modified_gmt":"2024-02-20T17:17:08","slug":"junk-robot-20230630-hiroki-niimi","status":"publish","type":"product","link":"https:\/\/www.joyana.fr\/ja\/gallery\/junk-robot-20230630-hiroki-niimi\/","title":{"rendered":"JUNK ROBOT 20230630 &#8211; HIROKI NIIMI"},"content":{"rendered":"<p>About HIROKI NIIMI:<\/p>\n<p>HIROKI NIIMI started his career while working as an art director for advertising and other creative fields. While his artworks seem to exhibit a pop art sensibility, it is interpreted as paradoxically expressing the context of marketing techniques that the subject of \u201cused creativity\u201d can have. Indeed, his  works criticize the situation of today\u2019s digitalized society, characterized by a cycle of production and consumption at a tremendous speed.<\/p>\n","protected":false},"excerpt":{"rendered":"<p>Title: JUNK ROBOT 20230630<br \/>\nSize: 100x100cm<br \/>\nAcrylic on canvas<\/p>\n","protected":false},"author":614,"featured_media":149406,"template":"","meta":{"_coblocks_attr":"","_coblocks_dimensions":"","_coblocks_responsive_height":"","_coblocks_accordion_ie_support":"","_uag_custom_page_level_css":"","advgb_blocks_editor_width":"","advgb_blocks_columns_visual_guide":"","_genesis_hide_title":false,"_genesis_hide_breadcrumbs":false,"_genesis_hide_singular_image":false,"_genesis_hide_footer_widgets":false,"_genesis_custom_body_class":"","_genesis_custom_post_class":"","_genesis_layout":"","_themeisle_gutenberg_block_has_review":false},"product_cat":[5421,5403,5259,5258],"product_tag":[2548,5310,5311],"class_list":{"0":"post-149396","1":"product","2":"type-product","3":"status-publish","4":"has-post-thumbnail","6":"product_cat-oeuvres-sur-demande","7":"product_cat-hiroki-niimi","8":"product_cat-toile","9":"product_cat-oeuvres-disponibles","10":"product_tag-japan","11":"product_tag-art-japonais","12":"product_tag-japon","13":"entry","15":"first","16":"instock","17":"shipping-taxable","18":"product-type-simple"},"featured_image_urls":{"full":["https:\/\/i0.wp.com\/www.joyana.fr\/wp-content\/uploads\/2024\/02\/HIROKI-NIIMI-JUNK-ROBOT-20230630.png?fit=1010%2C1010&ssl=1",1010,1010,false],"thumbnail":["https:\/\/i0.wp.com\/www.joyana.fr\/wp-content\/uploads\/2024\/02\/HIROKI-NIIMI-JUNK-ROBOT-20230630.png?resize=150%2C150&ssl=1",150,150,true],"medium":["https:\/\/i0.wp.com\/www.joyana.fr\/wp-content\/uploads\/2024\/02\/HIROKI-NIIMI-JUNK-ROBOT-20230630.png?fit=389%2C389&ssl=1",389,389,true],"medium_large":["https:\/\/i0.wp.com\/www.joyana.fr\/wp-content\/uploads\/2024\/02\/HIROKI-NIIMI-JUNK-ROBOT-20230630.png?fit=768%2C768&ssl=1",768,768,true],"large":["https:\/\/i0.wp.com\/www.joyana.fr\/wp-content\/uploads\/2024\/02\/HIROKI-NIIMI-JUNK-ROBOT-20230630.png?fit=1010%2C1010&ssl=1",1010,1010,true],"1536x1536":["https:\/\/i0.wp.com\/www.joyana.fr\/wp-content\/uploads\/2024\/02\/HIROKI-NIIMI-JUNK-ROBOT-20230630.png?fit=1010%2C1010&ssl=1",1010,1010,true],"2048x2048":["https:\/\/i0.wp.com\/www.joyana.fr\/wp-content\/uploads\/2024\/02\/HIROKI-NIIMI-JUNK-ROBOT-20230630.png?fit=1010%2C1010&ssl=1",1010,1010,true],"featured-thumb":["https:\/\/i0.wp.com\/www.joyana.fr\/wp-content\/uploads\/2024\/02\/HIROKI-NIIMI-JUNK-ROBOT-20230630.png?resize=1010%2C750&ssl=1",1010,750,true],"ab-block-post-grid-landscape":["https:\/\/i0.wp.com\/www.joyana.fr\/wp-content\/uploads\/2024\/02\/HIROKI-NIIMI-JUNK-ROBOT-20230630.png?resize=600%2C400&ssl=1",600,400,true],"ab-block-post-grid-square":["https:\/\/i0.wp.com\/www.joyana.fr\/wp-content\/uploads\/2024\/02\/HIROKI-NIIMI-JUNK-ROBOT-20230630.png?resize=600%2C600&ssl=1",600,600,true],"author-pro-image":["https:\/\/i0.wp.com\/www.joyana.fr\/wp-content\/uploads\/2024\/02\/HIROKI-NIIMI-JUNK-ROBOT-20230630.png?resize=360%2C570&ssl=1",360,570,true],"slider":["https:\/\/i0.wp.com\/www.joyana.fr\/wp-content\/uploads\/2024\/02\/HIROKI-NIIMI-JUNK-ROBOT-20230630.png?resize=920%2C400&ssl=1",920,400,true],"woocommerce_thumbnail":["https:\/\/i0.wp.com\/www.joyana.fr\/wp-content\/uploads\/2024\/02\/HIROKI-NIIMI-JUNK-ROBOT-20230630.png?resize=450%2C450&ssl=1",450,450,true],"woocommerce_single":["https:\/\/i0.wp.com\/www.joyana.fr\/wp-content\/uploads\/2024\/02\/HIROKI-NIIMI-JUNK-ROBOT-20230630.png?fit=920%2C920&ssl=1",920,920,true],"woocommerce_gallery_thumbnail":["https:\/\/i0.wp.com\/www.joyana.fr\/wp-content\/uploads\/2024\/02\/HIROKI-NIIMI-JUNK-ROBOT-20230630.png?resize=180%2C180&ssl=1",180,180,true],"sow-carousel-default":["https:\/\/i0.wp.com\/www.joyana.fr\/wp-content\/uploads\/2024\/02\/HIROKI-NIIMI-JUNK-ROBOT-20230630.png?resize=272%2C182&ssl=1",272,182,true]},"post_excerpt_stackable":"<p>Title: JUNK ROBOT 20230630<br \/>\nSize: 100x100cm<br \/>\nAcrylic on canvas<\/p>\n","category_list":"","author_info":{"name":"angela","url":"https:\/\/www.joyana.fr\/ja\/author\/angela\/"},"comments_num":"0 comments","featured_image_urls_v2":{"full":["https:\/\/i0.wp.com\/www.joyana.fr\/wp-content\/uploads\/2024\/02\/HIROKI-NIIMI-JUNK-ROBOT-20230630.png?fit=1010%2C1010&ssl=1",1010,1010,false],"thumbnail":["https:\/\/i0.wp.com\/www.joyana.fr\/wp-content\/uploads\/2024\/02\/HIROKI-NIIMI-JUNK-ROBOT-20230630.png?resize=150%2C150&ssl=1",150,150,true],"medium":["https:\/\/i0.wp.com\/www.joyana.fr\/wp-content\/uploads\/2024\/02\/HIROKI-NIIMI-JUNK-ROBOT-20230630.png?fit=389%2C389&ssl=1",389,389,true],"medium_large":["https:\/\/i0.wp.com\/www.joyana.fr\/wp-content\/uploads\/2024\/02\/HIROKI-NIIMI-JUNK-ROBOT-20230630.png?fit=768%2C768&ssl=1",768,768,true],"large":["https:\/\/i0.wp.com\/www.joyana.fr\/wp-content\/uploads\/2024\/02\/HIROKI-NIIMI-JUNK-ROBOT-20230630.png?fit=1010%2C1010&ssl=1",1010,1010,true],"1536x1536":["https:\/\/i0.wp.com\/www.joyana.fr\/wp-content\/uploads\/2024\/02\/HIROKI-NIIMI-JUNK-ROBOT-20230630.png?fit=1010%2C1010&ssl=1",1010,1010,true],"2048x2048":["https:\/\/i0.wp.com\/www.joyana.fr\/wp-content\/uploads\/2024\/02\/HIROKI-NIIMI-JUNK-ROBOT-20230630.png?fit=1010%2C1010&ssl=1",1010,1010,true],"featured-thumb":["https:\/\/i0.wp.com\/www.joyana.fr\/wp-content\/uploads\/2024\/02\/HIROKI-NIIMI-JUNK-ROBOT-20230630.png?resize=1010%2C750&ssl=1",1010,750,true],"ab-block-post-grid-landscape":["https:\/\/i0.wp.com\/www.joyana.fr\/wp-content\/uploads\/2024\/02\/HIROKI-NIIMI-JUNK-ROBOT-20230630.png?resize=600%2C400&ssl=1",600,400,true],"ab-block-post-grid-square":["https:\/\/i0.wp.com\/www.joyana.fr\/wp-content\/uploads\/2024\/02\/HIROKI-NIIMI-JUNK-ROBOT-20230630.png?resize=600%2C600&ssl=1",600,600,true],"author-pro-image":["https:\/\/i0.wp.com\/www.joyana.fr\/wp-content\/uploads\/2024\/02\/HIROKI-NIIMI-JUNK-ROBOT-20230630.png?resize=360%2C570&ssl=1",360,570,true],"slider":["https:\/\/i0.wp.com\/www.joyana.fr\/wp-content\/uploads\/2024\/02\/HIROKI-NIIMI-JUNK-ROBOT-20230630.png?resize=920%2C400&ssl=1",920,400,true],"woocommerce_thumbnail":["https:\/\/i0.wp.com\/www.joyana.fr\/wp-content\/uploads\/2024\/02\/HIROKI-NIIMI-JUNK-ROBOT-20230630.png?resize=450%2C450&ssl=1",450,450,true],"woocommerce_single":["https:\/\/i0.wp.com\/www.joyana.fr\/wp-content\/uploads\/2024\/02\/HIROKI-NIIMI-JUNK-ROBOT-20230630.png?fit=920%2C920&ssl=1",920,920,true],"woocommerce_gallery_thumbnail":["https:\/\/i0.wp.com\/www.joyana.fr\/wp-content\/uploads\/2024\/02\/HIROKI-NIIMI-JUNK-ROBOT-20230630.png?resize=180%2C180&ssl=1",180,180,true],"sow-carousel-default":["https:\/\/i0.wp.com\/www.joyana.fr\/wp-content\/uploads\/2024\/02\/HIROKI-NIIMI-JUNK-ROBOT-20230630.png?resize=272%2C182&ssl=1",272,182,true]},"post_excerpt_stackable_v2":"<p>Title: JUNK ROBOT 20230630<br \/>\nSize: 100x100cm<br \/>\nAcrylic on canvas<\/p>\n","category_list_v2":"","author_info_v2":{"name":"angela","url":"https:\/\/www.joyana.fr\/ja\/author\/angela\/"},"comments_num_v2":"0 comments","yoast_head":"<!-- This site is optimized with the Yoast SEO plugin v26.8 - https:\/\/yoast.com\/product\/yoast-seo-wordpress\/ -->\n<title>JUNK ROBOT 20230630 -  - JUNK ROBOT 20230630 - HIROKI NIIMI[:] - JO YANA<\/title>\n<meta name=\"robots\" content=\"index, follow, max-snippet:-1, max-image-preview:large, max-video-preview:-1\" \/>\n<link rel=\"canonical\" href=\"https:\/\/www.joyana.fr\/ja\/gallery\/junk-robot-20230630-hiroki-niimi\/\" \/>\n<meta property=\"og:locale\" content=\"ja_JP\" \/>\n<meta property=\"og:locale:alternate\" content=\"fr_FR\" \/>\n<meta property=\"og:locale:alternate\" content=\"en_US\" \/>\n<meta property=\"og:type\" content=\"article\" \/>\n<meta property=\"og:title\" content=\"JUNK ROBOT 20230630 - HIROKI NIIMI\" \/>\n<meta property=\"og:description\" content=\"Title: JUNK ROBOT 20230630 Size: 100x100cm Acrylic on canvas\" \/>\n<meta property=\"og:url\" content=\"https:\/\/www.joyana.fr\/ja\/gallery\/junk-robot-20230630-hiroki-niimi\/\" \/>\n<meta property=\"og:site_name\" content=\"JO YANA\" \/>\n<meta property=\"article:modified_time\" content=\"2024-02-20T17:17:08+00:00\" \/>\n<meta property=\"og:image\" content=\"https:\/\/i0.wp.com\/www.joyana.fr\/wp-content\/uploads\/2024\/02\/HIROKI-NIIMI-JUNK-ROBOT-20230630.png?fit=1010%2C1010&ssl=1\" \/>\n\t<meta property=\"og:image:width\" content=\"1010\" \/>\n\t<meta property=\"og:image:height\" content=\"1010\" \/>\n\t<meta property=\"og:image:type\" content=\"image\/png\" \/>\n<meta name=\"twitter:card\" content=\"summary_large_image\" \/>\n<meta name=\"twitter:site\" content=\"@Jo_Yana\" \/>\n<meta name=\"twitter:label1\" content=\"\u63a8\u5b9a\u8aad\u307f\u53d6\u308a\u6642\u9593\" \/>\n\t<meta name=\"twitter:data1\" content=\"1\u5206\" \/>\n<script type=\"application\/ld+json\" class=\"yoast-schema-graph\">{\"@context\":\"https:\/\/schema.org\",\"@graph\":[{\"@type\":\"WebPage\",\"@id\":\"https:\/\/www.joyana.fr\/ja\/gallery\/junk-robot-20230630-hiroki-niimi\/\",\"url\":\"https:\/\/www.joyana.fr\/ja\/gallery\/junk-robot-20230630-hiroki-niimi\/\",\"name\":\"JUNK ROBOT 20230630 - HIROKI NIIMI\",\"isPartOf\":{\"@id\":\"https:\/\/joyana.fr\/en\/#website\"},\"primaryImageOfPage\":{\"@id\":\"https:\/\/www.joyana.fr\/ja\/gallery\/junk-robot-20230630-hiroki-niimi\/#primaryimage\"},\"image\":{\"@id\":\"https:\/\/www.joyana.fr\/ja\/gallery\/junk-robot-20230630-hiroki-niimi\/#primaryimage\"},\"thumbnailUrl\":\"https:\/\/i0.wp.com\/www.joyana.fr\/wp-content\/uploads\/2024\/02\/HIROKI-NIIMI-JUNK-ROBOT-20230630.png?fit=1010%2C1010&ssl=1\",\"datePublished\":\"2024-02-20T14:23:17+00:00\",\"dateModified\":\"2024-02-20T17:17:08+00:00\",\"breadcrumb\":{\"@id\":\"https:\/\/www.joyana.fr\/ja\/gallery\/junk-robot-20230630-hiroki-niimi\/#breadcrumb\"},\"inLanguage\":\"ja\",\"potentialAction\":[{\"@type\":\"ReadAction\",\"target\":[\"https:\/\/www.joyana.fr\/ja\/gallery\/junk-robot-20230630-hiroki-niimi\/\"]}]},{\"@type\":\"ImageObject\",\"inLanguage\":\"ja\",\"@id\":\"https:\/\/www.joyana.fr\/ja\/gallery\/junk-robot-20230630-hiroki-niimi\/#primaryimage\",\"url\":\"https:\/\/i0.wp.com\/www.joyana.fr\/wp-content\/uploads\/2024\/02\/HIROKI-NIIMI-JUNK-ROBOT-20230630.png?fit=1010%2C1010&ssl=1\",\"contentUrl\":\"https:\/\/i0.wp.com\/www.joyana.fr\/wp-content\/uploads\/2024\/02\/HIROKI-NIIMI-JUNK-ROBOT-20230630.png?fit=1010%2C1010&ssl=1\",\"width\":1010,\"height\":1010},{\"@type\":\"BreadcrumbList\",\"@id\":\"https:\/\/www.joyana.fr\/ja\/gallery\/junk-robot-20230630-hiroki-niimi\/#breadcrumb\",\"itemListElement\":[{\"@type\":\"ListItem\",\"position\":1,\"name\":\"Accueil\",\"item\":\"https:\/\/www.joyana.fr\/\"},{\"@type\":\"ListItem\",\"position\":2,\"name\":\"GALLERY JO YANA\",\"item\":\"https:\/\/joyana.fr\/artgallery\/\"},{\"@type\":\"ListItem\",\"position\":3,\"name\":\"JUNK ROBOT 20230630 &#8211; HIROKI NIIMI\"}]},{\"@type\":\"WebSite\",\"@id\":\"https:\/\/joyana.fr\/en\/#website\",\"url\":\"https:\/\/joyana.fr\/en\/\",\"name\":\"JO YANA\",\"description\":\"Blog Mode Homme, Lifestyle, D\u00e9co-Design\",\"publisher\":{\"@id\":\"https:\/\/joyana.fr\/en\/#\/schema\/person\/cf2a1ad12a27c12c21801075bf37407c\"},\"potentialAction\":[{\"@type\":\"SearchAction\",\"target\":{\"@type\":\"EntryPoint\",\"urlTemplate\":\"https:\/\/joyana.fr\/en\/?s={search_term_string}\"},\"query-input\":{\"@type\":\"PropertyValueSpecification\",\"valueRequired\":true,\"valueName\":\"search_term_string\"}}],\"inLanguage\":\"ja\"},{\"@type\":[\"Person\",\"Organization\"],\"@id\":\"https:\/\/joyana.fr\/en\/#\/schema\/person\/cf2a1ad12a27c12c21801075bf37407c\",\"name\":\"Jo Yana\",\"image\":{\"@type\":\"ImageObject\",\"inLanguage\":\"ja\",\"@id\":\"https:\/\/joyana.fr\/en\/#\/schema\/person\/image\/\",\"url\":\"https:\/\/i0.wp.com\/www.joyana.fr\/wp-content\/uploads\/2016\/08\/cropped-joyana-logo-black-360x180.png?fit=343%2C164&ssl=1\",\"contentUrl\":\"https:\/\/i0.wp.com\/www.joyana.fr\/wp-content\/uploads\/2016\/08\/cropped-joyana-logo-black-360x180.png?fit=343%2C164&ssl=1\",\"width\":343,\"height\":164,\"caption\":\"Jo Yana\"},\"logo\":{\"@id\":\"https:\/\/joyana.fr\/en\/#\/schema\/person\/image\/\"},\"description\":\"Jo Yana est le cr\u00e9ateur et r\u00e9dacteur en chef des sites DECO-DESIGN. Passionn\u00e9 de Design, Mode, Photo, Luxe, Lifestyle, Musique, mais avant tout Blogueur ! Le plaisir de partager l'anime et a comme devise \\\"POUR L'AMOUR DU BEAU\\\". Retrouvez le aussi sur son blog personnel - https:\/\/joyana.fr...\",\"sameAs\":[\"https:\/\/joyana.fr\/\"]}]}<\/script>\n<!-- \/ Yoast SEO plugin. -->","yoast_head_json":{"title":"JUNK ROBOT 20230630 -  - JUNK ROBOT 20230630 - HIROKI NIIMI[:] - JO YANA","robots":{"index":"index","follow":"follow","max-snippet":"max-snippet:-1","max-image-preview":"max-image-preview:large","max-video-preview":"max-video-preview:-1"},"canonical":"https:\/\/www.joyana.fr\/ja\/gallery\/junk-robot-20230630-hiroki-niimi\/","og_locale":"ja_JP","og_type":"article","og_title":"[:fr]JUNK ROBOT 20230630 - HIROKI NIIMI[:en]JUNK ROBOT 20230630 - HIROKI NIIMI[:ja]JUNK ROBOT 20230630 - HIROKI NIIMI[:] - JO YANA","og_description":"Title: JUNK ROBOT 20230630 Size: 100x100cm Acrylic on canvas","og_url":"https:\/\/www.joyana.fr\/ja\/gallery\/junk-robot-20230630-hiroki-niimi\/","og_site_name":"JO YANA","article_modified_time":"2024-02-20T17:17:08+00:00","og_image":[{"url":"https:\/\/i0.wp.com\/www.joyana.fr\/wp-content\/uploads\/2024\/02\/HIROKI-NIIMI-JUNK-ROBOT-20230630.png?fit=1010%2C1010&ssl=1","width":1010,"height":1010,"type":"image\/png"}],"twitter_card":"summary_large_image","twitter_site":"@Jo_Yana","twitter_misc":{"\u63a8\u5b9a\u8aad\u307f\u53d6\u308a\u6642\u9593":"1\u5206"},"schema":{"@context":"https:\/\/schema.org","@graph":[{"@type":"WebPage","@id":"https:\/\/www.joyana.fr\/ja\/gallery\/junk-robot-20230630-hiroki-niimi\/","url":"https:\/\/www.joyana.fr\/ja\/gallery\/junk-robot-20230630-hiroki-niimi\/","name":"JUNK ROBOT 20230630 - HIROKI NIIMI","isPartOf":{"@id":"https:\/\/joyana.fr\/en\/#website"},"primaryImageOfPage":{"@id":"https:\/\/www.joyana.fr\/ja\/gallery\/junk-robot-20230630-hiroki-niimi\/#primaryimage"},"image":{"@id":"https:\/\/www.joyana.fr\/ja\/gallery\/junk-robot-20230630-hiroki-niimi\/#primaryimage"},"thumbnailUrl":"https:\/\/i0.wp.com\/www.joyana.fr\/wp-content\/uploads\/2024\/02\/HIROKI-NIIMI-JUNK-ROBOT-20230630.png?fit=1010%2C1010&ssl=1","datePublished":"2024-02-20T14:23:17+00:00","dateModified":"2024-02-20T17:17:08+00:00","breadcrumb":{"@id":"https:\/\/www.joyana.fr\/ja\/gallery\/junk-robot-20230630-hiroki-niimi\/#breadcrumb"},"inLanguage":"ja","potentialAction":[{"@type":"ReadAction","target":["https:\/\/www.joyana.fr\/ja\/gallery\/junk-robot-20230630-hiroki-niimi\/"]}]},{"@type":"ImageObject","inLanguage":"ja","@id":"https:\/\/www.joyana.fr\/ja\/gallery\/junk-robot-20230630-hiroki-niimi\/#primaryimage","url":"https:\/\/i0.wp.com\/www.joyana.fr\/wp-content\/uploads\/2024\/02\/HIROKI-NIIMI-JUNK-ROBOT-20230630.png?fit=1010%2C1010&ssl=1","contentUrl":"https:\/\/i0.wp.com\/www.joyana.fr\/wp-content\/uploads\/2024\/02\/HIROKI-NIIMI-JUNK-ROBOT-20230630.png?fit=1010%2C1010&ssl=1","width":1010,"height":1010},{"@type":"BreadcrumbList","@id":"https:\/\/www.joyana.fr\/ja\/gallery\/junk-robot-20230630-hiroki-niimi\/#breadcrumb","itemListElement":[{"@type":"ListItem","position":1,"name":"Accueil","item":"https:\/\/www.joyana.fr\/"},{"@type":"ListItem","position":2,"name":"GALLERY JO YANA","item":"https:\/\/joyana.fr\/artgallery\/"},{"@type":"ListItem","position":3,"name":"JUNK ROBOT 20230630 &#8211; HIROKI NIIMI"}]},{"@type":"WebSite","@id":"https:\/\/joyana.fr\/en\/#website","url":"https:\/\/joyana.fr\/en\/","name":"JO YANA","description":"Blog Mode Homme, Lifestyle, D\u00e9co-Design","publisher":{"@id":"https:\/\/joyana.fr\/en\/#\/schema\/person\/cf2a1ad12a27c12c21801075bf37407c"},"potentialAction":[{"@type":"SearchAction","target":{"@type":"EntryPoint","urlTemplate":"https:\/\/joyana.fr\/en\/?s={search_term_string}"},"query-input":{"@type":"PropertyValueSpecification","valueRequired":true,"valueName":"search_term_string"}}],"inLanguage":"ja"},{"@type":["Person","Organization"],"@id":"https:\/\/joyana.fr\/en\/#\/schema\/person\/cf2a1ad12a27c12c21801075bf37407c","name":"Jo Yana","image":{"@type":"ImageObject","inLanguage":"ja","@id":"https:\/\/joyana.fr\/en\/#\/schema\/person\/image\/","url":"https:\/\/i0.wp.com\/www.joyana.fr\/wp-content\/uploads\/2016\/08\/cropped-joyana-logo-black-360x180.png?fit=343%2C164&ssl=1","contentUrl":"https:\/\/i0.wp.com\/www.joyana.fr\/wp-content\/uploads\/2016\/08\/cropped-joyana-logo-black-360x180.png?fit=343%2C164&ssl=1","width":343,"height":164,"caption":"Jo Yana"},"logo":{"@id":"https:\/\/joyana.fr\/en\/#\/schema\/person\/image\/"},"description":"Jo Yana est le cr\u00e9ateur et r\u00e9dacteur en chef des sites DECO-DESIGN. Passionn\u00e9 de Design, Mode, Photo, Luxe, Lifestyle, Musique, mais avant tout Blogueur ! Le plaisir de partager l'anime et a comme devise \"POUR L'AMOUR DU BEAU\". Retrouvez le aussi sur son blog personnel - https:\/\/joyana.fr...","sameAs":["https:\/\/joyana.fr\/"]}]}},"uagb_featured_image_src":{"full":["https:\/\/i0.wp.com\/www.joyana.fr\/wp-content\/uploads\/2024\/02\/HIROKI-NIIMI-JUNK-ROBOT-20230630.png?fit=1010%2C1010&ssl=1",1010,1010,false],"thumbnail":["https:\/\/i0.wp.com\/www.joyana.fr\/wp-content\/uploads\/2024\/02\/HIROKI-NIIMI-JUNK-ROBOT-20230630.png?resize=150%2C150&ssl=1",150,150,true],"medium":["https:\/\/i0.wp.com\/www.joyana.fr\/wp-content\/uploads\/2024\/02\/HIROKI-NIIMI-JUNK-ROBOT-20230630.png?fit=389%2C389&ssl=1",389,389,true],"medium_large":["https:\/\/i0.wp.com\/www.joyana.fr\/wp-content\/uploads\/2024\/02\/HIROKI-NIIMI-JUNK-ROBOT-20230630.png?fit=768%2C768&ssl=1",768,768,true],"large":["https:\/\/i0.wp.com\/www.joyana.fr\/wp-content\/uploads\/2024\/02\/HIROKI-NIIMI-JUNK-ROBOT-20230630.png?fit=1010%2C1010&ssl=1",1010,1010,true],"1536x1536":["https:\/\/i0.wp.com\/www.joyana.fr\/wp-content\/uploads\/2024\/02\/HIROKI-NIIMI-JUNK-ROBOT-20230630.png?fit=1010%2C1010&ssl=1",1010,1010,true],"2048x2048":["https:\/\/i0.wp.com\/www.joyana.fr\/wp-content\/uploads\/2024\/02\/HIROKI-NIIMI-JUNK-ROBOT-20230630.png?fit=1010%2C1010&ssl=1",1010,1010,true],"featured-thumb":["https:\/\/i0.wp.com\/www.joyana.fr\/wp-content\/uploads\/2024\/02\/HIROKI-NIIMI-JUNK-ROBOT-20230630.png?resize=1010%2C750&ssl=1",1010,750,true],"ab-block-post-grid-landscape":["https:\/\/i0.wp.com\/www.joyana.fr\/wp-content\/uploads\/2024\/02\/HIROKI-NIIMI-JUNK-ROBOT-20230630.png?resize=600%2C400&ssl=1",600,400,true],"ab-block-post-grid-square":["https:\/\/i0.wp.com\/www.joyana.fr\/wp-content\/uploads\/2024\/02\/HIROKI-NIIMI-JUNK-ROBOT-20230630.png?resize=600%2C600&ssl=1",600,600,true],"author-pro-image":["https:\/\/i0.wp.com\/www.joyana.fr\/wp-content\/uploads\/2024\/02\/HIROKI-NIIMI-JUNK-ROBOT-20230630.png?resize=360%2C570&ssl=1",360,570,true],"slider":["https:\/\/i0.wp.com\/www.joyana.fr\/wp-content\/uploads\/2024\/02\/HIROKI-NIIMI-JUNK-ROBOT-20230630.png?resize=920%2C400&ssl=1",920,400,true],"woocommerce_thumbnail":["https:\/\/i0.wp.com\/www.joyana.fr\/wp-content\/uploads\/2024\/02\/HIROKI-NIIMI-JUNK-ROBOT-20230630.png?resize=450%2C450&ssl=1",450,450,true],"woocommerce_single":["https:\/\/i0.wp.com\/www.joyana.fr\/wp-content\/uploads\/2024\/02\/HIROKI-NIIMI-JUNK-ROBOT-20230630.png?fit=920%2C920&ssl=1",920,920,true],"woocommerce_gallery_thumbnail":["https:\/\/i0.wp.com\/www.joyana.fr\/wp-content\/uploads\/2024\/02\/HIROKI-NIIMI-JUNK-ROBOT-20230630.png?resize=180%2C180&ssl=1",180,180,true],"sow-carousel-default":["https:\/\/i0.wp.com\/www.joyana.fr\/wp-content\/uploads\/2024\/02\/HIROKI-NIIMI-JUNK-ROBOT-20230630.png?resize=272%2C182&ssl=1",272,182,true]},"uagb_author_info":{"display_name":"angela","author_link":"https:\/\/www.joyana.fr\/ja\/author\/angela\/"},"uagb_comment_info":0,"uagb_excerpt":"Title: JUNK ROBOT 20230630 Size: 100x100cm Acrylic on c&hellip;","featured_img":"https:\/\/www.joyana.fr\/wp-content\/uploads\/2024\/02\/HIROKI-NIIMI-JUNK-ROBOT-20230630.png","coauthors":[],"author_meta":{"author_link":"https:\/\/www.joyana.fr\/ja\/author\/angela\/","display_name":"angela"},"relative_dates":{"created":"Posted 2\u5e74 ago","modified":"Updated 2\u5e74 ago"},"absolute_dates":{"created":"Posted on 20 2\u6708 2024","modified":"Updated on 20 2\u6708 2024"},"absolute_dates_time":{"created":"Posted on 20 2\u6708 2024 16:23","modified":"Updated on 20 2\u6708 2024 19:17"},"featured_img_caption":"","tax_additional":{"product_type":{"linked":["<a href=\"https:\/\/www.joyana.fr\/ja\/?taxonomy=product_type&#038;term=simple\" class=\"advgb-post-tax-term\">simple<\/a>"],"unlinked":["<span class=\"advgb-post-tax-term\">simple<\/span>"],"slug":"product_type","name":"\u5546\u54c1\u30bf\u30a4\u30d7"},"product_visibility":{"linked":[],"unlinked":[],"slug":"product_visibility","name":"\u5546\u54c1\u306e\u8868\u793a\u8a2d\u5b9a"},"product_cat":{"linked":["<a href=\"https:\/\/www.joyana.fr\/ja\/artgallery\/oeuvres\/oeuvres-sur-demande\/\" class=\"advgb-post-tax-term\"><\/a>","<a href=\"https:\/\/www.joyana.fr\/ja\/artgallery\/nos-artistes\/hiroki-niimi\/\" class=\"advgb-post-tax-term\">HIROKI NIIMI<\/a>","<a href=\"https:\/\/www.joyana.fr\/ja\/artgallery\/oeuvres\/oeuvres-disponibles\/toile\/\" class=\"advgb-post-tax-term\">Toile<\/a>","<a href=\"https:\/\/www.joyana.fr\/ja\/artgallery\/oeuvres\/oeuvres-disponibles\/\" class=\"advgb-post-tax-term\">\u0152uvres disponibles<\/a>"],"unlinked":["<span class=\"advgb-post-tax-term\"><\/span>","<span class=\"advgb-post-tax-term\">HIROKI NIIMI<\/span>","<span class=\"advgb-post-tax-term\">Toile<\/span>","<span class=\"advgb-post-tax-term\">\u0152uvres disponibles<\/span>"],"slug":"product_cat","name":"\u5546\u54c1\u30ab\u30c6\u30b4\u30ea\u30fc"},"product_tag":{"linked":["<a href=\"https:\/\/www.joyana.fr\/ja\/etiquette-produit\/japan\/\" class=\"advgb-post-tax-term\">Japan<\/a>","<a href=\"https:\/\/www.joyana.fr\/ja\/etiquette-produit\/art-japonais\/\" class=\"advgb-post-tax-term\">Art Japonais<\/a>","<a href=\"https:\/\/www.joyana.fr\/ja\/etiquette-produit\/japon\/\" class=\"advgb-post-tax-term\">Japon<\/a>"],"unlinked":["<span class=\"advgb-post-tax-term\">Japan<\/span>","<span class=\"advgb-post-tax-term\">Art Japonais<\/span>","<span class=\"advgb-post-tax-term\">Japon<\/span>"],"slug":"product_tag","name":"\u5546\u54c1\u30bf\u30b0"},"product_shipping_class":{"linked":[],"unlinked":[],"slug":"product_shipping_class","name":"\u5546\u54c1\u306e\u914d\u9001\u30af\u30e9\u30b9"},"pa_color":{"linked":[],"unlinked":[],"slug":"pa_color","name":"\u5546\u54c1 Couleurs"},"pa_frhoraires":{"linked":[],"unlinked":[],"slug":"pa_frhoraires","name":"\u5546\u54c1 Horaires"}},"series_order":"","jetpack_sharing_enabled":true,"jetpack-related-posts":[],"_links":{"self":[{"href":"https:\/\/www.joyana.fr\/ja\/wp-json\/wp\/v2\/product\/149396","targetHints":{"allow":["GET"]}}],"collection":[{"href":"https:\/\/www.joyana.fr\/ja\/wp-json\/wp\/v2\/product"}],"about":[{"href":"https:\/\/www.joyana.fr\/ja\/wp-json\/wp\/v2\/types\/product"}],"wp:featuredmedia":[{"embeddable":true,"href":"https:\/\/www.joyana.fr\/ja\/wp-json\/wp\/v2\/media\/149406"}],"wp:attachment":[{"href":"https:\/\/www.joyana.fr\/ja\/wp-json\/wp\/v2\/media?parent=149396"}],"wp:term":[{"taxonomy":"product_cat","embeddable":true,"href":"https:\/\/www.joyana.fr\/ja\/wp-json\/wp\/v2\/product_cat?post=149396"},{"taxonomy":"product_tag","embeddable":true,"href":"https:\/\/www.joyana.fr\/ja\/wp-json\/wp\/v2\/product_tag?post=149396"}],"curies":[{"name":"wp","href":"https:\/\/api.w.org\/{rel}","templated":true}]}}