{"id":147709,"date":"2021-10-01T08:00:10","date_gmt":"2021-10-01T06:00:10","guid":{"rendered":"https:\/\/joyana.fr\/?post_type=product&#038;p=147709"},"modified":"2021-11-01T09:18:44","modified_gmt":"2021-11-01T07:18:44","slug":"dorsolateral-prefontal-cortex-moco-sawada","status":"publish","type":"product","link":"https:\/\/www.joyana.fr\/ja\/gallery\/dorsolateral-prefontal-cortex-moco-sawada\/","title":{"rendered":"DORSOLATERAL PREFONTAL CORTEX &#8211; MOCO SAWADA"},"content":{"rendered":"<p>About Moco SAWADA &#8211; Moco Sawada is a Japanese artist born in 1990. Her oil painted works are focused on &#8220;The existence that created the world&#8221; and &#8220;The world is programmed&#8221;. Kawaii characters and streets (especially buildings) on the map app are drawn in his artwork. There is no doubt that they are all created by humans. She wants you to be aware of existence as a &#8220;creature&#8221; from these grounds &#8230;<\/p>\n","protected":false},"excerpt":{"rendered":"<p>DORSOLATERAL PREFONTAL CORTEX<br \/>\nMoco SAWADA<br \/>\n100x80x4,5cm &#8211; Oil on canvas<\/p>\n<p>A WORD FROM THE GALLERY &#8211; Moco Sawada was SOLD OUT very quickly. We represent her for Europe, she will be back very soon for a solo show. Contact for more information &#8230;<\/p>\n","protected":false},"author":3,"featured_media":147711,"template":"","meta":{"_coblocks_attr":"","_coblocks_dimensions":"","_coblocks_responsive_height":"","_coblocks_accordion_ie_support":"","_uag_custom_page_level_css":"","advgb_blocks_editor_width":"","advgb_blocks_columns_visual_guide":"","_genesis_hide_title":false,"_genesis_hide_breadcrumbs":false,"_genesis_hide_singular_image":false,"_genesis_hide_footer_widgets":false,"_genesis_custom_body_class":"","_genesis_custom_post_class":"","_genesis_layout":"","_themeisle_gutenberg_block_has_review":false},"product_cat":[5343,5264,5263],"product_tag":[5344],"class_list":{"0":"post-147709","1":"product","2":"type-product","3":"status-publish","4":"has-post-thumbnail","6":"product_cat-moco-sawada","7":"product_cat-toile-oeuvres-sold-out","8":"product_cat-oeuvres-sold-out","9":"product_tag-moco-sawada","10":"entry","12":"first","13":"outofstock","14":"shipping-taxable","15":"product-type-simple"},"featured_image_urls":{"full":["https:\/\/i0.wp.com\/www.joyana.fr\/wp-content\/uploads\/2021\/09\/IMG_7413-scaled-e1633002389798.jpeg?fit=1679%2C1679&ssl=1",1679,1679,false],"thumbnail":["https:\/\/i0.wp.com\/www.joyana.fr\/wp-content\/uploads\/2021\/09\/IMG_7413-scaled-e1633002389798.jpeg?resize=150%2C150&ssl=1",150,150,true],"medium":["https:\/\/i0.wp.com\/www.joyana.fr\/wp-content\/uploads\/2021\/09\/IMG_7413-scaled-e1633002389798.jpeg?fit=389%2C389&ssl=1",389,389,true],"medium_large":["https:\/\/i0.wp.com\/www.joyana.fr\/wp-content\/uploads\/2021\/09\/IMG_7413-scaled-e1633002389798.jpeg?fit=768%2C768&ssl=1",768,768,true],"large":["https:\/\/i0.wp.com\/www.joyana.fr\/wp-content\/uploads\/2021\/09\/IMG_7413-scaled-e1633002389798.jpeg?fit=1024%2C1024&ssl=1",1024,1024,true],"1536x1536":["https:\/\/i0.wp.com\/www.joyana.fr\/wp-content\/uploads\/2021\/09\/IMG_7413-scaled-e1633002389798.jpeg?fit=1536%2C1536&ssl=1",1536,1536,true],"2048x2048":["https:\/\/i0.wp.com\/www.joyana.fr\/wp-content\/uploads\/2021\/09\/IMG_7413-scaled-e1633002389798.jpeg?fit=1699%2C2048&ssl=1",1699,2048,true],"featured-thumb":["https:\/\/i0.wp.com\/www.joyana.fr\/wp-content\/uploads\/2021\/09\/IMG_7413-scaled-e1633002389798.jpeg?resize=1679%2C750&ssl=1",1679,750,true],"ab-block-post-grid-landscape":["https:\/\/i0.wp.com\/www.joyana.fr\/wp-content\/uploads\/2021\/09\/IMG_7413-scaled-e1633002389798.jpeg?resize=600%2C400&ssl=1",600,400,true],"ab-block-post-grid-square":["https:\/\/i0.wp.com\/www.joyana.fr\/wp-content\/uploads\/2021\/09\/IMG_7413-scaled-e1633002389798.jpeg?resize=600%2C600&ssl=1",600,600,true],"author-pro-image":["https:\/\/i0.wp.com\/www.joyana.fr\/wp-content\/uploads\/2021\/09\/IMG_7413-scaled-e1633002389798.jpeg?resize=360%2C570&ssl=1",360,570,true],"slider":["https:\/\/i0.wp.com\/www.joyana.fr\/wp-content\/uploads\/2021\/09\/IMG_7413-scaled-e1633002389798.jpeg?resize=920%2C400&ssl=1",920,400,true],"woocommerce_thumbnail":["https:\/\/i0.wp.com\/www.joyana.fr\/wp-content\/uploads\/2021\/09\/IMG_7413-scaled-e1633002389798.jpeg?resize=450%2C450&ssl=1",450,450,true],"woocommerce_single":["https:\/\/i0.wp.com\/www.joyana.fr\/wp-content\/uploads\/2021\/09\/IMG_7413-scaled-e1633002389798.jpeg?fit=920%2C920&ssl=1",920,920,true],"woocommerce_gallery_thumbnail":["https:\/\/i0.wp.com\/www.joyana.fr\/wp-content\/uploads\/2021\/09\/IMG_7413-scaled-e1633002389798.jpeg?resize=180%2C180&ssl=1",180,180,true],"sow-carousel-default":["https:\/\/i0.wp.com\/www.joyana.fr\/wp-content\/uploads\/2021\/09\/IMG_7413-scaled-e1633002389798.jpeg?resize=272%2C182&ssl=1",272,182,true]},"post_excerpt_stackable":"<p>DORSOLATERAL PREFONTAL CORTEX<br \/>\nMoco SAWADA<br \/>\n100x80x4,5cm &#8211; Oil on canvas<\/p>\n<p>A WORD FROM THE GALLERY &#8211; Moco Sawada was SOLD OUT very quickly. We represent her for Europe, she will be back very soon for a solo show. Contact for more information &#8230;<\/p>\n","category_list":"","author_info":{"name":"Jo Yana","url":"https:\/\/www.joyana.fr\/ja\/author\/joyana\/"},"comments_num":"0 comments","featured_image_urls_v2":{"full":["https:\/\/i0.wp.com\/www.joyana.fr\/wp-content\/uploads\/2021\/09\/IMG_7413-scaled-e1633002389798.jpeg?fit=1679%2C1679&ssl=1",1679,1679,false],"thumbnail":["https:\/\/i0.wp.com\/www.joyana.fr\/wp-content\/uploads\/2021\/09\/IMG_7413-scaled-e1633002389798.jpeg?resize=150%2C150&ssl=1",150,150,true],"medium":["https:\/\/i0.wp.com\/www.joyana.fr\/wp-content\/uploads\/2021\/09\/IMG_7413-scaled-e1633002389798.jpeg?fit=389%2C389&ssl=1",389,389,true],"medium_large":["https:\/\/i0.wp.com\/www.joyana.fr\/wp-content\/uploads\/2021\/09\/IMG_7413-scaled-e1633002389798.jpeg?fit=768%2C768&ssl=1",768,768,true],"large":["https:\/\/i0.wp.com\/www.joyana.fr\/wp-content\/uploads\/2021\/09\/IMG_7413-scaled-e1633002389798.jpeg?fit=1024%2C1024&ssl=1",1024,1024,true],"1536x1536":["https:\/\/i0.wp.com\/www.joyana.fr\/wp-content\/uploads\/2021\/09\/IMG_7413-scaled-e1633002389798.jpeg?fit=1536%2C1536&ssl=1",1536,1536,true],"2048x2048":["https:\/\/i0.wp.com\/www.joyana.fr\/wp-content\/uploads\/2021\/09\/IMG_7413-scaled-e1633002389798.jpeg?fit=1699%2C2048&ssl=1",1699,2048,true],"featured-thumb":["https:\/\/i0.wp.com\/www.joyana.fr\/wp-content\/uploads\/2021\/09\/IMG_7413-scaled-e1633002389798.jpeg?resize=1679%2C750&ssl=1",1679,750,true],"ab-block-post-grid-landscape":["https:\/\/i0.wp.com\/www.joyana.fr\/wp-content\/uploads\/2021\/09\/IMG_7413-scaled-e1633002389798.jpeg?resize=600%2C400&ssl=1",600,400,true],"ab-block-post-grid-square":["https:\/\/i0.wp.com\/www.joyana.fr\/wp-content\/uploads\/2021\/09\/IMG_7413-scaled-e1633002389798.jpeg?resize=600%2C600&ssl=1",600,600,true],"author-pro-image":["https:\/\/i0.wp.com\/www.joyana.fr\/wp-content\/uploads\/2021\/09\/IMG_7413-scaled-e1633002389798.jpeg?resize=360%2C570&ssl=1",360,570,true],"slider":["https:\/\/i0.wp.com\/www.joyana.fr\/wp-content\/uploads\/2021\/09\/IMG_7413-scaled-e1633002389798.jpeg?resize=920%2C400&ssl=1",920,400,true],"woocommerce_thumbnail":["https:\/\/i0.wp.com\/www.joyana.fr\/wp-content\/uploads\/2021\/09\/IMG_7413-scaled-e1633002389798.jpeg?resize=450%2C450&ssl=1",450,450,true],"woocommerce_single":["https:\/\/i0.wp.com\/www.joyana.fr\/wp-content\/uploads\/2021\/09\/IMG_7413-scaled-e1633002389798.jpeg?fit=920%2C920&ssl=1",920,920,true],"woocommerce_gallery_thumbnail":["https:\/\/i0.wp.com\/www.joyana.fr\/wp-content\/uploads\/2021\/09\/IMG_7413-scaled-e1633002389798.jpeg?resize=180%2C180&ssl=1",180,180,true],"sow-carousel-default":["https:\/\/i0.wp.com\/www.joyana.fr\/wp-content\/uploads\/2021\/09\/IMG_7413-scaled-e1633002389798.jpeg?resize=272%2C182&ssl=1",272,182,true]},"post_excerpt_stackable_v2":"<p>DORSOLATERAL PREFONTAL CORTEX<br \/>\nMoco SAWADA<br \/>\n100x80x4,5cm &#8211; Oil on canvas<\/p>\n<p>A WORD FROM THE GALLERY &#8211; Moco Sawada was SOLD OUT very quickly. We represent her for Europe, she will be back very soon for a solo show. Contact for more information &#8230;<\/p>\n","category_list_v2":"","author_info_v2":{"name":"Jo Yana","url":"https:\/\/www.joyana.fr\/ja\/author\/joyana\/"},"comments_num_v2":"0 comments","yoast_head":"<!-- This site is optimized with the Yoast SEO plugin v26.8 - https:\/\/yoast.com\/product\/yoast-seo-wordpress\/ -->\n<title>DORSOLATERAL PREFONTAL CORTEX -  - DORSOLATERAL PREFONTAL CORTEX - MOCO SAWADA[:] - JO YANA<\/title>\n<meta name=\"robots\" content=\"index, follow, max-snippet:-1, max-image-preview:large, max-video-preview:-1\" \/>\n<link rel=\"canonical\" href=\"https:\/\/www.joyana.fr\/ja\/gallery\/dorsolateral-prefontal-cortex-moco-sawada\/\" \/>\n<meta property=\"og:locale\" content=\"ja_JP\" \/>\n<meta property=\"og:locale:alternate\" content=\"fr_FR\" \/>\n<meta property=\"og:locale:alternate\" content=\"en_US\" \/>\n<meta property=\"og:type\" content=\"article\" \/>\n<meta property=\"og:title\" content=\"DORSOLATERAL PREFONTAL CORTEX - MOCO SAWADA\" \/>\n<meta property=\"og:description\" content=\"DORSOLATERAL PREFONTAL CORTEX Moco SAWADA 100x80x4,5cm - Oil on canvas  A WORD FROM THE GALLERY - Moco Sawada was SOLD OUT very quickly. We represent her for Europe, she will be back very soon for a solo show. Contact for more information ...\" \/>\n<meta property=\"og:url\" content=\"https:\/\/www.joyana.fr\/ja\/gallery\/dorsolateral-prefontal-cortex-moco-sawada\/\" \/>\n<meta property=\"og:site_name\" content=\"JO YANA\" \/>\n<meta property=\"article:modified_time\" content=\"2021-11-01T07:18:44+00:00\" \/>\n<meta property=\"og:image\" content=\"https:\/\/www.joyana.fr\/wp-content\/uploads\/2021\/09\/IMG_7413-scaled-e1633002389798.jpeg\" \/>\n\t<meta property=\"og:image:width\" content=\"1679\" \/>\n\t<meta property=\"og:image:height\" content=\"1679\" \/>\n\t<meta property=\"og:image:type\" content=\"image\/jpeg\" \/>\n<meta name=\"twitter:card\" content=\"summary_large_image\" \/>\n<meta name=\"twitter:site\" content=\"@Jo_Yana\" \/>\n<meta name=\"twitter:label1\" content=\"\u63a8\u5b9a\u8aad\u307f\u53d6\u308a\u6642\u9593\" \/>\n\t<meta name=\"twitter:data1\" content=\"1\u5206\" \/>\n<script type=\"application\/ld+json\" class=\"yoast-schema-graph\">{\"@context\":\"https:\/\/schema.org\",\"@graph\":[{\"@type\":\"WebPage\",\"@id\":\"https:\/\/www.joyana.fr\/ja\/gallery\/dorsolateral-prefontal-cortex-moco-sawada\/\",\"url\":\"https:\/\/www.joyana.fr\/ja\/gallery\/dorsolateral-prefontal-cortex-moco-sawada\/\",\"name\":\"DORSOLATERAL PREFONTAL CORTEX - MOCO SAWADA\",\"isPartOf\":{\"@id\":\"https:\/\/joyana.fr\/#website\"},\"primaryImageOfPage\":{\"@id\":\"https:\/\/www.joyana.fr\/ja\/gallery\/dorsolateral-prefontal-cortex-moco-sawada\/#primaryimage\"},\"image\":{\"@id\":\"https:\/\/www.joyana.fr\/ja\/gallery\/dorsolateral-prefontal-cortex-moco-sawada\/#primaryimage\"},\"thumbnailUrl\":\"https:\/\/i0.wp.com\/www.joyana.fr\/wp-content\/uploads\/2021\/09\/IMG_7413-scaled-e1633002389798.jpeg?fit=1679%2C1679&ssl=1\",\"datePublished\":\"2021-10-01T06:00:10+00:00\",\"dateModified\":\"2021-11-01T07:18:44+00:00\",\"breadcrumb\":{\"@id\":\"https:\/\/www.joyana.fr\/ja\/gallery\/dorsolateral-prefontal-cortex-moco-sawada\/#breadcrumb\"},\"inLanguage\":\"ja\",\"potentialAction\":[{\"@type\":\"ReadAction\",\"target\":[\"https:\/\/www.joyana.fr\/ja\/gallery\/dorsolateral-prefontal-cortex-moco-sawada\/\"]}]},{\"@type\":\"ImageObject\",\"inLanguage\":\"ja\",\"@id\":\"https:\/\/www.joyana.fr\/ja\/gallery\/dorsolateral-prefontal-cortex-moco-sawada\/#primaryimage\",\"url\":\"https:\/\/i0.wp.com\/www.joyana.fr\/wp-content\/uploads\/2021\/09\/IMG_7413-scaled-e1633002389798.jpeg?fit=1679%2C1679&ssl=1\",\"contentUrl\":\"https:\/\/i0.wp.com\/www.joyana.fr\/wp-content\/uploads\/2021\/09\/IMG_7413-scaled-e1633002389798.jpeg?fit=1679%2C1679&ssl=1\",\"width\":1679,\"height\":1679},{\"@type\":\"BreadcrumbList\",\"@id\":\"https:\/\/www.joyana.fr\/ja\/gallery\/dorsolateral-prefontal-cortex-moco-sawada\/#breadcrumb\",\"itemListElement\":[{\"@type\":\"ListItem\",\"position\":1,\"name\":\"Accueil\",\"item\":\"https:\/\/joyana.fr\/\"},{\"@type\":\"ListItem\",\"position\":2,\"name\":\"GALLERY JO YANA\",\"item\":\"https:\/\/joyana.fr\/en\/artgallery\/\"},{\"@type\":\"ListItem\",\"position\":3,\"name\":\"DORSOLATERAL PREFONTAL CORTEX &#8211; MOCO SAWADA\"}]},{\"@type\":\"WebSite\",\"@id\":\"https:\/\/joyana.fr\/#website\",\"url\":\"https:\/\/joyana.fr\/\",\"name\":\"JO YANA\",\"description\":\"Blog Mode Homme, Lifestyle, D\u00e9co-Design\",\"publisher\":{\"@id\":\"https:\/\/joyana.fr\/#\/schema\/person\/cf2a1ad12a27c12c21801075bf37407c\"},\"potentialAction\":[{\"@type\":\"SearchAction\",\"target\":{\"@type\":\"EntryPoint\",\"urlTemplate\":\"https:\/\/joyana.fr\/?s={search_term_string}\"},\"query-input\":{\"@type\":\"PropertyValueSpecification\",\"valueRequired\":true,\"valueName\":\"search_term_string\"}}],\"inLanguage\":\"ja\"},{\"@type\":[\"Person\",\"Organization\"],\"@id\":\"https:\/\/joyana.fr\/#\/schema\/person\/cf2a1ad12a27c12c21801075bf37407c\",\"name\":\"Jo Yana\",\"image\":{\"@type\":\"ImageObject\",\"inLanguage\":\"ja\",\"@id\":\"https:\/\/joyana.fr\/#\/schema\/person\/image\/\",\"url\":\"https:\/\/i0.wp.com\/www.joyana.fr\/wp-content\/uploads\/2016\/08\/cropped-joyana-logo-black-360x180.png?fit=343%2C164&ssl=1\",\"contentUrl\":\"https:\/\/i0.wp.com\/www.joyana.fr\/wp-content\/uploads\/2016\/08\/cropped-joyana-logo-black-360x180.png?fit=343%2C164&ssl=1\",\"width\":343,\"height\":164,\"caption\":\"Jo Yana\"},\"logo\":{\"@id\":\"https:\/\/joyana.fr\/#\/schema\/person\/image\/\"},\"description\":\"Jo Yana est le cr\u00e9ateur et r\u00e9dacteur en chef des sites DECO-DESIGN. Passionn\u00e9 de Design, Mode, Photo, Luxe, Lifestyle, Musique, mais avant tout Blogueur ! Le plaisir de partager l'anime et a comme devise \\\"POUR L'AMOUR DU BEAU\\\". Retrouvez le aussi sur son blog personnel - https:\/\/joyana.fr...\",\"sameAs\":[\"https:\/\/joyana.fr\/\"]}]}<\/script>\n<!-- \/ Yoast SEO plugin. -->","yoast_head_json":{"title":"DORSOLATERAL PREFONTAL CORTEX -  - DORSOLATERAL PREFONTAL CORTEX - MOCO SAWADA[:] - JO YANA","robots":{"index":"index","follow":"follow","max-snippet":"max-snippet:-1","max-image-preview":"max-image-preview:large","max-video-preview":"max-video-preview:-1"},"canonical":"https:\/\/www.joyana.fr\/ja\/gallery\/dorsolateral-prefontal-cortex-moco-sawada\/","og_locale":"ja_JP","og_type":"article","og_title":"[:fr]DORSOLATERAL PREFONTAL CORTEX - MOCO SAWADA[:en]DORSOLATERAL PREFONTAL CORTEX - MOCO SAWADA[:ja]DORSOLATERAL PREFONTAL CORTEX - MOCO SAWADA[:] - JO YANA","og_description":"DORSOLATERAL PREFONTAL CORTEX Moco SAWADA 100x80x4,5cm - Oil on canvas  A WORD FROM THE GALLERY - Moco Sawada was SOLD OUT very quickly. We represent her for Europe, she will be back very soon for a solo show. Contact for more information ...","og_url":"https:\/\/www.joyana.fr\/ja\/gallery\/dorsolateral-prefontal-cortex-moco-sawada\/","og_site_name":"JO YANA","article_modified_time":"2021-11-01T07:18:44+00:00","og_image":[{"width":1679,"height":1679,"url":"https:\/\/www.joyana.fr\/wp-content\/uploads\/2021\/09\/IMG_7413-scaled-e1633002389798.jpeg","type":"image\/jpeg"}],"twitter_card":"summary_large_image","twitter_site":"@Jo_Yana","twitter_misc":{"\u63a8\u5b9a\u8aad\u307f\u53d6\u308a\u6642\u9593":"1\u5206"},"schema":{"@context":"https:\/\/schema.org","@graph":[{"@type":"WebPage","@id":"https:\/\/www.joyana.fr\/ja\/gallery\/dorsolateral-prefontal-cortex-moco-sawada\/","url":"https:\/\/www.joyana.fr\/ja\/gallery\/dorsolateral-prefontal-cortex-moco-sawada\/","name":"DORSOLATERAL PREFONTAL CORTEX - MOCO SAWADA","isPartOf":{"@id":"https:\/\/joyana.fr\/#website"},"primaryImageOfPage":{"@id":"https:\/\/www.joyana.fr\/ja\/gallery\/dorsolateral-prefontal-cortex-moco-sawada\/#primaryimage"},"image":{"@id":"https:\/\/www.joyana.fr\/ja\/gallery\/dorsolateral-prefontal-cortex-moco-sawada\/#primaryimage"},"thumbnailUrl":"https:\/\/i0.wp.com\/www.joyana.fr\/wp-content\/uploads\/2021\/09\/IMG_7413-scaled-e1633002389798.jpeg?fit=1679%2C1679&ssl=1","datePublished":"2021-10-01T06:00:10+00:00","dateModified":"2021-11-01T07:18:44+00:00","breadcrumb":{"@id":"https:\/\/www.joyana.fr\/ja\/gallery\/dorsolateral-prefontal-cortex-moco-sawada\/#breadcrumb"},"inLanguage":"ja","potentialAction":[{"@type":"ReadAction","target":["https:\/\/www.joyana.fr\/ja\/gallery\/dorsolateral-prefontal-cortex-moco-sawada\/"]}]},{"@type":"ImageObject","inLanguage":"ja","@id":"https:\/\/www.joyana.fr\/ja\/gallery\/dorsolateral-prefontal-cortex-moco-sawada\/#primaryimage","url":"https:\/\/i0.wp.com\/www.joyana.fr\/wp-content\/uploads\/2021\/09\/IMG_7413-scaled-e1633002389798.jpeg?fit=1679%2C1679&ssl=1","contentUrl":"https:\/\/i0.wp.com\/www.joyana.fr\/wp-content\/uploads\/2021\/09\/IMG_7413-scaled-e1633002389798.jpeg?fit=1679%2C1679&ssl=1","width":1679,"height":1679},{"@type":"BreadcrumbList","@id":"https:\/\/www.joyana.fr\/ja\/gallery\/dorsolateral-prefontal-cortex-moco-sawada\/#breadcrumb","itemListElement":[{"@type":"ListItem","position":1,"name":"Accueil","item":"https:\/\/joyana.fr\/"},{"@type":"ListItem","position":2,"name":"GALLERY JO YANA","item":"https:\/\/joyana.fr\/en\/artgallery\/"},{"@type":"ListItem","position":3,"name":"DORSOLATERAL PREFONTAL CORTEX &#8211; MOCO SAWADA"}]},{"@type":"WebSite","@id":"https:\/\/joyana.fr\/#website","url":"https:\/\/joyana.fr\/","name":"JO YANA","description":"Blog Mode Homme, Lifestyle, D\u00e9co-Design","publisher":{"@id":"https:\/\/joyana.fr\/#\/schema\/person\/cf2a1ad12a27c12c21801075bf37407c"},"potentialAction":[{"@type":"SearchAction","target":{"@type":"EntryPoint","urlTemplate":"https:\/\/joyana.fr\/?s={search_term_string}"},"query-input":{"@type":"PropertyValueSpecification","valueRequired":true,"valueName":"search_term_string"}}],"inLanguage":"ja"},{"@type":["Person","Organization"],"@id":"https:\/\/joyana.fr\/#\/schema\/person\/cf2a1ad12a27c12c21801075bf37407c","name":"Jo Yana","image":{"@type":"ImageObject","inLanguage":"ja","@id":"https:\/\/joyana.fr\/#\/schema\/person\/image\/","url":"https:\/\/i0.wp.com\/www.joyana.fr\/wp-content\/uploads\/2016\/08\/cropped-joyana-logo-black-360x180.png?fit=343%2C164&ssl=1","contentUrl":"https:\/\/i0.wp.com\/www.joyana.fr\/wp-content\/uploads\/2016\/08\/cropped-joyana-logo-black-360x180.png?fit=343%2C164&ssl=1","width":343,"height":164,"caption":"Jo Yana"},"logo":{"@id":"https:\/\/joyana.fr\/#\/schema\/person\/image\/"},"description":"Jo Yana est le cr\u00e9ateur et r\u00e9dacteur en chef des sites DECO-DESIGN. Passionn\u00e9 de Design, Mode, Photo, Luxe, Lifestyle, Musique, mais avant tout Blogueur ! Le plaisir de partager l'anime et a comme devise \"POUR L'AMOUR DU BEAU\". Retrouvez le aussi sur son blog personnel - https:\/\/joyana.fr...","sameAs":["https:\/\/joyana.fr\/"]}]}},"uagb_featured_image_src":{"full":["https:\/\/i0.wp.com\/www.joyana.fr\/wp-content\/uploads\/2021\/09\/IMG_7413-scaled-e1633002389798.jpeg?fit=1679%2C1679&ssl=1",1679,1679,false],"thumbnail":["https:\/\/i0.wp.com\/www.joyana.fr\/wp-content\/uploads\/2021\/09\/IMG_7413-scaled-e1633002389798.jpeg?resize=150%2C150&ssl=1",150,150,true],"medium":["https:\/\/i0.wp.com\/www.joyana.fr\/wp-content\/uploads\/2021\/09\/IMG_7413-scaled-e1633002389798.jpeg?fit=389%2C389&ssl=1",389,389,true],"medium_large":["https:\/\/i0.wp.com\/www.joyana.fr\/wp-content\/uploads\/2021\/09\/IMG_7413-scaled-e1633002389798.jpeg?fit=768%2C768&ssl=1",768,768,true],"large":["https:\/\/i0.wp.com\/www.joyana.fr\/wp-content\/uploads\/2021\/09\/IMG_7413-scaled-e1633002389798.jpeg?fit=1024%2C1024&ssl=1",1024,1024,true],"1536x1536":["https:\/\/i0.wp.com\/www.joyana.fr\/wp-content\/uploads\/2021\/09\/IMG_7413-scaled-e1633002389798.jpeg?fit=1536%2C1536&ssl=1",1536,1536,true],"2048x2048":["https:\/\/i0.wp.com\/www.joyana.fr\/wp-content\/uploads\/2021\/09\/IMG_7413-scaled-e1633002389798.jpeg?fit=1699%2C2048&ssl=1",1699,2048,true],"featured-thumb":["https:\/\/i0.wp.com\/www.joyana.fr\/wp-content\/uploads\/2021\/09\/IMG_7413-scaled-e1633002389798.jpeg?resize=1679%2C750&ssl=1",1679,750,true],"ab-block-post-grid-landscape":["https:\/\/i0.wp.com\/www.joyana.fr\/wp-content\/uploads\/2021\/09\/IMG_7413-scaled-e1633002389798.jpeg?resize=600%2C400&ssl=1",600,400,true],"ab-block-post-grid-square":["https:\/\/i0.wp.com\/www.joyana.fr\/wp-content\/uploads\/2021\/09\/IMG_7413-scaled-e1633002389798.jpeg?resize=600%2C600&ssl=1",600,600,true],"author-pro-image":["https:\/\/i0.wp.com\/www.joyana.fr\/wp-content\/uploads\/2021\/09\/IMG_7413-scaled-e1633002389798.jpeg?resize=360%2C570&ssl=1",360,570,true],"slider":["https:\/\/i0.wp.com\/www.joyana.fr\/wp-content\/uploads\/2021\/09\/IMG_7413-scaled-e1633002389798.jpeg?resize=920%2C400&ssl=1",920,400,true],"woocommerce_thumbnail":["https:\/\/i0.wp.com\/www.joyana.fr\/wp-content\/uploads\/2021\/09\/IMG_7413-scaled-e1633002389798.jpeg?resize=450%2C450&ssl=1",450,450,true],"woocommerce_single":["https:\/\/i0.wp.com\/www.joyana.fr\/wp-content\/uploads\/2021\/09\/IMG_7413-scaled-e1633002389798.jpeg?fit=920%2C920&ssl=1",920,920,true],"woocommerce_gallery_thumbnail":["https:\/\/i0.wp.com\/www.joyana.fr\/wp-content\/uploads\/2021\/09\/IMG_7413-scaled-e1633002389798.jpeg?resize=180%2C180&ssl=1",180,180,true],"sow-carousel-default":["https:\/\/i0.wp.com\/www.joyana.fr\/wp-content\/uploads\/2021\/09\/IMG_7413-scaled-e1633002389798.jpeg?resize=272%2C182&ssl=1",272,182,true]},"uagb_author_info":{"display_name":"Jo Yana","author_link":"https:\/\/www.joyana.fr\/ja\/author\/joyana\/"},"uagb_comment_info":0,"uagb_excerpt":"DORSOLATERAL PREFONTAL CORTEX Moco SAWADA 100x80x4,5cm &hellip;","featured_img":"https:\/\/www.joyana.fr\/wp-content\/uploads\/2021\/09\/IMG_7413-scaled-e1633002389798.jpeg","coauthors":[],"author_meta":{"author_link":"https:\/\/www.joyana.fr\/ja\/author\/joyana\/","display_name":"Jo Yana"},"relative_dates":{"created":"Posted 5\u5e74 ago","modified":"Updated 4\u5e74 ago"},"absolute_dates":{"created":"Posted on 1 10\u6708 2021","modified":"Updated on 1 11\u6708 2021"},"absolute_dates_time":{"created":"Posted on 1 10\u6708 2021 8:00","modified":"Updated on 1 11\u6708 2021 9:18"},"featured_img_caption":"","tax_additional":{"product_type":{"linked":["<a href=\"https:\/\/www.joyana.fr\/ja\/?taxonomy=product_type&#038;term=simple\" class=\"advgb-post-tax-term\">simple<\/a>"],"unlinked":["<span class=\"advgb-post-tax-term\">simple<\/span>"],"slug":"product_type","name":"\u5546\u54c1\u30bf\u30a4\u30d7"},"product_visibility":{"linked":["<a href=\"https:\/\/www.joyana.fr\/ja\/?taxonomy=product_visibility&#038;term=outofstock\" class=\"advgb-post-tax-term\">outofstock<\/a>"],"unlinked":["<span class=\"advgb-post-tax-term\">outofstock<\/span>"],"slug":"product_visibility","name":"\u5546\u54c1\u306e\u8868\u793a\u8a2d\u5b9a"},"product_cat":{"linked":["<a href=\"https:\/\/www.joyana.fr\/ja\/artgallery\/nos-artistes\/moco-sawada\/\" class=\"advgb-post-tax-term\">Moco SAWADA<\/a>","<a href=\"https:\/\/www.joyana.fr\/ja\/artgallery\/oeuvres\/oeuvres-sold-out\/toile-oeuvres-sold-out\/\" class=\"advgb-post-tax-term\">Toile<\/a>","<a href=\"https:\/\/www.joyana.fr\/ja\/artgallery\/oeuvres\/oeuvres-sold-out\/\" class=\"advgb-post-tax-term\">\u0152uvres sold out<\/a>"],"unlinked":["<span class=\"advgb-post-tax-term\">Moco SAWADA<\/span>","<span class=\"advgb-post-tax-term\">Toile<\/span>","<span class=\"advgb-post-tax-term\">\u0152uvres sold out<\/span>"],"slug":"product_cat","name":"\u5546\u54c1\u30ab\u30c6\u30b4\u30ea\u30fc"},"product_tag":{"linked":["<a href=\"https:\/\/www.joyana.fr\/ja\/etiquette-produit\/moco-sawada\/\" class=\"advgb-post-tax-term\">Moco SAWADA<\/a>"],"unlinked":["<span class=\"advgb-post-tax-term\">Moco SAWADA<\/span>"],"slug":"product_tag","name":"\u5546\u54c1\u30bf\u30b0"},"product_shipping_class":{"linked":[],"unlinked":[],"slug":"product_shipping_class","name":"\u5546\u54c1\u306e\u914d\u9001\u30af\u30e9\u30b9"},"pa_color":{"linked":[],"unlinked":[],"slug":"pa_color","name":"\u5546\u54c1 Couleurs"},"pa_frhoraires":{"linked":[],"unlinked":[],"slug":"pa_frhoraires","name":"\u5546\u54c1 Horaires"}},"series_order":"","jetpack_sharing_enabled":true,"jetpack-related-posts":[],"_links":{"self":[{"href":"https:\/\/www.joyana.fr\/ja\/wp-json\/wp\/v2\/product\/147709","targetHints":{"allow":["GET"]}}],"collection":[{"href":"https:\/\/www.joyana.fr\/ja\/wp-json\/wp\/v2\/product"}],"about":[{"href":"https:\/\/www.joyana.fr\/ja\/wp-json\/wp\/v2\/types\/product"}],"wp:featuredmedia":[{"embeddable":true,"href":"https:\/\/www.joyana.fr\/ja\/wp-json\/wp\/v2\/media\/147711"}],"wp:attachment":[{"href":"https:\/\/www.joyana.fr\/ja\/wp-json\/wp\/v2\/media?parent=147709"}],"wp:term":[{"taxonomy":"product_cat","embeddable":true,"href":"https:\/\/www.joyana.fr\/ja\/wp-json\/wp\/v2\/product_cat?post=147709"},{"taxonomy":"product_tag","embeddable":true,"href":"https:\/\/www.joyana.fr\/ja\/wp-json\/wp\/v2\/product_tag?post=147709"}],"curies":[{"name":"wp","href":"https:\/\/api.w.org\/{rel}","templated":true}]}}