{"id":146596,"date":"2021-04-01T10:00:53","date_gmt":"2021-04-01T08:00:53","guid":{"rendered":"https:\/\/joyana.fr\/?post_type=product&#038;p=146596"},"modified":"2021-09-30T10:01:55","modified_gmt":"2021-09-30T08:01:55","slug":"scene792-who-yui-uchida","status":"publish","type":"product","link":"https:\/\/www.joyana.fr\/ja\/gallery\/scene792-who-yui-uchida\/","title":{"rendered":"&#8220;Scene:792 Who&#8221; &#8211; YUI UCHIDA"},"content":{"rendered":"<p>About YUI UCHIDA &#8211; Yui UCHIDA was born in Yamanashi, Japan. Graduated from Joshibi University of Art and Design. He uses the cel art that made up the animation of the past, and works with transparent materials. He goes from the &#8220;cellular picture&#8221; to contemporary art. The artist raises the question of the limits between &#8220;spectator&#8221; and &#8220;the other side of the image&#8221; the mobility \/ time of the drawn image, (Fiction and reality) \/ distance, using the characteristics of the transparent canvas ( Acrylic plate, Polyester film) &#8230;<\/p>\n","protected":false},"excerpt":{"rendered":"<p>Artist &#8211; YUI UCHIDA (Japan)<br \/>\nTitle &#8211; &#8220;Scene:792 Who&#8221;<br \/>\nInformations &#8211; 43x34x4,5cm &#8211; Acrylic on plexiglass and wood panel<br \/>\nPrice &#8211; 1150 \u20ac<br \/>\nShipping &#8211; shipped from France mid-April<\/p>\n","protected":false},"author":3,"featured_media":146589,"template":"","meta":{"_coblocks_attr":"","_coblocks_dimensions":"","_coblocks_responsive_height":"","_coblocks_accordion_ie_support":"","_uag_custom_page_level_css":"","advgb_blocks_editor_width":"","advgb_blocks_columns_visual_guide":"","_genesis_hide_title":false,"_genesis_hide_breadcrumbs":false,"_genesis_hide_singular_image":false,"_genesis_hide_footer_widgets":false,"_genesis_custom_body_class":"","_genesis_custom_post_class":"","_genesis_layout":"full-width-content","_themeisle_gutenberg_block_has_review":false},"product_cat":[5264,5308,5263],"product_tag":[2548,5310,5311,5309],"class_list":{"0":"post-146596","1":"product","2":"type-product","3":"status-publish","4":"has-post-thumbnail","6":"product_cat-toile-oeuvres-sold-out","7":"product_cat-yui-uchida","8":"product_cat-oeuvres-sold-out","9":"product_tag-japan","10":"product_tag-art-japonais","11":"product_tag-japon","12":"product_tag-yui-uchida","13":"product_shipping_class-monde-70x70","14":"entry","16":"first","17":"outofstock","18":"shipping-taxable","19":"product-type-simple"},"featured_image_urls":{"full":["https:\/\/i0.wp.com\/www.joyana.fr\/wp-content\/uploads\/2021\/03\/8D3EFE90-8F03-4F80-908B-F8A4C560E0BF-2.jpg?fit=836%2C836&ssl=1",836,836,false],"thumbnail":["https:\/\/i0.wp.com\/www.joyana.fr\/wp-content\/uploads\/2021\/03\/8D3EFE90-8F03-4F80-908B-F8A4C560E0BF-2.jpg?resize=150%2C150&ssl=1",150,150,true],"medium":["https:\/\/i0.wp.com\/www.joyana.fr\/wp-content\/uploads\/2021\/03\/8D3EFE90-8F03-4F80-908B-F8A4C560E0BF-2.jpg?fit=389%2C389&ssl=1",389,389,true],"medium_large":["https:\/\/i0.wp.com\/www.joyana.fr\/wp-content\/uploads\/2021\/03\/8D3EFE90-8F03-4F80-908B-F8A4C560E0BF-2.jpg?fit=768%2C768&ssl=1",768,768,true],"large":["https:\/\/i0.wp.com\/www.joyana.fr\/wp-content\/uploads\/2021\/03\/8D3EFE90-8F03-4F80-908B-F8A4C560E0BF-2.jpg?fit=836%2C836&ssl=1",836,836,true],"1536x1536":["https:\/\/i0.wp.com\/www.joyana.fr\/wp-content\/uploads\/2021\/03\/8D3EFE90-8F03-4F80-908B-F8A4C560E0BF-2.jpg?fit=836%2C836&ssl=1",836,836,true],"2048x2048":["https:\/\/i0.wp.com\/www.joyana.fr\/wp-content\/uploads\/2021\/03\/8D3EFE90-8F03-4F80-908B-F8A4C560E0BF-2.jpg?fit=836%2C836&ssl=1",836,836,true],"featured-thumb":["https:\/\/i0.wp.com\/www.joyana.fr\/wp-content\/uploads\/2021\/03\/8D3EFE90-8F03-4F80-908B-F8A4C560E0BF-2.jpg?resize=836%2C750&ssl=1",836,750,true],"ab-block-post-grid-landscape":["https:\/\/i0.wp.com\/www.joyana.fr\/wp-content\/uploads\/2021\/03\/8D3EFE90-8F03-4F80-908B-F8A4C560E0BF-2.jpg?resize=600%2C400&ssl=1",600,400,true],"ab-block-post-grid-square":["https:\/\/i0.wp.com\/www.joyana.fr\/wp-content\/uploads\/2021\/03\/8D3EFE90-8F03-4F80-908B-F8A4C560E0BF-2.jpg?resize=600%2C600&ssl=1",600,600,true],"author-pro-image":["https:\/\/i0.wp.com\/www.joyana.fr\/wp-content\/uploads\/2021\/03\/8D3EFE90-8F03-4F80-908B-F8A4C560E0BF-2.jpg?resize=360%2C570&ssl=1",360,570,true],"slider":["https:\/\/i0.wp.com\/www.joyana.fr\/wp-content\/uploads\/2021\/03\/8D3EFE90-8F03-4F80-908B-F8A4C560E0BF-2.jpg?resize=836%2C400&ssl=1",836,400,true],"woocommerce_thumbnail":["https:\/\/i0.wp.com\/www.joyana.fr\/wp-content\/uploads\/2021\/03\/8D3EFE90-8F03-4F80-908B-F8A4C560E0BF-2.jpg?resize=450%2C450&ssl=1",450,450,true],"woocommerce_single":["https:\/\/i0.wp.com\/www.joyana.fr\/wp-content\/uploads\/2021\/03\/8D3EFE90-8F03-4F80-908B-F8A4C560E0BF-2.jpg?fit=836%2C836&ssl=1",836,836,true],"woocommerce_gallery_thumbnail":["https:\/\/i0.wp.com\/www.joyana.fr\/wp-content\/uploads\/2021\/03\/8D3EFE90-8F03-4F80-908B-F8A4C560E0BF-2.jpg?resize=180%2C180&ssl=1",180,180,true],"sow-carousel-default":["https:\/\/i0.wp.com\/www.joyana.fr\/wp-content\/uploads\/2021\/03\/8D3EFE90-8F03-4F80-908B-F8A4C560E0BF-2.jpg?resize=272%2C182&ssl=1",272,182,true]},"post_excerpt_stackable":"<p>Artist &#8211; YUI UCHIDA (Japan)<br \/>\nTitle &#8211; &#8220;Scene:792 Who&#8221;<br \/>\nInformations &#8211; 43x34x4,5cm &#8211; Acrylic on plexiglass and wood panel<br \/>\nPrice &#8211; 1150 \u20ac<br \/>\nShipping &#8211; shipped from France mid-April<\/p>\n","category_list":"","author_info":{"name":"Jo Yana","url":"https:\/\/www.joyana.fr\/ja\/author\/joyana\/"},"comments_num":"0 comments","featured_image_urls_v2":{"full":["https:\/\/i0.wp.com\/www.joyana.fr\/wp-content\/uploads\/2021\/03\/8D3EFE90-8F03-4F80-908B-F8A4C560E0BF-2.jpg?fit=836%2C836&ssl=1",836,836,false],"thumbnail":["https:\/\/i0.wp.com\/www.joyana.fr\/wp-content\/uploads\/2021\/03\/8D3EFE90-8F03-4F80-908B-F8A4C560E0BF-2.jpg?resize=150%2C150&ssl=1",150,150,true],"medium":["https:\/\/i0.wp.com\/www.joyana.fr\/wp-content\/uploads\/2021\/03\/8D3EFE90-8F03-4F80-908B-F8A4C560E0BF-2.jpg?fit=389%2C389&ssl=1",389,389,true],"medium_large":["https:\/\/i0.wp.com\/www.joyana.fr\/wp-content\/uploads\/2021\/03\/8D3EFE90-8F03-4F80-908B-F8A4C560E0BF-2.jpg?fit=768%2C768&ssl=1",768,768,true],"large":["https:\/\/i0.wp.com\/www.joyana.fr\/wp-content\/uploads\/2021\/03\/8D3EFE90-8F03-4F80-908B-F8A4C560E0BF-2.jpg?fit=836%2C836&ssl=1",836,836,true],"1536x1536":["https:\/\/i0.wp.com\/www.joyana.fr\/wp-content\/uploads\/2021\/03\/8D3EFE90-8F03-4F80-908B-F8A4C560E0BF-2.jpg?fit=836%2C836&ssl=1",836,836,true],"2048x2048":["https:\/\/i0.wp.com\/www.joyana.fr\/wp-content\/uploads\/2021\/03\/8D3EFE90-8F03-4F80-908B-F8A4C560E0BF-2.jpg?fit=836%2C836&ssl=1",836,836,true],"featured-thumb":["https:\/\/i0.wp.com\/www.joyana.fr\/wp-content\/uploads\/2021\/03\/8D3EFE90-8F03-4F80-908B-F8A4C560E0BF-2.jpg?resize=836%2C750&ssl=1",836,750,true],"ab-block-post-grid-landscape":["https:\/\/i0.wp.com\/www.joyana.fr\/wp-content\/uploads\/2021\/03\/8D3EFE90-8F03-4F80-908B-F8A4C560E0BF-2.jpg?resize=600%2C400&ssl=1",600,400,true],"ab-block-post-grid-square":["https:\/\/i0.wp.com\/www.joyana.fr\/wp-content\/uploads\/2021\/03\/8D3EFE90-8F03-4F80-908B-F8A4C560E0BF-2.jpg?resize=600%2C600&ssl=1",600,600,true],"author-pro-image":["https:\/\/i0.wp.com\/www.joyana.fr\/wp-content\/uploads\/2021\/03\/8D3EFE90-8F03-4F80-908B-F8A4C560E0BF-2.jpg?resize=360%2C570&ssl=1",360,570,true],"slider":["https:\/\/i0.wp.com\/www.joyana.fr\/wp-content\/uploads\/2021\/03\/8D3EFE90-8F03-4F80-908B-F8A4C560E0BF-2.jpg?resize=836%2C400&ssl=1",836,400,true],"woocommerce_thumbnail":["https:\/\/i0.wp.com\/www.joyana.fr\/wp-content\/uploads\/2021\/03\/8D3EFE90-8F03-4F80-908B-F8A4C560E0BF-2.jpg?resize=450%2C450&ssl=1",450,450,true],"woocommerce_single":["https:\/\/i0.wp.com\/www.joyana.fr\/wp-content\/uploads\/2021\/03\/8D3EFE90-8F03-4F80-908B-F8A4C560E0BF-2.jpg?fit=836%2C836&ssl=1",836,836,true],"woocommerce_gallery_thumbnail":["https:\/\/i0.wp.com\/www.joyana.fr\/wp-content\/uploads\/2021\/03\/8D3EFE90-8F03-4F80-908B-F8A4C560E0BF-2.jpg?resize=180%2C180&ssl=1",180,180,true],"sow-carousel-default":["https:\/\/i0.wp.com\/www.joyana.fr\/wp-content\/uploads\/2021\/03\/8D3EFE90-8F03-4F80-908B-F8A4C560E0BF-2.jpg?resize=272%2C182&ssl=1",272,182,true]},"post_excerpt_stackable_v2":"<p>Artist &#8211; YUI UCHIDA (Japan)<br \/>\nTitle &#8211; &#8220;Scene:792 Who&#8221;<br \/>\nInformations &#8211; 43x34x4,5cm &#8211; Acrylic on plexiglass and wood panel<br \/>\nPrice &#8211; 1150 \u20ac<br \/>\nShipping &#8211; shipped from France mid-April<\/p>\n","category_list_v2":"","author_info_v2":{"name":"Jo Yana","url":"https:\/\/www.joyana.fr\/ja\/author\/joyana\/"},"comments_num_v2":"0 comments","yoast_head":"<!-- This site is optimized with the Yoast SEO plugin v26.8 - https:\/\/yoast.com\/product\/yoast-seo-wordpress\/ -->\n<title>&quot;Scene:792 Who&quot; -  - &quot;Scene:792 Who&quot; - YUI UCHIDA[:] - JO YANA<\/title>\n<meta name=\"robots\" content=\"index, follow, max-snippet:-1, max-image-preview:large, max-video-preview:-1\" \/>\n<link rel=\"canonical\" href=\"https:\/\/www.joyana.fr\/ja\/gallery\/scene792-who-yui-uchida\/\" \/>\n<meta property=\"og:locale\" content=\"ja_JP\" \/>\n<meta property=\"og:locale:alternate\" content=\"fr_FR\" \/>\n<meta property=\"og:locale:alternate\" content=\"en_US\" \/>\n<meta property=\"og:type\" content=\"article\" \/>\n<meta property=\"og:title\" content=\"&quot;Scene:792 Who&quot; - YUI UCHIDA\" \/>\n<meta property=\"og:description\" content=\"Artist - YUI UCHIDA (Japan) Title - &quot;Scene:792 Who&quot; Informations - 43x34x4,5cm - Acrylic on plexiglass and wood panel Price - 1150 \u20ac Shipping - shipped from France mid-April\" \/>\n<meta property=\"og:url\" content=\"https:\/\/www.joyana.fr\/ja\/gallery\/scene792-who-yui-uchida\/\" \/>\n<meta property=\"og:site_name\" content=\"JO YANA\" \/>\n<meta property=\"article:modified_time\" content=\"2021-09-30T08:01:55+00:00\" \/>\n<meta property=\"og:image\" content=\"https:\/\/i0.wp.com\/www.joyana.fr\/wp-content\/uploads\/2021\/03\/8D3EFE90-8F03-4F80-908B-F8A4C560E0BF-2.jpg?fit=836%2C836&ssl=1\" \/>\n\t<meta property=\"og:image:width\" content=\"836\" \/>\n\t<meta property=\"og:image:height\" content=\"836\" \/>\n\t<meta property=\"og:image:type\" content=\"image\/jpeg\" \/>\n<meta name=\"twitter:card\" content=\"summary_large_image\" \/>\n<meta name=\"twitter:site\" content=\"@Jo_Yana\" \/>\n<meta name=\"twitter:label1\" content=\"\u63a8\u5b9a\u8aad\u307f\u53d6\u308a\u6642\u9593\" \/>\n\t<meta name=\"twitter:data1\" content=\"1\u5206\" \/>\n<script type=\"application\/ld+json\" class=\"yoast-schema-graph\">{\"@context\":\"https:\/\/schema.org\",\"@graph\":[{\"@type\":\"WebPage\",\"@id\":\"https:\/\/www.joyana.fr\/gallery\/scene792-who-yui-uchida\/\",\"url\":\"https:\/\/www.joyana.fr\/gallery\/scene792-who-yui-uchida\/\",\"name\":\"\\\"Scene:792 Who\\\" - YUI UCHIDA\",\"isPartOf\":{\"@id\":\"https:\/\/joyana.fr\/#website\"},\"primaryImageOfPage\":{\"@id\":\"https:\/\/www.joyana.fr\/gallery\/scene792-who-yui-uchida\/#primaryimage\"},\"image\":{\"@id\":\"https:\/\/www.joyana.fr\/gallery\/scene792-who-yui-uchida\/#primaryimage\"},\"thumbnailUrl\":\"https:\/\/i0.wp.com\/www.joyana.fr\/wp-content\/uploads\/2021\/03\/8D3EFE90-8F03-4F80-908B-F8A4C560E0BF-2.jpg?fit=836%2C836&ssl=1\",\"datePublished\":\"2021-04-01T08:00:53+00:00\",\"dateModified\":\"2021-09-30T08:01:55+00:00\",\"breadcrumb\":{\"@id\":\"https:\/\/www.joyana.fr\/gallery\/scene792-who-yui-uchida\/#breadcrumb\"},\"inLanguage\":\"ja\",\"potentialAction\":[{\"@type\":\"ReadAction\",\"target\":[\"https:\/\/www.joyana.fr\/gallery\/scene792-who-yui-uchida\/\"]}]},{\"@type\":\"ImageObject\",\"inLanguage\":\"ja\",\"@id\":\"https:\/\/www.joyana.fr\/gallery\/scene792-who-yui-uchida\/#primaryimage\",\"url\":\"https:\/\/i0.wp.com\/www.joyana.fr\/wp-content\/uploads\/2021\/03\/8D3EFE90-8F03-4F80-908B-F8A4C560E0BF-2.jpg?fit=836%2C836&ssl=1\",\"contentUrl\":\"https:\/\/i0.wp.com\/www.joyana.fr\/wp-content\/uploads\/2021\/03\/8D3EFE90-8F03-4F80-908B-F8A4C560E0BF-2.jpg?fit=836%2C836&ssl=1\",\"width\":836,\"height\":836},{\"@type\":\"BreadcrumbList\",\"@id\":\"https:\/\/www.joyana.fr\/gallery\/scene792-who-yui-uchida\/#breadcrumb\",\"itemListElement\":[{\"@type\":\"ListItem\",\"position\":1,\"name\":\"Accueil\",\"item\":\"https:\/\/joyana.fr\/\"},{\"@type\":\"ListItem\",\"position\":2,\"name\":\"GALLERY JO YANA\",\"item\":\"https:\/\/joyana.fr\/en\/artgallery\/\"},{\"@type\":\"ListItem\",\"position\":3,\"name\":\"\u00ab\u00a0Scene:792 Who\u00a0\u00bb &#8211; YUI UCHIDA\"}]},{\"@type\":\"WebSite\",\"@id\":\"https:\/\/joyana.fr\/#website\",\"url\":\"https:\/\/joyana.fr\/\",\"name\":\"JO YANA\",\"description\":\"Blog Mode Homme, Lifestyle, D\u00e9co-Design\",\"publisher\":{\"@id\":\"https:\/\/joyana.fr\/#\/schema\/person\/cf2a1ad12a27c12c21801075bf37407c\"},\"potentialAction\":[{\"@type\":\"SearchAction\",\"target\":{\"@type\":\"EntryPoint\",\"urlTemplate\":\"https:\/\/joyana.fr\/?s={search_term_string}\"},\"query-input\":{\"@type\":\"PropertyValueSpecification\",\"valueRequired\":true,\"valueName\":\"search_term_string\"}}],\"inLanguage\":\"ja\"},{\"@type\":[\"Person\",\"Organization\"],\"@id\":\"https:\/\/joyana.fr\/#\/schema\/person\/cf2a1ad12a27c12c21801075bf37407c\",\"name\":\"Jo Yana\",\"image\":{\"@type\":\"ImageObject\",\"inLanguage\":\"ja\",\"@id\":\"https:\/\/joyana.fr\/#\/schema\/person\/image\/\",\"url\":\"https:\/\/i0.wp.com\/www.joyana.fr\/wp-content\/uploads\/2016\/08\/cropped-joyana-logo-black-360x180.png?fit=343%2C164&ssl=1\",\"contentUrl\":\"https:\/\/i0.wp.com\/www.joyana.fr\/wp-content\/uploads\/2016\/08\/cropped-joyana-logo-black-360x180.png?fit=343%2C164&ssl=1\",\"width\":343,\"height\":164,\"caption\":\"Jo Yana\"},\"logo\":{\"@id\":\"https:\/\/joyana.fr\/#\/schema\/person\/image\/\"},\"description\":\"Jo Yana est le cr\u00e9ateur et r\u00e9dacteur en chef des sites DECO-DESIGN. Passionn\u00e9 de Design, Mode, Photo, Luxe, Lifestyle, Musique, mais avant tout Blogueur ! Le plaisir de partager l'anime et a comme devise \\\"POUR L'AMOUR DU BEAU\\\". Retrouvez le aussi sur son blog personnel - https:\/\/joyana.fr...\",\"sameAs\":[\"https:\/\/joyana.fr\/\"]}]}<\/script>\n<!-- \/ Yoast SEO plugin. -->","yoast_head_json":{"title":"\"Scene:792 Who\" -  - \"Scene:792 Who\" - YUI UCHIDA[:] - JO YANA","robots":{"index":"index","follow":"follow","max-snippet":"max-snippet:-1","max-image-preview":"max-image-preview:large","max-video-preview":"max-video-preview:-1"},"canonical":"https:\/\/www.joyana.fr\/ja\/gallery\/scene792-who-yui-uchida\/","og_locale":"ja_JP","og_type":"article","og_title":"[:fr]\"Scene:792 Who\" - YUI UCHIDA[:en]\"Scene:792 Who\" - YUI UCHIDA[:ja]\"Scene:792 Who\" - YUI UCHIDA[:] - JO YANA","og_description":"Artist - YUI UCHIDA (Japan) Title - \"Scene:792 Who\" Informations - 43x34x4,5cm - Acrylic on plexiglass and wood panel Price - 1150 \u20ac Shipping - shipped from France mid-April","og_url":"https:\/\/www.joyana.fr\/ja\/gallery\/scene792-who-yui-uchida\/","og_site_name":"JO YANA","article_modified_time":"2021-09-30T08:01:55+00:00","og_image":[{"width":836,"height":836,"url":"https:\/\/i0.wp.com\/www.joyana.fr\/wp-content\/uploads\/2021\/03\/8D3EFE90-8F03-4F80-908B-F8A4C560E0BF-2.jpg?fit=836%2C836&ssl=1","type":"image\/jpeg"}],"twitter_card":"summary_large_image","twitter_site":"@Jo_Yana","twitter_misc":{"\u63a8\u5b9a\u8aad\u307f\u53d6\u308a\u6642\u9593":"1\u5206"},"schema":{"@context":"https:\/\/schema.org","@graph":[{"@type":"WebPage","@id":"https:\/\/www.joyana.fr\/gallery\/scene792-who-yui-uchida\/","url":"https:\/\/www.joyana.fr\/gallery\/scene792-who-yui-uchida\/","name":"\"Scene:792 Who\" - YUI UCHIDA","isPartOf":{"@id":"https:\/\/joyana.fr\/#website"},"primaryImageOfPage":{"@id":"https:\/\/www.joyana.fr\/gallery\/scene792-who-yui-uchida\/#primaryimage"},"image":{"@id":"https:\/\/www.joyana.fr\/gallery\/scene792-who-yui-uchida\/#primaryimage"},"thumbnailUrl":"https:\/\/i0.wp.com\/www.joyana.fr\/wp-content\/uploads\/2021\/03\/8D3EFE90-8F03-4F80-908B-F8A4C560E0BF-2.jpg?fit=836%2C836&ssl=1","datePublished":"2021-04-01T08:00:53+00:00","dateModified":"2021-09-30T08:01:55+00:00","breadcrumb":{"@id":"https:\/\/www.joyana.fr\/gallery\/scene792-who-yui-uchida\/#breadcrumb"},"inLanguage":"ja","potentialAction":[{"@type":"ReadAction","target":["https:\/\/www.joyana.fr\/gallery\/scene792-who-yui-uchida\/"]}]},{"@type":"ImageObject","inLanguage":"ja","@id":"https:\/\/www.joyana.fr\/gallery\/scene792-who-yui-uchida\/#primaryimage","url":"https:\/\/i0.wp.com\/www.joyana.fr\/wp-content\/uploads\/2021\/03\/8D3EFE90-8F03-4F80-908B-F8A4C560E0BF-2.jpg?fit=836%2C836&ssl=1","contentUrl":"https:\/\/i0.wp.com\/www.joyana.fr\/wp-content\/uploads\/2021\/03\/8D3EFE90-8F03-4F80-908B-F8A4C560E0BF-2.jpg?fit=836%2C836&ssl=1","width":836,"height":836},{"@type":"BreadcrumbList","@id":"https:\/\/www.joyana.fr\/gallery\/scene792-who-yui-uchida\/#breadcrumb","itemListElement":[{"@type":"ListItem","position":1,"name":"Accueil","item":"https:\/\/joyana.fr\/"},{"@type":"ListItem","position":2,"name":"GALLERY JO YANA","item":"https:\/\/joyana.fr\/en\/artgallery\/"},{"@type":"ListItem","position":3,"name":"\u00ab\u00a0Scene:792 Who\u00a0\u00bb &#8211; YUI UCHIDA"}]},{"@type":"WebSite","@id":"https:\/\/joyana.fr\/#website","url":"https:\/\/joyana.fr\/","name":"JO YANA","description":"Blog Mode Homme, Lifestyle, D\u00e9co-Design","publisher":{"@id":"https:\/\/joyana.fr\/#\/schema\/person\/cf2a1ad12a27c12c21801075bf37407c"},"potentialAction":[{"@type":"SearchAction","target":{"@type":"EntryPoint","urlTemplate":"https:\/\/joyana.fr\/?s={search_term_string}"},"query-input":{"@type":"PropertyValueSpecification","valueRequired":true,"valueName":"search_term_string"}}],"inLanguage":"ja"},{"@type":["Person","Organization"],"@id":"https:\/\/joyana.fr\/#\/schema\/person\/cf2a1ad12a27c12c21801075bf37407c","name":"Jo Yana","image":{"@type":"ImageObject","inLanguage":"ja","@id":"https:\/\/joyana.fr\/#\/schema\/person\/image\/","url":"https:\/\/i0.wp.com\/www.joyana.fr\/wp-content\/uploads\/2016\/08\/cropped-joyana-logo-black-360x180.png?fit=343%2C164&ssl=1","contentUrl":"https:\/\/i0.wp.com\/www.joyana.fr\/wp-content\/uploads\/2016\/08\/cropped-joyana-logo-black-360x180.png?fit=343%2C164&ssl=1","width":343,"height":164,"caption":"Jo Yana"},"logo":{"@id":"https:\/\/joyana.fr\/#\/schema\/person\/image\/"},"description":"Jo Yana est le cr\u00e9ateur et r\u00e9dacteur en chef des sites DECO-DESIGN. Passionn\u00e9 de Design, Mode, Photo, Luxe, Lifestyle, Musique, mais avant tout Blogueur ! Le plaisir de partager l'anime et a comme devise \"POUR L'AMOUR DU BEAU\". Retrouvez le aussi sur son blog personnel - https:\/\/joyana.fr...","sameAs":["https:\/\/joyana.fr\/"]}]}},"uagb_featured_image_src":{"full":["https:\/\/i0.wp.com\/www.joyana.fr\/wp-content\/uploads\/2021\/03\/8D3EFE90-8F03-4F80-908B-F8A4C560E0BF-2.jpg?fit=836%2C836&ssl=1",836,836,false],"thumbnail":["https:\/\/i0.wp.com\/www.joyana.fr\/wp-content\/uploads\/2021\/03\/8D3EFE90-8F03-4F80-908B-F8A4C560E0BF-2.jpg?resize=150%2C150&ssl=1",150,150,true],"medium":["https:\/\/i0.wp.com\/www.joyana.fr\/wp-content\/uploads\/2021\/03\/8D3EFE90-8F03-4F80-908B-F8A4C560E0BF-2.jpg?fit=389%2C389&ssl=1",389,389,true],"medium_large":["https:\/\/i0.wp.com\/www.joyana.fr\/wp-content\/uploads\/2021\/03\/8D3EFE90-8F03-4F80-908B-F8A4C560E0BF-2.jpg?fit=768%2C768&ssl=1",768,768,true],"large":["https:\/\/i0.wp.com\/www.joyana.fr\/wp-content\/uploads\/2021\/03\/8D3EFE90-8F03-4F80-908B-F8A4C560E0BF-2.jpg?fit=836%2C836&ssl=1",836,836,true],"1536x1536":["https:\/\/i0.wp.com\/www.joyana.fr\/wp-content\/uploads\/2021\/03\/8D3EFE90-8F03-4F80-908B-F8A4C560E0BF-2.jpg?fit=836%2C836&ssl=1",836,836,true],"2048x2048":["https:\/\/i0.wp.com\/www.joyana.fr\/wp-content\/uploads\/2021\/03\/8D3EFE90-8F03-4F80-908B-F8A4C560E0BF-2.jpg?fit=836%2C836&ssl=1",836,836,true],"featured-thumb":["https:\/\/i0.wp.com\/www.joyana.fr\/wp-content\/uploads\/2021\/03\/8D3EFE90-8F03-4F80-908B-F8A4C560E0BF-2.jpg?resize=836%2C750&ssl=1",836,750,true],"ab-block-post-grid-landscape":["https:\/\/i0.wp.com\/www.joyana.fr\/wp-content\/uploads\/2021\/03\/8D3EFE90-8F03-4F80-908B-F8A4C560E0BF-2.jpg?resize=600%2C400&ssl=1",600,400,true],"ab-block-post-grid-square":["https:\/\/i0.wp.com\/www.joyana.fr\/wp-content\/uploads\/2021\/03\/8D3EFE90-8F03-4F80-908B-F8A4C560E0BF-2.jpg?resize=600%2C600&ssl=1",600,600,true],"author-pro-image":["https:\/\/i0.wp.com\/www.joyana.fr\/wp-content\/uploads\/2021\/03\/8D3EFE90-8F03-4F80-908B-F8A4C560E0BF-2.jpg?resize=360%2C570&ssl=1",360,570,true],"slider":["https:\/\/i0.wp.com\/www.joyana.fr\/wp-content\/uploads\/2021\/03\/8D3EFE90-8F03-4F80-908B-F8A4C560E0BF-2.jpg?resize=836%2C400&ssl=1",836,400,true],"woocommerce_thumbnail":["https:\/\/i0.wp.com\/www.joyana.fr\/wp-content\/uploads\/2021\/03\/8D3EFE90-8F03-4F80-908B-F8A4C560E0BF-2.jpg?resize=450%2C450&ssl=1",450,450,true],"woocommerce_single":["https:\/\/i0.wp.com\/www.joyana.fr\/wp-content\/uploads\/2021\/03\/8D3EFE90-8F03-4F80-908B-F8A4C560E0BF-2.jpg?fit=836%2C836&ssl=1",836,836,true],"woocommerce_gallery_thumbnail":["https:\/\/i0.wp.com\/www.joyana.fr\/wp-content\/uploads\/2021\/03\/8D3EFE90-8F03-4F80-908B-F8A4C560E0BF-2.jpg?resize=180%2C180&ssl=1",180,180,true],"sow-carousel-default":["https:\/\/i0.wp.com\/www.joyana.fr\/wp-content\/uploads\/2021\/03\/8D3EFE90-8F03-4F80-908B-F8A4C560E0BF-2.jpg?resize=272%2C182&ssl=1",272,182,true]},"uagb_author_info":{"display_name":"Jo Yana","author_link":"https:\/\/www.joyana.fr\/ja\/author\/joyana\/"},"uagb_comment_info":0,"uagb_excerpt":"Artist - YUI UCHIDA (Japan) Title - \"Scene:792 Who\" Inf&hellip;","featured_img":"https:\/\/www.joyana.fr\/wp-content\/uploads\/2021\/03\/8D3EFE90-8F03-4F80-908B-F8A4C560E0BF-2.jpg","coauthors":[],"author_meta":{"author_link":"https:\/\/www.joyana.fr\/ja\/author\/joyana\/","display_name":"Jo Yana"},"relative_dates":{"created":"Posted 5\u5e74 ago","modified":"Updated 5\u5e74 ago"},"absolute_dates":{"created":"Posted on 1 4\u6708 2021","modified":"Updated on 30 9\u6708 2021"},"absolute_dates_time":{"created":"Posted on 1 4\u6708 2021 10:00","modified":"Updated on 30 9\u6708 2021 10:01"},"featured_img_caption":"","tax_additional":{"product_type":{"linked":["<a href=\"https:\/\/www.joyana.fr\/ja\/?taxonomy=product_type&#038;term=simple\" class=\"advgb-post-tax-term\">simple<\/a>"],"unlinked":["<span class=\"advgb-post-tax-term\">simple<\/span>"],"slug":"product_type","name":"\u5546\u54c1\u30bf\u30a4\u30d7"},"product_visibility":{"linked":["<a href=\"https:\/\/www.joyana.fr\/ja\/?taxonomy=product_visibility&#038;term=outofstock\" class=\"advgb-post-tax-term\">outofstock<\/a>"],"unlinked":["<span class=\"advgb-post-tax-term\">outofstock<\/span>"],"slug":"product_visibility","name":"\u5546\u54c1\u306e\u8868\u793a\u8a2d\u5b9a"},"product_cat":{"linked":["<a href=\"https:\/\/www.joyana.fr\/ja\/artgallery\/oeuvres\/oeuvres-sold-out\/toile-oeuvres-sold-out\/\" class=\"advgb-post-tax-term\">Toile<\/a>","<a href=\"https:\/\/www.joyana.fr\/ja\/artgallery\/nos-artistes\/yui-uchida\/\" class=\"advgb-post-tax-term\">YUI UCHIDA<\/a>","<a href=\"https:\/\/www.joyana.fr\/ja\/artgallery\/oeuvres\/oeuvres-sold-out\/\" class=\"advgb-post-tax-term\">\u0152uvres sold out<\/a>"],"unlinked":["<span class=\"advgb-post-tax-term\">Toile<\/span>","<span class=\"advgb-post-tax-term\">YUI UCHIDA<\/span>","<span class=\"advgb-post-tax-term\">\u0152uvres sold out<\/span>"],"slug":"product_cat","name":"\u5546\u54c1\u30ab\u30c6\u30b4\u30ea\u30fc"},"product_tag":{"linked":["<a href=\"https:\/\/www.joyana.fr\/ja\/etiquette-produit\/japan\/\" class=\"advgb-post-tax-term\">Japan<\/a>","<a href=\"https:\/\/www.joyana.fr\/ja\/etiquette-produit\/art-japonais\/\" class=\"advgb-post-tax-term\">Art Japonais<\/a>","<a href=\"https:\/\/www.joyana.fr\/ja\/etiquette-produit\/japon\/\" class=\"advgb-post-tax-term\">Japon<\/a>","<a href=\"https:\/\/www.joyana.fr\/ja\/etiquette-produit\/yui-uchida\/\" class=\"advgb-post-tax-term\">Yui UCHIDA<\/a>"],"unlinked":["<span class=\"advgb-post-tax-term\">Japan<\/span>","<span class=\"advgb-post-tax-term\">Art Japonais<\/span>","<span class=\"advgb-post-tax-term\">Japon<\/span>","<span class=\"advgb-post-tax-term\">Yui UCHIDA<\/span>"],"slug":"product_tag","name":"\u5546\u54c1\u30bf\u30b0"},"product_shipping_class":{"linked":["<a href=\"https:\/\/www.joyana.fr\/ja\/?taxonomy=product_shipping_class&#038;term=monde-70x70\" class=\"advgb-post-tax-term\">monde 70x70<\/a>"],"unlinked":["<span class=\"advgb-post-tax-term\">monde 70x70<\/span>"],"slug":"product_shipping_class","name":"\u5546\u54c1\u306e\u914d\u9001\u30af\u30e9\u30b9"},"pa_color":{"linked":[],"unlinked":[],"slug":"pa_color","name":"\u5546\u54c1 Couleurs"},"pa_frhoraires":{"linked":[],"unlinked":[],"slug":"pa_frhoraires","name":"\u5546\u54c1 Horaires"}},"series_order":"","jetpack_sharing_enabled":true,"jetpack-related-posts":[],"_links":{"self":[{"href":"https:\/\/www.joyana.fr\/ja\/wp-json\/wp\/v2\/product\/146596","targetHints":{"allow":["GET"]}}],"collection":[{"href":"https:\/\/www.joyana.fr\/ja\/wp-json\/wp\/v2\/product"}],"about":[{"href":"https:\/\/www.joyana.fr\/ja\/wp-json\/wp\/v2\/types\/product"}],"wp:featuredmedia":[{"embeddable":true,"href":"https:\/\/www.joyana.fr\/ja\/wp-json\/wp\/v2\/media\/146589"}],"wp:attachment":[{"href":"https:\/\/www.joyana.fr\/ja\/wp-json\/wp\/v2\/media?parent=146596"}],"wp:term":[{"taxonomy":"product_cat","embeddable":true,"href":"https:\/\/www.joyana.fr\/ja\/wp-json\/wp\/v2\/product_cat?post=146596"},{"taxonomy":"product_tag","embeddable":true,"href":"https:\/\/www.joyana.fr\/ja\/wp-json\/wp\/v2\/product_tag?post=146596"}],"curies":[{"name":"wp","href":"https:\/\/api.w.org\/{rel}","templated":true}]}}