{"id":145479,"date":"2020-11-01T09:00:28","date_gmt":"2020-11-01T07:00:28","guid":{"rendered":"https:\/\/joyana.fr\/?post_type=product&#038;p=145479"},"modified":"2022-01-22T15:29:00","modified_gmt":"2022-01-22T13:29:00","slug":"mach-116-4-mr-wilson","status":"publish","type":"product","link":"https:\/\/www.joyana.fr\/ja\/gallery\/mach-116-4-mr-wilson\/","title":{"rendered":"Mach 116.4 &#8211; MR. WILSON"},"content":{"rendered":"<p>Originally from Miami, Derek Wilson &#8211; aka Mr. Wilson &#8211; is proud to continually push the visual envelope of his creations. Like an alchemist, continuously mixing materials and styles; subtly change their formulas to adapt it to the concept he wishes to address &#8230;<\/p>\n<p>A child of pop culture in the 80s, Mr. Wilson has had a fascination from a young age for the Japanese anime SPEED RACER \u30de \u30c3 \u30cf GoGoGo. From graffiti in the streets of Miami, he adapts the characters of the anime to his very unique style &#8230;<\/p>\n<p>A graduate of Florida International University in 1995, with a bachelor&#8217;s degree in fine art sculpture, Mr. Wilson has exhibited in a variety of galleries in the United States, but is especially proud of the work done in his class, as a as a veteran art teacher for 23 years\u2026 Involved in his community, he works with organizations such as; Voices for Children, Love Hope Music, 16plusvote.org, Easter Seals, Badges of Courage, Easter Seals and currently with West Kendall Baptist Hospital\u2026<\/p>\n<p>The Gallery Jo Yana is proud of this collaboration with the artist, for his first exhibition outside the United States&#8230;<\/p>\n","protected":false},"excerpt":{"rendered":"<p>Mach 116.4 &#8211; MR. WILSON (Miami, US)<\/p>\n<p>Cotton canvas on wooden frame<br \/>\n129Lx129Hcm Thickness 2.5cm<br \/>\nSigned by artist Mr. Wilson<br \/>\nShipped from France at the end of December<\/p>\n<p>A word from the gallery : The Gallery Jo Yana is proud of this collaboration with the artist, for its first exhibition outside the United States&#8230;<\/p>\n","protected":false},"author":3,"featured_media":145481,"template":"","meta":{"_coblocks_attr":"","_coblocks_dimensions":"","_coblocks_responsive_height":"","_coblocks_accordion_ie_support":"","_uag_custom_page_level_css":"","advgb_blocks_editor_width":"","advgb_blocks_columns_visual_guide":"","_genesis_hide_title":false,"_genesis_hide_breadcrumbs":false,"_genesis_hide_singular_image":false,"_genesis_hide_footer_widgets":false,"_genesis_custom_body_class":"","_genesis_custom_post_class":"","_genesis_layout":"full-width-content","_themeisle_gutenberg_block_has_review":false},"product_cat":[5264,5263],"product_tag":[5149],"class_list":{"0":"post-145479","1":"product","2":"type-product","3":"status-publish","4":"has-post-thumbnail","6":"product_cat-toile-oeuvres-sold-out","7":"product_cat-oeuvres-sold-out","8":"product_tag-mr-wilson","9":"product_shipping_class-toile-130x130","10":"entry","12":"first","13":"outofstock","14":"sold-individually","15":"shipping-taxable","16":"purchasable","17":"product-type-simple"},"featured_image_urls":{"full":["https:\/\/i0.wp.com\/www.joyana.fr\/wp-content\/uploads\/2020\/11\/FullSizeRender-62.jpg?fit=1500%2C1500&ssl=1",1500,1500,false],"thumbnail":["https:\/\/i0.wp.com\/www.joyana.fr\/wp-content\/uploads\/2020\/11\/FullSizeRender-62.jpg?resize=150%2C150&ssl=1",150,150,true],"medium":["https:\/\/i0.wp.com\/www.joyana.fr\/wp-content\/uploads\/2020\/11\/FullSizeRender-62.jpg?fit=389%2C389&ssl=1",389,389,true],"medium_large":["https:\/\/i0.wp.com\/www.joyana.fr\/wp-content\/uploads\/2020\/11\/FullSizeRender-62.jpg?fit=768%2C768&ssl=1",768,768,true],"large":["https:\/\/i0.wp.com\/www.joyana.fr\/wp-content\/uploads\/2020\/11\/FullSizeRender-62.jpg?fit=1024%2C1024&ssl=1",1024,1024,true],"1536x1536":["https:\/\/i0.wp.com\/www.joyana.fr\/wp-content\/uploads\/2020\/11\/FullSizeRender-62.jpg?fit=1500%2C1500&ssl=1",1500,1500,true],"2048x2048":["https:\/\/i0.wp.com\/www.joyana.fr\/wp-content\/uploads\/2020\/11\/FullSizeRender-62.jpg?fit=1500%2C1500&ssl=1",1500,1500,true],"featured-thumb":["https:\/\/i0.wp.com\/www.joyana.fr\/wp-content\/uploads\/2020\/11\/FullSizeRender-62.jpg?resize=1500%2C750&ssl=1",1500,750,true],"ab-block-post-grid-landscape":["https:\/\/i0.wp.com\/www.joyana.fr\/wp-content\/uploads\/2020\/11\/FullSizeRender-62.jpg?resize=600%2C400&ssl=1",600,400,true],"ab-block-post-grid-square":["https:\/\/i0.wp.com\/www.joyana.fr\/wp-content\/uploads\/2020\/11\/FullSizeRender-62.jpg?resize=600%2C600&ssl=1",600,600,true],"author-pro-image":["https:\/\/i0.wp.com\/www.joyana.fr\/wp-content\/uploads\/2020\/11\/FullSizeRender-62.jpg?resize=360%2C570&ssl=1",360,570,true],"slider":["https:\/\/i0.wp.com\/www.joyana.fr\/wp-content\/uploads\/2020\/11\/FullSizeRender-62.jpg?resize=920%2C400&ssl=1",920,400,true],"woocommerce_thumbnail":["https:\/\/i0.wp.com\/www.joyana.fr\/wp-content\/uploads\/2020\/11\/FullSizeRender-62.jpg?resize=450%2C450&ssl=1",450,450,true],"woocommerce_single":["https:\/\/i0.wp.com\/www.joyana.fr\/wp-content\/uploads\/2020\/11\/FullSizeRender-62.jpg?fit=920%2C920&ssl=1",920,920,true],"woocommerce_gallery_thumbnail":["https:\/\/i0.wp.com\/www.joyana.fr\/wp-content\/uploads\/2020\/11\/FullSizeRender-62.jpg?resize=180%2C180&ssl=1",180,180,true],"sow-carousel-default":["https:\/\/i0.wp.com\/www.joyana.fr\/wp-content\/uploads\/2020\/11\/FullSizeRender-62.jpg?resize=272%2C182&ssl=1",272,182,true]},"post_excerpt_stackable":"<p>Mach 116.4 &#8211; MR. WILSON (Miami, US)<\/p>\n<p>Cotton canvas on wooden frame<br \/>\n129Lx129Hcm Thickness 2.5cm<br \/>\nSigned by artist Mr. Wilson<br \/>\nShipped from France at the end of December<\/p>\n<p>A word from the gallery : The Gallery Jo Yana is proud of this collaboration with the artist, for its first exhibition outside the United States&#8230;<\/p>\n","category_list":"","author_info":{"name":"Jo Yana","url":"https:\/\/www.joyana.fr\/ja\/author\/joyana\/"},"comments_num":"0 comments","featured_image_urls_v2":{"full":["https:\/\/i0.wp.com\/www.joyana.fr\/wp-content\/uploads\/2020\/11\/FullSizeRender-62.jpg?fit=1500%2C1500&ssl=1",1500,1500,false],"thumbnail":["https:\/\/i0.wp.com\/www.joyana.fr\/wp-content\/uploads\/2020\/11\/FullSizeRender-62.jpg?resize=150%2C150&ssl=1",150,150,true],"medium":["https:\/\/i0.wp.com\/www.joyana.fr\/wp-content\/uploads\/2020\/11\/FullSizeRender-62.jpg?fit=389%2C389&ssl=1",389,389,true],"medium_large":["https:\/\/i0.wp.com\/www.joyana.fr\/wp-content\/uploads\/2020\/11\/FullSizeRender-62.jpg?fit=768%2C768&ssl=1",768,768,true],"large":["https:\/\/i0.wp.com\/www.joyana.fr\/wp-content\/uploads\/2020\/11\/FullSizeRender-62.jpg?fit=1024%2C1024&ssl=1",1024,1024,true],"1536x1536":["https:\/\/i0.wp.com\/www.joyana.fr\/wp-content\/uploads\/2020\/11\/FullSizeRender-62.jpg?fit=1500%2C1500&ssl=1",1500,1500,true],"2048x2048":["https:\/\/i0.wp.com\/www.joyana.fr\/wp-content\/uploads\/2020\/11\/FullSizeRender-62.jpg?fit=1500%2C1500&ssl=1",1500,1500,true],"featured-thumb":["https:\/\/i0.wp.com\/www.joyana.fr\/wp-content\/uploads\/2020\/11\/FullSizeRender-62.jpg?resize=1500%2C750&ssl=1",1500,750,true],"ab-block-post-grid-landscape":["https:\/\/i0.wp.com\/www.joyana.fr\/wp-content\/uploads\/2020\/11\/FullSizeRender-62.jpg?resize=600%2C400&ssl=1",600,400,true],"ab-block-post-grid-square":["https:\/\/i0.wp.com\/www.joyana.fr\/wp-content\/uploads\/2020\/11\/FullSizeRender-62.jpg?resize=600%2C600&ssl=1",600,600,true],"author-pro-image":["https:\/\/i0.wp.com\/www.joyana.fr\/wp-content\/uploads\/2020\/11\/FullSizeRender-62.jpg?resize=360%2C570&ssl=1",360,570,true],"slider":["https:\/\/i0.wp.com\/www.joyana.fr\/wp-content\/uploads\/2020\/11\/FullSizeRender-62.jpg?resize=920%2C400&ssl=1",920,400,true],"woocommerce_thumbnail":["https:\/\/i0.wp.com\/www.joyana.fr\/wp-content\/uploads\/2020\/11\/FullSizeRender-62.jpg?resize=450%2C450&ssl=1",450,450,true],"woocommerce_single":["https:\/\/i0.wp.com\/www.joyana.fr\/wp-content\/uploads\/2020\/11\/FullSizeRender-62.jpg?fit=920%2C920&ssl=1",920,920,true],"woocommerce_gallery_thumbnail":["https:\/\/i0.wp.com\/www.joyana.fr\/wp-content\/uploads\/2020\/11\/FullSizeRender-62.jpg?resize=180%2C180&ssl=1",180,180,true],"sow-carousel-default":["https:\/\/i0.wp.com\/www.joyana.fr\/wp-content\/uploads\/2020\/11\/FullSizeRender-62.jpg?resize=272%2C182&ssl=1",272,182,true]},"post_excerpt_stackable_v2":"<p>Mach 116.4 &#8211; MR. WILSON (Miami, US)<\/p>\n<p>Cotton canvas on wooden frame<br \/>\n129Lx129Hcm Thickness 2.5cm<br \/>\nSigned by artist Mr. Wilson<br \/>\nShipped from France at the end of December<\/p>\n<p>A word from the gallery : The Gallery Jo Yana is proud of this collaboration with the artist, for its first exhibition outside the United States&#8230;<\/p>\n","category_list_v2":"","author_info_v2":{"name":"Jo Yana","url":"https:\/\/www.joyana.fr\/ja\/author\/joyana\/"},"comments_num_v2":"0 comments","yoast_head":"<!-- This site is optimized with the Yoast SEO plugin v26.8 - https:\/\/yoast.com\/product\/yoast-seo-wordpress\/ -->\n<title>Mach 116.4 -  - Mach 116.4 - MR. WILSON[:] - JO YANA<\/title>\n<meta name=\"robots\" content=\"index, follow, max-snippet:-1, max-image-preview:large, max-video-preview:-1\" \/>\n<link rel=\"canonical\" href=\"https:\/\/www.joyana.fr\/ja\/gallery\/mach-116-4-mr-wilson\/\" \/>\n<meta property=\"og:locale\" content=\"ja_JP\" \/>\n<meta property=\"og:locale:alternate\" content=\"fr_FR\" \/>\n<meta property=\"og:locale:alternate\" content=\"en_US\" \/>\n<meta property=\"og:type\" content=\"article\" \/>\n<meta property=\"og:title\" content=\"Mach 116.4 - MR. WILSON\" \/>\n<meta property=\"og:description\" content=\"Mach 116.4 - MR. WILSON (Miami, US)  Cotton canvas on wooden frame 129Lx129Hcm Thickness 2.5cm Signed by artist Mr. Wilson Shipped from France at the end of December  A word from the gallery : The Gallery Jo Yana is proud of this collaboration with the artist, for its first exhibition outside the United States...\" \/>\n<meta property=\"og:url\" content=\"https:\/\/www.joyana.fr\/ja\/gallery\/mach-116-4-mr-wilson\/\" \/>\n<meta property=\"og:site_name\" content=\"JO YANA\" \/>\n<meta property=\"article:modified_time\" content=\"2022-01-22T13:29:00+00:00\" \/>\n<meta property=\"og:image\" content=\"https:\/\/i0.wp.com\/www.joyana.fr\/wp-content\/uploads\/2020\/11\/FullSizeRender-62.jpg?fit=1500%2C1500&ssl=1\" \/>\n\t<meta property=\"og:image:width\" content=\"1500\" \/>\n\t<meta property=\"og:image:height\" content=\"1500\" \/>\n\t<meta property=\"og:image:type\" content=\"image\/jpeg\" \/>\n<meta name=\"twitter:card\" content=\"summary_large_image\" \/>\n<meta name=\"twitter:site\" content=\"@Jo_Yana\" \/>\n<meta name=\"twitter:label1\" content=\"\u63a8\u5b9a\u8aad\u307f\u53d6\u308a\u6642\u9593\" \/>\n\t<meta name=\"twitter:data1\" content=\"3\u5206\" \/>\n<script type=\"application\/ld+json\" class=\"yoast-schema-graph\">{\"@context\":\"https:\/\/schema.org\",\"@graph\":[{\"@type\":\"WebPage\",\"@id\":\"https:\/\/www.joyana.fr\/ja\/gallery\/mach-116-4-mr-wilson\/\",\"url\":\"https:\/\/www.joyana.fr\/ja\/gallery\/mach-116-4-mr-wilson\/\",\"name\":\"Mach 116.4 - MR. WILSON\",\"isPartOf\":{\"@id\":\"https:\/\/joyana.fr\/#website\"},\"primaryImageOfPage\":{\"@id\":\"https:\/\/www.joyana.fr\/ja\/gallery\/mach-116-4-mr-wilson\/#primaryimage\"},\"image\":{\"@id\":\"https:\/\/www.joyana.fr\/ja\/gallery\/mach-116-4-mr-wilson\/#primaryimage\"},\"thumbnailUrl\":\"https:\/\/i0.wp.com\/www.joyana.fr\/wp-content\/uploads\/2020\/11\/FullSizeRender-62.jpg?fit=1500%2C1500&ssl=1\",\"datePublished\":\"2020-11-01T07:00:28+00:00\",\"dateModified\":\"2022-01-22T13:29:00+00:00\",\"breadcrumb\":{\"@id\":\"https:\/\/www.joyana.fr\/ja\/gallery\/mach-116-4-mr-wilson\/#breadcrumb\"},\"inLanguage\":\"ja\",\"potentialAction\":[{\"@type\":\"ReadAction\",\"target\":[\"https:\/\/www.joyana.fr\/ja\/gallery\/mach-116-4-mr-wilson\/\"]}]},{\"@type\":\"ImageObject\",\"inLanguage\":\"ja\",\"@id\":\"https:\/\/www.joyana.fr\/ja\/gallery\/mach-116-4-mr-wilson\/#primaryimage\",\"url\":\"https:\/\/i0.wp.com\/www.joyana.fr\/wp-content\/uploads\/2020\/11\/FullSizeRender-62.jpg?fit=1500%2C1500&ssl=1\",\"contentUrl\":\"https:\/\/i0.wp.com\/www.joyana.fr\/wp-content\/uploads\/2020\/11\/FullSizeRender-62.jpg?fit=1500%2C1500&ssl=1\",\"width\":1500,\"height\":1500},{\"@type\":\"BreadcrumbList\",\"@id\":\"https:\/\/www.joyana.fr\/ja\/gallery\/mach-116-4-mr-wilson\/#breadcrumb\",\"itemListElement\":[{\"@type\":\"ListItem\",\"position\":1,\"name\":\"Accueil\",\"item\":\"https:\/\/joyana.fr\/\"},{\"@type\":\"ListItem\",\"position\":2,\"name\":\"GALLERY JO YANA\",\"item\":\"https:\/\/joyana.fr\/ja\/artgallery\/\"},{\"@type\":\"ListItem\",\"position\":3,\"name\":\"Mach 116.4 &#8211; MR. WILSON\"}]},{\"@type\":\"WebSite\",\"@id\":\"https:\/\/joyana.fr\/#website\",\"url\":\"https:\/\/joyana.fr\/\",\"name\":\"JO YANA\",\"description\":\"Blog Mode Homme, Lifestyle, D\u00e9co-Design\",\"publisher\":{\"@id\":\"https:\/\/joyana.fr\/#\/schema\/person\/cf2a1ad12a27c12c21801075bf37407c\"},\"potentialAction\":[{\"@type\":\"SearchAction\",\"target\":{\"@type\":\"EntryPoint\",\"urlTemplate\":\"https:\/\/joyana.fr\/?s={search_term_string}\"},\"query-input\":{\"@type\":\"PropertyValueSpecification\",\"valueRequired\":true,\"valueName\":\"search_term_string\"}}],\"inLanguage\":\"ja\"},{\"@type\":[\"Person\",\"Organization\"],\"@id\":\"https:\/\/joyana.fr\/#\/schema\/person\/cf2a1ad12a27c12c21801075bf37407c\",\"name\":\"Jo Yana\",\"image\":{\"@type\":\"ImageObject\",\"inLanguage\":\"ja\",\"@id\":\"https:\/\/joyana.fr\/#\/schema\/person\/image\/\",\"url\":\"https:\/\/i0.wp.com\/www.joyana.fr\/wp-content\/uploads\/2016\/08\/cropped-joyana-logo-black-360x180.png?fit=343%2C164&ssl=1\",\"contentUrl\":\"https:\/\/i0.wp.com\/www.joyana.fr\/wp-content\/uploads\/2016\/08\/cropped-joyana-logo-black-360x180.png?fit=343%2C164&ssl=1\",\"width\":343,\"height\":164,\"caption\":\"Jo Yana\"},\"logo\":{\"@id\":\"https:\/\/joyana.fr\/#\/schema\/person\/image\/\"},\"description\":\"Jo Yana est le cr\u00e9ateur et r\u00e9dacteur en chef des sites DECO-DESIGN. Passionn\u00e9 de Design, Mode, Photo, Luxe, Lifestyle, Musique, mais avant tout Blogueur ! Le plaisir de partager l'anime et a comme devise \\\"POUR L'AMOUR DU BEAU\\\". Retrouvez le aussi sur son blog personnel - https:\/\/joyana.fr...\",\"sameAs\":[\"https:\/\/joyana.fr\/\"]}]}<\/script>\n<!-- \/ Yoast SEO plugin. -->","yoast_head_json":{"title":"Mach 116.4 -  - Mach 116.4 - MR. WILSON[:] - JO YANA","robots":{"index":"index","follow":"follow","max-snippet":"max-snippet:-1","max-image-preview":"max-image-preview:large","max-video-preview":"max-video-preview:-1"},"canonical":"https:\/\/www.joyana.fr\/ja\/gallery\/mach-116-4-mr-wilson\/","og_locale":"ja_JP","og_type":"article","og_title":"[:fr]Mach 116.4 - MR. WILSON[:en]Mach 116.4 - MR. WILSON[:ja]Mach 116.4 - MR. WILSON[:] - JO YANA","og_description":"Mach 116.4 - MR. WILSON (Miami, US)  Cotton canvas on wooden frame 129Lx129Hcm Thickness 2.5cm Signed by artist Mr. Wilson Shipped from France at the end of December  A word from the gallery : The Gallery Jo Yana is proud of this collaboration with the artist, for its first exhibition outside the United States...","og_url":"https:\/\/www.joyana.fr\/ja\/gallery\/mach-116-4-mr-wilson\/","og_site_name":"JO YANA","article_modified_time":"2022-01-22T13:29:00+00:00","og_image":[{"width":1500,"height":1500,"url":"https:\/\/i0.wp.com\/www.joyana.fr\/wp-content\/uploads\/2020\/11\/FullSizeRender-62.jpg?fit=1500%2C1500&ssl=1","type":"image\/jpeg"}],"twitter_card":"summary_large_image","twitter_site":"@Jo_Yana","twitter_misc":{"\u63a8\u5b9a\u8aad\u307f\u53d6\u308a\u6642\u9593":"3\u5206"},"schema":{"@context":"https:\/\/schema.org","@graph":[{"@type":"WebPage","@id":"https:\/\/www.joyana.fr\/ja\/gallery\/mach-116-4-mr-wilson\/","url":"https:\/\/www.joyana.fr\/ja\/gallery\/mach-116-4-mr-wilson\/","name":"Mach 116.4 - MR. WILSON","isPartOf":{"@id":"https:\/\/joyana.fr\/#website"},"primaryImageOfPage":{"@id":"https:\/\/www.joyana.fr\/ja\/gallery\/mach-116-4-mr-wilson\/#primaryimage"},"image":{"@id":"https:\/\/www.joyana.fr\/ja\/gallery\/mach-116-4-mr-wilson\/#primaryimage"},"thumbnailUrl":"https:\/\/i0.wp.com\/www.joyana.fr\/wp-content\/uploads\/2020\/11\/FullSizeRender-62.jpg?fit=1500%2C1500&ssl=1","datePublished":"2020-11-01T07:00:28+00:00","dateModified":"2022-01-22T13:29:00+00:00","breadcrumb":{"@id":"https:\/\/www.joyana.fr\/ja\/gallery\/mach-116-4-mr-wilson\/#breadcrumb"},"inLanguage":"ja","potentialAction":[{"@type":"ReadAction","target":["https:\/\/www.joyana.fr\/ja\/gallery\/mach-116-4-mr-wilson\/"]}]},{"@type":"ImageObject","inLanguage":"ja","@id":"https:\/\/www.joyana.fr\/ja\/gallery\/mach-116-4-mr-wilson\/#primaryimage","url":"https:\/\/i0.wp.com\/www.joyana.fr\/wp-content\/uploads\/2020\/11\/FullSizeRender-62.jpg?fit=1500%2C1500&ssl=1","contentUrl":"https:\/\/i0.wp.com\/www.joyana.fr\/wp-content\/uploads\/2020\/11\/FullSizeRender-62.jpg?fit=1500%2C1500&ssl=1","width":1500,"height":1500},{"@type":"BreadcrumbList","@id":"https:\/\/www.joyana.fr\/ja\/gallery\/mach-116-4-mr-wilson\/#breadcrumb","itemListElement":[{"@type":"ListItem","position":1,"name":"Accueil","item":"https:\/\/joyana.fr\/"},{"@type":"ListItem","position":2,"name":"GALLERY JO YANA","item":"https:\/\/joyana.fr\/ja\/artgallery\/"},{"@type":"ListItem","position":3,"name":"Mach 116.4 &#8211; MR. WILSON"}]},{"@type":"WebSite","@id":"https:\/\/joyana.fr\/#website","url":"https:\/\/joyana.fr\/","name":"JO YANA","description":"Blog Mode Homme, Lifestyle, D\u00e9co-Design","publisher":{"@id":"https:\/\/joyana.fr\/#\/schema\/person\/cf2a1ad12a27c12c21801075bf37407c"},"potentialAction":[{"@type":"SearchAction","target":{"@type":"EntryPoint","urlTemplate":"https:\/\/joyana.fr\/?s={search_term_string}"},"query-input":{"@type":"PropertyValueSpecification","valueRequired":true,"valueName":"search_term_string"}}],"inLanguage":"ja"},{"@type":["Person","Organization"],"@id":"https:\/\/joyana.fr\/#\/schema\/person\/cf2a1ad12a27c12c21801075bf37407c","name":"Jo Yana","image":{"@type":"ImageObject","inLanguage":"ja","@id":"https:\/\/joyana.fr\/#\/schema\/person\/image\/","url":"https:\/\/i0.wp.com\/www.joyana.fr\/wp-content\/uploads\/2016\/08\/cropped-joyana-logo-black-360x180.png?fit=343%2C164&ssl=1","contentUrl":"https:\/\/i0.wp.com\/www.joyana.fr\/wp-content\/uploads\/2016\/08\/cropped-joyana-logo-black-360x180.png?fit=343%2C164&ssl=1","width":343,"height":164,"caption":"Jo Yana"},"logo":{"@id":"https:\/\/joyana.fr\/#\/schema\/person\/image\/"},"description":"Jo Yana est le cr\u00e9ateur et r\u00e9dacteur en chef des sites DECO-DESIGN. Passionn\u00e9 de Design, Mode, Photo, Luxe, Lifestyle, Musique, mais avant tout Blogueur ! Le plaisir de partager l'anime et a comme devise \"POUR L'AMOUR DU BEAU\". Retrouvez le aussi sur son blog personnel - https:\/\/joyana.fr...","sameAs":["https:\/\/joyana.fr\/"]}]}},"uagb_featured_image_src":{"full":["https:\/\/i0.wp.com\/www.joyana.fr\/wp-content\/uploads\/2020\/11\/FullSizeRender-62.jpg?fit=1500%2C1500&ssl=1",1500,1500,false],"thumbnail":["https:\/\/i0.wp.com\/www.joyana.fr\/wp-content\/uploads\/2020\/11\/FullSizeRender-62.jpg?resize=150%2C150&ssl=1",150,150,true],"medium":["https:\/\/i0.wp.com\/www.joyana.fr\/wp-content\/uploads\/2020\/11\/FullSizeRender-62.jpg?fit=389%2C389&ssl=1",389,389,true],"medium_large":["https:\/\/i0.wp.com\/www.joyana.fr\/wp-content\/uploads\/2020\/11\/FullSizeRender-62.jpg?fit=768%2C768&ssl=1",768,768,true],"large":["https:\/\/i0.wp.com\/www.joyana.fr\/wp-content\/uploads\/2020\/11\/FullSizeRender-62.jpg?fit=1024%2C1024&ssl=1",1024,1024,true],"1536x1536":["https:\/\/i0.wp.com\/www.joyana.fr\/wp-content\/uploads\/2020\/11\/FullSizeRender-62.jpg?fit=1500%2C1500&ssl=1",1500,1500,true],"2048x2048":["https:\/\/i0.wp.com\/www.joyana.fr\/wp-content\/uploads\/2020\/11\/FullSizeRender-62.jpg?fit=1500%2C1500&ssl=1",1500,1500,true],"featured-thumb":["https:\/\/i0.wp.com\/www.joyana.fr\/wp-content\/uploads\/2020\/11\/FullSizeRender-62.jpg?resize=1500%2C750&ssl=1",1500,750,true],"ab-block-post-grid-landscape":["https:\/\/i0.wp.com\/www.joyana.fr\/wp-content\/uploads\/2020\/11\/FullSizeRender-62.jpg?resize=600%2C400&ssl=1",600,400,true],"ab-block-post-grid-square":["https:\/\/i0.wp.com\/www.joyana.fr\/wp-content\/uploads\/2020\/11\/FullSizeRender-62.jpg?resize=600%2C600&ssl=1",600,600,true],"author-pro-image":["https:\/\/i0.wp.com\/www.joyana.fr\/wp-content\/uploads\/2020\/11\/FullSizeRender-62.jpg?resize=360%2C570&ssl=1",360,570,true],"slider":["https:\/\/i0.wp.com\/www.joyana.fr\/wp-content\/uploads\/2020\/11\/FullSizeRender-62.jpg?resize=920%2C400&ssl=1",920,400,true],"woocommerce_thumbnail":["https:\/\/i0.wp.com\/www.joyana.fr\/wp-content\/uploads\/2020\/11\/FullSizeRender-62.jpg?resize=450%2C450&ssl=1",450,450,true],"woocommerce_single":["https:\/\/i0.wp.com\/www.joyana.fr\/wp-content\/uploads\/2020\/11\/FullSizeRender-62.jpg?fit=920%2C920&ssl=1",920,920,true],"woocommerce_gallery_thumbnail":["https:\/\/i0.wp.com\/www.joyana.fr\/wp-content\/uploads\/2020\/11\/FullSizeRender-62.jpg?resize=180%2C180&ssl=1",180,180,true],"sow-carousel-default":["https:\/\/i0.wp.com\/www.joyana.fr\/wp-content\/uploads\/2020\/11\/FullSizeRender-62.jpg?resize=272%2C182&ssl=1",272,182,true]},"uagb_author_info":{"display_name":"Jo Yana","author_link":"https:\/\/www.joyana.fr\/ja\/author\/joyana\/"},"uagb_comment_info":0,"uagb_excerpt":"Mach 116.4 - MR. WILSON (Miami, US) Cotton canvas on wo&hellip;","featured_img":"https:\/\/www.joyana.fr\/wp-content\/uploads\/2020\/11\/FullSizeRender-62.jpg","coauthors":[],"author_meta":{"author_link":"https:\/\/www.joyana.fr\/ja\/author\/joyana\/","display_name":"Jo Yana"},"relative_dates":{"created":"Posted 5\u5e74 ago","modified":"Updated 4\u5e74 ago"},"absolute_dates":{"created":"Posted on 1 11\u6708 2020","modified":"Updated on 22 1\u6708 2022"},"absolute_dates_time":{"created":"Posted on 1 11\u6708 2020 9:00","modified":"Updated on 22 1\u6708 2022 15:29"},"featured_img_caption":"","tax_additional":{"product_type":{"linked":["<a href=\"https:\/\/www.joyana.fr\/ja\/?taxonomy=product_type&#038;term=simple\" class=\"advgb-post-tax-term\">simple<\/a>"],"unlinked":["<span class=\"advgb-post-tax-term\">simple<\/span>"],"slug":"product_type","name":"\u5546\u54c1\u30bf\u30a4\u30d7"},"product_visibility":{"linked":["<a href=\"https:\/\/www.joyana.fr\/ja\/?taxonomy=product_visibility&#038;term=outofstock\" class=\"advgb-post-tax-term\">outofstock<\/a>"],"unlinked":["<span class=\"advgb-post-tax-term\">outofstock<\/span>"],"slug":"product_visibility","name":"\u5546\u54c1\u306e\u8868\u793a\u8a2d\u5b9a"},"product_cat":{"linked":["<a href=\"https:\/\/www.joyana.fr\/ja\/artgallery\/oeuvres\/oeuvres-sold-out\/toile-oeuvres-sold-out\/\" class=\"advgb-post-tax-term\">Toile<\/a>","<a href=\"https:\/\/www.joyana.fr\/ja\/artgallery\/oeuvres\/oeuvres-sold-out\/\" class=\"advgb-post-tax-term\">\u0152uvres sold out<\/a>"],"unlinked":["<span class=\"advgb-post-tax-term\">Toile<\/span>","<span class=\"advgb-post-tax-term\">\u0152uvres sold out<\/span>"],"slug":"product_cat","name":"\u5546\u54c1\u30ab\u30c6\u30b4\u30ea\u30fc"},"product_tag":{"linked":["<a href=\"https:\/\/www.joyana.fr\/ja\/etiquette-produit\/mr-wilson\/\" class=\"advgb-post-tax-term\">Mr. Wilson<\/a>"],"unlinked":["<span class=\"advgb-post-tax-term\">Mr. Wilson<\/span>"],"slug":"product_tag","name":"\u5546\u54c1\u30bf\u30b0"},"product_shipping_class":{"linked":["<a href=\"https:\/\/www.joyana.fr\/ja\/?taxonomy=product_shipping_class&#038;term=toile-130x130\" class=\"advgb-post-tax-term\">Toile 130x130<\/a>"],"unlinked":["<span class=\"advgb-post-tax-term\">Toile 130x130<\/span>"],"slug":"product_shipping_class","name":"\u5546\u54c1\u306e\u914d\u9001\u30af\u30e9\u30b9"},"pa_color":{"linked":[],"unlinked":[],"slug":"pa_color","name":"\u5546\u54c1 Couleurs"},"pa_frhoraires":{"linked":[],"unlinked":[],"slug":"pa_frhoraires","name":"\u5546\u54c1 Horaires"}},"series_order":"","jetpack_sharing_enabled":true,"jetpack-related-posts":[],"_links":{"self":[{"href":"https:\/\/www.joyana.fr\/ja\/wp-json\/wp\/v2\/product\/145479","targetHints":{"allow":["GET"]}}],"collection":[{"href":"https:\/\/www.joyana.fr\/ja\/wp-json\/wp\/v2\/product"}],"about":[{"href":"https:\/\/www.joyana.fr\/ja\/wp-json\/wp\/v2\/types\/product"}],"wp:featuredmedia":[{"embeddable":true,"href":"https:\/\/www.joyana.fr\/ja\/wp-json\/wp\/v2\/media\/145481"}],"wp:attachment":[{"href":"https:\/\/www.joyana.fr\/ja\/wp-json\/wp\/v2\/media?parent=145479"}],"wp:term":[{"taxonomy":"product_cat","embeddable":true,"href":"https:\/\/www.joyana.fr\/ja\/wp-json\/wp\/v2\/product_cat?post=145479"},{"taxonomy":"product_tag","embeddable":true,"href":"https:\/\/www.joyana.fr\/ja\/wp-json\/wp\/v2\/product_tag?post=145479"}],"curies":[{"name":"wp","href":"https:\/\/api.w.org\/{rel}","templated":true}]}}