{"id":151455,"date":"2025-02-14T00:13:09","date_gmt":"2025-02-13T22:13:09","guid":{"rendered":"https:\/\/joyana.fr\/ja\/?post_type=product&#038;p=151455"},"modified":"2025-02-14T00:15:44","modified_gmt":"2025-02-13T22:15:44","slug":"%e3%80%8creflection%e3%80%8d-tamagotake","status":"publish","type":"product","link":"https:\/\/www.joyana.fr\/en\/gallery\/%e3%80%8creflection%e3%80%8d-tamagotake\/","title":{"rendered":"\u300cReflection\u300d- TAMAGOTAKE"},"content":{"rendered":"<p>TAMAGOTAKE is a Japanese illustrator, is renowned for his minimalist and refined artistic style. His illustrations, which often grace the pages of books, epitomize the elegance of simplicity, drawing deeply from the rich tradition of manga while maintaining a contemporary sensibility.<br \/>\nHis work is characterized by clean lines and a restrained color palette, allowing the subtleties of his compositions to shine. This minimalist approach creates a sense of cairn and clarity, inviting viewers to focus on the emotional depth and narrative intricacies within each piece. His illustrations often evoke a serene and contemplative atmosphere, capturing the quiet beauty of everyday moments and the fantastical elements that lie just beneath the surface of reality &#8230;<\/p>\n","protected":false},"excerpt":{"rendered":"<p>Title : \u300cReflection\u300d<\/p>\n<p>Dimensions : 60X80CM<\/p>\n<p>Techniques : ACRYLIC ON CANVAS<\/p>\n","protected":false},"author":629,"featured_media":0,"template":"","meta":{"_coblocks_attr":"","_coblocks_dimensions":"","_coblocks_responsive_height":"","_coblocks_accordion_ie_support":"","_uag_custom_page_level_css":"","advgb_blocks_editor_width":"","advgb_blocks_columns_visual_guide":"","_genesis_hide_title":false,"_genesis_hide_breadcrumbs":false,"_genesis_hide_singular_image":false,"_genesis_hide_footer_widgets":false,"_genesis_custom_body_class":"","_genesis_custom_post_class":"","_genesis_layout":"full-width-content","_themeisle_gutenberg_block_has_review":false},"product_cat":[5421,5670,5259],"product_tag":[],"class_list":{"0":"post-151455","1":"product","2":"type-product","3":"status-publish","5":"product_cat-oeuvres-sur-demande","6":"product_cat-tamagotake","7":"product_cat-toile","8":"entry","10":"first","11":"instock","12":"shipping-taxable","13":"product-type-simple"},"featured_image_urls":{"full":"","thumbnail":"","medium":"","medium_large":"","large":"","1536x1536":"","2048x2048":"","featured-thumb":"","ab-block-post-grid-landscape":"","ab-block-post-grid-square":"","author-pro-image":"","slider":"","woocommerce_thumbnail":"","woocommerce_single":"","woocommerce_gallery_thumbnail":"","sow-carousel-default":""},"post_excerpt_stackable":"<p>Title : \u300cReflection\u300d<\/p>\n<p>Dimensions : 60X80CM<\/p>\n<p>Techniques : ACRYLIC ON CANVAS<\/p>\n","category_list":"","author_info":{"name":"Lou","url":"https:\/\/www.joyana.fr\/en\/author\/lou\/"},"comments_num":"0 comments","featured_image_urls_v2":{"full":"","thumbnail":"","medium":"","medium_large":"","large":"","1536x1536":"","2048x2048":"","featured-thumb":"","ab-block-post-grid-landscape":"","ab-block-post-grid-square":"","author-pro-image":"","slider":"","woocommerce_thumbnail":"","woocommerce_single":"","woocommerce_gallery_thumbnail":"","sow-carousel-default":""},"post_excerpt_stackable_v2":"<p>Title : \u300cReflection\u300d<\/p>\n<p>Dimensions : 60X80CM<\/p>\n<p>Techniques : ACRYLIC ON CANVAS<\/p>\n","category_list_v2":"","author_info_v2":{"name":"Lou","url":"https:\/\/www.joyana.fr\/en\/author\/lou\/"},"comments_num_v2":"0 comments","yoast_head":"<!-- This site is optimized with the Yoast SEO plugin v26.8 - https:\/\/yoast.com\/product\/yoast-seo-wordpress\/ -->\n<title>\u300cReflection\u300d- TAMAGOTAKE<\/title>\n<meta name=\"robots\" content=\"index, follow, max-snippet:-1, max-image-preview:large, max-video-preview:-1\" \/>\n<link rel=\"canonical\" href=\"https:\/\/joyana.fr\/en\/gallery\/\u300creflection\u300d-tamagotake\/\" \/>\n<meta property=\"og:locale\" content=\"en_US\" \/>\n<meta property=\"og:locale:alternate\" content=\"fr_FR\" \/>\n<meta property=\"og:locale:alternate\" content=\"ja\" \/>\n<meta property=\"og:type\" content=\"article\" \/>\n<meta property=\"og:title\" content=\"\u300cReflection\u300d- TAMAGOTAKE\" \/>\n<meta property=\"og:description\" content=\"Title : \u300cReflection\u300d  Dimensions : 60X80CM  Techniques : ACRYLIC ON CANVAS\" \/>\n<meta property=\"og:url\" content=\"https:\/\/www.joyana.fr\/en\/gallery\/\u300creflection\u300d-tamagotake\/\" \/>\n<meta property=\"og:site_name\" content=\"JO YANA\" \/>\n<meta property=\"article:modified_time\" content=\"2025-02-13T22:15:44+00:00\" \/>\n<meta name=\"twitter:card\" content=\"summary_large_image\" \/>\n<meta name=\"twitter:site\" content=\"@Jo_Yana\" \/>\n<meta name=\"twitter:label1\" content=\"Est. reading time\" \/>\n\t<meta name=\"twitter:data1\" content=\"1 minute\" \/>\n<script type=\"application\/ld+json\" class=\"yoast-schema-graph\">{\"@context\":\"https:\/\/schema.org\",\"@graph\":[{\"@type\":\"WebPage\",\"@id\":\"https:\/\/joyana.fr\/en\/gallery\/%e3%80%8creflection%e3%80%8d-tamagotake\/\",\"url\":\"https:\/\/joyana.fr\/en\/gallery\/%e3%80%8creflection%e3%80%8d-tamagotake\/\",\"name\":\"\u300cReflection\u300d- TAMAGOTAKE\",\"isPartOf\":{\"@id\":\"https:\/\/www.joyana.fr\/ja\/#website\"},\"datePublished\":\"2025-02-13T22:13:09+00:00\",\"dateModified\":\"2025-02-13T22:15:44+00:00\",\"breadcrumb\":{\"@id\":\"https:\/\/joyana.fr\/en\/gallery\/%e3%80%8creflection%e3%80%8d-tamagotake\/#breadcrumb\"},\"inLanguage\":\"en-US\",\"potentialAction\":[{\"@type\":\"ReadAction\",\"target\":[\"https:\/\/joyana.fr\/en\/gallery\/%e3%80%8creflection%e3%80%8d-tamagotake\/\"]}]},{\"@type\":\"BreadcrumbList\",\"@id\":\"https:\/\/joyana.fr\/en\/gallery\/%e3%80%8creflection%e3%80%8d-tamagotake\/#breadcrumb\",\"itemListElement\":[{\"@type\":\"ListItem\",\"position\":1,\"name\":\"Accueil\",\"item\":\"https:\/\/www.joyana.fr\/ja\/\"},{\"@type\":\"ListItem\",\"position\":2,\"name\":\"GALLERY JO YANA\",\"item\":\"https:\/\/joyana.fr\/en\/artgallery\/\"},{\"@type\":\"ListItem\",\"position\":3,\"name\":\"\u300cReflection\u300d- TAMAGOTAKE\"}]},{\"@type\":\"WebSite\",\"@id\":\"https:\/\/www.joyana.fr\/ja\/#website\",\"url\":\"https:\/\/www.joyana.fr\/ja\/\",\"name\":\"JO YANA\",\"description\":\"Blog Mode Homme, Lifestyle, D\u00e9co-Design\",\"publisher\":{\"@id\":\"https:\/\/www.joyana.fr\/ja\/#\/schema\/person\/cf2a1ad12a27c12c21801075bf37407c\"},\"potentialAction\":[{\"@type\":\"SearchAction\",\"target\":{\"@type\":\"EntryPoint\",\"urlTemplate\":\"https:\/\/www.joyana.fr\/ja\/?s={search_term_string}\"},\"query-input\":{\"@type\":\"PropertyValueSpecification\",\"valueRequired\":true,\"valueName\":\"search_term_string\"}}],\"inLanguage\":\"en-US\"},{\"@type\":[\"Person\",\"Organization\"],\"@id\":\"https:\/\/www.joyana.fr\/ja\/#\/schema\/person\/cf2a1ad12a27c12c21801075bf37407c\",\"name\":\"Jo Yana\",\"image\":{\"@type\":\"ImageObject\",\"inLanguage\":\"en-US\",\"@id\":\"https:\/\/www.joyana.fr\/ja\/#\/schema\/person\/image\/\",\"url\":\"https:\/\/i0.wp.com\/www.joyana.fr\/wp-content\/uploads\/2016\/08\/cropped-joyana-logo-black-360x180.png?fit=343%2C164&ssl=1\",\"contentUrl\":\"https:\/\/i0.wp.com\/www.joyana.fr\/wp-content\/uploads\/2016\/08\/cropped-joyana-logo-black-360x180.png?fit=343%2C164&ssl=1\",\"width\":343,\"height\":164,\"caption\":\"Jo Yana\"},\"logo\":{\"@id\":\"https:\/\/www.joyana.fr\/ja\/#\/schema\/person\/image\/\"},\"description\":\"Jo Yana est le cr\u00e9ateur et r\u00e9dacteur en chef des sites DECO-DESIGN. Passionn\u00e9 de Design, Mode, Photo, Luxe, Lifestyle, Musique, mais avant tout Blogueur ! Le plaisir de partager l'anime et a comme devise \\\"POUR L'AMOUR DU BEAU\\\". Retrouvez le aussi sur son blog personnel - https:\/\/joyana.fr...\",\"sameAs\":[\"https:\/\/joyana.fr\/\"]}]}<\/script>\n<!-- \/ Yoast SEO plugin. -->","yoast_head_json":{"title":"\u300cReflection\u300d- TAMAGOTAKE","robots":{"index":"index","follow":"follow","max-snippet":"max-snippet:-1","max-image-preview":"max-image-preview:large","max-video-preview":"max-video-preview:-1"},"canonical":"https:\/\/joyana.fr\/en\/gallery\/\u300creflection\u300d-tamagotake\/","og_locale":"en_US","og_type":"article","og_title":"[:fr]\u300cR\u00e9flexion\u300d- TAMAGOTAKE[:en]\u300cReflection\u300d- TAMAGOTAKE[:ja]\u300cReflection\u300d- TAMAGOTAKE[:]","og_description":"Title : \u300cReflection\u300d  Dimensions : 60X80CM  Techniques : ACRYLIC ON CANVAS","og_url":"https:\/\/www.joyana.fr\/en\/gallery\/\u300creflection\u300d-tamagotake\/","og_site_name":"JO YANA","article_modified_time":"2025-02-13T22:15:44+00:00","twitter_card":"summary_large_image","twitter_site":"@Jo_Yana","twitter_misc":{"Est. reading time":"1 minute"},"schema":{"@context":"https:\/\/schema.org","@graph":[{"@type":"WebPage","@id":"https:\/\/joyana.fr\/en\/gallery\/%e3%80%8creflection%e3%80%8d-tamagotake\/","url":"https:\/\/joyana.fr\/en\/gallery\/%e3%80%8creflection%e3%80%8d-tamagotake\/","name":"\u300cReflection\u300d- TAMAGOTAKE","isPartOf":{"@id":"https:\/\/www.joyana.fr\/ja\/#website"},"datePublished":"2025-02-13T22:13:09+00:00","dateModified":"2025-02-13T22:15:44+00:00","breadcrumb":{"@id":"https:\/\/joyana.fr\/en\/gallery\/%e3%80%8creflection%e3%80%8d-tamagotake\/#breadcrumb"},"inLanguage":"en-US","potentialAction":[{"@type":"ReadAction","target":["https:\/\/joyana.fr\/en\/gallery\/%e3%80%8creflection%e3%80%8d-tamagotake\/"]}]},{"@type":"BreadcrumbList","@id":"https:\/\/joyana.fr\/en\/gallery\/%e3%80%8creflection%e3%80%8d-tamagotake\/#breadcrumb","itemListElement":[{"@type":"ListItem","position":1,"name":"Accueil","item":"https:\/\/www.joyana.fr\/ja\/"},{"@type":"ListItem","position":2,"name":"GALLERY JO YANA","item":"https:\/\/joyana.fr\/en\/artgallery\/"},{"@type":"ListItem","position":3,"name":"\u300cReflection\u300d- TAMAGOTAKE"}]},{"@type":"WebSite","@id":"https:\/\/www.joyana.fr\/ja\/#website","url":"https:\/\/www.joyana.fr\/ja\/","name":"JO YANA","description":"Blog Mode Homme, Lifestyle, D\u00e9co-Design","publisher":{"@id":"https:\/\/www.joyana.fr\/ja\/#\/schema\/person\/cf2a1ad12a27c12c21801075bf37407c"},"potentialAction":[{"@type":"SearchAction","target":{"@type":"EntryPoint","urlTemplate":"https:\/\/www.joyana.fr\/ja\/?s={search_term_string}"},"query-input":{"@type":"PropertyValueSpecification","valueRequired":true,"valueName":"search_term_string"}}],"inLanguage":"en-US"},{"@type":["Person","Organization"],"@id":"https:\/\/www.joyana.fr\/ja\/#\/schema\/person\/cf2a1ad12a27c12c21801075bf37407c","name":"Jo Yana","image":{"@type":"ImageObject","inLanguage":"en-US","@id":"https:\/\/www.joyana.fr\/ja\/#\/schema\/person\/image\/","url":"https:\/\/i0.wp.com\/www.joyana.fr\/wp-content\/uploads\/2016\/08\/cropped-joyana-logo-black-360x180.png?fit=343%2C164&ssl=1","contentUrl":"https:\/\/i0.wp.com\/www.joyana.fr\/wp-content\/uploads\/2016\/08\/cropped-joyana-logo-black-360x180.png?fit=343%2C164&ssl=1","width":343,"height":164,"caption":"Jo Yana"},"logo":{"@id":"https:\/\/www.joyana.fr\/ja\/#\/schema\/person\/image\/"},"description":"Jo Yana est le cr\u00e9ateur et r\u00e9dacteur en chef des sites DECO-DESIGN. Passionn\u00e9 de Design, Mode, Photo, Luxe, Lifestyle, Musique, mais avant tout Blogueur ! Le plaisir de partager l'anime et a comme devise \"POUR L'AMOUR DU BEAU\". Retrouvez le aussi sur son blog personnel - https:\/\/joyana.fr...","sameAs":["https:\/\/joyana.fr\/"]}]}},"uagb_featured_image_src":{"full":false,"thumbnail":false,"medium":false,"medium_large":false,"large":false,"1536x1536":false,"2048x2048":false,"featured-thumb":false,"ab-block-post-grid-landscape":false,"ab-block-post-grid-square":false,"author-pro-image":false,"slider":false,"woocommerce_thumbnail":false,"woocommerce_single":false,"woocommerce_gallery_thumbnail":false,"sow-carousel-default":false},"uagb_author_info":{"display_name":"Lou","author_link":"https:\/\/www.joyana.fr\/en\/author\/lou\/"},"uagb_comment_info":0,"uagb_excerpt":"Title : \u300cReflection\u300d Dimensions : 60X80CM Techniques : ACRYLIC ON CANVAS","featured_img":false,"coauthors":[],"author_meta":{"author_link":"https:\/\/www.joyana.fr\/en\/author\/lou\/","display_name":"Lou"},"relative_dates":{"created":"Posted 1 year ago","modified":"Updated 1 year ago"},"absolute_dates":{"created":"Posted on 14 February 2025","modified":"Updated on 14 February 2025"},"absolute_dates_time":{"created":"Posted on 14 February 2025 0:13","modified":"Updated on 14 February 2025 0:15"},"featured_img_caption":"","tax_additional":{"product_type":{"linked":["<a href=\"https:\/\/www.joyana.fr\/en\/?taxonomy=product_type&#038;term=simple\" class=\"advgb-post-tax-term\">simple<\/a>"],"unlinked":["<span class=\"advgb-post-tax-term\">simple<\/span>"],"slug":"product_type","name":"Product type"},"product_visibility":{"linked":[],"unlinked":[],"slug":"product_visibility","name":"Product visibility"},"product_cat":{"linked":["<a href=\"https:\/\/www.joyana.fr\/en\/artgallery\/oeuvres\/oeuvres-sur-demande\/\" class=\"advgb-post-tax-term\">Oeuvres sur demande<\/a>","<a href=\"https:\/\/www.joyana.fr\/en\/artgallery\/nos-artistes\/tamagotake\/\" class=\"advgb-post-tax-term\">TAMAGOTAKE<\/a>","<a href=\"https:\/\/www.joyana.fr\/en\/artgallery\/oeuvres\/oeuvres-disponibles\/toile\/\" class=\"advgb-post-tax-term\">Toile<\/a>"],"unlinked":["<span class=\"advgb-post-tax-term\">Oeuvres sur demande<\/span>","<span class=\"advgb-post-tax-term\">TAMAGOTAKE<\/span>","<span class=\"advgb-post-tax-term\">Toile<\/span>"],"slug":"product_cat","name":"Product categories"},"product_tag":{"linked":[],"unlinked":[],"slug":"product_tag","name":"Product tags"},"product_shipping_class":{"linked":[],"unlinked":[],"slug":"product_shipping_class","name":"Product shipping classes"},"pa_color":{"linked":[],"unlinked":[],"slug":"pa_color","name":"Product Colors"},"pa_frhoraires":{"linked":[],"unlinked":[],"slug":"pa_frhoraires","name":"Product Horaires"}},"series_order":"","jetpack_sharing_enabled":true,"jetpack-related-posts":[],"_links":{"self":[{"href":"https:\/\/www.joyana.fr\/en\/wp-json\/wp\/v2\/product\/151455","targetHints":{"allow":["GET"]}}],"collection":[{"href":"https:\/\/www.joyana.fr\/en\/wp-json\/wp\/v2\/product"}],"about":[{"href":"https:\/\/www.joyana.fr\/en\/wp-json\/wp\/v2\/types\/product"}],"wp:attachment":[{"href":"https:\/\/www.joyana.fr\/en\/wp-json\/wp\/v2\/media?parent=151455"}],"wp:term":[{"taxonomy":"product_cat","embeddable":true,"href":"https:\/\/www.joyana.fr\/en\/wp-json\/wp\/v2\/product_cat?post=151455"},{"taxonomy":"product_tag","embeddable":true,"href":"https:\/\/www.joyana.fr\/en\/wp-json\/wp\/v2\/product_tag?post=151455"}],"curies":[{"name":"wp","href":"https:\/\/api.w.org\/{rel}","templated":true}]}}