{"id":149353,"date":"2024-02-20T15:09:41","date_gmt":"2024-02-20T13:09:41","guid":{"rendered":"https:\/\/joyana.fr\/?post_type=product&#038;p=149353"},"modified":"2024-02-20T16:37:08","modified_gmt":"2024-02-20T14:37:08","slug":"drawing_2-rikito-kurosaki","status":"publish","type":"product","link":"https:\/\/www.joyana.fr\/en\/gallery\/drawing_2-rikito-kurosaki\/","title":{"rendered":"DRAWING_2 &#8211; RIKITO KUROSAKI"},"content":{"rendered":"<p>About RIKITO KUROSAKI:<\/p>\n<p>RIKITO KUROSAKI is a young artist currently studying in the Graphic Design Department at Tama Art University. He intends to explore the concept of \u201cconsumption\u201d through his paintings. Thus, his works use the motif of vintage anime characters, something that he grew up watching and loving, but also an iconic figure of consumerism in our fast-paced information-consuming society. His style, featuring visible sketch lines and scribbles, emits a deep sense of melancholia.<\/p>\n","protected":false},"excerpt":{"rendered":"<p>Title: DRAWING_2<\/p>\n<p>Size: 36,4&#215;51,5cm (without frame)<\/p>\n<p>Pencil, acrylic gouache, pen on paper<\/p>\n<p>Framed with museum glass<\/p>\n","protected":false},"author":615,"featured_media":149318,"template":"","meta":{"_coblocks_attr":"","_coblocks_dimensions":"","_coblocks_responsive_height":"","_coblocks_accordion_ie_support":"","_uag_custom_page_level_css":"","advgb_blocks_editor_width":"","advgb_blocks_columns_visual_guide":"","_genesis_hide_title":false,"_genesis_hide_breadcrumbs":false,"_genesis_hide_singular_image":false,"_genesis_hide_footer_widgets":false,"_genesis_custom_body_class":"","_genesis_custom_post_class":"","_genesis_layout":"","_themeisle_gutenberg_block_has_review":false},"product_cat":[5260,5269,5407,5258],"product_tag":[5310,5121,5428],"class_list":{"0":"post-149353","1":"product","2":"type-product","3":"status-publish","4":"has-post-thumbnail","6":"product_cat-dessin-oeuvres-disponibles","7":"product_cat-oeuvres","8":"product_cat-rikito-kurosaki","9":"product_cat-oeuvres-disponibles","10":"product_tag-art-japonais","11":"product_tag-gallery-jo-yana","12":"product_tag-rikito-kurosaki","13":"entry","15":"first","16":"instock","17":"shipping-taxable","18":"product-type-simple"},"featured_image_urls":{"full":["https:\/\/i0.wp.com\/www.joyana.fr\/wp-content\/uploads\/2024\/02\/RIKIRO-KUROSAKI-DRAWING_2.jpg?fit=1403%2C2009&ssl=1",1403,2009,false],"thumbnail":["https:\/\/i0.wp.com\/www.joyana.fr\/wp-content\/uploads\/2024\/02\/RIKIRO-KUROSAKI-DRAWING_2.jpg?resize=150%2C150&ssl=1",150,150,true],"medium":["https:\/\/i0.wp.com\/www.joyana.fr\/wp-content\/uploads\/2024\/02\/RIKIRO-KUROSAKI-DRAWING_2.jpg?fit=272%2C389&ssl=1",272,389,true],"medium_large":["https:\/\/i0.wp.com\/www.joyana.fr\/wp-content\/uploads\/2024\/02\/RIKIRO-KUROSAKI-DRAWING_2.jpg?fit=768%2C1100&ssl=1",768,1100,true],"large":["https:\/\/i0.wp.com\/www.joyana.fr\/wp-content\/uploads\/2024\/02\/RIKIRO-KUROSAKI-DRAWING_2.jpg?fit=715%2C1024&ssl=1",715,1024,true],"1536x1536":["https:\/\/i0.wp.com\/www.joyana.fr\/wp-content\/uploads\/2024\/02\/RIKIRO-KUROSAKI-DRAWING_2.jpg?fit=1073%2C1536&ssl=1",1073,1536,true],"2048x2048":["https:\/\/i0.wp.com\/www.joyana.fr\/wp-content\/uploads\/2024\/02\/RIKIRO-KUROSAKI-DRAWING_2.jpg?fit=1403%2C2009&ssl=1",1403,2009,true],"featured-thumb":["https:\/\/i0.wp.com\/www.joyana.fr\/wp-content\/uploads\/2024\/02\/RIKIRO-KUROSAKI-DRAWING_2.jpg?resize=1403%2C750&ssl=1",1403,750,true],"ab-block-post-grid-landscape":["https:\/\/i0.wp.com\/www.joyana.fr\/wp-content\/uploads\/2024\/02\/RIKIRO-KUROSAKI-DRAWING_2.jpg?resize=600%2C400&ssl=1",600,400,true],"ab-block-post-grid-square":["https:\/\/i0.wp.com\/www.joyana.fr\/wp-content\/uploads\/2024\/02\/RIKIRO-KUROSAKI-DRAWING_2.jpg?resize=600%2C600&ssl=1",600,600,true],"author-pro-image":["https:\/\/i0.wp.com\/www.joyana.fr\/wp-content\/uploads\/2024\/02\/RIKIRO-KUROSAKI-DRAWING_2.jpg?resize=360%2C570&ssl=1",360,570,true],"slider":["https:\/\/i0.wp.com\/www.joyana.fr\/wp-content\/uploads\/2024\/02\/RIKIRO-KUROSAKI-DRAWING_2.jpg?resize=920%2C400&ssl=1",920,400,true],"woocommerce_thumbnail":["https:\/\/i0.wp.com\/www.joyana.fr\/wp-content\/uploads\/2024\/02\/RIKIRO-KUROSAKI-DRAWING_2.jpg?resize=450%2C450&ssl=1",450,450,true],"woocommerce_single":["https:\/\/i0.wp.com\/www.joyana.fr\/wp-content\/uploads\/2024\/02\/RIKIRO-KUROSAKI-DRAWING_2.jpg?fit=920%2C1317&ssl=1",920,1317,true],"woocommerce_gallery_thumbnail":["https:\/\/i0.wp.com\/www.joyana.fr\/wp-content\/uploads\/2024\/02\/RIKIRO-KUROSAKI-DRAWING_2.jpg?resize=180%2C180&ssl=1",180,180,true],"sow-carousel-default":["https:\/\/i0.wp.com\/www.joyana.fr\/wp-content\/uploads\/2024\/02\/RIKIRO-KUROSAKI-DRAWING_2.jpg?resize=272%2C182&ssl=1",272,182,true]},"post_excerpt_stackable":"<p>Title: DRAWING_2<\/p>\n<p>Size: 36,4&#215;51,5cm (without frame)<\/p>\n<p>Pencil, acrylic gouache, pen on paper<\/p>\n<p>Framed with museum glass<\/p>\n","category_list":"","author_info":{"name":"makita","url":"https:\/\/www.joyana.fr\/en\/author\/makita\/"},"comments_num":"0 comments","featured_image_urls_v2":{"full":["https:\/\/i0.wp.com\/www.joyana.fr\/wp-content\/uploads\/2024\/02\/RIKIRO-KUROSAKI-DRAWING_2.jpg?fit=1403%2C2009&ssl=1",1403,2009,false],"thumbnail":["https:\/\/i0.wp.com\/www.joyana.fr\/wp-content\/uploads\/2024\/02\/RIKIRO-KUROSAKI-DRAWING_2.jpg?resize=150%2C150&ssl=1",150,150,true],"medium":["https:\/\/i0.wp.com\/www.joyana.fr\/wp-content\/uploads\/2024\/02\/RIKIRO-KUROSAKI-DRAWING_2.jpg?fit=272%2C389&ssl=1",272,389,true],"medium_large":["https:\/\/i0.wp.com\/www.joyana.fr\/wp-content\/uploads\/2024\/02\/RIKIRO-KUROSAKI-DRAWING_2.jpg?fit=768%2C1100&ssl=1",768,1100,true],"large":["https:\/\/i0.wp.com\/www.joyana.fr\/wp-content\/uploads\/2024\/02\/RIKIRO-KUROSAKI-DRAWING_2.jpg?fit=715%2C1024&ssl=1",715,1024,true],"1536x1536":["https:\/\/i0.wp.com\/www.joyana.fr\/wp-content\/uploads\/2024\/02\/RIKIRO-KUROSAKI-DRAWING_2.jpg?fit=1073%2C1536&ssl=1",1073,1536,true],"2048x2048":["https:\/\/i0.wp.com\/www.joyana.fr\/wp-content\/uploads\/2024\/02\/RIKIRO-KUROSAKI-DRAWING_2.jpg?fit=1403%2C2009&ssl=1",1403,2009,true],"featured-thumb":["https:\/\/i0.wp.com\/www.joyana.fr\/wp-content\/uploads\/2024\/02\/RIKIRO-KUROSAKI-DRAWING_2.jpg?resize=1403%2C750&ssl=1",1403,750,true],"ab-block-post-grid-landscape":["https:\/\/i0.wp.com\/www.joyana.fr\/wp-content\/uploads\/2024\/02\/RIKIRO-KUROSAKI-DRAWING_2.jpg?resize=600%2C400&ssl=1",600,400,true],"ab-block-post-grid-square":["https:\/\/i0.wp.com\/www.joyana.fr\/wp-content\/uploads\/2024\/02\/RIKIRO-KUROSAKI-DRAWING_2.jpg?resize=600%2C600&ssl=1",600,600,true],"author-pro-image":["https:\/\/i0.wp.com\/www.joyana.fr\/wp-content\/uploads\/2024\/02\/RIKIRO-KUROSAKI-DRAWING_2.jpg?resize=360%2C570&ssl=1",360,570,true],"slider":["https:\/\/i0.wp.com\/www.joyana.fr\/wp-content\/uploads\/2024\/02\/RIKIRO-KUROSAKI-DRAWING_2.jpg?resize=920%2C400&ssl=1",920,400,true],"woocommerce_thumbnail":["https:\/\/i0.wp.com\/www.joyana.fr\/wp-content\/uploads\/2024\/02\/RIKIRO-KUROSAKI-DRAWING_2.jpg?resize=450%2C450&ssl=1",450,450,true],"woocommerce_single":["https:\/\/i0.wp.com\/www.joyana.fr\/wp-content\/uploads\/2024\/02\/RIKIRO-KUROSAKI-DRAWING_2.jpg?fit=920%2C1317&ssl=1",920,1317,true],"woocommerce_gallery_thumbnail":["https:\/\/i0.wp.com\/www.joyana.fr\/wp-content\/uploads\/2024\/02\/RIKIRO-KUROSAKI-DRAWING_2.jpg?resize=180%2C180&ssl=1",180,180,true],"sow-carousel-default":["https:\/\/i0.wp.com\/www.joyana.fr\/wp-content\/uploads\/2024\/02\/RIKIRO-KUROSAKI-DRAWING_2.jpg?resize=272%2C182&ssl=1",272,182,true]},"post_excerpt_stackable_v2":"<p>Title: DRAWING_2<\/p>\n<p>Size: 36,4&#215;51,5cm (without frame)<\/p>\n<p>Pencil, acrylic gouache, pen on paper<\/p>\n<p>Framed with museum glass<\/p>\n","category_list_v2":"","author_info_v2":{"name":"makita","url":"https:\/\/www.joyana.fr\/en\/author\/makita\/"},"comments_num_v2":"0 comments","yoast_head":"<!-- This site is optimized with the Yoast SEO plugin v26.8 - https:\/\/yoast.com\/product\/yoast-seo-wordpress\/ -->\n<title>DRAWING_2 - DRAWING_2 -  - RIKITO KUROSAKI[:] - JO YANA<\/title>\n<meta name=\"robots\" content=\"index, follow, max-snippet:-1, max-image-preview:large, max-video-preview:-1\" \/>\n<link rel=\"canonical\" href=\"https:\/\/www.joyana.fr\/en\/gallery\/drawing_2-rikito-kurosaki\/\" \/>\n<meta property=\"og:locale\" content=\"en_US\" \/>\n<meta property=\"og:locale:alternate\" content=\"fr_FR\" \/>\n<meta property=\"og:locale:alternate\" content=\"ja\" \/>\n<meta property=\"og:type\" content=\"article\" \/>\n<meta property=\"og:title\" content=\"DRAWING_2 - RIKITO KUROSAKI\" \/>\n<meta property=\"og:description\" content=\"Title: DRAWING_2  Size: 36,4x51,5cm (without frame)  Pencil, acrylic gouache, pen on paper  Framed with museum glass\" \/>\n<meta property=\"og:url\" content=\"https:\/\/www.joyana.fr\/en\/gallery\/drawing_2-rikito-kurosaki\/\" \/>\n<meta property=\"og:site_name\" content=\"JO YANA\" \/>\n<meta property=\"article:modified_time\" content=\"2024-02-20T14:37:08+00:00\" \/>\n<meta property=\"og:image\" content=\"https:\/\/i0.wp.com\/www.joyana.fr\/wp-content\/uploads\/2024\/02\/RIKIRO-KUROSAKI-DRAWING_2.jpg?fit=1403%2C2009&ssl=1\" \/>\n\t<meta property=\"og:image:width\" content=\"1403\" \/>\n\t<meta property=\"og:image:height\" content=\"2009\" \/>\n\t<meta property=\"og:image:type\" content=\"image\/jpeg\" \/>\n<meta name=\"twitter:card\" content=\"summary_large_image\" \/>\n<meta name=\"twitter:site\" content=\"@Jo_Yana\" \/>\n<meta name=\"twitter:label1\" content=\"Est. reading time\" \/>\n\t<meta name=\"twitter:data1\" content=\"1 minute\" \/>\n<script type=\"application\/ld+json\" class=\"yoast-schema-graph\">{\"@context\":\"https:\/\/schema.org\",\"@graph\":[{\"@type\":\"WebPage\",\"@id\":\"https:\/\/www.joyana.fr\/gallery\/drawing_2-rikito-kurosaki\/\",\"url\":\"https:\/\/www.joyana.fr\/gallery\/drawing_2-rikito-kurosaki\/\",\"name\":\"DRAWING_2 - RIKITO KUROSAKI\",\"isPartOf\":{\"@id\":\"https:\/\/www.joyana.fr\/#website\"},\"primaryImageOfPage\":{\"@id\":\"https:\/\/www.joyana.fr\/gallery\/drawing_2-rikito-kurosaki\/#primaryimage\"},\"image\":{\"@id\":\"https:\/\/www.joyana.fr\/gallery\/drawing_2-rikito-kurosaki\/#primaryimage\"},\"thumbnailUrl\":\"https:\/\/i0.wp.com\/www.joyana.fr\/wp-content\/uploads\/2024\/02\/RIKIRO-KUROSAKI-DRAWING_2.jpg?fit=1403%2C2009&ssl=1\",\"datePublished\":\"2024-02-20T13:09:41+00:00\",\"dateModified\":\"2024-02-20T14:37:08+00:00\",\"breadcrumb\":{\"@id\":\"https:\/\/www.joyana.fr\/gallery\/drawing_2-rikito-kurosaki\/#breadcrumb\"},\"inLanguage\":\"en-US\",\"potentialAction\":[{\"@type\":\"ReadAction\",\"target\":[\"https:\/\/www.joyana.fr\/gallery\/drawing_2-rikito-kurosaki\/\"]}]},{\"@type\":\"ImageObject\",\"inLanguage\":\"en-US\",\"@id\":\"https:\/\/www.joyana.fr\/gallery\/drawing_2-rikito-kurosaki\/#primaryimage\",\"url\":\"https:\/\/i0.wp.com\/www.joyana.fr\/wp-content\/uploads\/2024\/02\/RIKIRO-KUROSAKI-DRAWING_2.jpg?fit=1403%2C2009&ssl=1\",\"contentUrl\":\"https:\/\/i0.wp.com\/www.joyana.fr\/wp-content\/uploads\/2024\/02\/RIKIRO-KUROSAKI-DRAWING_2.jpg?fit=1403%2C2009&ssl=1\",\"width\":1403,\"height\":2009},{\"@type\":\"BreadcrumbList\",\"@id\":\"https:\/\/www.joyana.fr\/gallery\/drawing_2-rikito-kurosaki\/#breadcrumb\",\"itemListElement\":[{\"@type\":\"ListItem\",\"position\":1,\"name\":\"Accueil\",\"item\":\"https:\/\/www.joyana.fr\/\"},{\"@type\":\"ListItem\",\"position\":2,\"name\":\"GALLERY JO YANA\",\"item\":\"https:\/\/www.joyana.fr\/ja\/artgallery\/\"},{\"@type\":\"ListItem\",\"position\":3,\"name\":\"DRAWING_2 &#8211; RIKITO KUROSAKI\"}]},{\"@type\":\"WebSite\",\"@id\":\"https:\/\/www.joyana.fr\/#website\",\"url\":\"https:\/\/www.joyana.fr\/\",\"name\":\"JO YANA\",\"description\":\"Blog Mode Homme, Lifestyle, D\u00e9co-Design\",\"publisher\":{\"@id\":\"https:\/\/www.joyana.fr\/#\/schema\/person\/cf2a1ad12a27c12c21801075bf37407c\"},\"potentialAction\":[{\"@type\":\"SearchAction\",\"target\":{\"@type\":\"EntryPoint\",\"urlTemplate\":\"https:\/\/www.joyana.fr\/?s={search_term_string}\"},\"query-input\":{\"@type\":\"PropertyValueSpecification\",\"valueRequired\":true,\"valueName\":\"search_term_string\"}}],\"inLanguage\":\"en-US\"},{\"@type\":[\"Person\",\"Organization\"],\"@id\":\"https:\/\/www.joyana.fr\/#\/schema\/person\/cf2a1ad12a27c12c21801075bf37407c\",\"name\":\"Jo Yana\",\"image\":{\"@type\":\"ImageObject\",\"inLanguage\":\"en-US\",\"@id\":\"https:\/\/www.joyana.fr\/#\/schema\/person\/image\/\",\"url\":\"https:\/\/i0.wp.com\/www.joyana.fr\/wp-content\/uploads\/2016\/08\/cropped-joyana-logo-black-360x180.png?fit=343%2C164&ssl=1\",\"contentUrl\":\"https:\/\/i0.wp.com\/www.joyana.fr\/wp-content\/uploads\/2016\/08\/cropped-joyana-logo-black-360x180.png?fit=343%2C164&ssl=1\",\"width\":343,\"height\":164,\"caption\":\"Jo Yana\"},\"logo\":{\"@id\":\"https:\/\/www.joyana.fr\/#\/schema\/person\/image\/\"},\"description\":\"Jo Yana est le cr\u00e9ateur et r\u00e9dacteur en chef des sites DECO-DESIGN. Passionn\u00e9 de Design, Mode, Photo, Luxe, Lifestyle, Musique, mais avant tout Blogueur ! Le plaisir de partager l'anime et a comme devise \\\"POUR L'AMOUR DU BEAU\\\". Retrouvez le aussi sur son blog personnel - https:\/\/joyana.fr...\",\"sameAs\":[\"https:\/\/joyana.fr\/\"]}]}<\/script>\n<!-- \/ Yoast SEO plugin. -->","yoast_head_json":{"title":"DRAWING_2 - DRAWING_2 -  - RIKITO KUROSAKI[:] - JO YANA","robots":{"index":"index","follow":"follow","max-snippet":"max-snippet:-1","max-image-preview":"max-image-preview:large","max-video-preview":"max-video-preview:-1"},"canonical":"https:\/\/www.joyana.fr\/en\/gallery\/drawing_2-rikito-kurosaki\/","og_locale":"en_US","og_type":"article","og_title":"[:fr]DRAWING_2 - RIKITO KUROSAKI[:en]DRAWING_2 - RIKITO KUROSAKI[:ja]DRAWING_2 - RIKITO KUROSAKI[:] - JO YANA","og_description":"Title: DRAWING_2  Size: 36,4x51,5cm (without frame)  Pencil, acrylic gouache, pen on paper  Framed with museum glass","og_url":"https:\/\/www.joyana.fr\/en\/gallery\/drawing_2-rikito-kurosaki\/","og_site_name":"JO YANA","article_modified_time":"2024-02-20T14:37:08+00:00","og_image":[{"width":1403,"height":2009,"url":"https:\/\/i0.wp.com\/www.joyana.fr\/wp-content\/uploads\/2024\/02\/RIKIRO-KUROSAKI-DRAWING_2.jpg?fit=1403%2C2009&ssl=1","type":"image\/jpeg"}],"twitter_card":"summary_large_image","twitter_site":"@Jo_Yana","twitter_misc":{"Est. reading time":"1 minute"},"schema":{"@context":"https:\/\/schema.org","@graph":[{"@type":"WebPage","@id":"https:\/\/www.joyana.fr\/gallery\/drawing_2-rikito-kurosaki\/","url":"https:\/\/www.joyana.fr\/gallery\/drawing_2-rikito-kurosaki\/","name":"DRAWING_2 - RIKITO KUROSAKI","isPartOf":{"@id":"https:\/\/www.joyana.fr\/#website"},"primaryImageOfPage":{"@id":"https:\/\/www.joyana.fr\/gallery\/drawing_2-rikito-kurosaki\/#primaryimage"},"image":{"@id":"https:\/\/www.joyana.fr\/gallery\/drawing_2-rikito-kurosaki\/#primaryimage"},"thumbnailUrl":"https:\/\/i0.wp.com\/www.joyana.fr\/wp-content\/uploads\/2024\/02\/RIKIRO-KUROSAKI-DRAWING_2.jpg?fit=1403%2C2009&ssl=1","datePublished":"2024-02-20T13:09:41+00:00","dateModified":"2024-02-20T14:37:08+00:00","breadcrumb":{"@id":"https:\/\/www.joyana.fr\/gallery\/drawing_2-rikito-kurosaki\/#breadcrumb"},"inLanguage":"en-US","potentialAction":[{"@type":"ReadAction","target":["https:\/\/www.joyana.fr\/gallery\/drawing_2-rikito-kurosaki\/"]}]},{"@type":"ImageObject","inLanguage":"en-US","@id":"https:\/\/www.joyana.fr\/gallery\/drawing_2-rikito-kurosaki\/#primaryimage","url":"https:\/\/i0.wp.com\/www.joyana.fr\/wp-content\/uploads\/2024\/02\/RIKIRO-KUROSAKI-DRAWING_2.jpg?fit=1403%2C2009&ssl=1","contentUrl":"https:\/\/i0.wp.com\/www.joyana.fr\/wp-content\/uploads\/2024\/02\/RIKIRO-KUROSAKI-DRAWING_2.jpg?fit=1403%2C2009&ssl=1","width":1403,"height":2009},{"@type":"BreadcrumbList","@id":"https:\/\/www.joyana.fr\/gallery\/drawing_2-rikito-kurosaki\/#breadcrumb","itemListElement":[{"@type":"ListItem","position":1,"name":"Accueil","item":"https:\/\/www.joyana.fr\/"},{"@type":"ListItem","position":2,"name":"GALLERY JO YANA","item":"https:\/\/www.joyana.fr\/ja\/artgallery\/"},{"@type":"ListItem","position":3,"name":"DRAWING_2 &#8211; RIKITO KUROSAKI"}]},{"@type":"WebSite","@id":"https:\/\/www.joyana.fr\/#website","url":"https:\/\/www.joyana.fr\/","name":"JO YANA","description":"Blog Mode Homme, Lifestyle, D\u00e9co-Design","publisher":{"@id":"https:\/\/www.joyana.fr\/#\/schema\/person\/cf2a1ad12a27c12c21801075bf37407c"},"potentialAction":[{"@type":"SearchAction","target":{"@type":"EntryPoint","urlTemplate":"https:\/\/www.joyana.fr\/?s={search_term_string}"},"query-input":{"@type":"PropertyValueSpecification","valueRequired":true,"valueName":"search_term_string"}}],"inLanguage":"en-US"},{"@type":["Person","Organization"],"@id":"https:\/\/www.joyana.fr\/#\/schema\/person\/cf2a1ad12a27c12c21801075bf37407c","name":"Jo Yana","image":{"@type":"ImageObject","inLanguage":"en-US","@id":"https:\/\/www.joyana.fr\/#\/schema\/person\/image\/","url":"https:\/\/i0.wp.com\/www.joyana.fr\/wp-content\/uploads\/2016\/08\/cropped-joyana-logo-black-360x180.png?fit=343%2C164&ssl=1","contentUrl":"https:\/\/i0.wp.com\/www.joyana.fr\/wp-content\/uploads\/2016\/08\/cropped-joyana-logo-black-360x180.png?fit=343%2C164&ssl=1","width":343,"height":164,"caption":"Jo Yana"},"logo":{"@id":"https:\/\/www.joyana.fr\/#\/schema\/person\/image\/"},"description":"Jo Yana est le cr\u00e9ateur et r\u00e9dacteur en chef des sites DECO-DESIGN. Passionn\u00e9 de Design, Mode, Photo, Luxe, Lifestyle, Musique, mais avant tout Blogueur ! Le plaisir de partager l'anime et a comme devise \"POUR L'AMOUR DU BEAU\". Retrouvez le aussi sur son blog personnel - https:\/\/joyana.fr...","sameAs":["https:\/\/joyana.fr\/"]}]}},"uagb_featured_image_src":{"full":["https:\/\/i0.wp.com\/www.joyana.fr\/wp-content\/uploads\/2024\/02\/RIKIRO-KUROSAKI-DRAWING_2.jpg?fit=1403%2C2009&ssl=1",1403,2009,false],"thumbnail":["https:\/\/i0.wp.com\/www.joyana.fr\/wp-content\/uploads\/2024\/02\/RIKIRO-KUROSAKI-DRAWING_2.jpg?resize=150%2C150&ssl=1",150,150,true],"medium":["https:\/\/i0.wp.com\/www.joyana.fr\/wp-content\/uploads\/2024\/02\/RIKIRO-KUROSAKI-DRAWING_2.jpg?fit=272%2C389&ssl=1",272,389,true],"medium_large":["https:\/\/i0.wp.com\/www.joyana.fr\/wp-content\/uploads\/2024\/02\/RIKIRO-KUROSAKI-DRAWING_2.jpg?fit=768%2C1100&ssl=1",768,1100,true],"large":["https:\/\/i0.wp.com\/www.joyana.fr\/wp-content\/uploads\/2024\/02\/RIKIRO-KUROSAKI-DRAWING_2.jpg?fit=715%2C1024&ssl=1",715,1024,true],"1536x1536":["https:\/\/i0.wp.com\/www.joyana.fr\/wp-content\/uploads\/2024\/02\/RIKIRO-KUROSAKI-DRAWING_2.jpg?fit=1073%2C1536&ssl=1",1073,1536,true],"2048x2048":["https:\/\/i0.wp.com\/www.joyana.fr\/wp-content\/uploads\/2024\/02\/RIKIRO-KUROSAKI-DRAWING_2.jpg?fit=1403%2C2009&ssl=1",1403,2009,true],"featured-thumb":["https:\/\/i0.wp.com\/www.joyana.fr\/wp-content\/uploads\/2024\/02\/RIKIRO-KUROSAKI-DRAWING_2.jpg?resize=1403%2C750&ssl=1",1403,750,true],"ab-block-post-grid-landscape":["https:\/\/i0.wp.com\/www.joyana.fr\/wp-content\/uploads\/2024\/02\/RIKIRO-KUROSAKI-DRAWING_2.jpg?resize=600%2C400&ssl=1",600,400,true],"ab-block-post-grid-square":["https:\/\/i0.wp.com\/www.joyana.fr\/wp-content\/uploads\/2024\/02\/RIKIRO-KUROSAKI-DRAWING_2.jpg?resize=600%2C600&ssl=1",600,600,true],"author-pro-image":["https:\/\/i0.wp.com\/www.joyana.fr\/wp-content\/uploads\/2024\/02\/RIKIRO-KUROSAKI-DRAWING_2.jpg?resize=360%2C570&ssl=1",360,570,true],"slider":["https:\/\/i0.wp.com\/www.joyana.fr\/wp-content\/uploads\/2024\/02\/RIKIRO-KUROSAKI-DRAWING_2.jpg?resize=920%2C400&ssl=1",920,400,true],"woocommerce_thumbnail":["https:\/\/i0.wp.com\/www.joyana.fr\/wp-content\/uploads\/2024\/02\/RIKIRO-KUROSAKI-DRAWING_2.jpg?resize=450%2C450&ssl=1",450,450,true],"woocommerce_single":["https:\/\/i0.wp.com\/www.joyana.fr\/wp-content\/uploads\/2024\/02\/RIKIRO-KUROSAKI-DRAWING_2.jpg?fit=920%2C1317&ssl=1",920,1317,true],"woocommerce_gallery_thumbnail":["https:\/\/i0.wp.com\/www.joyana.fr\/wp-content\/uploads\/2024\/02\/RIKIRO-KUROSAKI-DRAWING_2.jpg?resize=180%2C180&ssl=1",180,180,true],"sow-carousel-default":["https:\/\/i0.wp.com\/www.joyana.fr\/wp-content\/uploads\/2024\/02\/RIKIRO-KUROSAKI-DRAWING_2.jpg?resize=272%2C182&ssl=1",272,182,true]},"uagb_author_info":{"display_name":"makita","author_link":"https:\/\/www.joyana.fr\/en\/author\/makita\/"},"uagb_comment_info":0,"uagb_excerpt":"Title: DRAWING_2 Size: 36,4x51,5cm (without frame) Pencil, acrylic gouache, pen on paper Framed with museum glass","featured_img":"https:\/\/www.joyana.fr\/wp-content\/uploads\/2024\/02\/RIKIRO-KUROSAKI-DRAWING_2.jpg","coauthors":[],"author_meta":{"author_link":"https:\/\/www.joyana.fr\/en\/author\/makita\/","display_name":"makita"},"relative_dates":{"created":"Posted 2 years ago","modified":"Updated 2 years ago"},"absolute_dates":{"created":"Posted on 20 February 2024","modified":"Updated on 20 February 2024"},"absolute_dates_time":{"created":"Posted on 20 February 2024 15:09","modified":"Updated on 20 February 2024 16:37"},"featured_img_caption":"","tax_additional":{"product_type":{"linked":["<a href=\"https:\/\/www.joyana.fr\/en\/?taxonomy=product_type&#038;term=simple\" class=\"advgb-post-tax-term\">simple<\/a>"],"unlinked":["<span class=\"advgb-post-tax-term\">simple<\/span>"],"slug":"product_type","name":"Product type"},"product_visibility":{"linked":[],"unlinked":[],"slug":"product_visibility","name":"Product visibility"},"product_cat":{"linked":["<a href=\"https:\/\/www.joyana.fr\/en\/artgallery\/oeuvres\/oeuvres-disponibles\/dessin-oeuvres-disponibles\/\" class=\"advgb-post-tax-term\">Dessin<\/a>","<a href=\"https:\/\/www.joyana.fr\/en\/artgallery\/oeuvres\/\" class=\"advgb-post-tax-term\">PIECES OF ART<\/a>","<a href=\"https:\/\/www.joyana.fr\/en\/artgallery\/nos-artistes\/rikito-kurosaki\/\" class=\"advgb-post-tax-term\">RIKITO KUROSAKI<\/a>","<a href=\"https:\/\/www.joyana.fr\/en\/artgallery\/oeuvres\/oeuvres-disponibles\/\" class=\"advgb-post-tax-term\">\u0152uvres disponibles<\/a>"],"unlinked":["<span class=\"advgb-post-tax-term\">Dessin<\/span>","<span class=\"advgb-post-tax-term\">PIECES OF ART<\/span>","<span class=\"advgb-post-tax-term\">RIKITO KUROSAKI<\/span>","<span class=\"advgb-post-tax-term\">\u0152uvres disponibles<\/span>"],"slug":"product_cat","name":"Product categories"},"product_tag":{"linked":["<a href=\"https:\/\/www.joyana.fr\/en\/etiquette-produit\/art-japonais\/\" class=\"advgb-post-tax-term\">Art Japonais<\/a>","<a href=\"https:\/\/www.joyana.fr\/en\/etiquette-produit\/gallery-jo-yana\/\" class=\"advgb-post-tax-term\">Gallery Jo Yana<\/a>","<a href=\"https:\/\/www.joyana.fr\/en\/etiquette-produit\/rikito-kurosaki\/\" class=\"advgb-post-tax-term\">RIKITO KUROSAKI<\/a>"],"unlinked":["<span class=\"advgb-post-tax-term\">Art Japonais<\/span>","<span class=\"advgb-post-tax-term\">Gallery Jo Yana<\/span>","<span class=\"advgb-post-tax-term\">RIKITO KUROSAKI<\/span>"],"slug":"product_tag","name":"Product tags"},"product_shipping_class":{"linked":[],"unlinked":[],"slug":"product_shipping_class","name":"Product shipping classes"},"pa_color":{"linked":[],"unlinked":[],"slug":"pa_color","name":"Product Colors"},"pa_frhoraires":{"linked":[],"unlinked":[],"slug":"pa_frhoraires","name":"Product Horaires"}},"series_order":"","jetpack_sharing_enabled":true,"jetpack-related-posts":[],"_links":{"self":[{"href":"https:\/\/www.joyana.fr\/en\/wp-json\/wp\/v2\/product\/149353","targetHints":{"allow":["GET"]}}],"collection":[{"href":"https:\/\/www.joyana.fr\/en\/wp-json\/wp\/v2\/product"}],"about":[{"href":"https:\/\/www.joyana.fr\/en\/wp-json\/wp\/v2\/types\/product"}],"wp:featuredmedia":[{"embeddable":true,"href":"https:\/\/www.joyana.fr\/en\/wp-json\/wp\/v2\/media\/149318"}],"wp:attachment":[{"href":"https:\/\/www.joyana.fr\/en\/wp-json\/wp\/v2\/media?parent=149353"}],"wp:term":[{"taxonomy":"product_cat","embeddable":true,"href":"https:\/\/www.joyana.fr\/en\/wp-json\/wp\/v2\/product_cat?post=149353"},{"taxonomy":"product_tag","embeddable":true,"href":"https:\/\/www.joyana.fr\/en\/wp-json\/wp\/v2\/product_tag?post=149353"}],"curies":[{"name":"wp","href":"https:\/\/api.w.org\/{rel}","templated":true}]}}