{"id":149343,"date":"2024-02-20T13:01:40","date_gmt":"2024-02-20T11:01:40","guid":{"rendered":"https:\/\/joyana.fr\/en\/?post_type=product&#038;p=149343"},"modified":"2024-02-20T17:13:19","modified_gmt":"2024-02-20T15:13:19","slug":"untitled-tomokazu-komiya","status":"publish","type":"product","link":"https:\/\/www.joyana.fr\/en\/gallery\/untitled-tomokazu-komiya\/","title":{"rendered":"UNTITLED &#8211; TOMOKAZU KOMIYA"},"content":{"rendered":"<p>About TOMOKAZU KOMIYA:<\/p>\n<p>TOMOKAZU KOMIYA is a Japanese illustrator, known for having illustrated Pokemon cards. In his art, he often exaggerates the features of his characters, particularly their facial and body proportions. Inspired by primitivism, his works are striking by their unique color choices, visible brushstrokes and almost childish style.<\/p>\n","protected":false},"excerpt":{"rendered":"<p>Title: UNTITLED<\/p>\n<p>Size: 74x54cm (without frame)<\/p>\n<p>Acrylic and magic acrylic pen on canvas<\/p>\n<p>Framed with museum glass<\/p>\n","protected":false},"author":615,"featured_media":149345,"template":"","meta":{"_coblocks_attr":"","_coblocks_dimensions":"","_coblocks_responsive_height":"","_coblocks_accordion_ie_support":"","_uag_custom_page_level_css":"","advgb_blocks_editor_width":"","advgb_blocks_columns_visual_guide":"","_genesis_hide_title":false,"_genesis_hide_breadcrumbs":false,"_genesis_hide_singular_image":false,"_genesis_hide_footer_widgets":false,"_genesis_custom_body_class":"","_genesis_custom_post_class":"","_genesis_layout":"","_themeisle_gutenberg_block_has_review":false},"product_cat":[5421,5259,5409,5258],"product_tag":[5310,5121],"class_list":{"0":"post-149343","1":"product","2":"type-product","3":"status-publish","4":"has-post-thumbnail","6":"product_cat-oeuvres-sur-demande","7":"product_cat-toile","8":"product_cat-tomokazu-komiya","9":"product_cat-oeuvres-disponibles","10":"product_tag-art-japonais","11":"product_tag-gallery-jo-yana","12":"entry","14":"first","15":"instock","16":"shipping-taxable","17":"product-type-simple"},"featured_image_urls":{"full":["https:\/\/i0.wp.com\/www.joyana.fr\/wp-content\/uploads\/2024\/02\/TOMAKAZU-KOMIYA-UNTITLED.jpg?fit=564%2C774&ssl=1",564,774,false],"thumbnail":["https:\/\/i0.wp.com\/www.joyana.fr\/wp-content\/uploads\/2024\/02\/TOMAKAZU-KOMIYA-UNTITLED.jpg?resize=150%2C150&ssl=1",150,150,true],"medium":["https:\/\/i0.wp.com\/www.joyana.fr\/wp-content\/uploads\/2024\/02\/TOMAKAZU-KOMIYA-UNTITLED.jpg?fit=283%2C389&ssl=1",283,389,true],"medium_large":["https:\/\/i0.wp.com\/www.joyana.fr\/wp-content\/uploads\/2024\/02\/TOMAKAZU-KOMIYA-UNTITLED.jpg?fit=564%2C774&ssl=1",564,774,true],"large":["https:\/\/i0.wp.com\/www.joyana.fr\/wp-content\/uploads\/2024\/02\/TOMAKAZU-KOMIYA-UNTITLED.jpg?fit=564%2C774&ssl=1",564,774,true],"1536x1536":["https:\/\/i0.wp.com\/www.joyana.fr\/wp-content\/uploads\/2024\/02\/TOMAKAZU-KOMIYA-UNTITLED.jpg?fit=564%2C774&ssl=1",564,774,true],"2048x2048":["https:\/\/i0.wp.com\/www.joyana.fr\/wp-content\/uploads\/2024\/02\/TOMAKAZU-KOMIYA-UNTITLED.jpg?fit=564%2C774&ssl=1",564,774,true],"featured-thumb":["https:\/\/i0.wp.com\/www.joyana.fr\/wp-content\/uploads\/2024\/02\/TOMAKAZU-KOMIYA-UNTITLED.jpg?resize=564%2C750&ssl=1",564,750,true],"ab-block-post-grid-landscape":["https:\/\/i0.wp.com\/www.joyana.fr\/wp-content\/uploads\/2024\/02\/TOMAKAZU-KOMIYA-UNTITLED.jpg?resize=564%2C400&ssl=1",564,400,true],"ab-block-post-grid-square":["https:\/\/i0.wp.com\/www.joyana.fr\/wp-content\/uploads\/2024\/02\/TOMAKAZU-KOMIYA-UNTITLED.jpg?resize=564%2C600&ssl=1",564,600,true],"author-pro-image":["https:\/\/i0.wp.com\/www.joyana.fr\/wp-content\/uploads\/2024\/02\/TOMAKAZU-KOMIYA-UNTITLED.jpg?resize=360%2C570&ssl=1",360,570,true],"slider":["https:\/\/i0.wp.com\/www.joyana.fr\/wp-content\/uploads\/2024\/02\/TOMAKAZU-KOMIYA-UNTITLED.jpg?resize=564%2C400&ssl=1",564,400,true],"woocommerce_thumbnail":["https:\/\/i0.wp.com\/www.joyana.fr\/wp-content\/uploads\/2024\/02\/TOMAKAZU-KOMIYA-UNTITLED.jpg?resize=450%2C450&ssl=1",450,450,true],"woocommerce_single":["https:\/\/i0.wp.com\/www.joyana.fr\/wp-content\/uploads\/2024\/02\/TOMAKAZU-KOMIYA-UNTITLED.jpg?fit=564%2C774&ssl=1",564,774,true],"woocommerce_gallery_thumbnail":["https:\/\/i0.wp.com\/www.joyana.fr\/wp-content\/uploads\/2024\/02\/TOMAKAZU-KOMIYA-UNTITLED.jpg?resize=180%2C180&ssl=1",180,180,true],"sow-carousel-default":["https:\/\/i0.wp.com\/www.joyana.fr\/wp-content\/uploads\/2024\/02\/TOMAKAZU-KOMIYA-UNTITLED.jpg?resize=272%2C182&ssl=1",272,182,true]},"post_excerpt_stackable":"<p>Title: UNTITLED<\/p>\n<p>Size: 74x54cm (without frame)<\/p>\n<p>Acrylic and magic acrylic pen on canvas<\/p>\n<p>Framed with museum glass<\/p>\n","category_list":"","author_info":{"name":"makita","url":"https:\/\/www.joyana.fr\/en\/author\/makita\/"},"comments_num":"0 comments","featured_image_urls_v2":{"full":["https:\/\/i0.wp.com\/www.joyana.fr\/wp-content\/uploads\/2024\/02\/TOMAKAZU-KOMIYA-UNTITLED.jpg?fit=564%2C774&ssl=1",564,774,false],"thumbnail":["https:\/\/i0.wp.com\/www.joyana.fr\/wp-content\/uploads\/2024\/02\/TOMAKAZU-KOMIYA-UNTITLED.jpg?resize=150%2C150&ssl=1",150,150,true],"medium":["https:\/\/i0.wp.com\/www.joyana.fr\/wp-content\/uploads\/2024\/02\/TOMAKAZU-KOMIYA-UNTITLED.jpg?fit=283%2C389&ssl=1",283,389,true],"medium_large":["https:\/\/i0.wp.com\/www.joyana.fr\/wp-content\/uploads\/2024\/02\/TOMAKAZU-KOMIYA-UNTITLED.jpg?fit=564%2C774&ssl=1",564,774,true],"large":["https:\/\/i0.wp.com\/www.joyana.fr\/wp-content\/uploads\/2024\/02\/TOMAKAZU-KOMIYA-UNTITLED.jpg?fit=564%2C774&ssl=1",564,774,true],"1536x1536":["https:\/\/i0.wp.com\/www.joyana.fr\/wp-content\/uploads\/2024\/02\/TOMAKAZU-KOMIYA-UNTITLED.jpg?fit=564%2C774&ssl=1",564,774,true],"2048x2048":["https:\/\/i0.wp.com\/www.joyana.fr\/wp-content\/uploads\/2024\/02\/TOMAKAZU-KOMIYA-UNTITLED.jpg?fit=564%2C774&ssl=1",564,774,true],"featured-thumb":["https:\/\/i0.wp.com\/www.joyana.fr\/wp-content\/uploads\/2024\/02\/TOMAKAZU-KOMIYA-UNTITLED.jpg?resize=564%2C750&ssl=1",564,750,true],"ab-block-post-grid-landscape":["https:\/\/i0.wp.com\/www.joyana.fr\/wp-content\/uploads\/2024\/02\/TOMAKAZU-KOMIYA-UNTITLED.jpg?resize=564%2C400&ssl=1",564,400,true],"ab-block-post-grid-square":["https:\/\/i0.wp.com\/www.joyana.fr\/wp-content\/uploads\/2024\/02\/TOMAKAZU-KOMIYA-UNTITLED.jpg?resize=564%2C600&ssl=1",564,600,true],"author-pro-image":["https:\/\/i0.wp.com\/www.joyana.fr\/wp-content\/uploads\/2024\/02\/TOMAKAZU-KOMIYA-UNTITLED.jpg?resize=360%2C570&ssl=1",360,570,true],"slider":["https:\/\/i0.wp.com\/www.joyana.fr\/wp-content\/uploads\/2024\/02\/TOMAKAZU-KOMIYA-UNTITLED.jpg?resize=564%2C400&ssl=1",564,400,true],"woocommerce_thumbnail":["https:\/\/i0.wp.com\/www.joyana.fr\/wp-content\/uploads\/2024\/02\/TOMAKAZU-KOMIYA-UNTITLED.jpg?resize=450%2C450&ssl=1",450,450,true],"woocommerce_single":["https:\/\/i0.wp.com\/www.joyana.fr\/wp-content\/uploads\/2024\/02\/TOMAKAZU-KOMIYA-UNTITLED.jpg?fit=564%2C774&ssl=1",564,774,true],"woocommerce_gallery_thumbnail":["https:\/\/i0.wp.com\/www.joyana.fr\/wp-content\/uploads\/2024\/02\/TOMAKAZU-KOMIYA-UNTITLED.jpg?resize=180%2C180&ssl=1",180,180,true],"sow-carousel-default":["https:\/\/i0.wp.com\/www.joyana.fr\/wp-content\/uploads\/2024\/02\/TOMAKAZU-KOMIYA-UNTITLED.jpg?resize=272%2C182&ssl=1",272,182,true]},"post_excerpt_stackable_v2":"<p>Title: UNTITLED<\/p>\n<p>Size: 74x54cm (without frame)<\/p>\n<p>Acrylic and magic acrylic pen on canvas<\/p>\n<p>Framed with museum glass<\/p>\n","category_list_v2":"","author_info_v2":{"name":"makita","url":"https:\/\/www.joyana.fr\/en\/author\/makita\/"},"comments_num_v2":"0 comments","yoast_head":"<!-- This site is optimized with the Yoast SEO plugin v26.8 - https:\/\/yoast.com\/product\/yoast-seo-wordpress\/ -->\n<title>UNTITLED - UNTITLED -  - TOMOKAZU KOMIYA[:] - JO YANA<\/title>\n<meta name=\"robots\" content=\"index, follow, max-snippet:-1, max-image-preview:large, max-video-preview:-1\" \/>\n<link rel=\"canonical\" href=\"https:\/\/joyana.fr\/en\/gallery\/untitled-tomokazu-komiya\/\" \/>\n<meta property=\"og:locale\" content=\"en_US\" \/>\n<meta property=\"og:locale:alternate\" content=\"fr_FR\" \/>\n<meta property=\"og:locale:alternate\" content=\"ja\" \/>\n<meta property=\"og:type\" content=\"article\" \/>\n<meta property=\"og:title\" content=\"UNTITLED - TOMOKAZU KOMIYA\" \/>\n<meta property=\"og:description\" content=\"Title: UNTITLED  Size: 74x54cm (without frame)  Acrylic and magic acrylic pen on canvas  Framed with museum glass\" \/>\n<meta property=\"og:url\" content=\"https:\/\/www.joyana.fr\/en\/gallery\/untitled-tomokazu-komiya\/\" \/>\n<meta property=\"og:site_name\" content=\"JO YANA\" \/>\n<meta property=\"article:modified_time\" content=\"2024-02-20T15:13:19+00:00\" \/>\n<meta property=\"og:image\" content=\"https:\/\/i0.wp.com\/joyana.fr\/wp-content\/uploads\/2024\/02\/TOMAKAZU-KOMIYA-UNTITLED.jpg?fit=564%2C774&ssl=1\" \/>\n\t<meta property=\"og:image:width\" content=\"564\" \/>\n\t<meta property=\"og:image:height\" content=\"774\" \/>\n\t<meta property=\"og:image:type\" content=\"image\/jpeg\" \/>\n<meta name=\"twitter:card\" content=\"summary_large_image\" \/>\n<meta name=\"twitter:site\" content=\"@Jo_Yana\" \/>\n<meta name=\"twitter:label1\" content=\"Est. reading time\" \/>\n\t<meta name=\"twitter:data1\" content=\"1 minute\" \/>\n<script type=\"application\/ld+json\" class=\"yoast-schema-graph\">{\"@context\":\"https:\/\/schema.org\",\"@graph\":[{\"@type\":\"WebPage\",\"@id\":\"https:\/\/joyana.fr\/en\/gallery\/untitled-tomokazu-komiya\/\",\"url\":\"https:\/\/joyana.fr\/en\/gallery\/untitled-tomokazu-komiya\/\",\"name\":\"UNTITLED - TOMOKAZU KOMIYA\",\"isPartOf\":{\"@id\":\"https:\/\/joyana.fr\/en\/#website\"},\"primaryImageOfPage\":{\"@id\":\"https:\/\/joyana.fr\/en\/gallery\/untitled-tomokazu-komiya\/#primaryimage\"},\"image\":{\"@id\":\"https:\/\/joyana.fr\/en\/gallery\/untitled-tomokazu-komiya\/#primaryimage\"},\"thumbnailUrl\":\"https:\/\/i0.wp.com\/www.joyana.fr\/wp-content\/uploads\/2024\/02\/TOMAKAZU-KOMIYA-UNTITLED.jpg?fit=564%2C774&ssl=1\",\"datePublished\":\"2024-02-20T11:01:40+00:00\",\"dateModified\":\"2024-02-20T15:13:19+00:00\",\"breadcrumb\":{\"@id\":\"https:\/\/joyana.fr\/en\/gallery\/untitled-tomokazu-komiya\/#breadcrumb\"},\"inLanguage\":\"en-US\",\"potentialAction\":[{\"@type\":\"ReadAction\",\"target\":[\"https:\/\/joyana.fr\/en\/gallery\/untitled-tomokazu-komiya\/\"]}]},{\"@type\":\"ImageObject\",\"inLanguage\":\"en-US\",\"@id\":\"https:\/\/joyana.fr\/en\/gallery\/untitled-tomokazu-komiya\/#primaryimage\",\"url\":\"https:\/\/i0.wp.com\/www.joyana.fr\/wp-content\/uploads\/2024\/02\/TOMAKAZU-KOMIYA-UNTITLED.jpg?fit=564%2C774&ssl=1\",\"contentUrl\":\"https:\/\/i0.wp.com\/www.joyana.fr\/wp-content\/uploads\/2024\/02\/TOMAKAZU-KOMIYA-UNTITLED.jpg?fit=564%2C774&ssl=1\",\"width\":564,\"height\":774},{\"@type\":\"BreadcrumbList\",\"@id\":\"https:\/\/joyana.fr\/en\/gallery\/untitled-tomokazu-komiya\/#breadcrumb\",\"itemListElement\":[{\"@type\":\"ListItem\",\"position\":1,\"name\":\"Accueil\",\"item\":\"https:\/\/joyana.fr\/en\/\"},{\"@type\":\"ListItem\",\"position\":2,\"name\":\"GALLERY JO YANA\",\"item\":\"https:\/\/joyana.fr\/en\/artgallery\/\"},{\"@type\":\"ListItem\",\"position\":3,\"name\":\"UNTITLED &#8211; TOMOKAZU KOMIYA\"}]},{\"@type\":\"WebSite\",\"@id\":\"https:\/\/joyana.fr\/en\/#website\",\"url\":\"https:\/\/joyana.fr\/en\/\",\"name\":\"JO YANA\",\"description\":\"Blog Mode Homme, Lifestyle, D\u00e9co-Design\",\"publisher\":{\"@id\":\"https:\/\/joyana.fr\/en\/#\/schema\/person\/cf2a1ad12a27c12c21801075bf37407c\"},\"potentialAction\":[{\"@type\":\"SearchAction\",\"target\":{\"@type\":\"EntryPoint\",\"urlTemplate\":\"https:\/\/joyana.fr\/en\/?s={search_term_string}\"},\"query-input\":{\"@type\":\"PropertyValueSpecification\",\"valueRequired\":true,\"valueName\":\"search_term_string\"}}],\"inLanguage\":\"en-US\"},{\"@type\":[\"Person\",\"Organization\"],\"@id\":\"https:\/\/joyana.fr\/en\/#\/schema\/person\/cf2a1ad12a27c12c21801075bf37407c\",\"name\":\"Jo Yana\",\"image\":{\"@type\":\"ImageObject\",\"inLanguage\":\"en-US\",\"@id\":\"https:\/\/joyana.fr\/en\/#\/schema\/person\/image\/\",\"url\":\"https:\/\/i0.wp.com\/www.joyana.fr\/wp-content\/uploads\/2016\/08\/cropped-joyana-logo-black-360x180.png?fit=343%2C164&ssl=1\",\"contentUrl\":\"https:\/\/i0.wp.com\/www.joyana.fr\/wp-content\/uploads\/2016\/08\/cropped-joyana-logo-black-360x180.png?fit=343%2C164&ssl=1\",\"width\":343,\"height\":164,\"caption\":\"Jo Yana\"},\"logo\":{\"@id\":\"https:\/\/joyana.fr\/en\/#\/schema\/person\/image\/\"},\"description\":\"Jo Yana est le cr\u00e9ateur et r\u00e9dacteur en chef des sites DECO-DESIGN. Passionn\u00e9 de Design, Mode, Photo, Luxe, Lifestyle, Musique, mais avant tout Blogueur ! Le plaisir de partager l'anime et a comme devise \\\"POUR L'AMOUR DU BEAU\\\". Retrouvez le aussi sur son blog personnel - https:\/\/joyana.fr...\",\"sameAs\":[\"https:\/\/joyana.fr\/\"]}]}<\/script>\n<!-- \/ Yoast SEO plugin. -->","yoast_head_json":{"title":"UNTITLED - UNTITLED -  - TOMOKAZU KOMIYA[:] - JO YANA","robots":{"index":"index","follow":"follow","max-snippet":"max-snippet:-1","max-image-preview":"max-image-preview:large","max-video-preview":"max-video-preview:-1"},"canonical":"https:\/\/joyana.fr\/en\/gallery\/untitled-tomokazu-komiya\/","og_locale":"en_US","og_type":"article","og_title":"[:fr]UNTITLED - TOMOKAZU KOMIYA[:en]UNTITLED - TOMOKAZU KOMIYA[:ja]UNTITLED - TOMOKAZU KOMIYA[:] - JO YANA","og_description":"Title: UNTITLED  Size: 74x54cm (without frame)  Acrylic and magic acrylic pen on canvas  Framed with museum glass","og_url":"https:\/\/www.joyana.fr\/en\/gallery\/untitled-tomokazu-komiya\/","og_site_name":"JO YANA","article_modified_time":"2024-02-20T15:13:19+00:00","og_image":[{"width":564,"height":774,"url":"https:\/\/i0.wp.com\/joyana.fr\/wp-content\/uploads\/2024\/02\/TOMAKAZU-KOMIYA-UNTITLED.jpg?fit=564%2C774&ssl=1","type":"image\/jpeg"}],"twitter_card":"summary_large_image","twitter_site":"@Jo_Yana","twitter_misc":{"Est. reading time":"1 minute"},"schema":{"@context":"https:\/\/schema.org","@graph":[{"@type":"WebPage","@id":"https:\/\/joyana.fr\/en\/gallery\/untitled-tomokazu-komiya\/","url":"https:\/\/joyana.fr\/en\/gallery\/untitled-tomokazu-komiya\/","name":"UNTITLED - TOMOKAZU KOMIYA","isPartOf":{"@id":"https:\/\/joyana.fr\/en\/#website"},"primaryImageOfPage":{"@id":"https:\/\/joyana.fr\/en\/gallery\/untitled-tomokazu-komiya\/#primaryimage"},"image":{"@id":"https:\/\/joyana.fr\/en\/gallery\/untitled-tomokazu-komiya\/#primaryimage"},"thumbnailUrl":"https:\/\/i0.wp.com\/www.joyana.fr\/wp-content\/uploads\/2024\/02\/TOMAKAZU-KOMIYA-UNTITLED.jpg?fit=564%2C774&ssl=1","datePublished":"2024-02-20T11:01:40+00:00","dateModified":"2024-02-20T15:13:19+00:00","breadcrumb":{"@id":"https:\/\/joyana.fr\/en\/gallery\/untitled-tomokazu-komiya\/#breadcrumb"},"inLanguage":"en-US","potentialAction":[{"@type":"ReadAction","target":["https:\/\/joyana.fr\/en\/gallery\/untitled-tomokazu-komiya\/"]}]},{"@type":"ImageObject","inLanguage":"en-US","@id":"https:\/\/joyana.fr\/en\/gallery\/untitled-tomokazu-komiya\/#primaryimage","url":"https:\/\/i0.wp.com\/www.joyana.fr\/wp-content\/uploads\/2024\/02\/TOMAKAZU-KOMIYA-UNTITLED.jpg?fit=564%2C774&ssl=1","contentUrl":"https:\/\/i0.wp.com\/www.joyana.fr\/wp-content\/uploads\/2024\/02\/TOMAKAZU-KOMIYA-UNTITLED.jpg?fit=564%2C774&ssl=1","width":564,"height":774},{"@type":"BreadcrumbList","@id":"https:\/\/joyana.fr\/en\/gallery\/untitled-tomokazu-komiya\/#breadcrumb","itemListElement":[{"@type":"ListItem","position":1,"name":"Accueil","item":"https:\/\/joyana.fr\/en\/"},{"@type":"ListItem","position":2,"name":"GALLERY JO YANA","item":"https:\/\/joyana.fr\/en\/artgallery\/"},{"@type":"ListItem","position":3,"name":"UNTITLED &#8211; TOMOKAZU KOMIYA"}]},{"@type":"WebSite","@id":"https:\/\/joyana.fr\/en\/#website","url":"https:\/\/joyana.fr\/en\/","name":"JO YANA","description":"Blog Mode Homme, Lifestyle, D\u00e9co-Design","publisher":{"@id":"https:\/\/joyana.fr\/en\/#\/schema\/person\/cf2a1ad12a27c12c21801075bf37407c"},"potentialAction":[{"@type":"SearchAction","target":{"@type":"EntryPoint","urlTemplate":"https:\/\/joyana.fr\/en\/?s={search_term_string}"},"query-input":{"@type":"PropertyValueSpecification","valueRequired":true,"valueName":"search_term_string"}}],"inLanguage":"en-US"},{"@type":["Person","Organization"],"@id":"https:\/\/joyana.fr\/en\/#\/schema\/person\/cf2a1ad12a27c12c21801075bf37407c","name":"Jo Yana","image":{"@type":"ImageObject","inLanguage":"en-US","@id":"https:\/\/joyana.fr\/en\/#\/schema\/person\/image\/","url":"https:\/\/i0.wp.com\/www.joyana.fr\/wp-content\/uploads\/2016\/08\/cropped-joyana-logo-black-360x180.png?fit=343%2C164&ssl=1","contentUrl":"https:\/\/i0.wp.com\/www.joyana.fr\/wp-content\/uploads\/2016\/08\/cropped-joyana-logo-black-360x180.png?fit=343%2C164&ssl=1","width":343,"height":164,"caption":"Jo Yana"},"logo":{"@id":"https:\/\/joyana.fr\/en\/#\/schema\/person\/image\/"},"description":"Jo Yana est le cr\u00e9ateur et r\u00e9dacteur en chef des sites DECO-DESIGN. Passionn\u00e9 de Design, Mode, Photo, Luxe, Lifestyle, Musique, mais avant tout Blogueur ! Le plaisir de partager l'anime et a comme devise \"POUR L'AMOUR DU BEAU\". Retrouvez le aussi sur son blog personnel - https:\/\/joyana.fr...","sameAs":["https:\/\/joyana.fr\/"]}]}},"uagb_featured_image_src":{"full":["https:\/\/i0.wp.com\/www.joyana.fr\/wp-content\/uploads\/2024\/02\/TOMAKAZU-KOMIYA-UNTITLED.jpg?fit=564%2C774&ssl=1",564,774,false],"thumbnail":["https:\/\/i0.wp.com\/www.joyana.fr\/wp-content\/uploads\/2024\/02\/TOMAKAZU-KOMIYA-UNTITLED.jpg?resize=150%2C150&ssl=1",150,150,true],"medium":["https:\/\/i0.wp.com\/www.joyana.fr\/wp-content\/uploads\/2024\/02\/TOMAKAZU-KOMIYA-UNTITLED.jpg?fit=283%2C389&ssl=1",283,389,true],"medium_large":["https:\/\/i0.wp.com\/www.joyana.fr\/wp-content\/uploads\/2024\/02\/TOMAKAZU-KOMIYA-UNTITLED.jpg?fit=564%2C774&ssl=1",564,774,true],"large":["https:\/\/i0.wp.com\/www.joyana.fr\/wp-content\/uploads\/2024\/02\/TOMAKAZU-KOMIYA-UNTITLED.jpg?fit=564%2C774&ssl=1",564,774,true],"1536x1536":["https:\/\/i0.wp.com\/www.joyana.fr\/wp-content\/uploads\/2024\/02\/TOMAKAZU-KOMIYA-UNTITLED.jpg?fit=564%2C774&ssl=1",564,774,true],"2048x2048":["https:\/\/i0.wp.com\/www.joyana.fr\/wp-content\/uploads\/2024\/02\/TOMAKAZU-KOMIYA-UNTITLED.jpg?fit=564%2C774&ssl=1",564,774,true],"featured-thumb":["https:\/\/i0.wp.com\/www.joyana.fr\/wp-content\/uploads\/2024\/02\/TOMAKAZU-KOMIYA-UNTITLED.jpg?resize=564%2C750&ssl=1",564,750,true],"ab-block-post-grid-landscape":["https:\/\/i0.wp.com\/www.joyana.fr\/wp-content\/uploads\/2024\/02\/TOMAKAZU-KOMIYA-UNTITLED.jpg?resize=564%2C400&ssl=1",564,400,true],"ab-block-post-grid-square":["https:\/\/i0.wp.com\/www.joyana.fr\/wp-content\/uploads\/2024\/02\/TOMAKAZU-KOMIYA-UNTITLED.jpg?resize=564%2C600&ssl=1",564,600,true],"author-pro-image":["https:\/\/i0.wp.com\/www.joyana.fr\/wp-content\/uploads\/2024\/02\/TOMAKAZU-KOMIYA-UNTITLED.jpg?resize=360%2C570&ssl=1",360,570,true],"slider":["https:\/\/i0.wp.com\/www.joyana.fr\/wp-content\/uploads\/2024\/02\/TOMAKAZU-KOMIYA-UNTITLED.jpg?resize=564%2C400&ssl=1",564,400,true],"woocommerce_thumbnail":["https:\/\/i0.wp.com\/www.joyana.fr\/wp-content\/uploads\/2024\/02\/TOMAKAZU-KOMIYA-UNTITLED.jpg?resize=450%2C450&ssl=1",450,450,true],"woocommerce_single":["https:\/\/i0.wp.com\/www.joyana.fr\/wp-content\/uploads\/2024\/02\/TOMAKAZU-KOMIYA-UNTITLED.jpg?fit=564%2C774&ssl=1",564,774,true],"woocommerce_gallery_thumbnail":["https:\/\/i0.wp.com\/www.joyana.fr\/wp-content\/uploads\/2024\/02\/TOMAKAZU-KOMIYA-UNTITLED.jpg?resize=180%2C180&ssl=1",180,180,true],"sow-carousel-default":["https:\/\/i0.wp.com\/www.joyana.fr\/wp-content\/uploads\/2024\/02\/TOMAKAZU-KOMIYA-UNTITLED.jpg?resize=272%2C182&ssl=1",272,182,true]},"uagb_author_info":{"display_name":"makita","author_link":"https:\/\/www.joyana.fr\/en\/author\/makita\/"},"uagb_comment_info":0,"uagb_excerpt":"Title: UNTITLED Size: 74x54cm (without frame) Acrylic and magic acrylic pen on canvas Framed with museum glass","featured_img":"https:\/\/www.joyana.fr\/wp-content\/uploads\/2024\/02\/TOMAKAZU-KOMIYA-UNTITLED.jpg","coauthors":[],"author_meta":{"author_link":"https:\/\/www.joyana.fr\/en\/author\/makita\/","display_name":"makita"},"relative_dates":{"created":"Posted 2 years ago","modified":"Updated 2 years ago"},"absolute_dates":{"created":"Posted on 20 February 2024","modified":"Updated on 20 February 2024"},"absolute_dates_time":{"created":"Posted on 20 February 2024 13:01","modified":"Updated on 20 February 2024 17:13"},"featured_img_caption":"","tax_additional":{"product_type":{"linked":["<a href=\"https:\/\/www.joyana.fr\/en\/?taxonomy=product_type&#038;term=simple\" class=\"advgb-post-tax-term\">simple<\/a>"],"unlinked":["<span class=\"advgb-post-tax-term\">simple<\/span>"],"slug":"product_type","name":"Product type"},"product_visibility":{"linked":[],"unlinked":[],"slug":"product_visibility","name":"Product visibility"},"product_cat":{"linked":["<a href=\"https:\/\/www.joyana.fr\/en\/artgallery\/oeuvres\/oeuvres-sur-demande\/\" class=\"advgb-post-tax-term\">Oeuvres sur demande<\/a>","<a href=\"https:\/\/www.joyana.fr\/en\/artgallery\/oeuvres\/oeuvres-disponibles\/toile\/\" class=\"advgb-post-tax-term\">Toile<\/a>","<a href=\"https:\/\/www.joyana.fr\/en\/artgallery\/nos-artistes\/tomokazu-komiya\/\" class=\"advgb-post-tax-term\">TOMOKAZU KOMIYA<\/a>","<a href=\"https:\/\/www.joyana.fr\/en\/artgallery\/oeuvres\/oeuvres-disponibles\/\" class=\"advgb-post-tax-term\">\u0152uvres disponibles<\/a>"],"unlinked":["<span class=\"advgb-post-tax-term\">Oeuvres sur demande<\/span>","<span class=\"advgb-post-tax-term\">Toile<\/span>","<span class=\"advgb-post-tax-term\">TOMOKAZU KOMIYA<\/span>","<span class=\"advgb-post-tax-term\">\u0152uvres disponibles<\/span>"],"slug":"product_cat","name":"Product categories"},"product_tag":{"linked":["<a href=\"https:\/\/www.joyana.fr\/en\/etiquette-produit\/art-japonais\/\" class=\"advgb-post-tax-term\">Art Japonais<\/a>","<a href=\"https:\/\/www.joyana.fr\/en\/etiquette-produit\/gallery-jo-yana\/\" class=\"advgb-post-tax-term\">Gallery Jo Yana<\/a>"],"unlinked":["<span class=\"advgb-post-tax-term\">Art Japonais<\/span>","<span class=\"advgb-post-tax-term\">Gallery Jo Yana<\/span>"],"slug":"product_tag","name":"Product tags"},"product_shipping_class":{"linked":[],"unlinked":[],"slug":"product_shipping_class","name":"Product shipping classes"},"pa_color":{"linked":[],"unlinked":[],"slug":"pa_color","name":"Product Colors"},"pa_frhoraires":{"linked":[],"unlinked":[],"slug":"pa_frhoraires","name":"Product Horaires"}},"series_order":"","jetpack_sharing_enabled":true,"jetpack-related-posts":[],"_links":{"self":[{"href":"https:\/\/www.joyana.fr\/en\/wp-json\/wp\/v2\/product\/149343","targetHints":{"allow":["GET"]}}],"collection":[{"href":"https:\/\/www.joyana.fr\/en\/wp-json\/wp\/v2\/product"}],"about":[{"href":"https:\/\/www.joyana.fr\/en\/wp-json\/wp\/v2\/types\/product"}],"wp:featuredmedia":[{"embeddable":true,"href":"https:\/\/www.joyana.fr\/en\/wp-json\/wp\/v2\/media\/149345"}],"wp:attachment":[{"href":"https:\/\/www.joyana.fr\/en\/wp-json\/wp\/v2\/media?parent=149343"}],"wp:term":[{"taxonomy":"product_cat","embeddable":true,"href":"https:\/\/www.joyana.fr\/en\/wp-json\/wp\/v2\/product_cat?post=149343"},{"taxonomy":"product_tag","embeddable":true,"href":"https:\/\/www.joyana.fr\/en\/wp-json\/wp\/v2\/product_tag?post=149343"}],"curies":[{"name":"wp","href":"https:\/\/api.w.org\/{rel}","templated":true}]}}