{"id":148564,"date":"2022-04-30T13:33:58","date_gmt":"2022-04-30T11:33:58","guid":{"rendered":"https:\/\/joyana.fr\/en\/?post_type=product&#038;p=148564"},"modified":"2022-06-23T14:26:18","modified_gmt":"2022-06-23T12:26:18","slug":"untitled-drawing-3-nan-toka","status":"publish","type":"product","link":"https:\/\/www.joyana.fr\/en\/gallery\/untitled-drawing-3-nan-toka\/","title":{"rendered":"UNTITLED drawing #3 &#8211; NAN TOKA"},"content":{"rendered":"<p>About the artist:<\/p>\n<p>SHIGEMATSU aka NAN TOKA, is an artist and illustrator from Fukuoka, southern Japan. His digital works and drawings of kawai girls have made their mark on Instagram and have given this young artist a promising notoriety. After very beautiful exhibitions in Fukuoka and Tokyo, he made his first exhibition in France thanks to Gallery Jo Yana.<\/p>\n","protected":false},"excerpt":{"rendered":"<p>ARTIST | NAN TOKA (Fukuoka, Japan)<br \/>\nTITLE | UNTITLED drawing #3 &#8211; NAN TOKA<br \/>\nNEWS | Black posca on premium lightly grained drawing paper &#8211; 30x40cm &#8211; signed by the artist &#8211; framed in a white frame (39x49cm), enhanced on a white background, anti-reflective museum glass with UV protection<br \/>\nSHIPPING | Sent from France mid-May<\/p>\n<p>A WORD FROM THE GALLERY | New collaboration with the discreet NAN TOKA. The artist we knew as a child asserts himself, dares to paint and draw, and leaves digital!<\/p>\n","protected":false},"author":3,"featured_media":148583,"template":"","meta":{"_coblocks_attr":"","_coblocks_dimensions":"","_coblocks_responsive_height":"","_coblocks_accordion_ie_support":"","_uag_custom_page_level_css":"","advgb_blocks_editor_width":"","advgb_blocks_columns_visual_guide":"","_genesis_hide_title":false,"_genesis_hide_breadcrumbs":false,"_genesis_hide_singular_image":false,"_genesis_hide_footer_widgets":false,"_genesis_custom_body_class":"","_genesis_custom_post_class":"","_genesis_layout":"full-width-content","_themeisle_gutenberg_block_has_review":false},"product_cat":[5265,5202,5263],"product_tag":[5131],"class_list":{"0":"post-148564","1":"product","2":"type-product","3":"status-publish","4":"has-post-thumbnail","6":"product_cat-dessin-oeuvres-sold-out","7":"product_cat-nan-toka","8":"product_cat-oeuvres-sold-out","9":"product_tag-nan-toka","10":"product_shipping_class-nan-toka-cadre","11":"entry","13":"first","14":"outofstock","15":"shipping-taxable","16":"purchasable","17":"product-type-simple"},"featured_image_urls":{"full":["https:\/\/i0.wp.com\/www.joyana.fr\/wp-content\/uploads\/2022\/04\/IMG_7031-e1651338072275.jpg?fit=816%2C816&ssl=1",816,816,false],"thumbnail":["https:\/\/i0.wp.com\/www.joyana.fr\/wp-content\/uploads\/2022\/04\/IMG_7031-e1651338072275.jpg?resize=150%2C150&ssl=1",150,150,true],"medium":["https:\/\/i0.wp.com\/www.joyana.fr\/wp-content\/uploads\/2022\/04\/IMG_7031-e1651338072275.jpg?fit=389%2C389&ssl=1",389,389,true],"medium_large":["https:\/\/i0.wp.com\/www.joyana.fr\/wp-content\/uploads\/2022\/04\/IMG_7031-e1651338072275.jpg?fit=768%2C768&ssl=1",768,768,true],"large":["https:\/\/i0.wp.com\/www.joyana.fr\/wp-content\/uploads\/2022\/04\/IMG_7031-e1651338072275.jpg?fit=1024%2C1024&ssl=1",1024,1024,true],"1536x1536":["https:\/\/i0.wp.com\/www.joyana.fr\/wp-content\/uploads\/2022\/04\/IMG_7031-e1651338072275.jpg?fit=816%2C816&ssl=1",816,816,true],"2048x2048":["https:\/\/i0.wp.com\/www.joyana.fr\/wp-content\/uploads\/2022\/04\/IMG_7031-e1651338072275.jpg?fit=816%2C816&ssl=1",816,816,true],"featured-thumb":["https:\/\/i0.wp.com\/www.joyana.fr\/wp-content\/uploads\/2022\/04\/IMG_7031-e1651338072275.jpg?resize=816%2C750&ssl=1",816,750,true],"ab-block-post-grid-landscape":["https:\/\/i0.wp.com\/www.joyana.fr\/wp-content\/uploads\/2022\/04\/IMG_7031-e1651338072275.jpg?resize=600%2C400&ssl=1",600,400,true],"ab-block-post-grid-square":["https:\/\/i0.wp.com\/www.joyana.fr\/wp-content\/uploads\/2022\/04\/IMG_7031-e1651338072275.jpg?resize=600%2C600&ssl=1",600,600,true],"author-pro-image":["https:\/\/i0.wp.com\/www.joyana.fr\/wp-content\/uploads\/2022\/04\/IMG_7031-e1651338072275.jpg?resize=360%2C570&ssl=1",360,570,true],"slider":["https:\/\/i0.wp.com\/www.joyana.fr\/wp-content\/uploads\/2022\/04\/IMG_7031-e1651338072275.jpg?resize=816%2C400&ssl=1",816,400,true],"woocommerce_thumbnail":["https:\/\/i0.wp.com\/www.joyana.fr\/wp-content\/uploads\/2022\/04\/IMG_7031-e1651338072275.jpg?resize=450%2C450&ssl=1",450,450,true],"woocommerce_single":["https:\/\/i0.wp.com\/www.joyana.fr\/wp-content\/uploads\/2022\/04\/IMG_7031-e1651338072275.jpg?fit=816%2C816&ssl=1",816,816,true],"woocommerce_gallery_thumbnail":["https:\/\/i0.wp.com\/www.joyana.fr\/wp-content\/uploads\/2022\/04\/IMG_7031-e1651338072275.jpg?resize=180%2C180&ssl=1",180,180,true],"sow-carousel-default":["https:\/\/i0.wp.com\/www.joyana.fr\/wp-content\/uploads\/2022\/04\/IMG_7031-e1651338072275.jpg?resize=272%2C182&ssl=1",272,182,true]},"post_excerpt_stackable":"<p>ARTIST | NAN TOKA (Fukuoka, Japan)<br \/>\nTITLE | UNTITLED drawing #3 &#8211; NAN TOKA<br \/>\nNEWS | Black posca on premium lightly grained drawing paper &#8211; 30x40cm &#8211; signed by the artist &#8211; framed in a white frame (39x49cm), enhanced on a white background, anti-reflective museum glass with UV protection<br \/>\nSHIPPING | Sent from France mid-May<\/p>\n<p>A WORD FROM THE GALLERY | New collaboration with the discreet NAN TOKA. The artist we knew as a child asserts himself, dares to paint and draw, and leaves digital!<\/p>\n","category_list":"","author_info":{"name":"Jo Yana","url":"https:\/\/www.joyana.fr\/en\/author\/joyana\/"},"comments_num":"0 comments","featured_image_urls_v2":{"full":["https:\/\/i0.wp.com\/www.joyana.fr\/wp-content\/uploads\/2022\/04\/IMG_7031-e1651338072275.jpg?fit=816%2C816&ssl=1",816,816,false],"thumbnail":["https:\/\/i0.wp.com\/www.joyana.fr\/wp-content\/uploads\/2022\/04\/IMG_7031-e1651338072275.jpg?resize=150%2C150&ssl=1",150,150,true],"medium":["https:\/\/i0.wp.com\/www.joyana.fr\/wp-content\/uploads\/2022\/04\/IMG_7031-e1651338072275.jpg?fit=389%2C389&ssl=1",389,389,true],"medium_large":["https:\/\/i0.wp.com\/www.joyana.fr\/wp-content\/uploads\/2022\/04\/IMG_7031-e1651338072275.jpg?fit=768%2C768&ssl=1",768,768,true],"large":["https:\/\/i0.wp.com\/www.joyana.fr\/wp-content\/uploads\/2022\/04\/IMG_7031-e1651338072275.jpg?fit=1024%2C1024&ssl=1",1024,1024,true],"1536x1536":["https:\/\/i0.wp.com\/www.joyana.fr\/wp-content\/uploads\/2022\/04\/IMG_7031-e1651338072275.jpg?fit=816%2C816&ssl=1",816,816,true],"2048x2048":["https:\/\/i0.wp.com\/www.joyana.fr\/wp-content\/uploads\/2022\/04\/IMG_7031-e1651338072275.jpg?fit=816%2C816&ssl=1",816,816,true],"featured-thumb":["https:\/\/i0.wp.com\/www.joyana.fr\/wp-content\/uploads\/2022\/04\/IMG_7031-e1651338072275.jpg?resize=816%2C750&ssl=1",816,750,true],"ab-block-post-grid-landscape":["https:\/\/i0.wp.com\/www.joyana.fr\/wp-content\/uploads\/2022\/04\/IMG_7031-e1651338072275.jpg?resize=600%2C400&ssl=1",600,400,true],"ab-block-post-grid-square":["https:\/\/i0.wp.com\/www.joyana.fr\/wp-content\/uploads\/2022\/04\/IMG_7031-e1651338072275.jpg?resize=600%2C600&ssl=1",600,600,true],"author-pro-image":["https:\/\/i0.wp.com\/www.joyana.fr\/wp-content\/uploads\/2022\/04\/IMG_7031-e1651338072275.jpg?resize=360%2C570&ssl=1",360,570,true],"slider":["https:\/\/i0.wp.com\/www.joyana.fr\/wp-content\/uploads\/2022\/04\/IMG_7031-e1651338072275.jpg?resize=816%2C400&ssl=1",816,400,true],"woocommerce_thumbnail":["https:\/\/i0.wp.com\/www.joyana.fr\/wp-content\/uploads\/2022\/04\/IMG_7031-e1651338072275.jpg?resize=450%2C450&ssl=1",450,450,true],"woocommerce_single":["https:\/\/i0.wp.com\/www.joyana.fr\/wp-content\/uploads\/2022\/04\/IMG_7031-e1651338072275.jpg?fit=816%2C816&ssl=1",816,816,true],"woocommerce_gallery_thumbnail":["https:\/\/i0.wp.com\/www.joyana.fr\/wp-content\/uploads\/2022\/04\/IMG_7031-e1651338072275.jpg?resize=180%2C180&ssl=1",180,180,true],"sow-carousel-default":["https:\/\/i0.wp.com\/www.joyana.fr\/wp-content\/uploads\/2022\/04\/IMG_7031-e1651338072275.jpg?resize=272%2C182&ssl=1",272,182,true]},"post_excerpt_stackable_v2":"<p>ARTIST | NAN TOKA (Fukuoka, Japan)<br \/>\nTITLE | UNTITLED drawing #3 &#8211; NAN TOKA<br \/>\nNEWS | Black posca on premium lightly grained drawing paper &#8211; 30x40cm &#8211; signed by the artist &#8211; framed in a white frame (39x49cm), enhanced on a white background, anti-reflective museum glass with UV protection<br \/>\nSHIPPING | Sent from France mid-May<\/p>\n<p>A WORD FROM THE GALLERY | New collaboration with the discreet NAN TOKA. The artist we knew as a child asserts himself, dares to paint and draw, and leaves digital!<\/p>\n","category_list_v2":"","author_info_v2":{"name":"Jo Yana","url":"https:\/\/www.joyana.fr\/en\/author\/joyana\/"},"comments_num_v2":"0 comments","yoast_head":"<!-- This site is optimized with the Yoast SEO plugin v26.8 - https:\/\/yoast.com\/product\/yoast-seo-wordpress\/ -->\n<title>UNTITLED drawing #3 - UNTITLED drawing #3 -  - NAN TOKA[:] - JO YANA<\/title>\n<meta name=\"robots\" content=\"index, follow, max-snippet:-1, max-image-preview:large, max-video-preview:-1\" \/>\n<link rel=\"canonical\" href=\"https:\/\/joyana.fr\/gallery\/untitled-drawing-3-nan-toka\/\" \/>\n<meta property=\"og:locale\" content=\"en_US\" \/>\n<meta property=\"og:locale:alternate\" content=\"fr_FR\" \/>\n<meta property=\"og:locale:alternate\" content=\"ja\" \/>\n<meta property=\"og:type\" content=\"article\" \/>\n<meta property=\"og:title\" content=\"UNTITLED drawing #3 - NAN TOKA\" \/>\n<meta property=\"og:description\" content=\"ARTIST | NAN TOKA (Fukuoka, Japan) TITLE | UNTITLED drawing #3 - NAN TOKA NEWS | Black posca on premium lightly grained drawing paper - 30x40cm - signed by the artist - framed in a white frame (39x49cm), enhanced on a white background, anti-reflective museum glass with UV protection SHIPPING | Sent from France mid-May  A WORD FROM THE GALLERY | New collaboration with the discreet NAN TOKA. The artist we knew as a child asserts himself, dares to paint and draw, and leaves digital!\" \/>\n<meta property=\"og:url\" content=\"https:\/\/www.joyana.fr\/en\/gallery\/untitled-drawing-3-nan-toka\/\" \/>\n<meta property=\"og:site_name\" content=\"JO YANA\" \/>\n<meta property=\"article:modified_time\" content=\"2022-06-23T12:26:18+00:00\" \/>\n<meta property=\"og:image\" content=\"https:\/\/i0.wp.com\/joyana.fr\/wp-content\/uploads\/2022\/04\/IMG_7031-e1651338072275.jpg?fit=816%2C816&ssl=1\" \/>\n\t<meta property=\"og:image:width\" content=\"816\" \/>\n\t<meta property=\"og:image:height\" content=\"816\" \/>\n\t<meta property=\"og:image:type\" content=\"image\/jpeg\" \/>\n<meta name=\"twitter:card\" content=\"summary_large_image\" \/>\n<meta name=\"twitter:site\" content=\"@Jo_Yana\" \/>\n<meta name=\"twitter:label1\" content=\"Est. reading time\" \/>\n\t<meta name=\"twitter:data1\" content=\"1 minute\" \/>\n<script type=\"application\/ld+json\" class=\"yoast-schema-graph\">{\"@context\":\"https:\/\/schema.org\",\"@graph\":[{\"@type\":\"WebPage\",\"@id\":\"https:\/\/joyana.fr\/gallery\/untitled-drawing-3-nan-toka\/\",\"url\":\"https:\/\/joyana.fr\/gallery\/untitled-drawing-3-nan-toka\/\",\"name\":\"UNTITLED drawing #3 - NAN TOKA\",\"isPartOf\":{\"@id\":\"https:\/\/www.joyana.fr\/#website\"},\"primaryImageOfPage\":{\"@id\":\"https:\/\/joyana.fr\/gallery\/untitled-drawing-3-nan-toka\/#primaryimage\"},\"image\":{\"@id\":\"https:\/\/joyana.fr\/gallery\/untitled-drawing-3-nan-toka\/#primaryimage\"},\"thumbnailUrl\":\"https:\/\/i0.wp.com\/www.joyana.fr\/wp-content\/uploads\/2022\/04\/IMG_7031-e1651338072275.jpg?fit=816%2C816&ssl=1\",\"datePublished\":\"2022-04-30T11:33:58+00:00\",\"dateModified\":\"2022-06-23T12:26:18+00:00\",\"breadcrumb\":{\"@id\":\"https:\/\/joyana.fr\/gallery\/untitled-drawing-3-nan-toka\/#breadcrumb\"},\"inLanguage\":\"en-US\",\"potentialAction\":[{\"@type\":\"ReadAction\",\"target\":[\"https:\/\/joyana.fr\/gallery\/untitled-drawing-3-nan-toka\/\"]}]},{\"@type\":\"ImageObject\",\"inLanguage\":\"en-US\",\"@id\":\"https:\/\/joyana.fr\/gallery\/untitled-drawing-3-nan-toka\/#primaryimage\",\"url\":\"https:\/\/i0.wp.com\/www.joyana.fr\/wp-content\/uploads\/2022\/04\/IMG_7031-e1651338072275.jpg?fit=816%2C816&ssl=1\",\"contentUrl\":\"https:\/\/i0.wp.com\/www.joyana.fr\/wp-content\/uploads\/2022\/04\/IMG_7031-e1651338072275.jpg?fit=816%2C816&ssl=1\",\"width\":816,\"height\":816},{\"@type\":\"BreadcrumbList\",\"@id\":\"https:\/\/joyana.fr\/gallery\/untitled-drawing-3-nan-toka\/#breadcrumb\",\"itemListElement\":[{\"@type\":\"ListItem\",\"position\":1,\"name\":\"Accueil\",\"item\":\"https:\/\/www.joyana.fr\/\"},{\"@type\":\"ListItem\",\"position\":2,\"name\":\"GALLERY JO YANA\",\"item\":\"https:\/\/www.joyana.fr\/ja\/artgallery\/\"},{\"@type\":\"ListItem\",\"position\":3,\"name\":\"UNTITLED drawing #3 &#8211; NAN TOKA\"}]},{\"@type\":\"WebSite\",\"@id\":\"https:\/\/www.joyana.fr\/#website\",\"url\":\"https:\/\/www.joyana.fr\/\",\"name\":\"JO YANA\",\"description\":\"Blog Mode Homme, Lifestyle, D\u00e9co-Design\",\"publisher\":{\"@id\":\"https:\/\/www.joyana.fr\/#\/schema\/person\/cf2a1ad12a27c12c21801075bf37407c\"},\"potentialAction\":[{\"@type\":\"SearchAction\",\"target\":{\"@type\":\"EntryPoint\",\"urlTemplate\":\"https:\/\/www.joyana.fr\/?s={search_term_string}\"},\"query-input\":{\"@type\":\"PropertyValueSpecification\",\"valueRequired\":true,\"valueName\":\"search_term_string\"}}],\"inLanguage\":\"en-US\"},{\"@type\":[\"Person\",\"Organization\"],\"@id\":\"https:\/\/www.joyana.fr\/#\/schema\/person\/cf2a1ad12a27c12c21801075bf37407c\",\"name\":\"Jo Yana\",\"image\":{\"@type\":\"ImageObject\",\"inLanguage\":\"en-US\",\"@id\":\"https:\/\/www.joyana.fr\/#\/schema\/person\/image\/\",\"url\":\"https:\/\/i0.wp.com\/www.joyana.fr\/wp-content\/uploads\/2016\/08\/cropped-joyana-logo-black-360x180.png?fit=343%2C164&ssl=1\",\"contentUrl\":\"https:\/\/i0.wp.com\/www.joyana.fr\/wp-content\/uploads\/2016\/08\/cropped-joyana-logo-black-360x180.png?fit=343%2C164&ssl=1\",\"width\":343,\"height\":164,\"caption\":\"Jo Yana\"},\"logo\":{\"@id\":\"https:\/\/www.joyana.fr\/#\/schema\/person\/image\/\"},\"description\":\"Jo Yana est le cr\u00e9ateur et r\u00e9dacteur en chef des sites DECO-DESIGN. Passionn\u00e9 de Design, Mode, Photo, Luxe, Lifestyle, Musique, mais avant tout Blogueur ! Le plaisir de partager l'anime et a comme devise \\\"POUR L'AMOUR DU BEAU\\\". Retrouvez le aussi sur son blog personnel - https:\/\/joyana.fr...\",\"sameAs\":[\"https:\/\/joyana.fr\/\"]}]}<\/script>\n<!-- \/ Yoast SEO plugin. -->","yoast_head_json":{"title":"UNTITLED drawing #3 - UNTITLED drawing #3 -  - NAN TOKA[:] - JO YANA","robots":{"index":"index","follow":"follow","max-snippet":"max-snippet:-1","max-image-preview":"max-image-preview:large","max-video-preview":"max-video-preview:-1"},"canonical":"https:\/\/joyana.fr\/gallery\/untitled-drawing-3-nan-toka\/","og_locale":"en_US","og_type":"article","og_title":"[:fr]UNTITLED drawing #3 - NAN TOKA[:en]UNTITLED drawing #3 - NAN TOKA[:ja]UNTITLED drawing #3 - NAN TOKA[:] - JO YANA","og_description":"ARTIST | NAN TOKA (Fukuoka, Japan) TITLE | UNTITLED drawing #3 - NAN TOKA NEWS | Black posca on premium lightly grained drawing paper - 30x40cm - signed by the artist - framed in a white frame (39x49cm), enhanced on a white background, anti-reflective museum glass with UV protection SHIPPING | Sent from France mid-May  A WORD FROM THE GALLERY | New collaboration with the discreet NAN TOKA. The artist we knew as a child asserts himself, dares to paint and draw, and leaves digital!","og_url":"https:\/\/www.joyana.fr\/en\/gallery\/untitled-drawing-3-nan-toka\/","og_site_name":"JO YANA","article_modified_time":"2022-06-23T12:26:18+00:00","og_image":[{"width":816,"height":816,"url":"https:\/\/i0.wp.com\/joyana.fr\/wp-content\/uploads\/2022\/04\/IMG_7031-e1651338072275.jpg?fit=816%2C816&ssl=1","type":"image\/jpeg"}],"twitter_card":"summary_large_image","twitter_site":"@Jo_Yana","twitter_misc":{"Est. reading time":"1 minute"},"schema":{"@context":"https:\/\/schema.org","@graph":[{"@type":"WebPage","@id":"https:\/\/joyana.fr\/gallery\/untitled-drawing-3-nan-toka\/","url":"https:\/\/joyana.fr\/gallery\/untitled-drawing-3-nan-toka\/","name":"UNTITLED drawing #3 - NAN TOKA","isPartOf":{"@id":"https:\/\/www.joyana.fr\/#website"},"primaryImageOfPage":{"@id":"https:\/\/joyana.fr\/gallery\/untitled-drawing-3-nan-toka\/#primaryimage"},"image":{"@id":"https:\/\/joyana.fr\/gallery\/untitled-drawing-3-nan-toka\/#primaryimage"},"thumbnailUrl":"https:\/\/i0.wp.com\/www.joyana.fr\/wp-content\/uploads\/2022\/04\/IMG_7031-e1651338072275.jpg?fit=816%2C816&ssl=1","datePublished":"2022-04-30T11:33:58+00:00","dateModified":"2022-06-23T12:26:18+00:00","breadcrumb":{"@id":"https:\/\/joyana.fr\/gallery\/untitled-drawing-3-nan-toka\/#breadcrumb"},"inLanguage":"en-US","potentialAction":[{"@type":"ReadAction","target":["https:\/\/joyana.fr\/gallery\/untitled-drawing-3-nan-toka\/"]}]},{"@type":"ImageObject","inLanguage":"en-US","@id":"https:\/\/joyana.fr\/gallery\/untitled-drawing-3-nan-toka\/#primaryimage","url":"https:\/\/i0.wp.com\/www.joyana.fr\/wp-content\/uploads\/2022\/04\/IMG_7031-e1651338072275.jpg?fit=816%2C816&ssl=1","contentUrl":"https:\/\/i0.wp.com\/www.joyana.fr\/wp-content\/uploads\/2022\/04\/IMG_7031-e1651338072275.jpg?fit=816%2C816&ssl=1","width":816,"height":816},{"@type":"BreadcrumbList","@id":"https:\/\/joyana.fr\/gallery\/untitled-drawing-3-nan-toka\/#breadcrumb","itemListElement":[{"@type":"ListItem","position":1,"name":"Accueil","item":"https:\/\/www.joyana.fr\/"},{"@type":"ListItem","position":2,"name":"GALLERY JO YANA","item":"https:\/\/www.joyana.fr\/ja\/artgallery\/"},{"@type":"ListItem","position":3,"name":"UNTITLED drawing #3 &#8211; NAN TOKA"}]},{"@type":"WebSite","@id":"https:\/\/www.joyana.fr\/#website","url":"https:\/\/www.joyana.fr\/","name":"JO YANA","description":"Blog Mode Homme, Lifestyle, D\u00e9co-Design","publisher":{"@id":"https:\/\/www.joyana.fr\/#\/schema\/person\/cf2a1ad12a27c12c21801075bf37407c"},"potentialAction":[{"@type":"SearchAction","target":{"@type":"EntryPoint","urlTemplate":"https:\/\/www.joyana.fr\/?s={search_term_string}"},"query-input":{"@type":"PropertyValueSpecification","valueRequired":true,"valueName":"search_term_string"}}],"inLanguage":"en-US"},{"@type":["Person","Organization"],"@id":"https:\/\/www.joyana.fr\/#\/schema\/person\/cf2a1ad12a27c12c21801075bf37407c","name":"Jo Yana","image":{"@type":"ImageObject","inLanguage":"en-US","@id":"https:\/\/www.joyana.fr\/#\/schema\/person\/image\/","url":"https:\/\/i0.wp.com\/www.joyana.fr\/wp-content\/uploads\/2016\/08\/cropped-joyana-logo-black-360x180.png?fit=343%2C164&ssl=1","contentUrl":"https:\/\/i0.wp.com\/www.joyana.fr\/wp-content\/uploads\/2016\/08\/cropped-joyana-logo-black-360x180.png?fit=343%2C164&ssl=1","width":343,"height":164,"caption":"Jo Yana"},"logo":{"@id":"https:\/\/www.joyana.fr\/#\/schema\/person\/image\/"},"description":"Jo Yana est le cr\u00e9ateur et r\u00e9dacteur en chef des sites DECO-DESIGN. Passionn\u00e9 de Design, Mode, Photo, Luxe, Lifestyle, Musique, mais avant tout Blogueur ! Le plaisir de partager l'anime et a comme devise \"POUR L'AMOUR DU BEAU\". Retrouvez le aussi sur son blog personnel - https:\/\/joyana.fr...","sameAs":["https:\/\/joyana.fr\/"]}]}},"uagb_featured_image_src":{"full":["https:\/\/i0.wp.com\/www.joyana.fr\/wp-content\/uploads\/2022\/04\/IMG_7031-e1651338072275.jpg?fit=816%2C816&ssl=1",816,816,false],"thumbnail":["https:\/\/i0.wp.com\/www.joyana.fr\/wp-content\/uploads\/2022\/04\/IMG_7031-e1651338072275.jpg?resize=150%2C150&ssl=1",150,150,true],"medium":["https:\/\/i0.wp.com\/www.joyana.fr\/wp-content\/uploads\/2022\/04\/IMG_7031-e1651338072275.jpg?fit=389%2C389&ssl=1",389,389,true],"medium_large":["https:\/\/i0.wp.com\/www.joyana.fr\/wp-content\/uploads\/2022\/04\/IMG_7031-e1651338072275.jpg?fit=768%2C768&ssl=1",768,768,true],"large":["https:\/\/i0.wp.com\/www.joyana.fr\/wp-content\/uploads\/2022\/04\/IMG_7031-e1651338072275.jpg?fit=1024%2C1024&ssl=1",1024,1024,true],"1536x1536":["https:\/\/i0.wp.com\/www.joyana.fr\/wp-content\/uploads\/2022\/04\/IMG_7031-e1651338072275.jpg?fit=816%2C816&ssl=1",816,816,true],"2048x2048":["https:\/\/i0.wp.com\/www.joyana.fr\/wp-content\/uploads\/2022\/04\/IMG_7031-e1651338072275.jpg?fit=816%2C816&ssl=1",816,816,true],"featured-thumb":["https:\/\/i0.wp.com\/www.joyana.fr\/wp-content\/uploads\/2022\/04\/IMG_7031-e1651338072275.jpg?resize=816%2C750&ssl=1",816,750,true],"ab-block-post-grid-landscape":["https:\/\/i0.wp.com\/www.joyana.fr\/wp-content\/uploads\/2022\/04\/IMG_7031-e1651338072275.jpg?resize=600%2C400&ssl=1",600,400,true],"ab-block-post-grid-square":["https:\/\/i0.wp.com\/www.joyana.fr\/wp-content\/uploads\/2022\/04\/IMG_7031-e1651338072275.jpg?resize=600%2C600&ssl=1",600,600,true],"author-pro-image":["https:\/\/i0.wp.com\/www.joyana.fr\/wp-content\/uploads\/2022\/04\/IMG_7031-e1651338072275.jpg?resize=360%2C570&ssl=1",360,570,true],"slider":["https:\/\/i0.wp.com\/www.joyana.fr\/wp-content\/uploads\/2022\/04\/IMG_7031-e1651338072275.jpg?resize=816%2C400&ssl=1",816,400,true],"woocommerce_thumbnail":["https:\/\/i0.wp.com\/www.joyana.fr\/wp-content\/uploads\/2022\/04\/IMG_7031-e1651338072275.jpg?resize=450%2C450&ssl=1",450,450,true],"woocommerce_single":["https:\/\/i0.wp.com\/www.joyana.fr\/wp-content\/uploads\/2022\/04\/IMG_7031-e1651338072275.jpg?fit=816%2C816&ssl=1",816,816,true],"woocommerce_gallery_thumbnail":["https:\/\/i0.wp.com\/www.joyana.fr\/wp-content\/uploads\/2022\/04\/IMG_7031-e1651338072275.jpg?resize=180%2C180&ssl=1",180,180,true],"sow-carousel-default":["https:\/\/i0.wp.com\/www.joyana.fr\/wp-content\/uploads\/2022\/04\/IMG_7031-e1651338072275.jpg?resize=272%2C182&ssl=1",272,182,true]},"uagb_author_info":{"display_name":"Jo Yana","author_link":"https:\/\/www.joyana.fr\/en\/author\/joyana\/"},"uagb_comment_info":0,"uagb_excerpt":"ARTIST | NAN TOKA (Fukuoka, Japan) TITLE | UNTITLED drawing #3 - NAN TOKA NEWS | Black posca on premium lightly grained drawing paper - 30x40cm - signed by the artist - framed in a white frame (39x49cm), enhanced on a white background, anti-reflective museum glass with UV protection SHIPPING | Sent from France mid-May&hellip;","featured_img":"https:\/\/www.joyana.fr\/wp-content\/uploads\/2022\/04\/IMG_7031-e1651338072275.jpg","coauthors":[],"author_meta":{"author_link":"https:\/\/www.joyana.fr\/en\/author\/joyana\/","display_name":"Jo Yana"},"relative_dates":{"created":"Posted 4 years ago","modified":"Updated 4 years ago"},"absolute_dates":{"created":"Posted on 30 April 2022","modified":"Updated on 23 June 2022"},"absolute_dates_time":{"created":"Posted on 30 April 2022 13:33","modified":"Updated on 23 June 2022 14:26"},"featured_img_caption":"","tax_additional":{"product_type":{"linked":["<a href=\"https:\/\/www.joyana.fr\/en\/?taxonomy=product_type&#038;term=simple\" class=\"advgb-post-tax-term\">simple<\/a>"],"unlinked":["<span class=\"advgb-post-tax-term\">simple<\/span>"],"slug":"product_type","name":"Product type"},"product_visibility":{"linked":["<a href=\"https:\/\/www.joyana.fr\/en\/?taxonomy=product_visibility&#038;term=outofstock\" class=\"advgb-post-tax-term\">outofstock<\/a>"],"unlinked":["<span class=\"advgb-post-tax-term\">outofstock<\/span>"],"slug":"product_visibility","name":"Product visibility"},"product_cat":{"linked":["<a href=\"https:\/\/www.joyana.fr\/en\/artgallery\/oeuvres\/oeuvres-sold-out\/dessin-oeuvres-sold-out\/\" class=\"advgb-post-tax-term\">Dessin<\/a>","<a href=\"https:\/\/www.joyana.fr\/en\/artgallery\/nos-artistes\/nan-toka\/\" class=\"advgb-post-tax-term\">NAN TOKA<\/a>","<a href=\"https:\/\/www.joyana.fr\/en\/artgallery\/oeuvres\/oeuvres-sold-out\/\" class=\"advgb-post-tax-term\">\u0152uvres sold out<\/a>"],"unlinked":["<span class=\"advgb-post-tax-term\">Dessin<\/span>","<span class=\"advgb-post-tax-term\">NAN TOKA<\/span>","<span class=\"advgb-post-tax-term\">\u0152uvres sold out<\/span>"],"slug":"product_cat","name":"Product categories"},"product_tag":{"linked":["<a href=\"https:\/\/www.joyana.fr\/en\/etiquette-produit\/nan-toka\/\" class=\"advgb-post-tax-term\">Nan Toka<\/a>"],"unlinked":["<span class=\"advgb-post-tax-term\">Nan Toka<\/span>"],"slug":"product_tag","name":"Product tags"},"product_shipping_class":{"linked":["<a href=\"https:\/\/www.joyana.fr\/en\/?taxonomy=product_shipping_class&#038;term=nan-toka-cadre\" class=\"advgb-post-tax-term\">nan toka cadre<\/a>"],"unlinked":["<span class=\"advgb-post-tax-term\">nan toka cadre<\/span>"],"slug":"product_shipping_class","name":"Product shipping classes"},"pa_color":{"linked":[],"unlinked":[],"slug":"pa_color","name":"Product Colors"},"pa_frhoraires":{"linked":[],"unlinked":[],"slug":"pa_frhoraires","name":"Product Horaires"}},"series_order":"","jetpack_sharing_enabled":true,"jetpack-related-posts":[],"_links":{"self":[{"href":"https:\/\/www.joyana.fr\/en\/wp-json\/wp\/v2\/product\/148564","targetHints":{"allow":["GET"]}}],"collection":[{"href":"https:\/\/www.joyana.fr\/en\/wp-json\/wp\/v2\/product"}],"about":[{"href":"https:\/\/www.joyana.fr\/en\/wp-json\/wp\/v2\/types\/product"}],"wp:featuredmedia":[{"embeddable":true,"href":"https:\/\/www.joyana.fr\/en\/wp-json\/wp\/v2\/media\/148583"}],"wp:attachment":[{"href":"https:\/\/www.joyana.fr\/en\/wp-json\/wp\/v2\/media?parent=148564"}],"wp:term":[{"taxonomy":"product_cat","embeddable":true,"href":"https:\/\/www.joyana.fr\/en\/wp-json\/wp\/v2\/product_cat?post=148564"},{"taxonomy":"product_tag","embeddable":true,"href":"https:\/\/www.joyana.fr\/en\/wp-json\/wp\/v2\/product_tag?post=148564"}],"curies":[{"name":"wp","href":"https:\/\/api.w.org\/{rel}","templated":true}]}}