{"id":146729,"date":"2021-04-01T10:00:25","date_gmt":"2021-04-01T08:00:25","guid":{"rendered":"https:\/\/joyana.fr\/ja\/?post_type=product&#038;p=146729"},"modified":"2021-05-01T08:50:46","modified_gmt":"2021-05-01T06:50:46","slug":"assiette-23-24-sakura-ln-boul","status":"publish","type":"product","link":"https:\/\/www.joyana.fr\/en\/gallery\/assiette-23-24-sakura-ln-boul\/","title":{"rendered":"Plate 23-24 SAKURA &#8211; LN BOUL"},"content":{"rendered":"<p>This plate &#8211; from the SAKURA collection &#8211; was crafted in the workshop of the French ceramist LN BOUL. Like each piece of craftsmanship, each model is unique and presents slight variations in shape and color.<\/p>\n<p>About LN BOUL: Designer by training, graduate of the Beaux Arts de Marseille, H\u00e9l\u00e8ne Besset created the Ln Boul workshop in 2007. After designing furniture, lighting, objects, and scenography, she turned to ceramics following vocational training in 2018. She works with &#8220;low temperature stoneware&#8221; fired at 1150 degrees, utility pieces with simple shapes, and in raku for decorative pieces.<\/p>\n<p>His initial training influenced him to try to make these pieces designed for everyday life and accessible to all &#8230;<\/p>\n","protected":false},"excerpt":{"rendered":"<p>Plate 23-24 SAKURA by LN BOUL<\/p>\n<p>ARTIST | LN BOUL (France)<br \/>\nNAME | SAKURA collection<br \/>\nINFO | Between 23 and 24cm in diameter &#8211; Stoneware &#8211; Signed below<br \/>\nUSE | Food safe, dishwasher safe<br \/>\nTECHNICAL | Low temperature French white stoneware (Casar\u00e8s), engobed then enamelled and fired at 1150 degrees.<br \/>\nMatte enamel is a homemade recipe suitable for trace-free food contact.<br \/>\nSHIPPING | From France mid-April<\/p>\n","protected":false},"author":3,"featured_media":146754,"template":"","meta":{"_coblocks_attr":"","_coblocks_dimensions":"","_coblocks_responsive_height":"","_coblocks_accordion_ie_support":"","_uag_custom_page_level_css":"","advgb_blocks_editor_width":"","advgb_blocks_columns_visual_guide":"","_genesis_hide_title":false,"_genesis_hide_breadcrumbs":false,"_genesis_hide_singular_image":false,"_genesis_hide_footer_widgets":false,"_genesis_custom_body_class":"","_genesis_custom_post_class":"","_genesis_layout":"full-width-content","_themeisle_gutenberg_block_has_review":false},"product_cat":[5267,5263],"product_tag":[5168],"class_list":{"0":"post-146729","1":"product","2":"type-product","3":"status-publish","4":"has-post-thumbnail","6":"product_cat-ceramique-oeuvres-sold-out","7":"product_cat-oeuvres-sold-out","8":"product_tag-ln-boul","9":"product_shipping_class-ceramique","10":"entry","12":"first","13":"outofstock","14":"shipping-taxable","15":"purchasable","16":"product-type-simple"},"featured_image_urls":{"full":["https:\/\/i0.wp.com\/www.joyana.fr\/wp-content\/uploads\/2021\/04\/sakura-DSC02027.jpg?fit=1870%2C1870&ssl=1",1870,1870,false],"thumbnail":["https:\/\/i0.wp.com\/www.joyana.fr\/wp-content\/uploads\/2021\/04\/sakura-DSC02027.jpg?resize=150%2C150&ssl=1",150,150,true],"medium":["https:\/\/i0.wp.com\/www.joyana.fr\/wp-content\/uploads\/2021\/04\/sakura-DSC02027.jpg?fit=389%2C389&ssl=1",389,389,true],"medium_large":["https:\/\/i0.wp.com\/www.joyana.fr\/wp-content\/uploads\/2021\/04\/sakura-DSC02027.jpg?fit=768%2C768&ssl=1",768,768,true],"large":["https:\/\/i0.wp.com\/www.joyana.fr\/wp-content\/uploads\/2021\/04\/sakura-DSC02027.jpg?fit=1024%2C1024&ssl=1",1024,1024,true],"1536x1536":["https:\/\/i0.wp.com\/www.joyana.fr\/wp-content\/uploads\/2021\/04\/sakura-DSC02027.jpg?fit=1536%2C1536&ssl=1",1536,1536,true],"2048x2048":["https:\/\/i0.wp.com\/www.joyana.fr\/wp-content\/uploads\/2021\/04\/sakura-DSC02027.jpg?fit=1870%2C1870&ssl=1",1870,1870,true],"featured-thumb":["https:\/\/i0.wp.com\/www.joyana.fr\/wp-content\/uploads\/2021\/04\/sakura-DSC02027.jpg?resize=1870%2C750&ssl=1",1870,750,true],"ab-block-post-grid-landscape":["https:\/\/i0.wp.com\/www.joyana.fr\/wp-content\/uploads\/2021\/04\/sakura-DSC02027.jpg?resize=600%2C400&ssl=1",600,400,true],"ab-block-post-grid-square":["https:\/\/i0.wp.com\/www.joyana.fr\/wp-content\/uploads\/2021\/04\/sakura-DSC02027.jpg?resize=600%2C600&ssl=1",600,600,true],"author-pro-image":["https:\/\/i0.wp.com\/www.joyana.fr\/wp-content\/uploads\/2021\/04\/sakura-DSC02027.jpg?resize=360%2C570&ssl=1",360,570,true],"slider":["https:\/\/i0.wp.com\/www.joyana.fr\/wp-content\/uploads\/2021\/04\/sakura-DSC02027.jpg?resize=920%2C400&ssl=1",920,400,true],"woocommerce_thumbnail":["https:\/\/i0.wp.com\/www.joyana.fr\/wp-content\/uploads\/2021\/04\/sakura-DSC02027.jpg?resize=450%2C450&ssl=1",450,450,true],"woocommerce_single":["https:\/\/i0.wp.com\/www.joyana.fr\/wp-content\/uploads\/2021\/04\/sakura-DSC02027.jpg?fit=920%2C920&ssl=1",920,920,true],"woocommerce_gallery_thumbnail":["https:\/\/i0.wp.com\/www.joyana.fr\/wp-content\/uploads\/2021\/04\/sakura-DSC02027.jpg?resize=180%2C180&ssl=1",180,180,true],"sow-carousel-default":["https:\/\/i0.wp.com\/www.joyana.fr\/wp-content\/uploads\/2021\/04\/sakura-DSC02027.jpg?resize=272%2C182&ssl=1",272,182,true]},"post_excerpt_stackable":"<p>Plate 23-24 SAKURA by LN BOUL<\/p>\n<p>ARTIST | LN BOUL (France)<br \/>\nNAME | SAKURA collection<br \/>\nINFO | Between 23 and 24cm in diameter &#8211; Stoneware &#8211; Signed below<br \/>\nUSE | Food safe, dishwasher safe<br \/>\nTECHNICAL | Low temperature French white stoneware (Casar\u00e8s), engobed then enamelled and fired at 1150 degrees.<br \/>\nMatte enamel is a homemade recipe suitable for trace-free food contact.<br \/>\nSHIPPING | From France mid-April<\/p>\n","category_list":"","author_info":{"name":"Jo Yana","url":"https:\/\/www.joyana.fr\/en\/author\/joyana\/"},"comments_num":"0 comments","featured_image_urls_v2":{"full":["https:\/\/i0.wp.com\/www.joyana.fr\/wp-content\/uploads\/2021\/04\/sakura-DSC02027.jpg?fit=1870%2C1870&ssl=1",1870,1870,false],"thumbnail":["https:\/\/i0.wp.com\/www.joyana.fr\/wp-content\/uploads\/2021\/04\/sakura-DSC02027.jpg?resize=150%2C150&ssl=1",150,150,true],"medium":["https:\/\/i0.wp.com\/www.joyana.fr\/wp-content\/uploads\/2021\/04\/sakura-DSC02027.jpg?fit=389%2C389&ssl=1",389,389,true],"medium_large":["https:\/\/i0.wp.com\/www.joyana.fr\/wp-content\/uploads\/2021\/04\/sakura-DSC02027.jpg?fit=768%2C768&ssl=1",768,768,true],"large":["https:\/\/i0.wp.com\/www.joyana.fr\/wp-content\/uploads\/2021\/04\/sakura-DSC02027.jpg?fit=1024%2C1024&ssl=1",1024,1024,true],"1536x1536":["https:\/\/i0.wp.com\/www.joyana.fr\/wp-content\/uploads\/2021\/04\/sakura-DSC02027.jpg?fit=1536%2C1536&ssl=1",1536,1536,true],"2048x2048":["https:\/\/i0.wp.com\/www.joyana.fr\/wp-content\/uploads\/2021\/04\/sakura-DSC02027.jpg?fit=1870%2C1870&ssl=1",1870,1870,true],"featured-thumb":["https:\/\/i0.wp.com\/www.joyana.fr\/wp-content\/uploads\/2021\/04\/sakura-DSC02027.jpg?resize=1870%2C750&ssl=1",1870,750,true],"ab-block-post-grid-landscape":["https:\/\/i0.wp.com\/www.joyana.fr\/wp-content\/uploads\/2021\/04\/sakura-DSC02027.jpg?resize=600%2C400&ssl=1",600,400,true],"ab-block-post-grid-square":["https:\/\/i0.wp.com\/www.joyana.fr\/wp-content\/uploads\/2021\/04\/sakura-DSC02027.jpg?resize=600%2C600&ssl=1",600,600,true],"author-pro-image":["https:\/\/i0.wp.com\/www.joyana.fr\/wp-content\/uploads\/2021\/04\/sakura-DSC02027.jpg?resize=360%2C570&ssl=1",360,570,true],"slider":["https:\/\/i0.wp.com\/www.joyana.fr\/wp-content\/uploads\/2021\/04\/sakura-DSC02027.jpg?resize=920%2C400&ssl=1",920,400,true],"woocommerce_thumbnail":["https:\/\/i0.wp.com\/www.joyana.fr\/wp-content\/uploads\/2021\/04\/sakura-DSC02027.jpg?resize=450%2C450&ssl=1",450,450,true],"woocommerce_single":["https:\/\/i0.wp.com\/www.joyana.fr\/wp-content\/uploads\/2021\/04\/sakura-DSC02027.jpg?fit=920%2C920&ssl=1",920,920,true],"woocommerce_gallery_thumbnail":["https:\/\/i0.wp.com\/www.joyana.fr\/wp-content\/uploads\/2021\/04\/sakura-DSC02027.jpg?resize=180%2C180&ssl=1",180,180,true],"sow-carousel-default":["https:\/\/i0.wp.com\/www.joyana.fr\/wp-content\/uploads\/2021\/04\/sakura-DSC02027.jpg?resize=272%2C182&ssl=1",272,182,true]},"post_excerpt_stackable_v2":"<p>Plate 23-24 SAKURA by LN BOUL<\/p>\n<p>ARTIST | LN BOUL (France)<br \/>\nNAME | SAKURA collection<br \/>\nINFO | Between 23 and 24cm in diameter &#8211; Stoneware &#8211; Signed below<br \/>\nUSE | Food safe, dishwasher safe<br \/>\nTECHNICAL | Low temperature French white stoneware (Casar\u00e8s), engobed then enamelled and fired at 1150 degrees.<br \/>\nMatte enamel is a homemade recipe suitable for trace-free food contact.<br \/>\nSHIPPING | From France mid-April<\/p>\n","category_list_v2":"","author_info_v2":{"name":"Jo Yana","url":"https:\/\/www.joyana.fr\/en\/author\/joyana\/"},"comments_num_v2":"0 comments","yoast_head":"<!-- This site is optimized with the Yoast SEO plugin v26.8 - https:\/\/yoast.com\/product\/yoast-seo-wordpress\/ -->\n<title>Assiette 23-24 SAKURA - Plate 23-24 SAKURA -  - JO YANA<\/title>\n<meta name=\"robots\" content=\"index, follow, max-snippet:-1, max-image-preview:large, max-video-preview:-1\" \/>\n<link rel=\"canonical\" href=\"https:\/\/www.joyana.fr\/en\/gallery\/assiette-23-24-sakura-ln-boul\/\" \/>\n<meta property=\"og:locale\" content=\"en_US\" \/>\n<meta property=\"og:locale:alternate\" content=\"fr_FR\" \/>\n<meta property=\"og:locale:alternate\" content=\"ja\" \/>\n<meta property=\"og:type\" content=\"article\" \/>\n<meta property=\"og:title\" content=\"Plate 23-24 SAKURA - LN BOUL\" \/>\n<meta property=\"og:description\" content=\"Plate 23-24 SAKURA by LN BOUL  ARTIST | LN BOUL (France) NAME | SAKURA collection INFO | Between 23 and 24cm in diameter - Stoneware - Signed below USE | Food safe, dishwasher safe TECHNICAL | Low temperature French white stoneware (Casar\u00e8s), engobed then enamelled and fired at 1150 degrees. Matte enamel is a homemade recipe suitable for trace-free food contact. SHIPPING | From France mid-April\" \/>\n<meta property=\"og:url\" content=\"https:\/\/www.joyana.fr\/en\/gallery\/assiette-23-24-sakura-ln-boul\/\" \/>\n<meta property=\"og:site_name\" content=\"JO YANA\" \/>\n<meta property=\"article:modified_time\" content=\"2021-05-01T06:50:46+00:00\" \/>\n<meta property=\"og:image\" content=\"https:\/\/i0.wp.com\/www.joyana.fr\/wp-content\/uploads\/2021\/04\/sakura-DSC02027.jpg?fit=1870%2C1870&ssl=1\" \/>\n\t<meta property=\"og:image:width\" content=\"1870\" \/>\n\t<meta property=\"og:image:height\" content=\"1870\" \/>\n\t<meta property=\"og:image:type\" content=\"image\/jpeg\" \/>\n<meta name=\"twitter:card\" content=\"summary_large_image\" \/>\n<meta name=\"twitter:site\" content=\"@Jo_Yana\" \/>\n<meta name=\"twitter:label1\" content=\"Est. reading time\" \/>\n\t<meta name=\"twitter:data1\" content=\"2 minutes\" \/>\n<script type=\"application\/ld+json\" class=\"yoast-schema-graph\">{\"@context\":\"https:\/\/schema.org\",\"@graph\":[{\"@type\":\"WebPage\",\"@id\":\"https:\/\/www.joyana.fr\/en\/gallery\/assiette-23-24-sakura-ln-boul\/\",\"url\":\"https:\/\/www.joyana.fr\/en\/gallery\/assiette-23-24-sakura-ln-boul\/\",\"name\":\"Plate 23-24 SAKURA - LN BOUL\",\"isPartOf\":{\"@id\":\"https:\/\/joyana.fr\/#website\"},\"primaryImageOfPage\":{\"@id\":\"https:\/\/www.joyana.fr\/en\/gallery\/assiette-23-24-sakura-ln-boul\/#primaryimage\"},\"image\":{\"@id\":\"https:\/\/www.joyana.fr\/en\/gallery\/assiette-23-24-sakura-ln-boul\/#primaryimage\"},\"thumbnailUrl\":\"https:\/\/i0.wp.com\/www.joyana.fr\/wp-content\/uploads\/2021\/04\/sakura-DSC02027.jpg?fit=1870%2C1870&ssl=1\",\"datePublished\":\"2021-04-01T08:00:25+00:00\",\"dateModified\":\"2021-05-01T06:50:46+00:00\",\"breadcrumb\":{\"@id\":\"https:\/\/www.joyana.fr\/en\/gallery\/assiette-23-24-sakura-ln-boul\/#breadcrumb\"},\"inLanguage\":\"en-US\",\"potentialAction\":[{\"@type\":\"ReadAction\",\"target\":[\"https:\/\/www.joyana.fr\/en\/gallery\/assiette-23-24-sakura-ln-boul\/\"]}]},{\"@type\":\"ImageObject\",\"inLanguage\":\"en-US\",\"@id\":\"https:\/\/www.joyana.fr\/en\/gallery\/assiette-23-24-sakura-ln-boul\/#primaryimage\",\"url\":\"https:\/\/i0.wp.com\/www.joyana.fr\/wp-content\/uploads\/2021\/04\/sakura-DSC02027.jpg?fit=1870%2C1870&ssl=1\",\"contentUrl\":\"https:\/\/i0.wp.com\/www.joyana.fr\/wp-content\/uploads\/2021\/04\/sakura-DSC02027.jpg?fit=1870%2C1870&ssl=1\",\"width\":1870,\"height\":1870},{\"@type\":\"BreadcrumbList\",\"@id\":\"https:\/\/www.joyana.fr\/en\/gallery\/assiette-23-24-sakura-ln-boul\/#breadcrumb\",\"itemListElement\":[{\"@type\":\"ListItem\",\"position\":1,\"name\":\"Accueil\",\"item\":\"https:\/\/joyana.fr\/\"},{\"@type\":\"ListItem\",\"position\":2,\"name\":\"GALLERY JO YANA\",\"item\":\"https:\/\/joyana.fr\/ja\/artgallery\/\"},{\"@type\":\"ListItem\",\"position\":3,\"name\":\"Plate 23-24 SAKURA &#8211; LN BOUL\"}]},{\"@type\":\"WebSite\",\"@id\":\"https:\/\/joyana.fr\/#website\",\"url\":\"https:\/\/joyana.fr\/\",\"name\":\"JO YANA\",\"description\":\"Blog Mode Homme, Lifestyle, D\u00e9co-Design\",\"publisher\":{\"@id\":\"https:\/\/joyana.fr\/#\/schema\/person\/cf2a1ad12a27c12c21801075bf37407c\"},\"potentialAction\":[{\"@type\":\"SearchAction\",\"target\":{\"@type\":\"EntryPoint\",\"urlTemplate\":\"https:\/\/joyana.fr\/?s={search_term_string}\"},\"query-input\":{\"@type\":\"PropertyValueSpecification\",\"valueRequired\":true,\"valueName\":\"search_term_string\"}}],\"inLanguage\":\"en-US\"},{\"@type\":[\"Person\",\"Organization\"],\"@id\":\"https:\/\/joyana.fr\/#\/schema\/person\/cf2a1ad12a27c12c21801075bf37407c\",\"name\":\"Jo Yana\",\"image\":{\"@type\":\"ImageObject\",\"inLanguage\":\"en-US\",\"@id\":\"https:\/\/joyana.fr\/#\/schema\/person\/image\/\",\"url\":\"https:\/\/i0.wp.com\/www.joyana.fr\/wp-content\/uploads\/2016\/08\/cropped-joyana-logo-black-360x180.png?fit=343%2C164&ssl=1\",\"contentUrl\":\"https:\/\/i0.wp.com\/www.joyana.fr\/wp-content\/uploads\/2016\/08\/cropped-joyana-logo-black-360x180.png?fit=343%2C164&ssl=1\",\"width\":343,\"height\":164,\"caption\":\"Jo Yana\"},\"logo\":{\"@id\":\"https:\/\/joyana.fr\/#\/schema\/person\/image\/\"},\"description\":\"Jo Yana est le cr\u00e9ateur et r\u00e9dacteur en chef des sites DECO-DESIGN. Passionn\u00e9 de Design, Mode, Photo, Luxe, Lifestyle, Musique, mais avant tout Blogueur ! Le plaisir de partager l'anime et a comme devise \\\"POUR L'AMOUR DU BEAU\\\". Retrouvez le aussi sur son blog personnel - https:\/\/joyana.fr...\",\"sameAs\":[\"https:\/\/joyana.fr\/\"]}]}<\/script>\n<!-- \/ Yoast SEO plugin. -->","yoast_head_json":{"title":"Assiette 23-24 SAKURA - Plate 23-24 SAKURA -  - JO YANA","robots":{"index":"index","follow":"follow","max-snippet":"max-snippet:-1","max-image-preview":"max-image-preview:large","max-video-preview":"max-video-preview:-1"},"canonical":"https:\/\/www.joyana.fr\/en\/gallery\/assiette-23-24-sakura-ln-boul\/","og_locale":"en_US","og_type":"article","og_title":"[:fr]Assiette 23-24 SAKURA - LN BOUL[:en]Plate 23-24 SAKURA - LN BOUL[:ja]Plate 23-24 SAKURA by LN BOUL[:] - JO YANA","og_description":"Plate 23-24 SAKURA by LN BOUL  ARTIST | LN BOUL (France) NAME | SAKURA collection INFO | Between 23 and 24cm in diameter - Stoneware - Signed below USE | Food safe, dishwasher safe TECHNICAL | Low temperature French white stoneware (Casar\u00e8s), engobed then enamelled and fired at 1150 degrees. Matte enamel is a homemade recipe suitable for trace-free food contact. SHIPPING | From France mid-April","og_url":"https:\/\/www.joyana.fr\/en\/gallery\/assiette-23-24-sakura-ln-boul\/","og_site_name":"JO YANA","article_modified_time":"2021-05-01T06:50:46+00:00","og_image":[{"width":1870,"height":1870,"url":"https:\/\/i0.wp.com\/www.joyana.fr\/wp-content\/uploads\/2021\/04\/sakura-DSC02027.jpg?fit=1870%2C1870&ssl=1","type":"image\/jpeg"}],"twitter_card":"summary_large_image","twitter_site":"@Jo_Yana","twitter_misc":{"Est. reading time":"2 minutes"},"schema":{"@context":"https:\/\/schema.org","@graph":[{"@type":"WebPage","@id":"https:\/\/www.joyana.fr\/en\/gallery\/assiette-23-24-sakura-ln-boul\/","url":"https:\/\/www.joyana.fr\/en\/gallery\/assiette-23-24-sakura-ln-boul\/","name":"Plate 23-24 SAKURA - LN BOUL","isPartOf":{"@id":"https:\/\/joyana.fr\/#website"},"primaryImageOfPage":{"@id":"https:\/\/www.joyana.fr\/en\/gallery\/assiette-23-24-sakura-ln-boul\/#primaryimage"},"image":{"@id":"https:\/\/www.joyana.fr\/en\/gallery\/assiette-23-24-sakura-ln-boul\/#primaryimage"},"thumbnailUrl":"https:\/\/i0.wp.com\/www.joyana.fr\/wp-content\/uploads\/2021\/04\/sakura-DSC02027.jpg?fit=1870%2C1870&ssl=1","datePublished":"2021-04-01T08:00:25+00:00","dateModified":"2021-05-01T06:50:46+00:00","breadcrumb":{"@id":"https:\/\/www.joyana.fr\/en\/gallery\/assiette-23-24-sakura-ln-boul\/#breadcrumb"},"inLanguage":"en-US","potentialAction":[{"@type":"ReadAction","target":["https:\/\/www.joyana.fr\/en\/gallery\/assiette-23-24-sakura-ln-boul\/"]}]},{"@type":"ImageObject","inLanguage":"en-US","@id":"https:\/\/www.joyana.fr\/en\/gallery\/assiette-23-24-sakura-ln-boul\/#primaryimage","url":"https:\/\/i0.wp.com\/www.joyana.fr\/wp-content\/uploads\/2021\/04\/sakura-DSC02027.jpg?fit=1870%2C1870&ssl=1","contentUrl":"https:\/\/i0.wp.com\/www.joyana.fr\/wp-content\/uploads\/2021\/04\/sakura-DSC02027.jpg?fit=1870%2C1870&ssl=1","width":1870,"height":1870},{"@type":"BreadcrumbList","@id":"https:\/\/www.joyana.fr\/en\/gallery\/assiette-23-24-sakura-ln-boul\/#breadcrumb","itemListElement":[{"@type":"ListItem","position":1,"name":"Accueil","item":"https:\/\/joyana.fr\/"},{"@type":"ListItem","position":2,"name":"GALLERY JO YANA","item":"https:\/\/joyana.fr\/ja\/artgallery\/"},{"@type":"ListItem","position":3,"name":"Plate 23-24 SAKURA &#8211; LN BOUL"}]},{"@type":"WebSite","@id":"https:\/\/joyana.fr\/#website","url":"https:\/\/joyana.fr\/","name":"JO YANA","description":"Blog Mode Homme, Lifestyle, D\u00e9co-Design","publisher":{"@id":"https:\/\/joyana.fr\/#\/schema\/person\/cf2a1ad12a27c12c21801075bf37407c"},"potentialAction":[{"@type":"SearchAction","target":{"@type":"EntryPoint","urlTemplate":"https:\/\/joyana.fr\/?s={search_term_string}"},"query-input":{"@type":"PropertyValueSpecification","valueRequired":true,"valueName":"search_term_string"}}],"inLanguage":"en-US"},{"@type":["Person","Organization"],"@id":"https:\/\/joyana.fr\/#\/schema\/person\/cf2a1ad12a27c12c21801075bf37407c","name":"Jo Yana","image":{"@type":"ImageObject","inLanguage":"en-US","@id":"https:\/\/joyana.fr\/#\/schema\/person\/image\/","url":"https:\/\/i0.wp.com\/www.joyana.fr\/wp-content\/uploads\/2016\/08\/cropped-joyana-logo-black-360x180.png?fit=343%2C164&ssl=1","contentUrl":"https:\/\/i0.wp.com\/www.joyana.fr\/wp-content\/uploads\/2016\/08\/cropped-joyana-logo-black-360x180.png?fit=343%2C164&ssl=1","width":343,"height":164,"caption":"Jo Yana"},"logo":{"@id":"https:\/\/joyana.fr\/#\/schema\/person\/image\/"},"description":"Jo Yana est le cr\u00e9ateur et r\u00e9dacteur en chef des sites DECO-DESIGN. Passionn\u00e9 de Design, Mode, Photo, Luxe, Lifestyle, Musique, mais avant tout Blogueur ! Le plaisir de partager l'anime et a comme devise \"POUR L'AMOUR DU BEAU\". Retrouvez le aussi sur son blog personnel - https:\/\/joyana.fr...","sameAs":["https:\/\/joyana.fr\/"]}]}},"uagb_featured_image_src":{"full":["https:\/\/i0.wp.com\/www.joyana.fr\/wp-content\/uploads\/2021\/04\/sakura-DSC02027.jpg?fit=1870%2C1870&ssl=1",1870,1870,false],"thumbnail":["https:\/\/i0.wp.com\/www.joyana.fr\/wp-content\/uploads\/2021\/04\/sakura-DSC02027.jpg?resize=150%2C150&ssl=1",150,150,true],"medium":["https:\/\/i0.wp.com\/www.joyana.fr\/wp-content\/uploads\/2021\/04\/sakura-DSC02027.jpg?fit=389%2C389&ssl=1",389,389,true],"medium_large":["https:\/\/i0.wp.com\/www.joyana.fr\/wp-content\/uploads\/2021\/04\/sakura-DSC02027.jpg?fit=768%2C768&ssl=1",768,768,true],"large":["https:\/\/i0.wp.com\/www.joyana.fr\/wp-content\/uploads\/2021\/04\/sakura-DSC02027.jpg?fit=1024%2C1024&ssl=1",1024,1024,true],"1536x1536":["https:\/\/i0.wp.com\/www.joyana.fr\/wp-content\/uploads\/2021\/04\/sakura-DSC02027.jpg?fit=1536%2C1536&ssl=1",1536,1536,true],"2048x2048":["https:\/\/i0.wp.com\/www.joyana.fr\/wp-content\/uploads\/2021\/04\/sakura-DSC02027.jpg?fit=1870%2C1870&ssl=1",1870,1870,true],"featured-thumb":["https:\/\/i0.wp.com\/www.joyana.fr\/wp-content\/uploads\/2021\/04\/sakura-DSC02027.jpg?resize=1870%2C750&ssl=1",1870,750,true],"ab-block-post-grid-landscape":["https:\/\/i0.wp.com\/www.joyana.fr\/wp-content\/uploads\/2021\/04\/sakura-DSC02027.jpg?resize=600%2C400&ssl=1",600,400,true],"ab-block-post-grid-square":["https:\/\/i0.wp.com\/www.joyana.fr\/wp-content\/uploads\/2021\/04\/sakura-DSC02027.jpg?resize=600%2C600&ssl=1",600,600,true],"author-pro-image":["https:\/\/i0.wp.com\/www.joyana.fr\/wp-content\/uploads\/2021\/04\/sakura-DSC02027.jpg?resize=360%2C570&ssl=1",360,570,true],"slider":["https:\/\/i0.wp.com\/www.joyana.fr\/wp-content\/uploads\/2021\/04\/sakura-DSC02027.jpg?resize=920%2C400&ssl=1",920,400,true],"woocommerce_thumbnail":["https:\/\/i0.wp.com\/www.joyana.fr\/wp-content\/uploads\/2021\/04\/sakura-DSC02027.jpg?resize=450%2C450&ssl=1",450,450,true],"woocommerce_single":["https:\/\/i0.wp.com\/www.joyana.fr\/wp-content\/uploads\/2021\/04\/sakura-DSC02027.jpg?fit=920%2C920&ssl=1",920,920,true],"woocommerce_gallery_thumbnail":["https:\/\/i0.wp.com\/www.joyana.fr\/wp-content\/uploads\/2021\/04\/sakura-DSC02027.jpg?resize=180%2C180&ssl=1",180,180,true],"sow-carousel-default":["https:\/\/i0.wp.com\/www.joyana.fr\/wp-content\/uploads\/2021\/04\/sakura-DSC02027.jpg?resize=272%2C182&ssl=1",272,182,true]},"uagb_author_info":{"display_name":"Jo Yana","author_link":"https:\/\/www.joyana.fr\/en\/author\/joyana\/"},"uagb_comment_info":0,"uagb_excerpt":"Plate 23-24 SAKURA by LN BOUL ARTIST | LN BOUL (France) NAME | SAKURA collection INFO | Between 23 and 24cm in diameter - Stoneware - Signed below USE | Food safe, dishwasher safe TECHNICAL | Low temperature French white stoneware (Casar\u00e8s), engobed then enamelled and fired at 1150 degrees. Matte enamel is a homemade&hellip;","featured_img":"https:\/\/www.joyana.fr\/wp-content\/uploads\/2021\/04\/sakura-DSC02027.jpg","coauthors":[],"author_meta":{"author_link":"https:\/\/www.joyana.fr\/en\/author\/joyana\/","display_name":"Jo Yana"},"relative_dates":{"created":"Posted 5 years ago","modified":"Updated 5 years ago"},"absolute_dates":{"created":"Posted on 1 April 2021","modified":"Updated on 1 May 2021"},"absolute_dates_time":{"created":"Posted on 1 April 2021 10:00","modified":"Updated on 1 May 2021 8:50"},"featured_img_caption":"","tax_additional":{"product_type":{"linked":["<a href=\"https:\/\/www.joyana.fr\/en\/?taxonomy=product_type&#038;term=simple\" class=\"advgb-post-tax-term\">simple<\/a>"],"unlinked":["<span class=\"advgb-post-tax-term\">simple<\/span>"],"slug":"product_type","name":"Product type"},"product_visibility":{"linked":["<a href=\"https:\/\/www.joyana.fr\/en\/?taxonomy=product_visibility&#038;term=outofstock\" class=\"advgb-post-tax-term\">outofstock<\/a>"],"unlinked":["<span class=\"advgb-post-tax-term\">outofstock<\/span>"],"slug":"product_visibility","name":"Product visibility"},"product_cat":{"linked":["<a href=\"https:\/\/www.joyana.fr\/en\/artgallery\/oeuvres\/oeuvres-sold-out\/ceramique-oeuvres-sold-out\/\" class=\"advgb-post-tax-term\">C\u00e9ramique<\/a>","<a href=\"https:\/\/www.joyana.fr\/en\/artgallery\/oeuvres\/oeuvres-sold-out\/\" class=\"advgb-post-tax-term\">\u0152uvres sold out<\/a>"],"unlinked":["<span class=\"advgb-post-tax-term\">C\u00e9ramique<\/span>","<span class=\"advgb-post-tax-term\">\u0152uvres sold out<\/span>"],"slug":"product_cat","name":"Product categories"},"product_tag":{"linked":["<a href=\"https:\/\/www.joyana.fr\/en\/etiquette-produit\/ln-boul\/\" class=\"advgb-post-tax-term\">LN BOUL<\/a>"],"unlinked":["<span class=\"advgb-post-tax-term\">LN BOUL<\/span>"],"slug":"product_tag","name":"Product tags"},"product_shipping_class":{"linked":["<a href=\"https:\/\/www.joyana.fr\/en\/?taxonomy=product_shipping_class&#038;term=ceramique\" class=\"advgb-post-tax-term\">C\u00e9ramique<\/a>"],"unlinked":["<span class=\"advgb-post-tax-term\">C\u00e9ramique<\/span>"],"slug":"product_shipping_class","name":"Product shipping classes"},"pa_color":{"linked":[],"unlinked":[],"slug":"pa_color","name":"Product Colors"},"pa_frhoraires":{"linked":[],"unlinked":[],"slug":"pa_frhoraires","name":"Product Horaires"}},"series_order":"","jetpack_sharing_enabled":true,"jetpack-related-posts":[],"_links":{"self":[{"href":"https:\/\/www.joyana.fr\/en\/wp-json\/wp\/v2\/product\/146729","targetHints":{"allow":["GET"]}}],"collection":[{"href":"https:\/\/www.joyana.fr\/en\/wp-json\/wp\/v2\/product"}],"about":[{"href":"https:\/\/www.joyana.fr\/en\/wp-json\/wp\/v2\/types\/product"}],"wp:featuredmedia":[{"embeddable":true,"href":"https:\/\/www.joyana.fr\/en\/wp-json\/wp\/v2\/media\/146754"}],"wp:attachment":[{"href":"https:\/\/www.joyana.fr\/en\/wp-json\/wp\/v2\/media?parent=146729"}],"wp:term":[{"taxonomy":"product_cat","embeddable":true,"href":"https:\/\/www.joyana.fr\/en\/wp-json\/wp\/v2\/product_cat?post=146729"},{"taxonomy":"product_tag","embeddable":true,"href":"https:\/\/www.joyana.fr\/en\/wp-json\/wp\/v2\/product_tag?post=146729"}],"curies":[{"name":"wp","href":"https:\/\/api.w.org\/{rel}","templated":true}]}}