{"id":146702,"date":"2021-04-01T10:00:20","date_gmt":"2021-04-01T08:00:20","guid":{"rendered":"https:\/\/joyana.fr\/?post_type=product&#038;p=146702"},"modified":"2021-05-01T08:50:34","modified_gmt":"2021-05-01T06:50:34","slug":"happiness-aleksovana","status":"publish","type":"product","link":"https:\/\/www.joyana.fr\/en\/gallery\/happiness-aleksovana\/","title":{"rendered":"Happiness &#8211; ALEKSOVANA"},"content":{"rendered":"<p>About ALEKSOVANA &#8211; ALEKSOVANA is a Serbian-based illustrator and graphic designer born in 1992. Her career began as an art director in an advertising agency after completing her Masters in Graphic Design. She quickly widened her scope of work to illustration, becoming a full-time freelance artist and focusing on commercial illustration and fashion collaborations with various brands.<\/p>\n<p>ALEKSOVANA&#8217;s artistic style is inspired by East Asian culture and influenced by Japanese manga art of the 80&#8217;s and 90&#8217;s. The main motif of his work is a representation of the emotions his characters feel in different life circumstances&#8230;<\/p>\n","protected":false},"excerpt":{"rendered":"<p>Artist &#8211; ALEKSOVANA (Serbia)<br \/>\nTitle &#8211; Happiness<br \/>\nInformation &#8211; 35x42x3cm &#8211; Canvas print &#8211; Unique print signed by the artist<br \/>\nPrice &#8211; 650\u20ac<\/p>\n<p>A Word from the Gallery &#8211; When creating works of art for the exhibition at Gallery Jo Yana, the artist focused on the variability of emotions and their interaction with seasonal changes&#8230;<\/p>\n","protected":false},"author":3,"featured_media":146668,"template":"","meta":{"_coblocks_attr":"","_coblocks_dimensions":"","_coblocks_responsive_height":"","_coblocks_accordion_ie_support":"","_uag_custom_page_level_css":"","advgb_blocks_editor_width":"","advgb_blocks_columns_visual_guide":"","_genesis_hide_title":false,"_genesis_hide_breadcrumbs":false,"_genesis_hide_singular_image":false,"_genesis_hide_footer_widgets":false,"_genesis_custom_body_class":"","_genesis_custom_post_class":"","_genesis_layout":"full-width-content","_themeisle_gutenberg_block_has_review":false},"product_cat":[5314,5279,5263],"product_tag":[5315],"class_list":{"0":"post-146702","1":"product","2":"type-product","3":"status-publish","4":"has-post-thumbnail","6":"product_cat-aleksovana","7":"product_cat-print","8":"product_cat-oeuvres-sold-out","9":"product_tag-aleksovana","10":"product_shipping_class-nan-toka-cadre","11":"entry","13":"first","14":"outofstock","15":"shipping-taxable","16":"purchasable","17":"product-type-simple"},"featured_image_urls":{"full":["https:\/\/i0.wp.com\/www.joyana.fr\/wp-content\/uploads\/2021\/03\/DSC02020.jpg?fit=1466%2C1466&ssl=1",1466,1466,false],"thumbnail":["https:\/\/i0.wp.com\/www.joyana.fr\/wp-content\/uploads\/2021\/03\/DSC02020.jpg?resize=150%2C150&ssl=1",150,150,true],"medium":["https:\/\/i0.wp.com\/www.joyana.fr\/wp-content\/uploads\/2021\/03\/DSC02020.jpg?fit=389%2C389&ssl=1",389,389,true],"medium_large":["https:\/\/i0.wp.com\/www.joyana.fr\/wp-content\/uploads\/2021\/03\/DSC02020.jpg?fit=768%2C768&ssl=1",768,768,true],"large":["https:\/\/i0.wp.com\/www.joyana.fr\/wp-content\/uploads\/2021\/03\/DSC02020.jpg?fit=1024%2C1024&ssl=1",1024,1024,true],"1536x1536":["https:\/\/i0.wp.com\/www.joyana.fr\/wp-content\/uploads\/2021\/03\/DSC02020.jpg?fit=1466%2C1466&ssl=1",1466,1466,true],"2048x2048":["https:\/\/i0.wp.com\/www.joyana.fr\/wp-content\/uploads\/2021\/03\/DSC02020.jpg?fit=1466%2C1466&ssl=1",1466,1466,true],"featured-thumb":["https:\/\/i0.wp.com\/www.joyana.fr\/wp-content\/uploads\/2021\/03\/DSC02020.jpg?resize=1466%2C750&ssl=1",1466,750,true],"ab-block-post-grid-landscape":["https:\/\/i0.wp.com\/www.joyana.fr\/wp-content\/uploads\/2021\/03\/DSC02020.jpg?resize=600%2C400&ssl=1",600,400,true],"ab-block-post-grid-square":["https:\/\/i0.wp.com\/www.joyana.fr\/wp-content\/uploads\/2021\/03\/DSC02020.jpg?resize=600%2C600&ssl=1",600,600,true],"author-pro-image":["https:\/\/i0.wp.com\/www.joyana.fr\/wp-content\/uploads\/2021\/03\/DSC02020.jpg?resize=360%2C570&ssl=1",360,570,true],"slider":["https:\/\/i0.wp.com\/www.joyana.fr\/wp-content\/uploads\/2021\/03\/DSC02020.jpg?resize=920%2C400&ssl=1",920,400,true],"woocommerce_thumbnail":["https:\/\/i0.wp.com\/www.joyana.fr\/wp-content\/uploads\/2021\/03\/DSC02020.jpg?resize=450%2C450&ssl=1",450,450,true],"woocommerce_single":["https:\/\/i0.wp.com\/www.joyana.fr\/wp-content\/uploads\/2021\/03\/DSC02020.jpg?fit=920%2C920&ssl=1",920,920,true],"woocommerce_gallery_thumbnail":["https:\/\/i0.wp.com\/www.joyana.fr\/wp-content\/uploads\/2021\/03\/DSC02020.jpg?resize=180%2C180&ssl=1",180,180,true],"sow-carousel-default":["https:\/\/i0.wp.com\/www.joyana.fr\/wp-content\/uploads\/2021\/03\/DSC02020.jpg?resize=272%2C182&ssl=1",272,182,true]},"post_excerpt_stackable":"<p>Artist &#8211; ALEKSOVANA (Serbia)<br \/>\nTitle &#8211; Happiness<br \/>\nInformation &#8211; 35x42x3cm &#8211; Canvas print &#8211; Unique print signed by the artist<br \/>\nPrice &#8211; 650\u20ac<\/p>\n<p>A Word from the Gallery &#8211; When creating works of art for the exhibition at Gallery Jo Yana, the artist focused on the variability of emotions and their interaction with seasonal changes&#8230;<\/p>\n","category_list":"","author_info":{"name":"Jo Yana","url":"https:\/\/www.joyana.fr\/en\/author\/joyana\/"},"comments_num":"0 comments","featured_image_urls_v2":{"full":["https:\/\/i0.wp.com\/www.joyana.fr\/wp-content\/uploads\/2021\/03\/DSC02020.jpg?fit=1466%2C1466&ssl=1",1466,1466,false],"thumbnail":["https:\/\/i0.wp.com\/www.joyana.fr\/wp-content\/uploads\/2021\/03\/DSC02020.jpg?resize=150%2C150&ssl=1",150,150,true],"medium":["https:\/\/i0.wp.com\/www.joyana.fr\/wp-content\/uploads\/2021\/03\/DSC02020.jpg?fit=389%2C389&ssl=1",389,389,true],"medium_large":["https:\/\/i0.wp.com\/www.joyana.fr\/wp-content\/uploads\/2021\/03\/DSC02020.jpg?fit=768%2C768&ssl=1",768,768,true],"large":["https:\/\/i0.wp.com\/www.joyana.fr\/wp-content\/uploads\/2021\/03\/DSC02020.jpg?fit=1024%2C1024&ssl=1",1024,1024,true],"1536x1536":["https:\/\/i0.wp.com\/www.joyana.fr\/wp-content\/uploads\/2021\/03\/DSC02020.jpg?fit=1466%2C1466&ssl=1",1466,1466,true],"2048x2048":["https:\/\/i0.wp.com\/www.joyana.fr\/wp-content\/uploads\/2021\/03\/DSC02020.jpg?fit=1466%2C1466&ssl=1",1466,1466,true],"featured-thumb":["https:\/\/i0.wp.com\/www.joyana.fr\/wp-content\/uploads\/2021\/03\/DSC02020.jpg?resize=1466%2C750&ssl=1",1466,750,true],"ab-block-post-grid-landscape":["https:\/\/i0.wp.com\/www.joyana.fr\/wp-content\/uploads\/2021\/03\/DSC02020.jpg?resize=600%2C400&ssl=1",600,400,true],"ab-block-post-grid-square":["https:\/\/i0.wp.com\/www.joyana.fr\/wp-content\/uploads\/2021\/03\/DSC02020.jpg?resize=600%2C600&ssl=1",600,600,true],"author-pro-image":["https:\/\/i0.wp.com\/www.joyana.fr\/wp-content\/uploads\/2021\/03\/DSC02020.jpg?resize=360%2C570&ssl=1",360,570,true],"slider":["https:\/\/i0.wp.com\/www.joyana.fr\/wp-content\/uploads\/2021\/03\/DSC02020.jpg?resize=920%2C400&ssl=1",920,400,true],"woocommerce_thumbnail":["https:\/\/i0.wp.com\/www.joyana.fr\/wp-content\/uploads\/2021\/03\/DSC02020.jpg?resize=450%2C450&ssl=1",450,450,true],"woocommerce_single":["https:\/\/i0.wp.com\/www.joyana.fr\/wp-content\/uploads\/2021\/03\/DSC02020.jpg?fit=920%2C920&ssl=1",920,920,true],"woocommerce_gallery_thumbnail":["https:\/\/i0.wp.com\/www.joyana.fr\/wp-content\/uploads\/2021\/03\/DSC02020.jpg?resize=180%2C180&ssl=1",180,180,true],"sow-carousel-default":["https:\/\/i0.wp.com\/www.joyana.fr\/wp-content\/uploads\/2021\/03\/DSC02020.jpg?resize=272%2C182&ssl=1",272,182,true]},"post_excerpt_stackable_v2":"<p>Artist &#8211; ALEKSOVANA (Serbia)<br \/>\nTitle &#8211; Happiness<br \/>\nInformation &#8211; 35x42x3cm &#8211; Canvas print &#8211; Unique print signed by the artist<br \/>\nPrice &#8211; 650\u20ac<\/p>\n<p>A Word from the Gallery &#8211; When creating works of art for the exhibition at Gallery Jo Yana, the artist focused on the variability of emotions and their interaction with seasonal changes&#8230;<\/p>\n","category_list_v2":"","author_info_v2":{"name":"Jo Yana","url":"https:\/\/www.joyana.fr\/en\/author\/joyana\/"},"comments_num_v2":"0 comments","yoast_head":"<!-- This site is optimized with the Yoast SEO plugin v26.8 - https:\/\/yoast.com\/product\/yoast-seo-wordpress\/ -->\n<title>Happiness - Happiness -  - ALEKSOVANA[:] - JO YANA<\/title>\n<meta name=\"robots\" content=\"index, follow, max-snippet:-1, max-image-preview:large, max-video-preview:-1\" \/>\n<link rel=\"canonical\" href=\"https:\/\/www.joyana.fr\/en\/gallery\/happiness-aleksovana\/\" \/>\n<meta property=\"og:locale\" content=\"en_US\" \/>\n<meta property=\"og:locale:alternate\" content=\"fr_FR\" \/>\n<meta property=\"og:locale:alternate\" content=\"ja\" \/>\n<meta property=\"og:type\" content=\"article\" \/>\n<meta property=\"og:title\" content=\"Happiness - ALEKSOVANA\" \/>\n<meta property=\"og:description\" content=\"Artist - ALEKSOVANA (Serbia) Title - Happiness Information - 35x42x3cm - Canvas print - Unique print signed by the artist Price - 650\u20ac  A Word from the Gallery - When creating works of art for the exhibition at Gallery Jo Yana, the artist focused on the variability of emotions and their interaction with seasonal changes...\" \/>\n<meta property=\"og:url\" content=\"https:\/\/www.joyana.fr\/en\/gallery\/happiness-aleksovana\/\" \/>\n<meta property=\"og:site_name\" content=\"JO YANA\" \/>\n<meta property=\"article:modified_time\" content=\"2021-05-01T06:50:34+00:00\" \/>\n<meta property=\"og:image\" content=\"https:\/\/i0.wp.com\/www.joyana.fr\/wp-content\/uploads\/2021\/03\/DSC02020.jpg?fit=1466%2C1466&ssl=1\" \/>\n\t<meta property=\"og:image:width\" content=\"1466\" \/>\n\t<meta property=\"og:image:height\" content=\"1466\" \/>\n\t<meta property=\"og:image:type\" content=\"image\/jpeg\" \/>\n<meta name=\"twitter:card\" content=\"summary_large_image\" \/>\n<meta name=\"twitter:site\" content=\"@Jo_Yana\" \/>\n<meta name=\"twitter:label1\" content=\"Est. reading time\" \/>\n\t<meta name=\"twitter:data1\" content=\"2 minutes\" \/>\n<script type=\"application\/ld+json\" class=\"yoast-schema-graph\">{\"@context\":\"https:\/\/schema.org\",\"@graph\":[{\"@type\":\"WebPage\",\"@id\":\"https:\/\/www.joyana.fr\/ja\/gallery\/happiness-aleksovana\/\",\"url\":\"https:\/\/www.joyana.fr\/ja\/gallery\/happiness-aleksovana\/\",\"name\":\"Happiness - ALEKSOVANA\",\"isPartOf\":{\"@id\":\"https:\/\/www.joyana.fr\/ja\/#website\"},\"primaryImageOfPage\":{\"@id\":\"https:\/\/www.joyana.fr\/ja\/gallery\/happiness-aleksovana\/#primaryimage\"},\"image\":{\"@id\":\"https:\/\/www.joyana.fr\/ja\/gallery\/happiness-aleksovana\/#primaryimage\"},\"thumbnailUrl\":\"https:\/\/i0.wp.com\/www.joyana.fr\/wp-content\/uploads\/2021\/03\/DSC02020.jpg?fit=1466%2C1466&ssl=1\",\"datePublished\":\"2021-04-01T08:00:20+00:00\",\"dateModified\":\"2021-05-01T06:50:34+00:00\",\"breadcrumb\":{\"@id\":\"https:\/\/www.joyana.fr\/ja\/gallery\/happiness-aleksovana\/#breadcrumb\"},\"inLanguage\":\"en-US\",\"potentialAction\":[{\"@type\":\"ReadAction\",\"target\":[\"https:\/\/www.joyana.fr\/ja\/gallery\/happiness-aleksovana\/\"]}]},{\"@type\":\"ImageObject\",\"inLanguage\":\"en-US\",\"@id\":\"https:\/\/www.joyana.fr\/ja\/gallery\/happiness-aleksovana\/#primaryimage\",\"url\":\"https:\/\/i0.wp.com\/www.joyana.fr\/wp-content\/uploads\/2021\/03\/DSC02020.jpg?fit=1466%2C1466&ssl=1\",\"contentUrl\":\"https:\/\/i0.wp.com\/www.joyana.fr\/wp-content\/uploads\/2021\/03\/DSC02020.jpg?fit=1466%2C1466&ssl=1\",\"width\":1466,\"height\":1466},{\"@type\":\"BreadcrumbList\",\"@id\":\"https:\/\/www.joyana.fr\/ja\/gallery\/happiness-aleksovana\/#breadcrumb\",\"itemListElement\":[{\"@type\":\"ListItem\",\"position\":1,\"name\":\"Accueil\",\"item\":\"https:\/\/www.joyana.fr\/ja\/\"},{\"@type\":\"ListItem\",\"position\":2,\"name\":\"GALLERY JO YANA\",\"item\":\"https:\/\/joyana.fr\/en\/artgallery\/\"},{\"@type\":\"ListItem\",\"position\":3,\"name\":\"Happiness &#8211; ALEKSOVANA\"}]},{\"@type\":\"WebSite\",\"@id\":\"https:\/\/www.joyana.fr\/ja\/#website\",\"url\":\"https:\/\/www.joyana.fr\/ja\/\",\"name\":\"JO YANA\",\"description\":\"Blog Mode Homme, Lifestyle, D\u00e9co-Design\",\"publisher\":{\"@id\":\"https:\/\/www.joyana.fr\/ja\/#\/schema\/person\/cf2a1ad12a27c12c21801075bf37407c\"},\"potentialAction\":[{\"@type\":\"SearchAction\",\"target\":{\"@type\":\"EntryPoint\",\"urlTemplate\":\"https:\/\/www.joyana.fr\/ja\/?s={search_term_string}\"},\"query-input\":{\"@type\":\"PropertyValueSpecification\",\"valueRequired\":true,\"valueName\":\"search_term_string\"}}],\"inLanguage\":\"en-US\"},{\"@type\":[\"Person\",\"Organization\"],\"@id\":\"https:\/\/www.joyana.fr\/ja\/#\/schema\/person\/cf2a1ad12a27c12c21801075bf37407c\",\"name\":\"Jo Yana\",\"image\":{\"@type\":\"ImageObject\",\"inLanguage\":\"en-US\",\"@id\":\"https:\/\/www.joyana.fr\/ja\/#\/schema\/person\/image\/\",\"url\":\"https:\/\/i0.wp.com\/www.joyana.fr\/wp-content\/uploads\/2016\/08\/cropped-joyana-logo-black-360x180.png?fit=343%2C164&ssl=1\",\"contentUrl\":\"https:\/\/i0.wp.com\/www.joyana.fr\/wp-content\/uploads\/2016\/08\/cropped-joyana-logo-black-360x180.png?fit=343%2C164&ssl=1\",\"width\":343,\"height\":164,\"caption\":\"Jo Yana\"},\"logo\":{\"@id\":\"https:\/\/www.joyana.fr\/ja\/#\/schema\/person\/image\/\"},\"description\":\"Jo Yana est le cr\u00e9ateur et r\u00e9dacteur en chef des sites DECO-DESIGN. Passionn\u00e9 de Design, Mode, Photo, Luxe, Lifestyle, Musique, mais avant tout Blogueur ! Le plaisir de partager l'anime et a comme devise \\\"POUR L'AMOUR DU BEAU\\\". Retrouvez le aussi sur son blog personnel - https:\/\/joyana.fr...\",\"sameAs\":[\"https:\/\/joyana.fr\/\"]}]}<\/script>\n<!-- \/ Yoast SEO plugin. -->","yoast_head_json":{"title":"Happiness - Happiness -  - ALEKSOVANA[:] - JO YANA","robots":{"index":"index","follow":"follow","max-snippet":"max-snippet:-1","max-image-preview":"max-image-preview:large","max-video-preview":"max-video-preview:-1"},"canonical":"https:\/\/www.joyana.fr\/en\/gallery\/happiness-aleksovana\/","og_locale":"en_US","og_type":"article","og_title":"[:fr]Happiness - ALEKSOVANA[:en]Happiness - ALEKSOVANA[:ja]Happiness - ALEKSOVANA[:] - JO YANA","og_description":"Artist - ALEKSOVANA (Serbia) Title - Happiness Information - 35x42x3cm - Canvas print - Unique print signed by the artist Price - 650\u20ac  A Word from the Gallery - When creating works of art for the exhibition at Gallery Jo Yana, the artist focused on the variability of emotions and their interaction with seasonal changes...","og_url":"https:\/\/www.joyana.fr\/en\/gallery\/happiness-aleksovana\/","og_site_name":"JO YANA","article_modified_time":"2021-05-01T06:50:34+00:00","og_image":[{"width":1466,"height":1466,"url":"https:\/\/i0.wp.com\/www.joyana.fr\/wp-content\/uploads\/2021\/03\/DSC02020.jpg?fit=1466%2C1466&ssl=1","type":"image\/jpeg"}],"twitter_card":"summary_large_image","twitter_site":"@Jo_Yana","twitter_misc":{"Est. reading time":"2 minutes"},"schema":{"@context":"https:\/\/schema.org","@graph":[{"@type":"WebPage","@id":"https:\/\/www.joyana.fr\/ja\/gallery\/happiness-aleksovana\/","url":"https:\/\/www.joyana.fr\/ja\/gallery\/happiness-aleksovana\/","name":"Happiness - ALEKSOVANA","isPartOf":{"@id":"https:\/\/www.joyana.fr\/ja\/#website"},"primaryImageOfPage":{"@id":"https:\/\/www.joyana.fr\/ja\/gallery\/happiness-aleksovana\/#primaryimage"},"image":{"@id":"https:\/\/www.joyana.fr\/ja\/gallery\/happiness-aleksovana\/#primaryimage"},"thumbnailUrl":"https:\/\/i0.wp.com\/www.joyana.fr\/wp-content\/uploads\/2021\/03\/DSC02020.jpg?fit=1466%2C1466&ssl=1","datePublished":"2021-04-01T08:00:20+00:00","dateModified":"2021-05-01T06:50:34+00:00","breadcrumb":{"@id":"https:\/\/www.joyana.fr\/ja\/gallery\/happiness-aleksovana\/#breadcrumb"},"inLanguage":"en-US","potentialAction":[{"@type":"ReadAction","target":["https:\/\/www.joyana.fr\/ja\/gallery\/happiness-aleksovana\/"]}]},{"@type":"ImageObject","inLanguage":"en-US","@id":"https:\/\/www.joyana.fr\/ja\/gallery\/happiness-aleksovana\/#primaryimage","url":"https:\/\/i0.wp.com\/www.joyana.fr\/wp-content\/uploads\/2021\/03\/DSC02020.jpg?fit=1466%2C1466&ssl=1","contentUrl":"https:\/\/i0.wp.com\/www.joyana.fr\/wp-content\/uploads\/2021\/03\/DSC02020.jpg?fit=1466%2C1466&ssl=1","width":1466,"height":1466},{"@type":"BreadcrumbList","@id":"https:\/\/www.joyana.fr\/ja\/gallery\/happiness-aleksovana\/#breadcrumb","itemListElement":[{"@type":"ListItem","position":1,"name":"Accueil","item":"https:\/\/www.joyana.fr\/ja\/"},{"@type":"ListItem","position":2,"name":"GALLERY JO YANA","item":"https:\/\/joyana.fr\/en\/artgallery\/"},{"@type":"ListItem","position":3,"name":"Happiness &#8211; ALEKSOVANA"}]},{"@type":"WebSite","@id":"https:\/\/www.joyana.fr\/ja\/#website","url":"https:\/\/www.joyana.fr\/ja\/","name":"JO YANA","description":"Blog Mode Homme, Lifestyle, D\u00e9co-Design","publisher":{"@id":"https:\/\/www.joyana.fr\/ja\/#\/schema\/person\/cf2a1ad12a27c12c21801075bf37407c"},"potentialAction":[{"@type":"SearchAction","target":{"@type":"EntryPoint","urlTemplate":"https:\/\/www.joyana.fr\/ja\/?s={search_term_string}"},"query-input":{"@type":"PropertyValueSpecification","valueRequired":true,"valueName":"search_term_string"}}],"inLanguage":"en-US"},{"@type":["Person","Organization"],"@id":"https:\/\/www.joyana.fr\/ja\/#\/schema\/person\/cf2a1ad12a27c12c21801075bf37407c","name":"Jo Yana","image":{"@type":"ImageObject","inLanguage":"en-US","@id":"https:\/\/www.joyana.fr\/ja\/#\/schema\/person\/image\/","url":"https:\/\/i0.wp.com\/www.joyana.fr\/wp-content\/uploads\/2016\/08\/cropped-joyana-logo-black-360x180.png?fit=343%2C164&ssl=1","contentUrl":"https:\/\/i0.wp.com\/www.joyana.fr\/wp-content\/uploads\/2016\/08\/cropped-joyana-logo-black-360x180.png?fit=343%2C164&ssl=1","width":343,"height":164,"caption":"Jo Yana"},"logo":{"@id":"https:\/\/www.joyana.fr\/ja\/#\/schema\/person\/image\/"},"description":"Jo Yana est le cr\u00e9ateur et r\u00e9dacteur en chef des sites DECO-DESIGN. Passionn\u00e9 de Design, Mode, Photo, Luxe, Lifestyle, Musique, mais avant tout Blogueur ! Le plaisir de partager l'anime et a comme devise \"POUR L'AMOUR DU BEAU\". Retrouvez le aussi sur son blog personnel - https:\/\/joyana.fr...","sameAs":["https:\/\/joyana.fr\/"]}]}},"uagb_featured_image_src":{"full":["https:\/\/i0.wp.com\/www.joyana.fr\/wp-content\/uploads\/2021\/03\/DSC02020.jpg?fit=1466%2C1466&ssl=1",1466,1466,false],"thumbnail":["https:\/\/i0.wp.com\/www.joyana.fr\/wp-content\/uploads\/2021\/03\/DSC02020.jpg?resize=150%2C150&ssl=1",150,150,true],"medium":["https:\/\/i0.wp.com\/www.joyana.fr\/wp-content\/uploads\/2021\/03\/DSC02020.jpg?fit=389%2C389&ssl=1",389,389,true],"medium_large":["https:\/\/i0.wp.com\/www.joyana.fr\/wp-content\/uploads\/2021\/03\/DSC02020.jpg?fit=768%2C768&ssl=1",768,768,true],"large":["https:\/\/i0.wp.com\/www.joyana.fr\/wp-content\/uploads\/2021\/03\/DSC02020.jpg?fit=1024%2C1024&ssl=1",1024,1024,true],"1536x1536":["https:\/\/i0.wp.com\/www.joyana.fr\/wp-content\/uploads\/2021\/03\/DSC02020.jpg?fit=1466%2C1466&ssl=1",1466,1466,true],"2048x2048":["https:\/\/i0.wp.com\/www.joyana.fr\/wp-content\/uploads\/2021\/03\/DSC02020.jpg?fit=1466%2C1466&ssl=1",1466,1466,true],"featured-thumb":["https:\/\/i0.wp.com\/www.joyana.fr\/wp-content\/uploads\/2021\/03\/DSC02020.jpg?resize=1466%2C750&ssl=1",1466,750,true],"ab-block-post-grid-landscape":["https:\/\/i0.wp.com\/www.joyana.fr\/wp-content\/uploads\/2021\/03\/DSC02020.jpg?resize=600%2C400&ssl=1",600,400,true],"ab-block-post-grid-square":["https:\/\/i0.wp.com\/www.joyana.fr\/wp-content\/uploads\/2021\/03\/DSC02020.jpg?resize=600%2C600&ssl=1",600,600,true],"author-pro-image":["https:\/\/i0.wp.com\/www.joyana.fr\/wp-content\/uploads\/2021\/03\/DSC02020.jpg?resize=360%2C570&ssl=1",360,570,true],"slider":["https:\/\/i0.wp.com\/www.joyana.fr\/wp-content\/uploads\/2021\/03\/DSC02020.jpg?resize=920%2C400&ssl=1",920,400,true],"woocommerce_thumbnail":["https:\/\/i0.wp.com\/www.joyana.fr\/wp-content\/uploads\/2021\/03\/DSC02020.jpg?resize=450%2C450&ssl=1",450,450,true],"woocommerce_single":["https:\/\/i0.wp.com\/www.joyana.fr\/wp-content\/uploads\/2021\/03\/DSC02020.jpg?fit=920%2C920&ssl=1",920,920,true],"woocommerce_gallery_thumbnail":["https:\/\/i0.wp.com\/www.joyana.fr\/wp-content\/uploads\/2021\/03\/DSC02020.jpg?resize=180%2C180&ssl=1",180,180,true],"sow-carousel-default":["https:\/\/i0.wp.com\/www.joyana.fr\/wp-content\/uploads\/2021\/03\/DSC02020.jpg?resize=272%2C182&ssl=1",272,182,true]},"uagb_author_info":{"display_name":"Jo Yana","author_link":"https:\/\/www.joyana.fr\/en\/author\/joyana\/"},"uagb_comment_info":0,"uagb_excerpt":"Artist - ALEKSOVANA (Serbia) Title - Happiness Information - 35x42x3cm - Canvas print - Unique print signed by the artist Price - 650\u20ac A Word from the Gallery - When creating works of art for the exhibition at Gallery Jo Yana, the artist focused on the variability of emotions and their interaction with seasonal changes...","featured_img":"https:\/\/www.joyana.fr\/wp-content\/uploads\/2021\/03\/DSC02020.jpg","coauthors":[],"author_meta":{"author_link":"https:\/\/www.joyana.fr\/en\/author\/joyana\/","display_name":"Jo Yana"},"relative_dates":{"created":"Posted 5 years ago","modified":"Updated 5 years ago"},"absolute_dates":{"created":"Posted on 1 April 2021","modified":"Updated on 1 May 2021"},"absolute_dates_time":{"created":"Posted on 1 April 2021 10:00","modified":"Updated on 1 May 2021 8:50"},"featured_img_caption":"","tax_additional":{"product_type":{"linked":["<a href=\"https:\/\/www.joyana.fr\/en\/?taxonomy=product_type&#038;term=simple\" class=\"advgb-post-tax-term\">simple<\/a>"],"unlinked":["<span class=\"advgb-post-tax-term\">simple<\/span>"],"slug":"product_type","name":"Product type"},"product_visibility":{"linked":["<a href=\"https:\/\/www.joyana.fr\/en\/?taxonomy=product_visibility&#038;term=outofstock\" class=\"advgb-post-tax-term\">outofstock<\/a>"],"unlinked":["<span class=\"advgb-post-tax-term\">outofstock<\/span>"],"slug":"product_visibility","name":"Product visibility"},"product_cat":{"linked":["<a href=\"https:\/\/www.joyana.fr\/en\/artgallery\/nos-artistes\/aleksovana\/\" class=\"advgb-post-tax-term\">ALEKSOVANA<\/a>","<a href=\"https:\/\/www.joyana.fr\/en\/artgallery\/oeuvres\/oeuvres-sold-out\/print\/\" class=\"advgb-post-tax-term\">Print<\/a>","<a href=\"https:\/\/www.joyana.fr\/en\/artgallery\/oeuvres\/oeuvres-sold-out\/\" class=\"advgb-post-tax-term\">\u0152uvres sold out<\/a>"],"unlinked":["<span class=\"advgb-post-tax-term\">ALEKSOVANA<\/span>","<span class=\"advgb-post-tax-term\">Print<\/span>","<span class=\"advgb-post-tax-term\">\u0152uvres sold out<\/span>"],"slug":"product_cat","name":"Product categories"},"product_tag":{"linked":["<a href=\"https:\/\/www.joyana.fr\/en\/etiquette-produit\/aleksovana\/\" class=\"advgb-post-tax-term\">ALEKSOVANA<\/a>"],"unlinked":["<span class=\"advgb-post-tax-term\">ALEKSOVANA<\/span>"],"slug":"product_tag","name":"Product tags"},"product_shipping_class":{"linked":["<a href=\"https:\/\/www.joyana.fr\/en\/?taxonomy=product_shipping_class&#038;term=nan-toka-cadre\" class=\"advgb-post-tax-term\">nan toka cadre<\/a>"],"unlinked":["<span class=\"advgb-post-tax-term\">nan toka cadre<\/span>"],"slug":"product_shipping_class","name":"Product shipping classes"},"pa_color":{"linked":[],"unlinked":[],"slug":"pa_color","name":"Product Colors"},"pa_frhoraires":{"linked":[],"unlinked":[],"slug":"pa_frhoraires","name":"Product Horaires"}},"series_order":"","jetpack_sharing_enabled":true,"jetpack-related-posts":[],"_links":{"self":[{"href":"https:\/\/www.joyana.fr\/en\/wp-json\/wp\/v2\/product\/146702","targetHints":{"allow":["GET"]}}],"collection":[{"href":"https:\/\/www.joyana.fr\/en\/wp-json\/wp\/v2\/product"}],"about":[{"href":"https:\/\/www.joyana.fr\/en\/wp-json\/wp\/v2\/types\/product"}],"wp:featuredmedia":[{"embeddable":true,"href":"https:\/\/www.joyana.fr\/en\/wp-json\/wp\/v2\/media\/146668"}],"wp:attachment":[{"href":"https:\/\/www.joyana.fr\/en\/wp-json\/wp\/v2\/media?parent=146702"}],"wp:term":[{"taxonomy":"product_cat","embeddable":true,"href":"https:\/\/www.joyana.fr\/en\/wp-json\/wp\/v2\/product_cat?post=146702"},{"taxonomy":"product_tag","embeddable":true,"href":"https:\/\/www.joyana.fr\/en\/wp-json\/wp\/v2\/product_tag?post=146702"}],"curies":[{"name":"wp","href":"https:\/\/api.w.org\/{rel}","templated":true}]}}