{"id":146485,"date":"2021-03-01T11:00:31","date_gmt":"2021-03-01T09:00:31","guid":{"rendered":"https:\/\/joyana.fr\/?post_type=product&#038;p=146485"},"modified":"2022-01-22T15:33:12","modified_gmt":"2022-01-22T13:33:12","slug":"time-traveler-ha-haengun","status":"publish","type":"product","link":"https:\/\/www.joyana.fr\/en\/gallery\/time-traveler-ha-haengun\/","title":{"rendered":"Time Traveler &#8211; HA HAENGUN"},"content":{"rendered":"<p>HA HAENGEUN is an artist born in 1985, based in Seoul. She decided to follow her artistic path when she graduated from university in 2009. She has been showing her works in Seoul since 2010, revealing a fantastic, very detailed universe &#8230; &#8220;I want to make artworks of imagination and questions, not of a certain place, but of being on the border.&#8221; @hahaengun<\/p>\n","protected":false},"excerpt":{"rendered":"<p>ARTIST | HA HAENGUN (Korea)<br \/>\nTITLE | Time Traveler<br \/>\nINFO | 27,3x22cm &#8211; Acrylic on canvas<br \/>\nPRICE | 750\u20ac<\/p>\n<p>A WORD FROM THE GALLERY | Her cute old baby, whom she calls &#8220;NANA&#8221;, is exhibited for the first time in Europe. We are delighted to collaborate with HA HAENGUN for her first show outside the Asian continent &#8230;<\/p>\n","protected":false},"author":3,"featured_media":146367,"template":"","meta":{"_coblocks_attr":"","_coblocks_dimensions":"","_coblocks_responsive_height":"","_coblocks_accordion_ie_support":"","_uag_custom_page_level_css":"","advgb_blocks_editor_width":"","advgb_blocks_columns_visual_guide":"","_genesis_hide_title":false,"_genesis_hide_breadcrumbs":false,"_genesis_hide_singular_image":false,"_genesis_hide_footer_widgets":false,"_genesis_custom_body_class":"","_genesis_custom_post_class":"","_genesis_layout":"full-width-content","_themeisle_gutenberg_block_has_review":false},"product_cat":[5306,5264,5263],"product_tag":[5307],"class_list":{"0":"post-146485","1":"product","2":"type-product","3":"status-publish","4":"has-post-thumbnail","6":"product_cat-ha-haengeun","7":"product_cat-toile-oeuvres-sold-out","8":"product_cat-oeuvres-sold-out","9":"product_tag-ha-haengun","10":"product_shipping_class-print-enroule-60","11":"entry","13":"first","14":"outofstock","15":"shipping-taxable","16":"purchasable","17":"product-type-simple"},"featured_image_urls":{"full":["https:\/\/i0.wp.com\/www.joyana.fr\/wp-content\/uploads\/2021\/02\/DSC01557.jpg?fit=1280%2C1280&ssl=1",1280,1280,false],"thumbnail":["https:\/\/i0.wp.com\/www.joyana.fr\/wp-content\/uploads\/2021\/02\/DSC01557.jpg?resize=150%2C150&ssl=1",150,150,true],"medium":["https:\/\/i0.wp.com\/www.joyana.fr\/wp-content\/uploads\/2021\/02\/DSC01557.jpg?fit=389%2C389&ssl=1",389,389,true],"medium_large":["https:\/\/i0.wp.com\/www.joyana.fr\/wp-content\/uploads\/2021\/02\/DSC01557.jpg?fit=768%2C768&ssl=1",768,768,true],"large":["https:\/\/i0.wp.com\/www.joyana.fr\/wp-content\/uploads\/2021\/02\/DSC01557.jpg?fit=1024%2C1024&ssl=1",1024,1024,true],"1536x1536":["https:\/\/i0.wp.com\/www.joyana.fr\/wp-content\/uploads\/2021\/02\/DSC01557.jpg?fit=1280%2C1280&ssl=1",1280,1280,true],"2048x2048":["https:\/\/i0.wp.com\/www.joyana.fr\/wp-content\/uploads\/2021\/02\/DSC01557.jpg?fit=1280%2C1280&ssl=1",1280,1280,true],"featured-thumb":["https:\/\/i0.wp.com\/www.joyana.fr\/wp-content\/uploads\/2021\/02\/DSC01557.jpg?resize=1280%2C750&ssl=1",1280,750,true],"ab-block-post-grid-landscape":["https:\/\/i0.wp.com\/www.joyana.fr\/wp-content\/uploads\/2021\/02\/DSC01557.jpg?resize=600%2C400&ssl=1",600,400,true],"ab-block-post-grid-square":["https:\/\/i0.wp.com\/www.joyana.fr\/wp-content\/uploads\/2021\/02\/DSC01557.jpg?resize=600%2C600&ssl=1",600,600,true],"author-pro-image":["https:\/\/i0.wp.com\/www.joyana.fr\/wp-content\/uploads\/2021\/02\/DSC01557.jpg?resize=360%2C570&ssl=1",360,570,true],"slider":["https:\/\/i0.wp.com\/www.joyana.fr\/wp-content\/uploads\/2021\/02\/DSC01557.jpg?resize=920%2C400&ssl=1",920,400,true],"woocommerce_thumbnail":["https:\/\/i0.wp.com\/www.joyana.fr\/wp-content\/uploads\/2021\/02\/DSC01557.jpg?resize=450%2C450&ssl=1",450,450,true],"woocommerce_single":["https:\/\/i0.wp.com\/www.joyana.fr\/wp-content\/uploads\/2021\/02\/DSC01557.jpg?fit=920%2C920&ssl=1",920,920,true],"woocommerce_gallery_thumbnail":["https:\/\/i0.wp.com\/www.joyana.fr\/wp-content\/uploads\/2021\/02\/DSC01557.jpg?resize=180%2C180&ssl=1",180,180,true],"sow-carousel-default":["https:\/\/i0.wp.com\/www.joyana.fr\/wp-content\/uploads\/2021\/02\/DSC01557.jpg?resize=272%2C182&ssl=1",272,182,true]},"post_excerpt_stackable":"<p>ARTIST | HA HAENGUN (Korea)<br \/>\nTITLE | Time Traveler<br \/>\nINFO | 27,3x22cm &#8211; Acrylic on canvas<br \/>\nPRICE | 750\u20ac<\/p>\n<p>A WORD FROM THE GALLERY | Her cute old baby, whom she calls &#8220;NANA&#8221;, is exhibited for the first time in Europe. We are delighted to collaborate with HA HAENGUN for her first show outside the Asian continent &#8230;<\/p>\n","category_list":"","author_info":{"name":"Jo Yana","url":"https:\/\/www.joyana.fr\/en\/author\/joyana\/"},"comments_num":"0 comments","featured_image_urls_v2":{"full":["https:\/\/i0.wp.com\/www.joyana.fr\/wp-content\/uploads\/2021\/02\/DSC01557.jpg?fit=1280%2C1280&ssl=1",1280,1280,false],"thumbnail":["https:\/\/i0.wp.com\/www.joyana.fr\/wp-content\/uploads\/2021\/02\/DSC01557.jpg?resize=150%2C150&ssl=1",150,150,true],"medium":["https:\/\/i0.wp.com\/www.joyana.fr\/wp-content\/uploads\/2021\/02\/DSC01557.jpg?fit=389%2C389&ssl=1",389,389,true],"medium_large":["https:\/\/i0.wp.com\/www.joyana.fr\/wp-content\/uploads\/2021\/02\/DSC01557.jpg?fit=768%2C768&ssl=1",768,768,true],"large":["https:\/\/i0.wp.com\/www.joyana.fr\/wp-content\/uploads\/2021\/02\/DSC01557.jpg?fit=1024%2C1024&ssl=1",1024,1024,true],"1536x1536":["https:\/\/i0.wp.com\/www.joyana.fr\/wp-content\/uploads\/2021\/02\/DSC01557.jpg?fit=1280%2C1280&ssl=1",1280,1280,true],"2048x2048":["https:\/\/i0.wp.com\/www.joyana.fr\/wp-content\/uploads\/2021\/02\/DSC01557.jpg?fit=1280%2C1280&ssl=1",1280,1280,true],"featured-thumb":["https:\/\/i0.wp.com\/www.joyana.fr\/wp-content\/uploads\/2021\/02\/DSC01557.jpg?resize=1280%2C750&ssl=1",1280,750,true],"ab-block-post-grid-landscape":["https:\/\/i0.wp.com\/www.joyana.fr\/wp-content\/uploads\/2021\/02\/DSC01557.jpg?resize=600%2C400&ssl=1",600,400,true],"ab-block-post-grid-square":["https:\/\/i0.wp.com\/www.joyana.fr\/wp-content\/uploads\/2021\/02\/DSC01557.jpg?resize=600%2C600&ssl=1",600,600,true],"author-pro-image":["https:\/\/i0.wp.com\/www.joyana.fr\/wp-content\/uploads\/2021\/02\/DSC01557.jpg?resize=360%2C570&ssl=1",360,570,true],"slider":["https:\/\/i0.wp.com\/www.joyana.fr\/wp-content\/uploads\/2021\/02\/DSC01557.jpg?resize=920%2C400&ssl=1",920,400,true],"woocommerce_thumbnail":["https:\/\/i0.wp.com\/www.joyana.fr\/wp-content\/uploads\/2021\/02\/DSC01557.jpg?resize=450%2C450&ssl=1",450,450,true],"woocommerce_single":["https:\/\/i0.wp.com\/www.joyana.fr\/wp-content\/uploads\/2021\/02\/DSC01557.jpg?fit=920%2C920&ssl=1",920,920,true],"woocommerce_gallery_thumbnail":["https:\/\/i0.wp.com\/www.joyana.fr\/wp-content\/uploads\/2021\/02\/DSC01557.jpg?resize=180%2C180&ssl=1",180,180,true],"sow-carousel-default":["https:\/\/i0.wp.com\/www.joyana.fr\/wp-content\/uploads\/2021\/02\/DSC01557.jpg?resize=272%2C182&ssl=1",272,182,true]},"post_excerpt_stackable_v2":"<p>ARTIST | HA HAENGUN (Korea)<br \/>\nTITLE | Time Traveler<br \/>\nINFO | 27,3x22cm &#8211; Acrylic on canvas<br \/>\nPRICE | 750\u20ac<\/p>\n<p>A WORD FROM THE GALLERY | Her cute old baby, whom she calls &#8220;NANA&#8221;, is exhibited for the first time in Europe. We are delighted to collaborate with HA HAENGUN for her first show outside the Asian continent &#8230;<\/p>\n","category_list_v2":"","author_info_v2":{"name":"Jo Yana","url":"https:\/\/www.joyana.fr\/en\/author\/joyana\/"},"comments_num_v2":"0 comments","yoast_head":"<!-- This site is optimized with the Yoast SEO plugin v26.8 - https:\/\/yoast.com\/product\/yoast-seo-wordpress\/ -->\n<title>Time Traveler - Time Traveler -  - HA HAENGUN[:] - JO YANA<\/title>\n<meta name=\"robots\" content=\"index, follow, max-snippet:-1, max-image-preview:large, max-video-preview:-1\" \/>\n<link rel=\"canonical\" href=\"https:\/\/www.joyana.fr\/en\/gallery\/time-traveler-ha-haengun\/\" \/>\n<meta property=\"og:locale\" content=\"en_US\" \/>\n<meta property=\"og:locale:alternate\" content=\"fr_FR\" \/>\n<meta property=\"og:locale:alternate\" content=\"ja\" \/>\n<meta property=\"og:type\" content=\"article\" \/>\n<meta property=\"og:title\" content=\"Time Traveler - HA HAENGUN\" \/>\n<meta property=\"og:description\" content=\"ARTIST | HA HAENGUN (Korea) TITLE | Time Traveler INFO | 27,3x22cm - Acrylic on canvas PRICE | 750\u20ac  A WORD FROM THE GALLERY | Her cute old baby, whom she calls &quot;NANA&quot;, is exhibited for the first time in Europe. We are delighted to collaborate with HA HAENGUN for her first show outside the Asian continent ...\" \/>\n<meta property=\"og:url\" content=\"https:\/\/www.joyana.fr\/en\/gallery\/time-traveler-ha-haengun\/\" \/>\n<meta property=\"og:site_name\" content=\"JO YANA\" \/>\n<meta property=\"article:modified_time\" content=\"2022-01-22T13:33:12+00:00\" \/>\n<meta property=\"og:image\" content=\"https:\/\/i0.wp.com\/www.joyana.fr\/wp-content\/uploads\/2021\/02\/DSC01557.jpg?fit=1280%2C1280&ssl=1\" \/>\n\t<meta property=\"og:image:width\" content=\"1280\" \/>\n\t<meta property=\"og:image:height\" content=\"1280\" \/>\n\t<meta property=\"og:image:type\" content=\"image\/jpeg\" \/>\n<meta name=\"twitter:card\" content=\"summary_large_image\" \/>\n<meta name=\"twitter:site\" content=\"@Jo_Yana\" \/>\n<meta name=\"twitter:label1\" content=\"Est. reading time\" \/>\n\t<meta name=\"twitter:data1\" content=\"1 minute\" \/>\n<script type=\"application\/ld+json\" class=\"yoast-schema-graph\">{\"@context\":\"https:\/\/schema.org\",\"@graph\":[{\"@type\":\"WebPage\",\"@id\":\"https:\/\/www.joyana.fr\/en\/gallery\/time-traveler-ha-haengun\/\",\"url\":\"https:\/\/www.joyana.fr\/en\/gallery\/time-traveler-ha-haengun\/\",\"name\":\"Time Traveler - HA HAENGUN\",\"isPartOf\":{\"@id\":\"https:\/\/joyana.fr\/#website\"},\"primaryImageOfPage\":{\"@id\":\"https:\/\/www.joyana.fr\/en\/gallery\/time-traveler-ha-haengun\/#primaryimage\"},\"image\":{\"@id\":\"https:\/\/www.joyana.fr\/en\/gallery\/time-traveler-ha-haengun\/#primaryimage\"},\"thumbnailUrl\":\"https:\/\/i0.wp.com\/www.joyana.fr\/wp-content\/uploads\/2021\/02\/DSC01557.jpg?fit=1280%2C1280&ssl=1\",\"datePublished\":\"2021-03-01T09:00:31+00:00\",\"dateModified\":\"2022-01-22T13:33:12+00:00\",\"breadcrumb\":{\"@id\":\"https:\/\/www.joyana.fr\/en\/gallery\/time-traveler-ha-haengun\/#breadcrumb\"},\"inLanguage\":\"en-US\",\"potentialAction\":[{\"@type\":\"ReadAction\",\"target\":[\"https:\/\/www.joyana.fr\/en\/gallery\/time-traveler-ha-haengun\/\"]}]},{\"@type\":\"ImageObject\",\"inLanguage\":\"en-US\",\"@id\":\"https:\/\/www.joyana.fr\/en\/gallery\/time-traveler-ha-haengun\/#primaryimage\",\"url\":\"https:\/\/i0.wp.com\/www.joyana.fr\/wp-content\/uploads\/2021\/02\/DSC01557.jpg?fit=1280%2C1280&ssl=1\",\"contentUrl\":\"https:\/\/i0.wp.com\/www.joyana.fr\/wp-content\/uploads\/2021\/02\/DSC01557.jpg?fit=1280%2C1280&ssl=1\",\"width\":1280,\"height\":1280},{\"@type\":\"BreadcrumbList\",\"@id\":\"https:\/\/www.joyana.fr\/en\/gallery\/time-traveler-ha-haengun\/#breadcrumb\",\"itemListElement\":[{\"@type\":\"ListItem\",\"position\":1,\"name\":\"Accueil\",\"item\":\"https:\/\/joyana.fr\/\"},{\"@type\":\"ListItem\",\"position\":2,\"name\":\"GALLERY JO YANA\",\"item\":\"https:\/\/joyana.fr\/ja\/artgallery\/\"},{\"@type\":\"ListItem\",\"position\":3,\"name\":\"Time Traveler &#8211; HA HAENGUN\"}]},{\"@type\":\"WebSite\",\"@id\":\"https:\/\/joyana.fr\/#website\",\"url\":\"https:\/\/joyana.fr\/\",\"name\":\"JO YANA\",\"description\":\"Blog Mode Homme, Lifestyle, D\u00e9co-Design\",\"publisher\":{\"@id\":\"https:\/\/joyana.fr\/#\/schema\/person\/cf2a1ad12a27c12c21801075bf37407c\"},\"potentialAction\":[{\"@type\":\"SearchAction\",\"target\":{\"@type\":\"EntryPoint\",\"urlTemplate\":\"https:\/\/joyana.fr\/?s={search_term_string}\"},\"query-input\":{\"@type\":\"PropertyValueSpecification\",\"valueRequired\":true,\"valueName\":\"search_term_string\"}}],\"inLanguage\":\"en-US\"},{\"@type\":[\"Person\",\"Organization\"],\"@id\":\"https:\/\/joyana.fr\/#\/schema\/person\/cf2a1ad12a27c12c21801075bf37407c\",\"name\":\"Jo Yana\",\"image\":{\"@type\":\"ImageObject\",\"inLanguage\":\"en-US\",\"@id\":\"https:\/\/joyana.fr\/#\/schema\/person\/image\/\",\"url\":\"https:\/\/i0.wp.com\/www.joyana.fr\/wp-content\/uploads\/2016\/08\/cropped-joyana-logo-black-360x180.png?fit=343%2C164&ssl=1\",\"contentUrl\":\"https:\/\/i0.wp.com\/www.joyana.fr\/wp-content\/uploads\/2016\/08\/cropped-joyana-logo-black-360x180.png?fit=343%2C164&ssl=1\",\"width\":343,\"height\":164,\"caption\":\"Jo Yana\"},\"logo\":{\"@id\":\"https:\/\/joyana.fr\/#\/schema\/person\/image\/\"},\"description\":\"Jo Yana est le cr\u00e9ateur et r\u00e9dacteur en chef des sites DECO-DESIGN. Passionn\u00e9 de Design, Mode, Photo, Luxe, Lifestyle, Musique, mais avant tout Blogueur ! Le plaisir de partager l'anime et a comme devise \\\"POUR L'AMOUR DU BEAU\\\". Retrouvez le aussi sur son blog personnel - https:\/\/joyana.fr...\",\"sameAs\":[\"https:\/\/joyana.fr\/\"]}]}<\/script>\n<!-- \/ Yoast SEO plugin. -->","yoast_head_json":{"title":"Time Traveler - Time Traveler -  - HA HAENGUN[:] - JO YANA","robots":{"index":"index","follow":"follow","max-snippet":"max-snippet:-1","max-image-preview":"max-image-preview:large","max-video-preview":"max-video-preview:-1"},"canonical":"https:\/\/www.joyana.fr\/en\/gallery\/time-traveler-ha-haengun\/","og_locale":"en_US","og_type":"article","og_title":"[:fr]Time Traveler - HA HAENGUN[:en]Time Traveler - HA HAENGUN[:ja]Time Traveler - HA HAENGUN[:] - JO YANA","og_description":"ARTIST | HA HAENGUN (Korea) TITLE | Time Traveler INFO | 27,3x22cm - Acrylic on canvas PRICE | 750\u20ac  A WORD FROM THE GALLERY | Her cute old baby, whom she calls \"NANA\", is exhibited for the first time in Europe. We are delighted to collaborate with HA HAENGUN for her first show outside the Asian continent ...","og_url":"https:\/\/www.joyana.fr\/en\/gallery\/time-traveler-ha-haengun\/","og_site_name":"JO YANA","article_modified_time":"2022-01-22T13:33:12+00:00","og_image":[{"width":1280,"height":1280,"url":"https:\/\/i0.wp.com\/www.joyana.fr\/wp-content\/uploads\/2021\/02\/DSC01557.jpg?fit=1280%2C1280&ssl=1","type":"image\/jpeg"}],"twitter_card":"summary_large_image","twitter_site":"@Jo_Yana","twitter_misc":{"Est. reading time":"1 minute"},"schema":{"@context":"https:\/\/schema.org","@graph":[{"@type":"WebPage","@id":"https:\/\/www.joyana.fr\/en\/gallery\/time-traveler-ha-haengun\/","url":"https:\/\/www.joyana.fr\/en\/gallery\/time-traveler-ha-haengun\/","name":"Time Traveler - HA HAENGUN","isPartOf":{"@id":"https:\/\/joyana.fr\/#website"},"primaryImageOfPage":{"@id":"https:\/\/www.joyana.fr\/en\/gallery\/time-traveler-ha-haengun\/#primaryimage"},"image":{"@id":"https:\/\/www.joyana.fr\/en\/gallery\/time-traveler-ha-haengun\/#primaryimage"},"thumbnailUrl":"https:\/\/i0.wp.com\/www.joyana.fr\/wp-content\/uploads\/2021\/02\/DSC01557.jpg?fit=1280%2C1280&ssl=1","datePublished":"2021-03-01T09:00:31+00:00","dateModified":"2022-01-22T13:33:12+00:00","breadcrumb":{"@id":"https:\/\/www.joyana.fr\/en\/gallery\/time-traveler-ha-haengun\/#breadcrumb"},"inLanguage":"en-US","potentialAction":[{"@type":"ReadAction","target":["https:\/\/www.joyana.fr\/en\/gallery\/time-traveler-ha-haengun\/"]}]},{"@type":"ImageObject","inLanguage":"en-US","@id":"https:\/\/www.joyana.fr\/en\/gallery\/time-traveler-ha-haengun\/#primaryimage","url":"https:\/\/i0.wp.com\/www.joyana.fr\/wp-content\/uploads\/2021\/02\/DSC01557.jpg?fit=1280%2C1280&ssl=1","contentUrl":"https:\/\/i0.wp.com\/www.joyana.fr\/wp-content\/uploads\/2021\/02\/DSC01557.jpg?fit=1280%2C1280&ssl=1","width":1280,"height":1280},{"@type":"BreadcrumbList","@id":"https:\/\/www.joyana.fr\/en\/gallery\/time-traveler-ha-haengun\/#breadcrumb","itemListElement":[{"@type":"ListItem","position":1,"name":"Accueil","item":"https:\/\/joyana.fr\/"},{"@type":"ListItem","position":2,"name":"GALLERY JO YANA","item":"https:\/\/joyana.fr\/ja\/artgallery\/"},{"@type":"ListItem","position":3,"name":"Time Traveler &#8211; HA HAENGUN"}]},{"@type":"WebSite","@id":"https:\/\/joyana.fr\/#website","url":"https:\/\/joyana.fr\/","name":"JO YANA","description":"Blog Mode Homme, Lifestyle, D\u00e9co-Design","publisher":{"@id":"https:\/\/joyana.fr\/#\/schema\/person\/cf2a1ad12a27c12c21801075bf37407c"},"potentialAction":[{"@type":"SearchAction","target":{"@type":"EntryPoint","urlTemplate":"https:\/\/joyana.fr\/?s={search_term_string}"},"query-input":{"@type":"PropertyValueSpecification","valueRequired":true,"valueName":"search_term_string"}}],"inLanguage":"en-US"},{"@type":["Person","Organization"],"@id":"https:\/\/joyana.fr\/#\/schema\/person\/cf2a1ad12a27c12c21801075bf37407c","name":"Jo Yana","image":{"@type":"ImageObject","inLanguage":"en-US","@id":"https:\/\/joyana.fr\/#\/schema\/person\/image\/","url":"https:\/\/i0.wp.com\/www.joyana.fr\/wp-content\/uploads\/2016\/08\/cropped-joyana-logo-black-360x180.png?fit=343%2C164&ssl=1","contentUrl":"https:\/\/i0.wp.com\/www.joyana.fr\/wp-content\/uploads\/2016\/08\/cropped-joyana-logo-black-360x180.png?fit=343%2C164&ssl=1","width":343,"height":164,"caption":"Jo Yana"},"logo":{"@id":"https:\/\/joyana.fr\/#\/schema\/person\/image\/"},"description":"Jo Yana est le cr\u00e9ateur et r\u00e9dacteur en chef des sites DECO-DESIGN. Passionn\u00e9 de Design, Mode, Photo, Luxe, Lifestyle, Musique, mais avant tout Blogueur ! Le plaisir de partager l'anime et a comme devise \"POUR L'AMOUR DU BEAU\". Retrouvez le aussi sur son blog personnel - https:\/\/joyana.fr...","sameAs":["https:\/\/joyana.fr\/"]}]}},"uagb_featured_image_src":{"full":["https:\/\/i0.wp.com\/www.joyana.fr\/wp-content\/uploads\/2021\/02\/DSC01557.jpg?fit=1280%2C1280&ssl=1",1280,1280,false],"thumbnail":["https:\/\/i0.wp.com\/www.joyana.fr\/wp-content\/uploads\/2021\/02\/DSC01557.jpg?resize=150%2C150&ssl=1",150,150,true],"medium":["https:\/\/i0.wp.com\/www.joyana.fr\/wp-content\/uploads\/2021\/02\/DSC01557.jpg?fit=389%2C389&ssl=1",389,389,true],"medium_large":["https:\/\/i0.wp.com\/www.joyana.fr\/wp-content\/uploads\/2021\/02\/DSC01557.jpg?fit=768%2C768&ssl=1",768,768,true],"large":["https:\/\/i0.wp.com\/www.joyana.fr\/wp-content\/uploads\/2021\/02\/DSC01557.jpg?fit=1024%2C1024&ssl=1",1024,1024,true],"1536x1536":["https:\/\/i0.wp.com\/www.joyana.fr\/wp-content\/uploads\/2021\/02\/DSC01557.jpg?fit=1280%2C1280&ssl=1",1280,1280,true],"2048x2048":["https:\/\/i0.wp.com\/www.joyana.fr\/wp-content\/uploads\/2021\/02\/DSC01557.jpg?fit=1280%2C1280&ssl=1",1280,1280,true],"featured-thumb":["https:\/\/i0.wp.com\/www.joyana.fr\/wp-content\/uploads\/2021\/02\/DSC01557.jpg?resize=1280%2C750&ssl=1",1280,750,true],"ab-block-post-grid-landscape":["https:\/\/i0.wp.com\/www.joyana.fr\/wp-content\/uploads\/2021\/02\/DSC01557.jpg?resize=600%2C400&ssl=1",600,400,true],"ab-block-post-grid-square":["https:\/\/i0.wp.com\/www.joyana.fr\/wp-content\/uploads\/2021\/02\/DSC01557.jpg?resize=600%2C600&ssl=1",600,600,true],"author-pro-image":["https:\/\/i0.wp.com\/www.joyana.fr\/wp-content\/uploads\/2021\/02\/DSC01557.jpg?resize=360%2C570&ssl=1",360,570,true],"slider":["https:\/\/i0.wp.com\/www.joyana.fr\/wp-content\/uploads\/2021\/02\/DSC01557.jpg?resize=920%2C400&ssl=1",920,400,true],"woocommerce_thumbnail":["https:\/\/i0.wp.com\/www.joyana.fr\/wp-content\/uploads\/2021\/02\/DSC01557.jpg?resize=450%2C450&ssl=1",450,450,true],"woocommerce_single":["https:\/\/i0.wp.com\/www.joyana.fr\/wp-content\/uploads\/2021\/02\/DSC01557.jpg?fit=920%2C920&ssl=1",920,920,true],"woocommerce_gallery_thumbnail":["https:\/\/i0.wp.com\/www.joyana.fr\/wp-content\/uploads\/2021\/02\/DSC01557.jpg?resize=180%2C180&ssl=1",180,180,true],"sow-carousel-default":["https:\/\/i0.wp.com\/www.joyana.fr\/wp-content\/uploads\/2021\/02\/DSC01557.jpg?resize=272%2C182&ssl=1",272,182,true]},"uagb_author_info":{"display_name":"Jo Yana","author_link":"https:\/\/www.joyana.fr\/en\/author\/joyana\/"},"uagb_comment_info":0,"uagb_excerpt":"ARTIST | HA HAENGUN (Korea) TITLE | Time Traveler INFO | 27,3x22cm - Acrylic on canvas PRICE | 750\u20ac A WORD FROM THE GALLERY | Her cute old baby, whom she calls \"NANA\", is exhibited for the first time in Europe. We are delighted to collaborate with HA HAENGUN for her first show outside the&hellip;","featured_img":"https:\/\/www.joyana.fr\/wp-content\/uploads\/2021\/02\/DSC01557.jpg","coauthors":[],"author_meta":{"author_link":"https:\/\/www.joyana.fr\/en\/author\/joyana\/","display_name":"Jo Yana"},"relative_dates":{"created":"Posted 5 years ago","modified":"Updated 4 years ago"},"absolute_dates":{"created":"Posted on 1 March 2021","modified":"Updated on 22 January 2022"},"absolute_dates_time":{"created":"Posted on 1 March 2021 11:00","modified":"Updated on 22 January 2022 15:33"},"featured_img_caption":"","tax_additional":{"product_type":{"linked":["<a href=\"https:\/\/www.joyana.fr\/en\/?taxonomy=product_type&#038;term=simple\" class=\"advgb-post-tax-term\">simple<\/a>"],"unlinked":["<span class=\"advgb-post-tax-term\">simple<\/span>"],"slug":"product_type","name":"Product type"},"product_visibility":{"linked":["<a href=\"https:\/\/www.joyana.fr\/en\/?taxonomy=product_visibility&#038;term=outofstock\" class=\"advgb-post-tax-term\">outofstock<\/a>"],"unlinked":["<span class=\"advgb-post-tax-term\">outofstock<\/span>"],"slug":"product_visibility","name":"Product visibility"},"product_cat":{"linked":["<a href=\"https:\/\/www.joyana.fr\/en\/artgallery\/nos-artistes\/ha-haengeun\/\" class=\"advgb-post-tax-term\">HA HAENGEUN<\/a>","<a href=\"https:\/\/www.joyana.fr\/en\/artgallery\/oeuvres\/oeuvres-sold-out\/toile-oeuvres-sold-out\/\" class=\"advgb-post-tax-term\">Toile<\/a>","<a href=\"https:\/\/www.joyana.fr\/en\/artgallery\/oeuvres\/oeuvres-sold-out\/\" class=\"advgb-post-tax-term\">\u0152uvres sold out<\/a>"],"unlinked":["<span class=\"advgb-post-tax-term\">HA HAENGEUN<\/span>","<span class=\"advgb-post-tax-term\">Toile<\/span>","<span class=\"advgb-post-tax-term\">\u0152uvres sold out<\/span>"],"slug":"product_cat","name":"Product categories"},"product_tag":{"linked":["<a href=\"https:\/\/www.joyana.fr\/en\/etiquette-produit\/ha-haengun\/\" class=\"advgb-post-tax-term\">HA HAENGUN<\/a>"],"unlinked":["<span class=\"advgb-post-tax-term\">HA HAENGUN<\/span>"],"slug":"product_tag","name":"Product tags"},"product_shipping_class":{"linked":["<a href=\"https:\/\/www.joyana.fr\/en\/?taxonomy=product_shipping_class&#038;term=print-enroule-60\" class=\"advgb-post-tax-term\">print enroule 60<\/a>"],"unlinked":["<span class=\"advgb-post-tax-term\">print enroule 60<\/span>"],"slug":"product_shipping_class","name":"Product shipping classes"},"pa_color":{"linked":[],"unlinked":[],"slug":"pa_color","name":"Product Colors"},"pa_frhoraires":{"linked":[],"unlinked":[],"slug":"pa_frhoraires","name":"Product Horaires"}},"series_order":"","jetpack_sharing_enabled":true,"jetpack-related-posts":[],"_links":{"self":[{"href":"https:\/\/www.joyana.fr\/en\/wp-json\/wp\/v2\/product\/146485","targetHints":{"allow":["GET"]}}],"collection":[{"href":"https:\/\/www.joyana.fr\/en\/wp-json\/wp\/v2\/product"}],"about":[{"href":"https:\/\/www.joyana.fr\/en\/wp-json\/wp\/v2\/types\/product"}],"wp:featuredmedia":[{"embeddable":true,"href":"https:\/\/www.joyana.fr\/en\/wp-json\/wp\/v2\/media\/146367"}],"wp:attachment":[{"href":"https:\/\/www.joyana.fr\/en\/wp-json\/wp\/v2\/media?parent=146485"}],"wp:term":[{"taxonomy":"product_cat","embeddable":true,"href":"https:\/\/www.joyana.fr\/en\/wp-json\/wp\/v2\/product_cat?post=146485"},{"taxonomy":"product_tag","embeddable":true,"href":"https:\/\/www.joyana.fr\/en\/wp-json\/wp\/v2\/product_tag?post=146485"}],"curies":[{"name":"wp","href":"https:\/\/api.w.org\/{rel}","templated":true}]}}