{"id":144908,"date":"2020-08-01T10:00:30","date_gmt":"2020-08-01T08:00:30","guid":{"rendered":"https:\/\/joyana.fr\/?post_type=product&#038;p=144908"},"modified":"2021-01-30T16:20:21","modified_gmt":"2021-01-30T14:20:21","slug":"baby-pop-1-sakurai-hajime","status":"publish","type":"product","link":"https:\/\/www.joyana.fr\/en\/gallery\/baby-pop-1-sakurai-hajime\/","title":{"rendered":"BABY POP #1 &#8211; SAKURAI HAJIME"},"content":{"rendered":"<p>About the artist :<\/p>\n<p>SAKURAI HAJIME is based in Osaka. As a multi-media artist, he has worked for advertisement, posters, magazines, and even for the music industry by illustrating music records. Thanks to his great knowledge in fashion, music and Pop Art culture, he brings some fresh air in this artistic movement with his series of illustrations POP ART SOUL.<\/p>\n<p>.<\/p>\n","protected":false},"excerpt":{"rendered":"<p>ARTIST | SAKURAI HAJIME<br \/>\nTITLE | BABY POP #1<br \/>\nINFO | Acrylic on premium grain paper &#8211; 33x53cm with white frame enhanced 40x60cm<br \/>\nSHIPPING | Sent from France at the end of December<\/p>\n","protected":false},"author":3,"featured_media":144915,"template":"","meta":{"_coblocks_attr":"","_coblocks_dimensions":"","_coblocks_responsive_height":"","_coblocks_accordion_ie_support":"","_uag_custom_page_level_css":"","advgb_blocks_editor_width":"","advgb_blocks_columns_visual_guide":"","_genesis_hide_title":false,"_genesis_hide_breadcrumbs":false,"_genesis_hide_singular_image":false,"_genesis_hide_footer_widgets":false,"_genesis_custom_body_class":"","_genesis_custom_post_class":"","_genesis_layout":"full-width-content","_themeisle_gutenberg_block_has_review":false},"product_cat":[5260,5196,5258],"product_tag":[5197],"class_list":{"0":"post-144908","1":"product","2":"type-product","3":"status-publish","4":"has-post-thumbnail","6":"product_cat-dessin-oeuvres-disponibles","7":"product_cat-sakurai-hajime","8":"product_cat-oeuvres-disponibles","9":"product_tag-sakurai-hajime","10":"product_shipping_class-monde-60x60","11":"entry","13":"first","14":"instock","15":"shipping-taxable","16":"purchasable","17":"product-type-simple"},"featured_image_urls":{"full":["https:\/\/i0.wp.com\/www.joyana.fr\/wp-content\/uploads\/2020\/08\/sakurai-hajime-carre-works-01.jpg?fit=777%2C777&ssl=1",777,777,false],"thumbnail":["https:\/\/i0.wp.com\/www.joyana.fr\/wp-content\/uploads\/2020\/08\/sakurai-hajime-carre-works-01.jpg?resize=150%2C150&ssl=1",150,150,true],"medium":["https:\/\/i0.wp.com\/www.joyana.fr\/wp-content\/uploads\/2020\/08\/sakurai-hajime-carre-works-01.jpg?fit=389%2C389&ssl=1",389,389,true],"medium_large":["https:\/\/i0.wp.com\/www.joyana.fr\/wp-content\/uploads\/2020\/08\/sakurai-hajime-carre-works-01.jpg?fit=768%2C768&ssl=1",768,768,true],"large":["https:\/\/i0.wp.com\/www.joyana.fr\/wp-content\/uploads\/2020\/08\/sakurai-hajime-carre-works-01.jpg?fit=777%2C777&ssl=1",777,777,true],"1536x1536":["https:\/\/i0.wp.com\/www.joyana.fr\/wp-content\/uploads\/2020\/08\/sakurai-hajime-carre-works-01.jpg?fit=777%2C777&ssl=1",777,777,true],"2048x2048":["https:\/\/i0.wp.com\/www.joyana.fr\/wp-content\/uploads\/2020\/08\/sakurai-hajime-carre-works-01.jpg?fit=777%2C777&ssl=1",777,777,true],"featured-thumb":["https:\/\/i0.wp.com\/www.joyana.fr\/wp-content\/uploads\/2020\/08\/sakurai-hajime-carre-works-01.jpg?resize=777%2C750&ssl=1",777,750,true],"ab-block-post-grid-landscape":["https:\/\/i0.wp.com\/www.joyana.fr\/wp-content\/uploads\/2020\/08\/sakurai-hajime-carre-works-01.jpg?resize=600%2C400&ssl=1",600,400,true],"ab-block-post-grid-square":["https:\/\/i0.wp.com\/www.joyana.fr\/wp-content\/uploads\/2020\/08\/sakurai-hajime-carre-works-01.jpg?resize=600%2C600&ssl=1",600,600,true],"author-pro-image":["https:\/\/i0.wp.com\/www.joyana.fr\/wp-content\/uploads\/2020\/08\/sakurai-hajime-carre-works-01.jpg?resize=360%2C570&ssl=1",360,570,true],"slider":["https:\/\/i0.wp.com\/www.joyana.fr\/wp-content\/uploads\/2020\/08\/sakurai-hajime-carre-works-01.jpg?resize=777%2C400&ssl=1",777,400,true],"woocommerce_thumbnail":["https:\/\/i0.wp.com\/www.joyana.fr\/wp-content\/uploads\/2020\/08\/sakurai-hajime-carre-works-01.jpg?resize=450%2C450&ssl=1",450,450,true],"woocommerce_single":["https:\/\/i0.wp.com\/www.joyana.fr\/wp-content\/uploads\/2020\/08\/sakurai-hajime-carre-works-01.jpg?fit=777%2C777&ssl=1",777,777,true],"woocommerce_gallery_thumbnail":["https:\/\/i0.wp.com\/www.joyana.fr\/wp-content\/uploads\/2020\/08\/sakurai-hajime-carre-works-01.jpg?resize=180%2C180&ssl=1",180,180,true],"sow-carousel-default":["https:\/\/i0.wp.com\/www.joyana.fr\/wp-content\/uploads\/2020\/08\/sakurai-hajime-carre-works-01.jpg?resize=272%2C182&ssl=1",272,182,true]},"post_excerpt_stackable":"<p>ARTIST | SAKURAI HAJIME<br \/>\nTITLE | BABY POP #1<br \/>\nINFO | Acrylic on premium grain paper &#8211; 33x53cm with white frame enhanced 40x60cm<br \/>\nSHIPPING | Sent from France at the end of December<\/p>\n","category_list":"","author_info":{"name":"Jo Yana","url":"https:\/\/www.joyana.fr\/en\/author\/joyana\/"},"comments_num":"0 comments","featured_image_urls_v2":{"full":["https:\/\/i0.wp.com\/www.joyana.fr\/wp-content\/uploads\/2020\/08\/sakurai-hajime-carre-works-01.jpg?fit=777%2C777&ssl=1",777,777,false],"thumbnail":["https:\/\/i0.wp.com\/www.joyana.fr\/wp-content\/uploads\/2020\/08\/sakurai-hajime-carre-works-01.jpg?resize=150%2C150&ssl=1",150,150,true],"medium":["https:\/\/i0.wp.com\/www.joyana.fr\/wp-content\/uploads\/2020\/08\/sakurai-hajime-carre-works-01.jpg?fit=389%2C389&ssl=1",389,389,true],"medium_large":["https:\/\/i0.wp.com\/www.joyana.fr\/wp-content\/uploads\/2020\/08\/sakurai-hajime-carre-works-01.jpg?fit=768%2C768&ssl=1",768,768,true],"large":["https:\/\/i0.wp.com\/www.joyana.fr\/wp-content\/uploads\/2020\/08\/sakurai-hajime-carre-works-01.jpg?fit=777%2C777&ssl=1",777,777,true],"1536x1536":["https:\/\/i0.wp.com\/www.joyana.fr\/wp-content\/uploads\/2020\/08\/sakurai-hajime-carre-works-01.jpg?fit=777%2C777&ssl=1",777,777,true],"2048x2048":["https:\/\/i0.wp.com\/www.joyana.fr\/wp-content\/uploads\/2020\/08\/sakurai-hajime-carre-works-01.jpg?fit=777%2C777&ssl=1",777,777,true],"featured-thumb":["https:\/\/i0.wp.com\/www.joyana.fr\/wp-content\/uploads\/2020\/08\/sakurai-hajime-carre-works-01.jpg?resize=777%2C750&ssl=1",777,750,true],"ab-block-post-grid-landscape":["https:\/\/i0.wp.com\/www.joyana.fr\/wp-content\/uploads\/2020\/08\/sakurai-hajime-carre-works-01.jpg?resize=600%2C400&ssl=1",600,400,true],"ab-block-post-grid-square":["https:\/\/i0.wp.com\/www.joyana.fr\/wp-content\/uploads\/2020\/08\/sakurai-hajime-carre-works-01.jpg?resize=600%2C600&ssl=1",600,600,true],"author-pro-image":["https:\/\/i0.wp.com\/www.joyana.fr\/wp-content\/uploads\/2020\/08\/sakurai-hajime-carre-works-01.jpg?resize=360%2C570&ssl=1",360,570,true],"slider":["https:\/\/i0.wp.com\/www.joyana.fr\/wp-content\/uploads\/2020\/08\/sakurai-hajime-carre-works-01.jpg?resize=777%2C400&ssl=1",777,400,true],"woocommerce_thumbnail":["https:\/\/i0.wp.com\/www.joyana.fr\/wp-content\/uploads\/2020\/08\/sakurai-hajime-carre-works-01.jpg?resize=450%2C450&ssl=1",450,450,true],"woocommerce_single":["https:\/\/i0.wp.com\/www.joyana.fr\/wp-content\/uploads\/2020\/08\/sakurai-hajime-carre-works-01.jpg?fit=777%2C777&ssl=1",777,777,true],"woocommerce_gallery_thumbnail":["https:\/\/i0.wp.com\/www.joyana.fr\/wp-content\/uploads\/2020\/08\/sakurai-hajime-carre-works-01.jpg?resize=180%2C180&ssl=1",180,180,true],"sow-carousel-default":["https:\/\/i0.wp.com\/www.joyana.fr\/wp-content\/uploads\/2020\/08\/sakurai-hajime-carre-works-01.jpg?resize=272%2C182&ssl=1",272,182,true]},"post_excerpt_stackable_v2":"<p>ARTIST | SAKURAI HAJIME<br \/>\nTITLE | BABY POP #1<br \/>\nINFO | Acrylic on premium grain paper &#8211; 33x53cm with white frame enhanced 40x60cm<br \/>\nSHIPPING | Sent from France at the end of December<\/p>\n","category_list_v2":"","author_info_v2":{"name":"Jo Yana","url":"https:\/\/www.joyana.fr\/en\/author\/joyana\/"},"comments_num_v2":"0 comments","yoast_head":"<!-- This site is optimized with the Yoast SEO plugin v26.8 - https:\/\/yoast.com\/product\/yoast-seo-wordpress\/ -->\n<title>BABY POP #1 - BABY POP #1 -  - SAKURAI HAJIME[:] - JO YANA<\/title>\n<meta name=\"robots\" content=\"index, follow, max-snippet:-1, max-image-preview:large, max-video-preview:-1\" \/>\n<link rel=\"canonical\" href=\"https:\/\/joyana.fr\/ja\/gallery\/baby-pop-1-sakurai-hajime\/\" \/>\n<meta property=\"og:locale\" content=\"en_US\" \/>\n<meta property=\"og:locale:alternate\" content=\"fr_FR\" \/>\n<meta property=\"og:locale:alternate\" content=\"ja\" \/>\n<meta property=\"og:type\" content=\"article\" \/>\n<meta property=\"og:title\" content=\"BABY POP #1 - SAKURAI HAJIME\" \/>\n<meta property=\"og:description\" content=\"ARTIST | SAKURAI HAJIME TITLE | BABY POP #1 INFO | Acrylic on premium grain paper - 33x53cm with white frame enhanced 40x60cm SHIPPING | Sent from France at the end of December\" \/>\n<meta property=\"og:url\" content=\"https:\/\/www.joyana.fr\/en\/gallery\/baby-pop-1-sakurai-hajime\/\" \/>\n<meta property=\"og:site_name\" content=\"JO YANA\" \/>\n<meta property=\"article:modified_time\" content=\"2021-01-30T14:20:21+00:00\" \/>\n<meta property=\"og:image\" content=\"https:\/\/i0.wp.com\/joyana.fr\/wp-content\/uploads\/2020\/08\/sakurai-hajime-carre-works-01.jpg?fit=777%2C777&ssl=1\" \/>\n\t<meta property=\"og:image:width\" content=\"777\" \/>\n\t<meta property=\"og:image:height\" content=\"777\" \/>\n\t<meta property=\"og:image:type\" content=\"image\/jpeg\" \/>\n<meta name=\"twitter:card\" content=\"summary_large_image\" \/>\n<meta name=\"twitter:site\" content=\"@Jo_Yana\" \/>\n<meta name=\"twitter:label1\" content=\"Est. reading time\" \/>\n\t<meta name=\"twitter:data1\" content=\"1 minute\" \/>\n<script type=\"application\/ld+json\" class=\"yoast-schema-graph\">{\"@context\":\"https:\/\/schema.org\",\"@graph\":[{\"@type\":\"WebPage\",\"@id\":\"https:\/\/joyana.fr\/ja\/gallery\/baby-pop-1-sakurai-hajime\/\",\"url\":\"https:\/\/joyana.fr\/ja\/gallery\/baby-pop-1-sakurai-hajime\/\",\"name\":\"BABY POP #1 - SAKURAI HAJIME\",\"isPartOf\":{\"@id\":\"https:\/\/www.joyana.fr\/#website\"},\"primaryImageOfPage\":{\"@id\":\"https:\/\/joyana.fr\/ja\/gallery\/baby-pop-1-sakurai-hajime\/#primaryimage\"},\"image\":{\"@id\":\"https:\/\/joyana.fr\/ja\/gallery\/baby-pop-1-sakurai-hajime\/#primaryimage\"},\"thumbnailUrl\":\"https:\/\/i0.wp.com\/www.joyana.fr\/wp-content\/uploads\/2020\/08\/sakurai-hajime-carre-works-01.jpg?fit=777%2C777&ssl=1\",\"datePublished\":\"2020-08-01T08:00:30+00:00\",\"dateModified\":\"2021-01-30T14:20:21+00:00\",\"breadcrumb\":{\"@id\":\"https:\/\/joyana.fr\/ja\/gallery\/baby-pop-1-sakurai-hajime\/#breadcrumb\"},\"inLanguage\":\"en-US\",\"potentialAction\":[{\"@type\":\"ReadAction\",\"target\":[\"https:\/\/joyana.fr\/ja\/gallery\/baby-pop-1-sakurai-hajime\/\"]}]},{\"@type\":\"ImageObject\",\"inLanguage\":\"en-US\",\"@id\":\"https:\/\/joyana.fr\/ja\/gallery\/baby-pop-1-sakurai-hajime\/#primaryimage\",\"url\":\"https:\/\/i0.wp.com\/www.joyana.fr\/wp-content\/uploads\/2020\/08\/sakurai-hajime-carre-works-01.jpg?fit=777%2C777&ssl=1\",\"contentUrl\":\"https:\/\/i0.wp.com\/www.joyana.fr\/wp-content\/uploads\/2020\/08\/sakurai-hajime-carre-works-01.jpg?fit=777%2C777&ssl=1\",\"width\":777,\"height\":777},{\"@type\":\"BreadcrumbList\",\"@id\":\"https:\/\/joyana.fr\/ja\/gallery\/baby-pop-1-sakurai-hajime\/#breadcrumb\",\"itemListElement\":[{\"@type\":\"ListItem\",\"position\":1,\"name\":\"Accueil\",\"item\":\"https:\/\/www.joyana.fr\/\"},{\"@type\":\"ListItem\",\"position\":2,\"name\":\"GALLERY JO YANA\",\"item\":\"https:\/\/www.joyana.fr\/ja\/artgallery\/\"},{\"@type\":\"ListItem\",\"position\":3,\"name\":\"BABY POP #1 &#8211; SAKURAI HAJIME\"}]},{\"@type\":\"WebSite\",\"@id\":\"https:\/\/www.joyana.fr\/#website\",\"url\":\"https:\/\/www.joyana.fr\/\",\"name\":\"JO YANA\",\"description\":\"Blog Mode Homme, Lifestyle, D\u00e9co-Design\",\"publisher\":{\"@id\":\"https:\/\/www.joyana.fr\/#\/schema\/person\/cf2a1ad12a27c12c21801075bf37407c\"},\"potentialAction\":[{\"@type\":\"SearchAction\",\"target\":{\"@type\":\"EntryPoint\",\"urlTemplate\":\"https:\/\/www.joyana.fr\/?s={search_term_string}\"},\"query-input\":{\"@type\":\"PropertyValueSpecification\",\"valueRequired\":true,\"valueName\":\"search_term_string\"}}],\"inLanguage\":\"en-US\"},{\"@type\":[\"Person\",\"Organization\"],\"@id\":\"https:\/\/www.joyana.fr\/#\/schema\/person\/cf2a1ad12a27c12c21801075bf37407c\",\"name\":\"Jo Yana\",\"image\":{\"@type\":\"ImageObject\",\"inLanguage\":\"en-US\",\"@id\":\"https:\/\/www.joyana.fr\/#\/schema\/person\/image\/\",\"url\":\"https:\/\/i0.wp.com\/www.joyana.fr\/wp-content\/uploads\/2016\/08\/cropped-joyana-logo-black-360x180.png?fit=343%2C164&ssl=1\",\"contentUrl\":\"https:\/\/i0.wp.com\/www.joyana.fr\/wp-content\/uploads\/2016\/08\/cropped-joyana-logo-black-360x180.png?fit=343%2C164&ssl=1\",\"width\":343,\"height\":164,\"caption\":\"Jo Yana\"},\"logo\":{\"@id\":\"https:\/\/www.joyana.fr\/#\/schema\/person\/image\/\"},\"description\":\"Jo Yana est le cr\u00e9ateur et r\u00e9dacteur en chef des sites DECO-DESIGN. Passionn\u00e9 de Design, Mode, Photo, Luxe, Lifestyle, Musique, mais avant tout Blogueur ! Le plaisir de partager l'anime et a comme devise \\\"POUR L'AMOUR DU BEAU\\\". Retrouvez le aussi sur son blog personnel - https:\/\/joyana.fr...\",\"sameAs\":[\"https:\/\/joyana.fr\/\"]}]}<\/script>\n<!-- \/ Yoast SEO plugin. -->","yoast_head_json":{"title":"BABY POP #1 - BABY POP #1 -  - SAKURAI HAJIME[:] - JO YANA","robots":{"index":"index","follow":"follow","max-snippet":"max-snippet:-1","max-image-preview":"max-image-preview:large","max-video-preview":"max-video-preview:-1"},"canonical":"https:\/\/joyana.fr\/ja\/gallery\/baby-pop-1-sakurai-hajime\/","og_locale":"en_US","og_type":"article","og_title":"[:fr]BABY POP #1 - SAKURAI HAJIME[:en]BABY POP #1 - SAKURAI HAJIME[:ja]BABY POP #1 - SAKURAI HAJIME[:] - JO YANA","og_description":"ARTIST | SAKURAI HAJIME TITLE | BABY POP #1 INFO | Acrylic on premium grain paper - 33x53cm with white frame enhanced 40x60cm SHIPPING | Sent from France at the end of December","og_url":"https:\/\/www.joyana.fr\/en\/gallery\/baby-pop-1-sakurai-hajime\/","og_site_name":"JO YANA","article_modified_time":"2021-01-30T14:20:21+00:00","og_image":[{"width":777,"height":777,"url":"https:\/\/i0.wp.com\/joyana.fr\/wp-content\/uploads\/2020\/08\/sakurai-hajime-carre-works-01.jpg?fit=777%2C777&ssl=1","type":"image\/jpeg"}],"twitter_card":"summary_large_image","twitter_site":"@Jo_Yana","twitter_misc":{"Est. reading time":"1 minute"},"schema":{"@context":"https:\/\/schema.org","@graph":[{"@type":"WebPage","@id":"https:\/\/joyana.fr\/ja\/gallery\/baby-pop-1-sakurai-hajime\/","url":"https:\/\/joyana.fr\/ja\/gallery\/baby-pop-1-sakurai-hajime\/","name":"BABY POP #1 - SAKURAI HAJIME","isPartOf":{"@id":"https:\/\/www.joyana.fr\/#website"},"primaryImageOfPage":{"@id":"https:\/\/joyana.fr\/ja\/gallery\/baby-pop-1-sakurai-hajime\/#primaryimage"},"image":{"@id":"https:\/\/joyana.fr\/ja\/gallery\/baby-pop-1-sakurai-hajime\/#primaryimage"},"thumbnailUrl":"https:\/\/i0.wp.com\/www.joyana.fr\/wp-content\/uploads\/2020\/08\/sakurai-hajime-carre-works-01.jpg?fit=777%2C777&ssl=1","datePublished":"2020-08-01T08:00:30+00:00","dateModified":"2021-01-30T14:20:21+00:00","breadcrumb":{"@id":"https:\/\/joyana.fr\/ja\/gallery\/baby-pop-1-sakurai-hajime\/#breadcrumb"},"inLanguage":"en-US","potentialAction":[{"@type":"ReadAction","target":["https:\/\/joyana.fr\/ja\/gallery\/baby-pop-1-sakurai-hajime\/"]}]},{"@type":"ImageObject","inLanguage":"en-US","@id":"https:\/\/joyana.fr\/ja\/gallery\/baby-pop-1-sakurai-hajime\/#primaryimage","url":"https:\/\/i0.wp.com\/www.joyana.fr\/wp-content\/uploads\/2020\/08\/sakurai-hajime-carre-works-01.jpg?fit=777%2C777&ssl=1","contentUrl":"https:\/\/i0.wp.com\/www.joyana.fr\/wp-content\/uploads\/2020\/08\/sakurai-hajime-carre-works-01.jpg?fit=777%2C777&ssl=1","width":777,"height":777},{"@type":"BreadcrumbList","@id":"https:\/\/joyana.fr\/ja\/gallery\/baby-pop-1-sakurai-hajime\/#breadcrumb","itemListElement":[{"@type":"ListItem","position":1,"name":"Accueil","item":"https:\/\/www.joyana.fr\/"},{"@type":"ListItem","position":2,"name":"GALLERY JO YANA","item":"https:\/\/www.joyana.fr\/ja\/artgallery\/"},{"@type":"ListItem","position":3,"name":"BABY POP #1 &#8211; SAKURAI HAJIME"}]},{"@type":"WebSite","@id":"https:\/\/www.joyana.fr\/#website","url":"https:\/\/www.joyana.fr\/","name":"JO YANA","description":"Blog Mode Homme, Lifestyle, D\u00e9co-Design","publisher":{"@id":"https:\/\/www.joyana.fr\/#\/schema\/person\/cf2a1ad12a27c12c21801075bf37407c"},"potentialAction":[{"@type":"SearchAction","target":{"@type":"EntryPoint","urlTemplate":"https:\/\/www.joyana.fr\/?s={search_term_string}"},"query-input":{"@type":"PropertyValueSpecification","valueRequired":true,"valueName":"search_term_string"}}],"inLanguage":"en-US"},{"@type":["Person","Organization"],"@id":"https:\/\/www.joyana.fr\/#\/schema\/person\/cf2a1ad12a27c12c21801075bf37407c","name":"Jo Yana","image":{"@type":"ImageObject","inLanguage":"en-US","@id":"https:\/\/www.joyana.fr\/#\/schema\/person\/image\/","url":"https:\/\/i0.wp.com\/www.joyana.fr\/wp-content\/uploads\/2016\/08\/cropped-joyana-logo-black-360x180.png?fit=343%2C164&ssl=1","contentUrl":"https:\/\/i0.wp.com\/www.joyana.fr\/wp-content\/uploads\/2016\/08\/cropped-joyana-logo-black-360x180.png?fit=343%2C164&ssl=1","width":343,"height":164,"caption":"Jo Yana"},"logo":{"@id":"https:\/\/www.joyana.fr\/#\/schema\/person\/image\/"},"description":"Jo Yana est le cr\u00e9ateur et r\u00e9dacteur en chef des sites DECO-DESIGN. Passionn\u00e9 de Design, Mode, Photo, Luxe, Lifestyle, Musique, mais avant tout Blogueur ! Le plaisir de partager l'anime et a comme devise \"POUR L'AMOUR DU BEAU\". Retrouvez le aussi sur son blog personnel - https:\/\/joyana.fr...","sameAs":["https:\/\/joyana.fr\/"]}]}},"uagb_featured_image_src":{"full":["https:\/\/i0.wp.com\/www.joyana.fr\/wp-content\/uploads\/2020\/08\/sakurai-hajime-carre-works-01.jpg?fit=777%2C777&ssl=1",777,777,false],"thumbnail":["https:\/\/i0.wp.com\/www.joyana.fr\/wp-content\/uploads\/2020\/08\/sakurai-hajime-carre-works-01.jpg?resize=150%2C150&ssl=1",150,150,true],"medium":["https:\/\/i0.wp.com\/www.joyana.fr\/wp-content\/uploads\/2020\/08\/sakurai-hajime-carre-works-01.jpg?fit=389%2C389&ssl=1",389,389,true],"medium_large":["https:\/\/i0.wp.com\/www.joyana.fr\/wp-content\/uploads\/2020\/08\/sakurai-hajime-carre-works-01.jpg?fit=768%2C768&ssl=1",768,768,true],"large":["https:\/\/i0.wp.com\/www.joyana.fr\/wp-content\/uploads\/2020\/08\/sakurai-hajime-carre-works-01.jpg?fit=777%2C777&ssl=1",777,777,true],"1536x1536":["https:\/\/i0.wp.com\/www.joyana.fr\/wp-content\/uploads\/2020\/08\/sakurai-hajime-carre-works-01.jpg?fit=777%2C777&ssl=1",777,777,true],"2048x2048":["https:\/\/i0.wp.com\/www.joyana.fr\/wp-content\/uploads\/2020\/08\/sakurai-hajime-carre-works-01.jpg?fit=777%2C777&ssl=1",777,777,true],"featured-thumb":["https:\/\/i0.wp.com\/www.joyana.fr\/wp-content\/uploads\/2020\/08\/sakurai-hajime-carre-works-01.jpg?resize=777%2C750&ssl=1",777,750,true],"ab-block-post-grid-landscape":["https:\/\/i0.wp.com\/www.joyana.fr\/wp-content\/uploads\/2020\/08\/sakurai-hajime-carre-works-01.jpg?resize=600%2C400&ssl=1",600,400,true],"ab-block-post-grid-square":["https:\/\/i0.wp.com\/www.joyana.fr\/wp-content\/uploads\/2020\/08\/sakurai-hajime-carre-works-01.jpg?resize=600%2C600&ssl=1",600,600,true],"author-pro-image":["https:\/\/i0.wp.com\/www.joyana.fr\/wp-content\/uploads\/2020\/08\/sakurai-hajime-carre-works-01.jpg?resize=360%2C570&ssl=1",360,570,true],"slider":["https:\/\/i0.wp.com\/www.joyana.fr\/wp-content\/uploads\/2020\/08\/sakurai-hajime-carre-works-01.jpg?resize=777%2C400&ssl=1",777,400,true],"woocommerce_thumbnail":["https:\/\/i0.wp.com\/www.joyana.fr\/wp-content\/uploads\/2020\/08\/sakurai-hajime-carre-works-01.jpg?resize=450%2C450&ssl=1",450,450,true],"woocommerce_single":["https:\/\/i0.wp.com\/www.joyana.fr\/wp-content\/uploads\/2020\/08\/sakurai-hajime-carre-works-01.jpg?fit=777%2C777&ssl=1",777,777,true],"woocommerce_gallery_thumbnail":["https:\/\/i0.wp.com\/www.joyana.fr\/wp-content\/uploads\/2020\/08\/sakurai-hajime-carre-works-01.jpg?resize=180%2C180&ssl=1",180,180,true],"sow-carousel-default":["https:\/\/i0.wp.com\/www.joyana.fr\/wp-content\/uploads\/2020\/08\/sakurai-hajime-carre-works-01.jpg?resize=272%2C182&ssl=1",272,182,true]},"uagb_author_info":{"display_name":"Jo Yana","author_link":"https:\/\/www.joyana.fr\/en\/author\/joyana\/"},"uagb_comment_info":0,"uagb_excerpt":"ARTIST | SAKURAI HAJIME TITLE | BABY POP #1 INFO | Acrylic on premium grain paper - 33x53cm with white frame enhanced 40x60cm SHIPPING | Sent from France at the end of December","featured_img":"https:\/\/www.joyana.fr\/wp-content\/uploads\/2020\/08\/sakurai-hajime-carre-works-01.jpg","coauthors":[],"author_meta":{"author_link":"https:\/\/www.joyana.fr\/en\/author\/joyana\/","display_name":"Jo Yana"},"relative_dates":{"created":"Posted 6 years ago","modified":"Updated 5 years ago"},"absolute_dates":{"created":"Posted on 1 August 2020","modified":"Updated on 30 January 2021"},"absolute_dates_time":{"created":"Posted on 1 August 2020 10:00","modified":"Updated on 30 January 2021 16:20"},"featured_img_caption":"","tax_additional":{"product_type":{"linked":["<a href=\"https:\/\/www.joyana.fr\/en\/?taxonomy=product_type&#038;term=simple\" class=\"advgb-post-tax-term\">simple<\/a>"],"unlinked":["<span class=\"advgb-post-tax-term\">simple<\/span>"],"slug":"product_type","name":"Product type"},"product_visibility":{"linked":[],"unlinked":[],"slug":"product_visibility","name":"Product visibility"},"product_cat":{"linked":["<a href=\"https:\/\/www.joyana.fr\/en\/artgallery\/oeuvres\/oeuvres-disponibles\/dessin-oeuvres-disponibles\/\" class=\"advgb-post-tax-term\">Dessin<\/a>","<a href=\"https:\/\/www.joyana.fr\/en\/artgallery\/nos-artistes\/sakurai-hajime\/\" class=\"advgb-post-tax-term\">SAKURAI HAJIME<\/a>","<a href=\"https:\/\/www.joyana.fr\/en\/artgallery\/oeuvres\/oeuvres-disponibles\/\" class=\"advgb-post-tax-term\">\u0152uvres disponibles<\/a>"],"unlinked":["<span class=\"advgb-post-tax-term\">Dessin<\/span>","<span class=\"advgb-post-tax-term\">SAKURAI HAJIME<\/span>","<span class=\"advgb-post-tax-term\">\u0152uvres disponibles<\/span>"],"slug":"product_cat","name":"Product categories"},"product_tag":{"linked":["<a href=\"https:\/\/www.joyana.fr\/en\/etiquette-produit\/sakurai-hajime\/\" class=\"advgb-post-tax-term\">Sakurai HAJIME<\/a>"],"unlinked":["<span class=\"advgb-post-tax-term\">Sakurai HAJIME<\/span>"],"slug":"product_tag","name":"Product tags"},"product_shipping_class":{"linked":["<a href=\"https:\/\/www.joyana.fr\/en\/?taxonomy=product_shipping_class&#038;term=monde-60x60\" class=\"advgb-post-tax-term\">monde 60x60<\/a>"],"unlinked":["<span class=\"advgb-post-tax-term\">monde 60x60<\/span>"],"slug":"product_shipping_class","name":"Product shipping classes"},"pa_color":{"linked":[],"unlinked":[],"slug":"pa_color","name":"Product Colors"},"pa_frhoraires":{"linked":[],"unlinked":[],"slug":"pa_frhoraires","name":"Product Horaires"}},"series_order":"","jetpack_sharing_enabled":true,"jetpack-related-posts":[],"_links":{"self":[{"href":"https:\/\/www.joyana.fr\/en\/wp-json\/wp\/v2\/product\/144908","targetHints":{"allow":["GET"]}}],"collection":[{"href":"https:\/\/www.joyana.fr\/en\/wp-json\/wp\/v2\/product"}],"about":[{"href":"https:\/\/www.joyana.fr\/en\/wp-json\/wp\/v2\/types\/product"}],"wp:featuredmedia":[{"embeddable":true,"href":"https:\/\/www.joyana.fr\/en\/wp-json\/wp\/v2\/media\/144915"}],"wp:attachment":[{"href":"https:\/\/www.joyana.fr\/en\/wp-json\/wp\/v2\/media?parent=144908"}],"wp:term":[{"taxonomy":"product_cat","embeddable":true,"href":"https:\/\/www.joyana.fr\/en\/wp-json\/wp\/v2\/product_cat?post=144908"},{"taxonomy":"product_tag","embeddable":true,"href":"https:\/\/www.joyana.fr\/en\/wp-json\/wp\/v2\/product_tag?post=144908"}],"curies":[{"name":"wp","href":"https:\/\/api.w.org\/{rel}","templated":true}]}}