{"id":125599,"date":"2017-08-03T16:50:46","date_gmt":"2017-08-03T15:50:46","guid":{"rendered":"https:\/\/joyana.fr\/?page_id=125599"},"modified":"2019-08-25T15:23:52","modified_gmt":"2019-08-25T13:23:52","slug":"mes-envies-beau-mode-homme","status":"publish","type":"page","link":"https:\/\/www.joyana.fr\/en\/mes-envies-beau-mode-homme\/","title":{"rendered":"MES ENVIES DE BEAU"},"content":{"rendered":"<p><center>Ici mes coups de coeur, mes envies de beau, ou mon r\u00e9cent shopping. Quoi de beau pour cette rentr\u00e9e 2019 ? D\u00e9couvrez ma s\u00e9lection mode, accessoires, d\u00e9coration, design&#8230; Et n&#8217;oubliez pas mon anniversaire c&#8217;est le 4 Septembre ^^<\/p>\n<p><center><\/p>\n<div class=\"boutique-widget\" data-widget-id=\"863884\"><script type=\"text\/javascript\">!function(d,s,id){var e, p = \/^http:\/.test(d.location) ? 'http' : 'https';if(!d.getElementById(id)) {e = d.createElement(s);e.id = id;e.src = p + ':\/\/' + 'widgets.rewardstyle.com' + '\/js\/boutique.js';d.body.appendChild(e);}if(typeof window.__boutique === 'object') if(d.readyState === 'complete') {window.__boutique.init();}}(document, 'script', 'boutique-script');<\/script><\/p>\n<div class=\"rs-adblock\"><img data-recalc-dims=\"1\" decoding=\"async\" src=\"https:\/\/i0.wp.com\/assets.rewardstyle.com\/production\/530e9759f8106bba9fa3d1ca74b8a38ae83764eb\/images\/search\/350.gif\" onerror=\"this.parentNode.innerHTML='Disable your ad blocking software to view this content.'\" style=\"width: 15px; height: 15px;\"><noscript>JavaScript is currently disabled in this browser. Reactivate it to view this content.<\/noscript><\/div>\n<\/div>\n<p><\/center><\/p>\n<h3 style=\"text-align: center;\"><span style=\"color: #ff99cc;\">BON SHOPPING !<\/span><\/h3>\n<p><\/center><\/p>\n","protected":false},"excerpt":{"rendered":"<p>Ici mes coups de coeur, mes envies de beau, ou mon r\u00e9cent shopping. Quoi de beau pour cette rentr\u00e9e 2019 ? D\u00e9couvrez ma s\u00e9lection mode, accessoires, d\u00e9coration, design&#8230; Et n&#8217;oubliez pas mon anniversaire c&#8217;est le 4 Septembre ^^ JavaScript is currently disabled in this browser. Reactivate it to view this content. BON SHOPPING !<\/p>\n","protected":false},"author":3,"featured_media":127011,"parent":0,"menu_order":0,"comment_status":"closed","ping_status":"closed","template":"","meta":{"_coblocks_attr":"","_coblocks_dimensions":"","_coblocks_responsive_height":"","_coblocks_accordion_ie_support":"","_uag_custom_page_level_css":"","advgb_blocks_editor_width":"","advgb_blocks_columns_visual_guide":"","_genesis_hide_title":false,"_genesis_hide_breadcrumbs":false,"_genesis_hide_singular_image":false,"_genesis_hide_footer_widgets":false,"_genesis_custom_body_class":"","_genesis_custom_post_class":"","_genesis_layout":"","_themeisle_gutenberg_block_has_review":false,"footnotes":""},"class_list":{"0":"post-125599","1":"page","2":"type-page","3":"status-publish","4":"has-post-thumbnail","6":"entry"},"featured_image_urls":{"full":["https:\/\/i0.wp.com\/www.joyana.fr\/wp-content\/uploads\/2018\/10\/WINTER-IS-COMING-SHOPPING.jpg?fit=1600%2C1068&ssl=1",1600,1068,false],"thumbnail":["https:\/\/i0.wp.com\/www.joyana.fr\/wp-content\/uploads\/2018\/10\/WINTER-IS-COMING-SHOPPING.jpg?resize=150%2C150&ssl=1",150,150,true],"medium":["https:\/\/i0.wp.com\/www.joyana.fr\/wp-content\/uploads\/2018\/10\/WINTER-IS-COMING-SHOPPING.jpg?fit=389%2C260&ssl=1",389,260,true],"medium_large":["https:\/\/i0.wp.com\/www.joyana.fr\/wp-content\/uploads\/2018\/10\/WINTER-IS-COMING-SHOPPING.jpg?fit=768%2C513&ssl=1",768,513,true],"large":["https:\/\/i0.wp.com\/www.joyana.fr\/wp-content\/uploads\/2018\/10\/WINTER-IS-COMING-SHOPPING.jpg?fit=1024%2C684&ssl=1",1024,684,true],"1536x1536":["https:\/\/i0.wp.com\/www.joyana.fr\/wp-content\/uploads\/2018\/10\/WINTER-IS-COMING-SHOPPING.jpg?fit=1536%2C1025&ssl=1",1536,1025,true],"2048x2048":["https:\/\/i0.wp.com\/www.joyana.fr\/wp-content\/uploads\/2018\/10\/WINTER-IS-COMING-SHOPPING.jpg?fit=1600%2C1068&ssl=1",1600,1068,true],"featured-thumb":["https:\/\/i0.wp.com\/www.joyana.fr\/wp-content\/uploads\/2018\/10\/WINTER-IS-COMING-SHOPPING.jpg?resize=1600%2C750&ssl=1",1600,750,true],"ab-block-post-grid-landscape":["https:\/\/i0.wp.com\/www.joyana.fr\/wp-content\/uploads\/2018\/10\/WINTER-IS-COMING-SHOPPING.jpg?resize=600%2C400&ssl=1",600,400,true],"ab-block-post-grid-square":["https:\/\/i0.wp.com\/www.joyana.fr\/wp-content\/uploads\/2018\/10\/WINTER-IS-COMING-SHOPPING.jpg?resize=600%2C600&ssl=1",600,600,true],"author-pro-image":["https:\/\/i0.wp.com\/www.joyana.fr\/wp-content\/uploads\/2018\/10\/WINTER-IS-COMING-SHOPPING.jpg?resize=360%2C570&ssl=1",360,570,true],"slider":["https:\/\/i0.wp.com\/www.joyana.fr\/wp-content\/uploads\/2018\/10\/WINTER-IS-COMING-SHOPPING.jpg?resize=920%2C400&ssl=1",920,400,true],"woocommerce_thumbnail":["https:\/\/i0.wp.com\/www.joyana.fr\/wp-content\/uploads\/2018\/10\/WINTER-IS-COMING-SHOPPING.jpg?resize=450%2C450&ssl=1",450,450,true],"woocommerce_single":["https:\/\/i0.wp.com\/www.joyana.fr\/wp-content\/uploads\/2018\/10\/WINTER-IS-COMING-SHOPPING.jpg?fit=920%2C614&ssl=1",920,614,true],"woocommerce_gallery_thumbnail":["https:\/\/i0.wp.com\/www.joyana.fr\/wp-content\/uploads\/2018\/10\/WINTER-IS-COMING-SHOPPING.jpg?resize=180%2C180&ssl=1",180,180,true],"sow-carousel-default":["https:\/\/i0.wp.com\/www.joyana.fr\/wp-content\/uploads\/2018\/10\/WINTER-IS-COMING-SHOPPING.jpg?resize=272%2C182&ssl=1",272,182,true]},"post_excerpt_stackable":"<p>Ici mes coups de coeur, mes envies de beau, ou mon r\u00e9cent shopping. Quoi de beau pour cette rentr\u00e9e 2019 ? D\u00e9couvrez ma s\u00e9lection mode, accessoires, d\u00e9coration, design&#8230; Et n&#8217;oubliez pas mon anniversaire c&#8217;est le 4 Septembre ^^ JavaScript is currently disabled in this browser. Reactivate it to view this content. BON SHOPPING !<\/p>\n","category_list":"","author_info":{"name":"Jo Yana","url":"https:\/\/www.joyana.fr\/en\/author\/joyana\/"},"comments_num":"0 comments","featured_image_urls_v2":{"full":["https:\/\/i0.wp.com\/www.joyana.fr\/wp-content\/uploads\/2018\/10\/WINTER-IS-COMING-SHOPPING.jpg?fit=1600%2C1068&ssl=1",1600,1068,false],"thumbnail":["https:\/\/i0.wp.com\/www.joyana.fr\/wp-content\/uploads\/2018\/10\/WINTER-IS-COMING-SHOPPING.jpg?resize=150%2C150&ssl=1",150,150,true],"medium":["https:\/\/i0.wp.com\/www.joyana.fr\/wp-content\/uploads\/2018\/10\/WINTER-IS-COMING-SHOPPING.jpg?fit=389%2C260&ssl=1",389,260,true],"medium_large":["https:\/\/i0.wp.com\/www.joyana.fr\/wp-content\/uploads\/2018\/10\/WINTER-IS-COMING-SHOPPING.jpg?fit=768%2C513&ssl=1",768,513,true],"large":["https:\/\/i0.wp.com\/www.joyana.fr\/wp-content\/uploads\/2018\/10\/WINTER-IS-COMING-SHOPPING.jpg?fit=1024%2C684&ssl=1",1024,684,true],"1536x1536":["https:\/\/i0.wp.com\/www.joyana.fr\/wp-content\/uploads\/2018\/10\/WINTER-IS-COMING-SHOPPING.jpg?fit=1536%2C1025&ssl=1",1536,1025,true],"2048x2048":["https:\/\/i0.wp.com\/www.joyana.fr\/wp-content\/uploads\/2018\/10\/WINTER-IS-COMING-SHOPPING.jpg?fit=1600%2C1068&ssl=1",1600,1068,true],"featured-thumb":["https:\/\/i0.wp.com\/www.joyana.fr\/wp-content\/uploads\/2018\/10\/WINTER-IS-COMING-SHOPPING.jpg?resize=1600%2C750&ssl=1",1600,750,true],"ab-block-post-grid-landscape":["https:\/\/i0.wp.com\/www.joyana.fr\/wp-content\/uploads\/2018\/10\/WINTER-IS-COMING-SHOPPING.jpg?resize=600%2C400&ssl=1",600,400,true],"ab-block-post-grid-square":["https:\/\/i0.wp.com\/www.joyana.fr\/wp-content\/uploads\/2018\/10\/WINTER-IS-COMING-SHOPPING.jpg?resize=600%2C600&ssl=1",600,600,true],"author-pro-image":["https:\/\/i0.wp.com\/www.joyana.fr\/wp-content\/uploads\/2018\/10\/WINTER-IS-COMING-SHOPPING.jpg?resize=360%2C570&ssl=1",360,570,true],"slider":["https:\/\/i0.wp.com\/www.joyana.fr\/wp-content\/uploads\/2018\/10\/WINTER-IS-COMING-SHOPPING.jpg?resize=920%2C400&ssl=1",920,400,true],"woocommerce_thumbnail":["https:\/\/i0.wp.com\/www.joyana.fr\/wp-content\/uploads\/2018\/10\/WINTER-IS-COMING-SHOPPING.jpg?resize=450%2C450&ssl=1",450,450,true],"woocommerce_single":["https:\/\/i0.wp.com\/www.joyana.fr\/wp-content\/uploads\/2018\/10\/WINTER-IS-COMING-SHOPPING.jpg?fit=920%2C614&ssl=1",920,614,true],"woocommerce_gallery_thumbnail":["https:\/\/i0.wp.com\/www.joyana.fr\/wp-content\/uploads\/2018\/10\/WINTER-IS-COMING-SHOPPING.jpg?resize=180%2C180&ssl=1",180,180,true],"sow-carousel-default":["https:\/\/i0.wp.com\/www.joyana.fr\/wp-content\/uploads\/2018\/10\/WINTER-IS-COMING-SHOPPING.jpg?resize=272%2C182&ssl=1",272,182,true]},"post_excerpt_stackable_v2":"<p>Ici mes coups de coeur, mes envies de beau, ou mon r\u00e9cent shopping. Quoi de beau pour cette rentr\u00e9e 2019 ? D\u00e9couvrez ma s\u00e9lection mode, accessoires, d\u00e9coration, design&#8230; Et n&#8217;oubliez pas mon anniversaire c&#8217;est le 4 Septembre ^^ JavaScript is currently disabled in this browser. Reactivate it to view this content. BON SHOPPING !<\/p>\n","category_list_v2":"","author_info_v2":{"name":"Jo Yana","url":"https:\/\/www.joyana.fr\/en\/author\/joyana\/"},"comments_num_v2":"0 comments","yoast_head":"<!-- This site is optimized with the Yoast SEO plugin v26.8 - https:\/\/yoast.com\/product\/yoast-seo-wordpress\/ -->\n<title>MES ENVIES DE BEAU | Blog Mode Homme JO YANA<\/title>\n<meta name=\"description\" content=\"Ici mes coups de coeur, mes envies de beau, ou mon r\u00e9cent shopping. D\u00e9couvrez ma s\u00e9lection mode, accessoires, d\u00e9coration, design...\" \/>\n<meta name=\"robots\" content=\"index, follow, max-snippet:-1, max-image-preview:large, max-video-preview:-1\" \/>\n<link rel=\"canonical\" href=\"https:\/\/joyana.fr\/ja\/mes-envies-beau-mode-homme\/\" \/>\n<meta property=\"og:locale\" content=\"en_US\" \/>\n<meta property=\"og:locale:alternate\" content=\"fr_FR\" \/>\n<meta property=\"og:locale:alternate\" content=\"ja\" \/>\n<meta property=\"og:type\" content=\"article\" \/>\n<meta property=\"og:title\" content=\"MES ENVIES DE BEAU | Blog Mode Homme JO YANA\" \/>\n<meta property=\"og:description\" content=\"Ici mes coups de coeur, mes envies de beau, ou mon r\u00e9cent shopping. D\u00e9couvrez ma s\u00e9lection mode, accessoires, d\u00e9coration, design...\" \/>\n<meta property=\"og:url\" content=\"https:\/\/www.joyana.fr\/en\/mes-envies-beau-mode-homme\/\" \/>\n<meta property=\"og:site_name\" content=\"JO YANA\" \/>\n<meta property=\"article:modified_time\" content=\"2019-08-25T13:23:52+00:00\" \/>\n<meta property=\"og:image\" content=\"https:\/\/i0.wp.com\/joyana.fr\/wp-content\/uploads\/2018\/10\/WINTER-IS-COMING-SHOPPING.jpg?fit=1600%2C1068&ssl=1\" \/>\n\t<meta property=\"og:image:width\" content=\"1600\" \/>\n\t<meta property=\"og:image:height\" content=\"1068\" \/>\n\t<meta property=\"og:image:type\" content=\"image\/jpeg\" \/>\n<meta name=\"twitter:card\" content=\"summary_large_image\" \/>\n<meta name=\"twitter:site\" content=\"@Jo_Yana\" \/>\n<script type=\"application\/ld+json\" class=\"yoast-schema-graph\">{\"@context\":\"https:\/\/schema.org\",\"@graph\":[{\"@type\":\"WebPage\",\"@id\":\"https:\/\/joyana.fr\/ja\/mes-envies-beau-mode-homme\/\",\"url\":\"https:\/\/joyana.fr\/ja\/mes-envies-beau-mode-homme\/\",\"name\":\"MES ENVIES DE BEAU | Blog Mode Homme JO YANA\",\"isPartOf\":{\"@id\":\"https:\/\/www.joyana.fr\/ja\/#website\"},\"primaryImageOfPage\":{\"@id\":\"https:\/\/joyana.fr\/ja\/mes-envies-beau-mode-homme\/#primaryimage\"},\"image\":{\"@id\":\"https:\/\/joyana.fr\/ja\/mes-envies-beau-mode-homme\/#primaryimage\"},\"thumbnailUrl\":\"https:\/\/i0.wp.com\/www.joyana.fr\/wp-content\/uploads\/2018\/10\/WINTER-IS-COMING-SHOPPING.jpg?fit=1600%2C1068&ssl=1\",\"datePublished\":\"2017-08-03T15:50:46+00:00\",\"dateModified\":\"2019-08-25T13:23:52+00:00\",\"description\":\"Ici mes coups de coeur, mes envies de beau, ou mon r\u00e9cent shopping. D\u00e9couvrez ma s\u00e9lection mode, accessoires, d\u00e9coration, design...\",\"breadcrumb\":{\"@id\":\"https:\/\/joyana.fr\/ja\/mes-envies-beau-mode-homme\/#breadcrumb\"},\"inLanguage\":\"en-US\",\"potentialAction\":[{\"@type\":\"ReadAction\",\"target\":[\"https:\/\/joyana.fr\/ja\/mes-envies-beau-mode-homme\/\"]}]},{\"@type\":\"ImageObject\",\"inLanguage\":\"en-US\",\"@id\":\"https:\/\/joyana.fr\/ja\/mes-envies-beau-mode-homme\/#primaryimage\",\"url\":\"https:\/\/i0.wp.com\/www.joyana.fr\/wp-content\/uploads\/2018\/10\/WINTER-IS-COMING-SHOPPING.jpg?fit=1600%2C1068&ssl=1\",\"contentUrl\":\"https:\/\/i0.wp.com\/www.joyana.fr\/wp-content\/uploads\/2018\/10\/WINTER-IS-COMING-SHOPPING.jpg?fit=1600%2C1068&ssl=1\",\"width\":1600,\"height\":1068},{\"@type\":\"BreadcrumbList\",\"@id\":\"https:\/\/joyana.fr\/ja\/mes-envies-beau-mode-homme\/#breadcrumb\",\"itemListElement\":[{\"@type\":\"ListItem\",\"position\":1,\"name\":\"Accueil\",\"item\":\"https:\/\/www.joyana.fr\/ja\/\"},{\"@type\":\"ListItem\",\"position\":2,\"name\":\"MES ENVIES DE BEAU\"}]},{\"@type\":\"WebSite\",\"@id\":\"https:\/\/www.joyana.fr\/ja\/#website\",\"url\":\"https:\/\/www.joyana.fr\/ja\/\",\"name\":\"JO YANA\",\"description\":\"Blog Mode Homme, Lifestyle, D\u00e9co-Design\",\"publisher\":{\"@id\":\"https:\/\/www.joyana.fr\/ja\/#\/schema\/person\/cf2a1ad12a27c12c21801075bf37407c\"},\"potentialAction\":[{\"@type\":\"SearchAction\",\"target\":{\"@type\":\"EntryPoint\",\"urlTemplate\":\"https:\/\/www.joyana.fr\/ja\/?s={search_term_string}\"},\"query-input\":{\"@type\":\"PropertyValueSpecification\",\"valueRequired\":true,\"valueName\":\"search_term_string\"}}],\"inLanguage\":\"en-US\"},{\"@type\":[\"Person\",\"Organization\"],\"@id\":\"https:\/\/www.joyana.fr\/ja\/#\/schema\/person\/cf2a1ad12a27c12c21801075bf37407c\",\"name\":\"Jo Yana\",\"image\":{\"@type\":\"ImageObject\",\"inLanguage\":\"en-US\",\"@id\":\"https:\/\/www.joyana.fr\/ja\/#\/schema\/person\/image\/\",\"url\":\"https:\/\/i0.wp.com\/www.joyana.fr\/wp-content\/uploads\/2016\/08\/cropped-joyana-logo-black-360x180.png?fit=343%2C164&ssl=1\",\"contentUrl\":\"https:\/\/i0.wp.com\/www.joyana.fr\/wp-content\/uploads\/2016\/08\/cropped-joyana-logo-black-360x180.png?fit=343%2C164&ssl=1\",\"width\":343,\"height\":164,\"caption\":\"Jo Yana\"},\"logo\":{\"@id\":\"https:\/\/www.joyana.fr\/ja\/#\/schema\/person\/image\/\"},\"description\":\"Jo Yana est le cr\u00e9ateur et r\u00e9dacteur en chef des sites DECO-DESIGN. Passionn\u00e9 de Design, Mode, Photo, Luxe, Lifestyle, Musique, mais avant tout Blogueur ! Le plaisir de partager l'anime et a comme devise \\\"POUR L'AMOUR DU BEAU\\\". Retrouvez le aussi sur son blog personnel - https:\/\/joyana.fr...\",\"sameAs\":[\"https:\/\/joyana.fr\/\"]}]}<\/script>\n<!-- \/ Yoast SEO plugin. -->","yoast_head_json":{"title":"MES ENVIES DE BEAU | Blog Mode Homme JO YANA","description":"Ici mes coups de coeur, mes envies de beau, ou mon r\u00e9cent shopping. D\u00e9couvrez ma s\u00e9lection mode, accessoires, d\u00e9coration, design...","robots":{"index":"index","follow":"follow","max-snippet":"max-snippet:-1","max-image-preview":"max-image-preview:large","max-video-preview":"max-video-preview:-1"},"canonical":"https:\/\/joyana.fr\/ja\/mes-envies-beau-mode-homme\/","og_locale":"en_US","og_type":"article","og_title":"MES ENVIES DE BEAU | Blog Mode Homme JO YANA","og_description":"Ici mes coups de coeur, mes envies de beau, ou mon r\u00e9cent shopping. D\u00e9couvrez ma s\u00e9lection mode, accessoires, d\u00e9coration, design...","og_url":"https:\/\/www.joyana.fr\/en\/mes-envies-beau-mode-homme\/","og_site_name":"JO YANA","article_modified_time":"2019-08-25T13:23:52+00:00","og_image":[{"width":1600,"height":1068,"url":"https:\/\/i0.wp.com\/joyana.fr\/wp-content\/uploads\/2018\/10\/WINTER-IS-COMING-SHOPPING.jpg?fit=1600%2C1068&ssl=1","type":"image\/jpeg"}],"twitter_card":"summary_large_image","twitter_site":"@Jo_Yana","schema":{"@context":"https:\/\/schema.org","@graph":[{"@type":"WebPage","@id":"https:\/\/joyana.fr\/ja\/mes-envies-beau-mode-homme\/","url":"https:\/\/joyana.fr\/ja\/mes-envies-beau-mode-homme\/","name":"MES ENVIES DE BEAU | Blog Mode Homme JO YANA","isPartOf":{"@id":"https:\/\/www.joyana.fr\/ja\/#website"},"primaryImageOfPage":{"@id":"https:\/\/joyana.fr\/ja\/mes-envies-beau-mode-homme\/#primaryimage"},"image":{"@id":"https:\/\/joyana.fr\/ja\/mes-envies-beau-mode-homme\/#primaryimage"},"thumbnailUrl":"https:\/\/i0.wp.com\/www.joyana.fr\/wp-content\/uploads\/2018\/10\/WINTER-IS-COMING-SHOPPING.jpg?fit=1600%2C1068&ssl=1","datePublished":"2017-08-03T15:50:46+00:00","dateModified":"2019-08-25T13:23:52+00:00","description":"Ici mes coups de coeur, mes envies de beau, ou mon r\u00e9cent shopping. D\u00e9couvrez ma s\u00e9lection mode, accessoires, d\u00e9coration, design...","breadcrumb":{"@id":"https:\/\/joyana.fr\/ja\/mes-envies-beau-mode-homme\/#breadcrumb"},"inLanguage":"en-US","potentialAction":[{"@type":"ReadAction","target":["https:\/\/joyana.fr\/ja\/mes-envies-beau-mode-homme\/"]}]},{"@type":"ImageObject","inLanguage":"en-US","@id":"https:\/\/joyana.fr\/ja\/mes-envies-beau-mode-homme\/#primaryimage","url":"https:\/\/i0.wp.com\/www.joyana.fr\/wp-content\/uploads\/2018\/10\/WINTER-IS-COMING-SHOPPING.jpg?fit=1600%2C1068&ssl=1","contentUrl":"https:\/\/i0.wp.com\/www.joyana.fr\/wp-content\/uploads\/2018\/10\/WINTER-IS-COMING-SHOPPING.jpg?fit=1600%2C1068&ssl=1","width":1600,"height":1068},{"@type":"BreadcrumbList","@id":"https:\/\/joyana.fr\/ja\/mes-envies-beau-mode-homme\/#breadcrumb","itemListElement":[{"@type":"ListItem","position":1,"name":"Accueil","item":"https:\/\/www.joyana.fr\/ja\/"},{"@type":"ListItem","position":2,"name":"MES ENVIES DE BEAU"}]},{"@type":"WebSite","@id":"https:\/\/www.joyana.fr\/ja\/#website","url":"https:\/\/www.joyana.fr\/ja\/","name":"JO YANA","description":"Blog Mode Homme, Lifestyle, D\u00e9co-Design","publisher":{"@id":"https:\/\/www.joyana.fr\/ja\/#\/schema\/person\/cf2a1ad12a27c12c21801075bf37407c"},"potentialAction":[{"@type":"SearchAction","target":{"@type":"EntryPoint","urlTemplate":"https:\/\/www.joyana.fr\/ja\/?s={search_term_string}"},"query-input":{"@type":"PropertyValueSpecification","valueRequired":true,"valueName":"search_term_string"}}],"inLanguage":"en-US"},{"@type":["Person","Organization"],"@id":"https:\/\/www.joyana.fr\/ja\/#\/schema\/person\/cf2a1ad12a27c12c21801075bf37407c","name":"Jo Yana","image":{"@type":"ImageObject","inLanguage":"en-US","@id":"https:\/\/www.joyana.fr\/ja\/#\/schema\/person\/image\/","url":"https:\/\/i0.wp.com\/www.joyana.fr\/wp-content\/uploads\/2016\/08\/cropped-joyana-logo-black-360x180.png?fit=343%2C164&ssl=1","contentUrl":"https:\/\/i0.wp.com\/www.joyana.fr\/wp-content\/uploads\/2016\/08\/cropped-joyana-logo-black-360x180.png?fit=343%2C164&ssl=1","width":343,"height":164,"caption":"Jo Yana"},"logo":{"@id":"https:\/\/www.joyana.fr\/ja\/#\/schema\/person\/image\/"},"description":"Jo Yana est le cr\u00e9ateur et r\u00e9dacteur en chef des sites DECO-DESIGN. Passionn\u00e9 de Design, Mode, Photo, Luxe, Lifestyle, Musique, mais avant tout Blogueur ! Le plaisir de partager l'anime et a comme devise \"POUR L'AMOUR DU BEAU\". Retrouvez le aussi sur son blog personnel - https:\/\/joyana.fr...","sameAs":["https:\/\/joyana.fr\/"]}]}},"featured_image_src":"https:\/\/i0.wp.com\/www.joyana.fr\/wp-content\/uploads\/2018\/10\/WINTER-IS-COMING-SHOPPING.jpg?resize=600%2C400&ssl=1","featured_image_src_square":"https:\/\/i0.wp.com\/www.joyana.fr\/wp-content\/uploads\/2018\/10\/WINTER-IS-COMING-SHOPPING.jpg?resize=600%2C600&ssl=1","uagb_featured_image_src":{"full":["https:\/\/i0.wp.com\/www.joyana.fr\/wp-content\/uploads\/2018\/10\/WINTER-IS-COMING-SHOPPING.jpg?fit=1600%2C1068&ssl=1",1600,1068,false],"thumbnail":["https:\/\/i0.wp.com\/www.joyana.fr\/wp-content\/uploads\/2018\/10\/WINTER-IS-COMING-SHOPPING.jpg?resize=150%2C150&ssl=1",150,150,true],"medium":["https:\/\/i0.wp.com\/www.joyana.fr\/wp-content\/uploads\/2018\/10\/WINTER-IS-COMING-SHOPPING.jpg?fit=389%2C260&ssl=1",389,260,true],"medium_large":["https:\/\/i0.wp.com\/www.joyana.fr\/wp-content\/uploads\/2018\/10\/WINTER-IS-COMING-SHOPPING.jpg?fit=768%2C513&ssl=1",768,513,true],"large":["https:\/\/i0.wp.com\/www.joyana.fr\/wp-content\/uploads\/2018\/10\/WINTER-IS-COMING-SHOPPING.jpg?fit=1024%2C684&ssl=1",1024,684,true],"1536x1536":["https:\/\/i0.wp.com\/www.joyana.fr\/wp-content\/uploads\/2018\/10\/WINTER-IS-COMING-SHOPPING.jpg?fit=1536%2C1025&ssl=1",1536,1025,true],"2048x2048":["https:\/\/i0.wp.com\/www.joyana.fr\/wp-content\/uploads\/2018\/10\/WINTER-IS-COMING-SHOPPING.jpg?fit=1600%2C1068&ssl=1",1600,1068,true],"featured-thumb":["https:\/\/i0.wp.com\/www.joyana.fr\/wp-content\/uploads\/2018\/10\/WINTER-IS-COMING-SHOPPING.jpg?resize=1600%2C750&ssl=1",1600,750,true],"ab-block-post-grid-landscape":["https:\/\/i0.wp.com\/www.joyana.fr\/wp-content\/uploads\/2018\/10\/WINTER-IS-COMING-SHOPPING.jpg?resize=600%2C400&ssl=1",600,400,true],"ab-block-post-grid-square":["https:\/\/i0.wp.com\/www.joyana.fr\/wp-content\/uploads\/2018\/10\/WINTER-IS-COMING-SHOPPING.jpg?resize=600%2C600&ssl=1",600,600,true],"author-pro-image":["https:\/\/i0.wp.com\/www.joyana.fr\/wp-content\/uploads\/2018\/10\/WINTER-IS-COMING-SHOPPING.jpg?resize=360%2C570&ssl=1",360,570,true],"slider":["https:\/\/i0.wp.com\/www.joyana.fr\/wp-content\/uploads\/2018\/10\/WINTER-IS-COMING-SHOPPING.jpg?resize=920%2C400&ssl=1",920,400,true],"woocommerce_thumbnail":["https:\/\/i0.wp.com\/www.joyana.fr\/wp-content\/uploads\/2018\/10\/WINTER-IS-COMING-SHOPPING.jpg?resize=450%2C450&ssl=1",450,450,true],"woocommerce_single":["https:\/\/i0.wp.com\/www.joyana.fr\/wp-content\/uploads\/2018\/10\/WINTER-IS-COMING-SHOPPING.jpg?fit=920%2C614&ssl=1",920,614,true],"woocommerce_gallery_thumbnail":["https:\/\/i0.wp.com\/www.joyana.fr\/wp-content\/uploads\/2018\/10\/WINTER-IS-COMING-SHOPPING.jpg?resize=180%2C180&ssl=1",180,180,true],"sow-carousel-default":["https:\/\/i0.wp.com\/www.joyana.fr\/wp-content\/uploads\/2018\/10\/WINTER-IS-COMING-SHOPPING.jpg?resize=272%2C182&ssl=1",272,182,true]},"uagb_author_info":{"display_name":"Jo Yana","author_link":"https:\/\/www.joyana.fr\/en\/author\/joyana\/"},"uagb_comment_info":0,"uagb_excerpt":"Ici mes coups de coeur, mes envies de beau, ou mon r\u00e9cent shopping. Quoi de beau pour cette rentr\u00e9e 2019 ? D\u00e9couvrez ma s\u00e9lection mode, accessoires, d\u00e9coration, design&#8230; Et n&#8217;oubliez pas mon anniversaire c&#8217;est le 4 Septembre ^^ JavaScript is currently disabled in this browser. Reactivate it to view this content. BON SHOPPING !","coauthors":[],"author_meta":{"author_link":"https:\/\/www.joyana.fr\/en\/author\/joyana\/","display_name":"Jo Yana"},"relative_dates":{"created":"Posted 9 years ago","modified":"Updated 7 years ago"},"absolute_dates":{"created":"Posted on 3 August 2017","modified":"Updated on 25 August 2019"},"absolute_dates_time":{"created":"Posted on 3 August 2017 16:50","modified":"Updated on 25 August 2019 15:23"},"featured_img_caption":"","featured_img":"https:\/\/www.joyana.fr\/wp-content\/uploads\/2018\/10\/WINTER-IS-COMING-SHOPPING.jpg","series_order":"","jetpack_sharing_enabled":true,"jetpack_shortlink":"https:\/\/wp.me\/P9bteI-wFN","jetpack-related-posts":[],"_links":{"self":[{"href":"https:\/\/www.joyana.fr\/en\/wp-json\/wp\/v2\/pages\/125599","targetHints":{"allow":["GET"]}}],"collection":[{"href":"https:\/\/www.joyana.fr\/en\/wp-json\/wp\/v2\/pages"}],"about":[{"href":"https:\/\/www.joyana.fr\/en\/wp-json\/wp\/v2\/types\/page"}],"author":[{"embeddable":true,"href":"https:\/\/www.joyana.fr\/en\/wp-json\/wp\/v2\/users\/3"}],"replies":[{"embeddable":true,"href":"https:\/\/www.joyana.fr\/en\/wp-json\/wp\/v2\/comments?post=125599"}],"version-history":[{"count":58,"href":"https:\/\/www.joyana.fr\/en\/wp-json\/wp\/v2\/pages\/125599\/revisions"}],"predecessor-version":[{"id":146244,"href":"https:\/\/www.joyana.fr\/en\/wp-json\/wp\/v2\/pages\/125599\/revisions\/146244"}],"wp:featuredmedia":[{"embeddable":true,"href":"https:\/\/www.joyana.fr\/en\/wp-json\/wp\/v2\/media\/127011"}],"wp:attachment":[{"href":"https:\/\/www.joyana.fr\/en\/wp-json\/wp\/v2\/media?parent=125599"}],"curies":[{"name":"wp","href":"https:\/\/api.w.org\/{rel}","templated":true}]}}